{"id":29569,"date":"2015-02-17T21:17:49","date_gmt":"2015-02-17T08:17:49","guid":{"rendered":"https:\/\/www.loadscan.com\/tecnologia-de-carga-volumetrica\/"},"modified":"2025-05-29T14:37:33","modified_gmt":"2025-05-29T02:37:33","slug":"tecnologia-de-carga-volumetrica","status":"publish","type":"page","link":"https:\/\/www.loadscan.com\/es\/tecnologia-de-carga-volumetrica\/","title":{"rendered":"Tecnolog\u00eda de carga volum\u00e9trica"},"content":{"rendered":"<p><div class=\"fusion-fullwidth fullwidth-box fusion-builder-row-1 nonhundred-percent-fullwidth non-hundred-percent-height-scrolling\" style=\"--awb-border-radius-top-left:0px;--awb-border-radius-top-right:0px;--awb-border-radius-bottom-right:0px;--awb-border-radius-bottom-left:0px;--awb-flex-wrap:wrap;\" ><div class=\"fusion-builder-row fusion-row\"><div class=\"fusion-layout-column fusion_builder_column fusion-builder-column-0 fusion_builder_column_1_1 1_1 fusion-one-full fusion-column-first fusion-column-last\" style=\"--awb-bg-size:cover;--awb-margin-bottom:0px;\"><div class=\"fusion-column-wrapper fusion-flex-column-wrapper-legacy\"><div class=\"fusion-text fusion-text-1\"><h1>Tecnolog\u00eda de carga volum\u00e9trica<\/h1>\n<h4>Loadscan proporciona lo \u00faltimo en tecnolog\u00eda de escaneado l\u00e1ser volum\u00e9trico de cargas \u00fatiles. El Loadscan <a href=\"https:\/\/www.loadscan.com\/es\/escaner-de-volumen-de-carga\/\"><strong>Esc\u00e1ner de volumen de carga<\/strong><\/a> (LVS) es un instrumento de medici\u00f3n \u00absin contacto\u00bb para la medici\u00f3n de \u00e1ridos a granel en unidades de cami\u00f3n y remolque de bandeja abierta.<\/h4>\n<h3>Escaneado y medici\u00f3n del volumen<\/h3>\n<p>  Cuando el veh\u00edculo objetivo pasa por debajo del esc\u00e1ner, el esc\u00e1ner de carga explora con precisi\u00f3n el volumen de carga y crea un modelo 3D o \u00abperfil de superficie\u00bb. Comparando este perfil con el almacenado en el archivo para el mismo veh\u00edculo cuando est\u00e1 vac\u00edo, el esc\u00e1ner de carga puede calcular el volumen de carga con una precisi\u00f3n probada de +\/- 1% o hasta el punto de resoluci\u00f3n, que es de 0,1 m\u00b3. A cada veh\u00edculo que utiliza el esc\u00e1ner se le coloca una etiqueta RFID que lo identifica al pasar bajo el esc\u00e1ner y lo empareja con su carga. La velocidad m\u00e1xima de paso es de 6 km\/h, que es aproximadamente la velocidad de un peat\u00f3n. La medida volum\u00e9trica por cami\u00f3n es una cantidad comercializable est\u00e1ndar en los sectores de la construcci\u00f3n civil, las canteras y el suministro de jardiner\u00eda, as\u00ed como en otros sectores en los que los s\u00f3lidos fluidos se transportan y comercializan por carga de cami\u00f3n. Trabajando a partir del volumen en lugar del peso, se puede obtener una medida m\u00e1s precisa. El Loadscan <a href=\"https:\/\/www.loadscan.com\/es\/escaner-de-volumen-de-carga\/\"><strong>Esc\u00e1ner de volumen de carga<\/strong><\/a> \u00abve\u00bb literalmente la carga, mientras que la medici\u00f3n del volumen convertida a partir del peso generado por un sistema de pesaje suele verse afectada por factores ambientales como la humedad y las distintas densidades del material.<\/p>\n<\/div><div class=\"fusion-clearfix\"><\/div><\/div><\/div><\/div><\/div><div class=\"fusion-fullwidth fullwidth-box fusion-builder-row-2 hundred-percent-fullwidth non-hundred-percent-height-scrolling\" style=\"--awb-border-radius-top-left:0px;--awb-border-radius-top-right:0px;--awb-border-radius-bottom-right:0px;--awb-border-radius-bottom-left:0px;--awb-overflow:visible;--awb-flex-wrap:wrap;\" ><div class=\"fusion-builder-row fusion-row\"><div class=\"fusion-layout-column fusion_builder_column fusion-builder-column-1 fusion_builder_column_1_1 1_1 fusion-one-full fusion-column-first fusion-column-last fusion-column-no-min-height\" style=\"--awb-bg-size:cover;--awb-margin-bottom:0px;\"><div class=\"fusion-column-wrapper fusion-flex-column-wrapper-legacy\"><div class=\"fusion-text fusion-text-2\"><h3>Convertir volumen en peso<\/h3>\n<p>  Si es necesario, el peso de la carga puede estimarse convirtiendo el volumen de la carga mediante la densidad aparente (relaci\u00f3n masa-volumen) del material de la carga. Este c\u00e1lculo del peso puede hacerse instant\u00e1neamente con el software tallyclerk, o manualmente con nuestra tabla de densidad aparente, que enumera los productos a granel t\u00edpicos.  <\/p>\n<h3>El <strong>esc\u00e1ner de volumen de carga<\/strong> LoadScan en acci\u00f3n<\/h3>\n<\/div><div class=\"fusion-video fusion-youtube fusion-aligncenter\" style=\"--awb-max-width:1280px;--awb-max-height:720px;--awb-width:100%;\"><div class=\"video-shortcode\"><div class=\"fluid-width-video-wrapper\" style=\"padding-top:56.25%;\" ><iframe title=\"YouTube video player 1\" src=\"https:\/\/www.youtube.com\/embed\/30TVkwwj_1k?wmode=transparent&autoplay=0&amp;rel=0\" width=\"1280\" height=\"720\" allowfullscreen allow=\"autoplay; clipboard-write; encrypted-media; gyroscope; picture-in-picture;\"><\/iframe><\/div><\/div><\/div><div class=\"fusion-clearfix\"><\/div><\/div><\/div><\/div><\/div><\/p>\n","protected":false},"excerpt":{"rendered":"","protected":false},"author":6,"featured_media":0,"parent":0,"menu_order":0,"comment_status":"closed","ping_status":"closed","template":"","meta":{"content-type":"","footnotes":""},"class_list":["post-29569","page","type-page","status-publish","hentry"],"yoast_head":"<!-- This site is optimized with the Yoast SEO plugin v27.2 - https:\/\/yoast.com\/product\/yoast-seo-wordpress\/ -->\n<title>LoadScan | Esc\u00e1ner de Volumen de Carga | Tecnolog\u00eda de Carga Volum\u00e9trica<\/title>\n<meta name=\"description\" content=\"El esc\u00e1ner de volumen de carga (LVS) es un sistema de medici\u00f3n sin contacto para la medici\u00f3n de \u00e1ridos a granel en unidades de cami\u00f3n y remolque de caja abierta.\" \/>\n<meta name=\"robots\" content=\"index, follow, max-snippet:-1, max-image-preview:large, max-video-preview:-1\" \/>\n<link rel=\"canonical\" href=\"https:\/\/www.loadscan.com\/es\/tecnologia-de-carga-volumetrica\/\" \/>\n<meta name=\"twitter:label1\" content=\"Tiempo de lectura\" \/>\n\t<meta name=\"twitter:data1\" content=\"3 minutos\" \/>\n<script type=\"application\/ld+json\" class=\"yoast-schema-graph\">{\"@context\":\"https:\/\/schema.org\",\"@graph\":[{\"@type\":\"WebPage\",\"@id\":\"https:\/\/www.loadscan.com\/es\/tecnologia-de-carga-volumetrica\/\",\"url\":\"https:\/\/www.loadscan.com\/es\/tecnologia-de-carga-volumetrica\/\",\"name\":\"LoadScan | Esc\u00e1ner de Volumen de Carga | Tecnolog\u00eda de Carga Volum\u00e9trica\",\"isPartOf\":{\"@id\":\"https:\/\/www.loadscan.com\/es\/#website\"},\"datePublished\":\"2015-02-17T08:17:49+00:00\",\"dateModified\":\"2025-05-29T02:37:33+00:00\",\"description\":\"El esc\u00e1ner de volumen de carga (LVS) es un sistema de medici\u00f3n sin contacto para la medici\u00f3n de \u00e1ridos a granel en unidades de cami\u00f3n y remolque de caja abierta.\",\"breadcrumb\":{\"@id\":\"https:\/\/www.loadscan.com\/es\/tecnologia-de-carga-volumetrica\/#breadcrumb\"},\"inLanguage\":\"es\",\"potentialAction\":[{\"@type\":\"ReadAction\",\"target\":[\"https:\/\/www.loadscan.com\/es\/tecnologia-de-carga-volumetrica\/\"]}]},{\"@type\":\"BreadcrumbList\",\"@id\":\"https:\/\/www.loadscan.com\/es\/tecnologia-de-carga-volumetrica\/#breadcrumb\",\"itemListElement\":[{\"@type\":\"ListItem\",\"position\":1,\"name\":\"Home\",\"item\":\"https:\/\/www.loadscan.com\/es\/escaneres-de-volumen-de-carga-loadscan\/\"},{\"@type\":\"ListItem\",\"position\":2,\"name\":\"Tecnolog\u00eda de carga volum\u00e9trica\"}]},{\"@type\":\"WebSite\",\"@id\":\"https:\/\/www.loadscan.com\/es\/#website\",\"url\":\"https:\/\/www.loadscan.com\/es\/\",\"name\":\"Loadscan\",\"description\":\"Certified accurate payload measurement\",\"publisher\":{\"@id\":\"https:\/\/www.loadscan.com\/es\/#organization\"},\"potentialAction\":[{\"@type\":\"SearchAction\",\"target\":{\"@type\":\"EntryPoint\",\"urlTemplate\":\"https:\/\/www.loadscan.com\/es\/?s={search_term_string}\"},\"query-input\":{\"@type\":\"PropertyValueSpecification\",\"valueRequired\":true,\"valueName\":\"search_term_string\"}}],\"inLanguage\":\"es\"},{\"@type\":\"Organization\",\"@id\":\"https:\/\/www.loadscan.com\/es\/#organization\",\"name\":\"Loadscan\u00ae Ltd\",\"url\":\"https:\/\/www.loadscan.com\/es\/\",\"logo\":{\"@type\":\"ImageObject\",\"inLanguage\":\"es\",\"@id\":\"https:\/\/www.loadscan.com\/es\/#\/schema\/logo\/image\/\",\"url\":\"https:\/\/www.loadscan.com\/wp-content\/uploads\/2020\/10\/Loadscan-logo-245.png\",\"contentUrl\":\"https:\/\/www.loadscan.com\/wp-content\/uploads\/2020\/10\/Loadscan-logo-245.png\",\"width\":245,\"height\":66,\"caption\":\"Loadscan\u00ae Ltd\"},\"image\":{\"@id\":\"https:\/\/www.loadscan.com\/es\/#\/schema\/logo\/image\/\"},\"sameAs\":[\"https:\/\/www.facebook.com\/loadscan\",\"https:\/\/x.com\/loadscan\",\"https:\/\/nz.linkedin.com\/company\/loadscan\"]}]}<\/script>\n<!-- \/ Yoast SEO plugin. -->","yoast_head_json":{"title":"LoadScan | Esc\u00e1ner de Volumen de Carga | Tecnolog\u00eda de Carga Volum\u00e9trica","description":"El esc\u00e1ner de volumen de carga (LVS) es un sistema de medici\u00f3n sin contacto para la medici\u00f3n de \u00e1ridos a granel en unidades de cami\u00f3n y remolque de caja abierta.","robots":{"index":"index","follow":"follow","max-snippet":"max-snippet:-1","max-image-preview":"max-image-preview:large","max-video-preview":"max-video-preview:-1"},"canonical":"https:\/\/www.loadscan.com\/es\/tecnologia-de-carga-volumetrica\/","twitter_misc":{"Tiempo de lectura":"3 minutos"},"schema":{"@context":"https:\/\/schema.org","@graph":[{"@type":"WebPage","@id":"https:\/\/www.loadscan.com\/es\/tecnologia-de-carga-volumetrica\/","url":"https:\/\/www.loadscan.com\/es\/tecnologia-de-carga-volumetrica\/","name":"LoadScan | Esc\u00e1ner de Volumen de Carga | Tecnolog\u00eda de Carga Volum\u00e9trica","isPartOf":{"@id":"https:\/\/www.loadscan.com\/es\/#website"},"datePublished":"2015-02-17T08:17:49+00:00","dateModified":"2025-05-29T02:37:33+00:00","description":"El esc\u00e1ner de volumen de carga (LVS) es un sistema de medici\u00f3n sin contacto para la medici\u00f3n de \u00e1ridos a granel en unidades de cami\u00f3n y remolque de caja abierta.","breadcrumb":{"@id":"https:\/\/www.loadscan.com\/es\/tecnologia-de-carga-volumetrica\/#breadcrumb"},"inLanguage":"es","potentialAction":[{"@type":"ReadAction","target":["https:\/\/www.loadscan.com\/es\/tecnologia-de-carga-volumetrica\/"]}]},{"@type":"BreadcrumbList","@id":"https:\/\/www.loadscan.com\/es\/tecnologia-de-carga-volumetrica\/#breadcrumb","itemListElement":[{"@type":"ListItem","position":1,"name":"Home","item":"https:\/\/www.loadscan.com\/es\/escaneres-de-volumen-de-carga-loadscan\/"},{"@type":"ListItem","position":2,"name":"Tecnolog\u00eda de carga volum\u00e9trica"}]},{"@type":"WebSite","@id":"https:\/\/www.loadscan.com\/es\/#website","url":"https:\/\/www.loadscan.com\/es\/","name":"Loadscan","description":"Certified accurate payload measurement","publisher":{"@id":"https:\/\/www.loadscan.com\/es\/#organization"},"potentialAction":[{"@type":"SearchAction","target":{"@type":"EntryPoint","urlTemplate":"https:\/\/www.loadscan.com\/es\/?s={search_term_string}"},"query-input":{"@type":"PropertyValueSpecification","valueRequired":true,"valueName":"search_term_string"}}],"inLanguage":"es"},{"@type":"Organization","@id":"https:\/\/www.loadscan.com\/es\/#organization","name":"Loadscan\u00ae Ltd","url":"https:\/\/www.loadscan.com\/es\/","logo":{"@type":"ImageObject","inLanguage":"es","@id":"https:\/\/www.loadscan.com\/es\/#\/schema\/logo\/image\/","url":"https:\/\/www.loadscan.com\/wp-content\/uploads\/2020\/10\/Loadscan-logo-245.png","contentUrl":"https:\/\/www.loadscan.com\/wp-content\/uploads\/2020\/10\/Loadscan-logo-245.png","width":245,"height":66,"caption":"Loadscan\u00ae Ltd"},"image":{"@id":"https:\/\/www.loadscan.com\/es\/#\/schema\/logo\/image\/"},"sameAs":["https:\/\/www.facebook.com\/loadscan","https:\/\/x.com\/loadscan","https:\/\/nz.linkedin.com\/company\/loadscan"]}]}},"_links":{"self":[{"href":"https:\/\/www.loadscan.com\/es\/wp-json\/wp\/v2\/pages\/29569","targetHints":{"allow":["GET"]}}],"collection":[{"href":"https:\/\/www.loadscan.com\/es\/wp-json\/wp\/v2\/pages"}],"about":[{"href":"https:\/\/www.loadscan.com\/es\/wp-json\/wp\/v2\/types\/page"}],"author":[{"embeddable":true,"href":"https:\/\/www.loadscan.com\/es\/wp-json\/wp\/v2\/users\/6"}],"replies":[{"embeddable":true,"href":"https:\/\/www.loadscan.com\/es\/wp-json\/wp\/v2\/comments?post=29569"}],"version-history":[{"count":2,"href":"https:\/\/www.loadscan.com\/es\/wp-json\/wp\/v2\/pages\/29569\/revisions"}],"predecessor-version":[{"id":29589,"href":"https:\/\/www.loadscan.com\/es\/wp-json\/wp\/v2\/pages\/29569\/revisions\/29589"}],"wp:attachment":[{"href":"https:\/\/www.loadscan.com\/es\/wp-json\/wp\/v2\/media?parent=29569"}],"curies":[{"name":"wp","href":"https:\/\/api.w.org\/{rel}","templated":true}]}}