{"id":29719,"date":"2015-02-17T21:20:02","date_gmt":"2015-02-17T08:20:02","guid":{"rendered":"https:\/\/www.loadscan.com\/loadscan-fijo-lvs-3bmf\/"},"modified":"2024-08-14T10:53:22","modified_gmt":"2024-08-13T22:53:22","slug":"loadscan-fijo-lvs-3bmf","status":"publish","type":"page","link":"https:\/\/www.loadscan.com\/es\/soluciones-tecnologicas-de-escaneado\/loadscan-fijo-lvs-3bmf\/","title":{"rendered":"Loadscan Fijo LVS-3BMF"},"content":{"rendered":"<p><div class=\"fusion-fullwidth fullwidth-box fusion-builder-row-1 fusion-parallax-none hundred-percent-fullwidth non-hundred-percent-height-scrolling fusion-no-small-visibility\" style=\"--awb-border-radius-top-left:0px;--awb-border-radius-top-right:0px;--awb-border-radius-bottom-right:0px;--awb-border-radius-bottom-left:0px;--awb-padding-top:350px;--awb-padding-bottom:320px;--awb-background-image:url(&quot;https:\/\/www.loadscan.com\/wp-content\/uploads\/2021\/06\/2021_Fixed-LVS.png&quot;);--awb-background-size:cover;--awb-flex-wrap:wrap;\" ><div class=\"fusion-builder-row fusion-row\"><\/div><\/div><div class=\"fusion-fullwidth fullwidth-box fusion-builder-row-2 fusion-flex-container hundred-percent-fullwidth non-hundred-percent-height-scrolling\" style=\"--awb-border-radius-top-left:0px;--awb-border-radius-top-right:0px;--awb-border-radius-bottom-right:0px;--awb-border-radius-bottom-left:0px;--awb-padding-right:10%;--awb-padding-left:10%;--awb-padding-right-small:5%;--awb-padding-left-small:5%;--awb-flex-wrap:wrap;\" ><div class=\"fusion-builder-row fusion-row fusion-flex-align-items-flex-start fusion-flex-content-wrap\" style=\"width:104% !important;max-width:104% !important;margin-left: calc(-4% \/ 2 );margin-right: calc(-4% \/ 2 );\"><div class=\"fusion-layout-column fusion_builder_column fusion-builder-column-0 fusion_builder_column_1_1 1_1 fusion-flex-column\" style=\"--awb-bg-size:cover;--awb-width-large:100%;--awb-margin-top-large:0px;--awb-spacing-right-large:1.92%;--awb-margin-bottom-large:0px;--awb-spacing-left-large:1.92%;--awb-width-medium:100%;--awb-spacing-right-medium:1.92%;--awb-spacing-left-medium:1.92%;--awb-width-small:100%;--awb-spacing-right-small:1.92%;--awb-spacing-left-small:1.92%;\"><div class=\"fusion-column-wrapper fusion-flex-justify-content-flex-start fusion-content-layout-column\"><div class=\"fusion-text fusion-text-1\"><h1 style=\"text-align: center;\">Loadscan Fijo &#8211; LVS-3BMF <span style=\"font-size: 48px;\">(Medici\u00f3n fija de camiones)<\/span><\/h1>\n<\/div><\/div><\/div><\/div><\/div><div class=\"fusion-fullwidth fullwidth-box fusion-builder-row-3 fusion-flex-container hundred-percent-fullwidth non-hundred-percent-height-scrolling\" style=\"--awb-border-radius-top-left:0px;--awb-border-radius-top-right:0px;--awb-border-radius-bottom-right:0px;--awb-border-radius-bottom-left:0px;--awb-padding-right:15%;--awb-padding-left:15%;--awb-padding-right-medium:10%;--awb-padding-left-medium:10%;--awb-padding-right-small:5%;--awb-padding-left-small:5%;--awb-flex-wrap:wrap;\" ><div class=\"fusion-builder-row fusion-row fusion-flex-align-items-flex-start fusion-flex-content-wrap\" style=\"width:104% !important;max-width:104% !important;margin-left: calc(-4% \/ 2 );margin-right: calc(-4% \/ 2 );\"><div class=\"fusion-layout-column fusion_builder_column fusion-builder-column-1 fusion_builder_column_1_2 1_2 fusion-flex-column fusion-flex-align-self-flex-start fusion-column-no-min-height\" style=\"--awb-bg-size:cover;--awb-width-large:50%;--awb-margin-top-large:0px;--awb-spacing-right-large:3.84%;--awb-margin-bottom-large:0px;--awb-spacing-left-large:3.84%;--awb-width-medium:50%;--awb-spacing-right-medium:3.84%;--awb-spacing-left-medium:3.84%;--awb-width-small:100%;--awb-spacing-right-small:1.92%;--awb-spacing-left-small:1.92%;\"><div class=\"fusion-column-wrapper fusion-flex-justify-content-flex-start fusion-content-layout-column\"><div class=\"fusion-text fusion-text-2\"><p>El <a title=\"Esc\u00e1ner de volumen de carga\" href=\"https:\/\/www.loadscan.com\/load-volume-scanner\/\">esc\u00e1ner de volumen de carga<\/a> fijo Loadscan\u00ae es perfecto para aplicaciones en las que hay una oficina permanente en el lugar de trabajo. La unidad fija de medici\u00f3n de camiones est\u00e1 conectada por cable a la oficina, lo que da acceso instant\u00e1neo a los datos de carga al personal de operaciones, as\u00ed como la comodidad a\u00f1adida de funcionar fuera de las condiciones meteorol\u00f3gicas. La unidad est\u00e1ndar de medici\u00f3n de camiones <a title=\"Esc\u00e1ner de volumen de carga\" href=\"https:\/\/www.loadscan.com\/load-volume-scanner\/\">con esc\u00e1ner<\/a> fijo <a title=\"Esc\u00e1ner de volumen de carga\" href=\"https:\/\/www.loadscan.com\/load-volume-scanner\/\">de volumen de carga<\/a> Loadscan\u00ae incluye un bloque de montaje prefabricado de hormig\u00f3n, aunque se pueden ofrecer f\u00e1cilmente soluciones personalizadas para puntos de montaje \u00fanicos.<\/p>\n<\/div><ul style=\"--awb-size:16px;--awb-line-height:27.2px;--awb-icon-width:27.2px;--awb-icon-height:27.2px;--awb-icon-margin:11.2px;--awb-content-margin:38.4px;\" class=\"fusion-checklist fusion-checklist-1 fusion-checklist-default type-icons\"><li class=\"fusion-li-item\" style=\"\"><span class=\"icon-wrapper circle-no\"><i class=\"fusion-li-icon fa fa-check-circle\" aria-hidden=\"true\"><\/i><\/span><div class=\"fusion-li-item-content\">\n<p>Disposici\u00f3n flexible del cableado\/componentes para adaptarse a los requisitos de instalaci\u00f3n permanente espec\u00edficos del lugar<\/p>\n<\/div><\/li><li class=\"fusion-li-item\" style=\"\"><span class=\"icon-wrapper circle-no\"><i class=\"fusion-li-icon fa fa-check-circle\" aria-hidden=\"true\"><\/i><\/span><div class=\"fusion-li-item-content\">\n<p>Consola del operador instalada en la oficina del centro o en el quiosco, seg\u00fan sea necesario<\/p>\n<\/div><\/li><li class=\"fusion-li-item\" style=\"\"><span class=\"icon-wrapper circle-no\"><i class=\"fusion-li-icon fa fa-check-circle\" aria-hidden=\"true\"><\/i><\/span><div class=\"fusion-li-item-content\">\n<p>Lector de etiquetas RFID para identificaci\u00f3n autom\u00e1tica de veh\u00edculos e indicaci\u00f3n de respuesta autom\u00e1tica<\/p>\n<\/div><\/li><li class=\"fusion-li-item\" style=\"\"><span class=\"icon-wrapper circle-no\"><i class=\"fusion-li-icon fa fa-check-circle\" aria-hidden=\"true\"><\/i><\/span><div class=\"fusion-li-item-content\">\n<p>Estructura de postes abatible para facilitar el mantenimiento y las revisiones<\/p>\n<\/div><\/li><li class=\"fusion-li-item\" style=\"\"><span class=\"icon-wrapper circle-no\"><i class=\"fusion-li-icon fa fa-check-circle\" aria-hidden=\"true\"><\/i><\/span><div class=\"fusion-li-item-content\">\n<p>Configuraci\u00f3n de la alimentaci\u00f3n de red (l\u00ednea) para un sistema \u00absiempre encendido\u00bb.<\/p>\n<\/div><\/li><\/ul><div class=\"fusion-separator fusion-full-width-sep\" style=\"align-self: center;margin-left: auto;margin-right: auto;margin-top:20px;margin-bottom:20px;width:100%;\"><\/div><div class=\"fusion-image-element \" style=\"text-align:center;--awb-caption-title-font-family:var(--h2_typography-font-family);--awb-caption-title-font-weight:var(--h2_typography-font-weight);--awb-caption-title-font-style:var(--h2_typography-font-style);--awb-caption-title-size:var(--h2_typography-font-size);--awb-caption-title-transform:var(--h2_typography-text-transform);--awb-caption-title-line-height:var(--h2_typography-line-height);--awb-caption-title-letter-spacing:var(--h2_typography-letter-spacing);\"><span class=\" fusion-imageframe imageframe-none imageframe-1 hover-type-none\"><a href=\"https:\/\/www.loadscan.com\/wp-content\/uploads\/2013\/02\/fixed-lvs.png\" class=\"fusion-lightbox\" data-rel=\"iLightbox[02f2e98a8ee0a8c4f2d]\" data-title=\"Fixed LVS\" title=\"Fixed LVS\"><img decoding=\"async\" width=\"640\" height=\"478\" alt=\"Instalaci\u00f3n del Loadscan Fijo LVS-3BMF cantera\" src=\"https:\/\/www.loadscan.com\/wp-content\/uploads\/2013\/02\/fixed-lvs.png\" class=\"img-responsive wp-image-24853\" srcset=\"https:\/\/www.loadscan.com\/wp-content\/uploads\/2013\/02\/fixed-lvs-200x149.png 200w, https:\/\/www.loadscan.com\/wp-content\/uploads\/2013\/02\/fixed-lvs-400x299.png 400w, https:\/\/www.loadscan.com\/wp-content\/uploads\/2013\/02\/fixed-lvs-600x448.png 600w, https:\/\/www.loadscan.com\/wp-content\/uploads\/2013\/02\/fixed-lvs.png 640w\" sizes=\"(max-width: 640px) 100vw, 600px\" \/><\/a><\/span><\/div><\/div><\/div><div class=\"fusion-layout-column fusion_builder_column fusion-builder-column-2 fusion_builder_column_1_2 1_2 fusion-flex-column fusion-flex-align-self-flex-start fusion-column-no-min-height\" style=\"--awb-bg-size:cover;--awb-width-large:50%;--awb-margin-top-large:0px;--awb-spacing-right-large:3.84%;--awb-margin-bottom-large:0px;--awb-spacing-left-large:3.84%;--awb-width-medium:50%;--awb-spacing-right-medium:3.84%;--awb-spacing-left-medium:3.84%;--awb-width-small:100%;--awb-spacing-right-small:1.92%;--awb-spacing-left-small:1.92%;\"><div class=\"fusion-column-wrapper fusion-flex-justify-content-flex-start fusion-content-layout-column\"><div class=\"fusion-image-element \" style=\"text-align:center;--awb-caption-title-font-family:var(--h2_typography-font-family);--awb-caption-title-font-weight:var(--h2_typography-font-weight);--awb-caption-title-font-style:var(--h2_typography-font-style);--awb-caption-title-size:var(--h2_typography-font-size);--awb-caption-title-transform:var(--h2_typography-text-transform);--awb-caption-title-line-height:var(--h2_typography-line-height);--awb-caption-title-letter-spacing:var(--h2_typography-letter-spacing);\"><span class=\" fusion-imageframe imageframe-none imageframe-2 hover-type-none\"><a href=\"https:\/\/www.loadscan.com\/wp-content\/uploads\/2015\/02\/LVS-3BMF-Fixed-mount-unit.jpg\" class=\"fusion-lightbox\" data-rel=\"iLightbox[5bceaa108ab17d1a1be]\" data-title=\"LVS-3BMF Fixed Mount Unit\" title=\"LVS-3BMF Fixed Mount Unit\"><img decoding=\"async\" width=\"992\" height=\"744\" alt=\"Loadscan Medici\u00f3n Fija de Camiones LVS-3BMF\" src=\"https:\/\/www.loadscan.com\/wp-content\/uploads\/2015\/02\/LVS-3BMF-Fixed-mount-unit.jpg\" class=\"img-responsive wp-image-26293\" srcset=\"https:\/\/www.loadscan.com\/wp-content\/uploads\/2015\/02\/LVS-3BMF-Fixed-mount-unit-200x150.jpg 200w, https:\/\/www.loadscan.com\/wp-content\/uploads\/2015\/02\/LVS-3BMF-Fixed-mount-unit-400x300.jpg 400w, https:\/\/www.loadscan.com\/wp-content\/uploads\/2015\/02\/LVS-3BMF-Fixed-mount-unit-600x450.jpg 600w, https:\/\/www.loadscan.com\/wp-content\/uploads\/2015\/02\/LVS-3BMF-Fixed-mount-unit-800x600.jpg 800w, https:\/\/www.loadscan.com\/wp-content\/uploads\/2015\/02\/LVS-3BMF-Fixed-mount-unit.jpg 992w\" sizes=\"(max-width: 640px) 100vw, 600px\" \/><\/a><\/span><\/div><div class=\"fusion-separator fusion-full-width-sep\" style=\"align-self: center;margin-left: auto;margin-right: auto;margin-top:20px;margin-bottom:20px;width:100%;\"><\/div><div class=\"fusion-text fusion-text-3\"><h4>Ofrecemos presupuestos basados en una soluci\u00f3n adaptada a tus necesidades operativas y a tu emplazamiento espec\u00edfico<\/h4>\n<\/div><div class=\"fusion-modal modal fade modal-1 lvs-contact has-light-close\" tabindex=\"-1\" role=\"dialog\" aria-labelledby=\"modal-heading-1\" aria-hidden=\"true\" style=\"--awb-border-color:#ffc500;--awb-background:#29292a;\"><div class=\"modal-dialog modal-lg\" role=\"document\"><div class=\"modal-content fusion-modal-content\"><div class=\"modal-header\"><button class=\"close\" type=\"button\" data-dismiss=\"modal\" aria-hidden=\"true\" aria-label=\"Close\">&times;<\/button><h3 class=\"modal-title\" id=\"modal-heading-1\" data-dismiss=\"modal\" aria-hidden=\"true\">Rellena el siguiente formulario<\/h3><\/div><div class=\"modal-body fusion-clearfix\">\n<p style=\"text-align: center;\"><iframe src=\"https:\/\/7680888.extforms.netsuite.com\/app\/site\/crm\/externalleadpage.nl?compid=7680888&amp;formid=7&amp;h=AAFdikaISEcmMlNKCc1PeyPwA-qzRObMnK4wd1_tcGzyYJqPQak&amp;redirect_count=1&amp;did_javascript_redirect=T\/viewform?embedded=true\" width=\"100%\" height=\"1260\" frameborder=\"0\" marginwidth=\"0\" marginheight=\"0\">Cargando&#8230;<\/iframe><\/p>\n<\/div><div class=\"modal-footer\"><button class=\"fusion-button button-default button-medium button default medium\" type=\"button\" data-dismiss=\"modal\">Close<\/button><\/div><\/div><\/div><\/div><div style=\"text-align:center;\"><a class=\"fusion-button button-flat fusion-button-default-size button-default fusion-button-default button-1 fusion-button-default-span fusion-button-default-type\" style=\"width:calc(100%);\" target=\"_self\" href=\"#\" data-toggle=\"modal\" data-target=\".fusion-modal.lvs-contact\"><span class=\"fusion-button-text awb-button__text awb-button__text--default\">PIDE A UN MIEMBRO DE NUESTRO EQUIPO QUE SE PONGA EN CONTACTO CONTIGO PARA EMPEZAR<\/span><\/a><\/div><\/div><\/div><\/div><\/div><div class=\"fusion-fullwidth fullwidth-box fusion-builder-row-4 nonhundred-percent-fullwidth non-hundred-percent-height-scrolling\" style=\"--awb-border-radius-top-left:0px;--awb-border-radius-top-right:0px;--awb-border-radius-bottom-right:0px;--awb-border-radius-bottom-left:0px;--awb-padding-top:20px;--awb-padding-bottom:20px;--awb-flex-wrap:wrap;\" ><div class=\"fusion-builder-row fusion-row\"><div class=\"fusion-layout-column fusion_builder_column fusion-builder-column-3 fusion_builder_column_1_1 1_1 fusion-one-full fusion-column-first fusion-column-last\" style=\"--awb-bg-size:cover;\"><div class=\"fusion-column-wrapper fusion-flex-column-wrapper-legacy\"><div class=\"fusion-text fusion-text-4\"><h6>MIRA LA UNIDAD FIJA LOADSCAN EN ACCI\u00d3N&#8230;<\/h6>\n<\/div><div class=\"fusion-video fusion-youtube\" style=\"--awb-max-width:1280px;--awb-max-height:720px;\"><div class=\"video-shortcode\"><div class=\"fluid-width-video-wrapper\" style=\"padding-top:56.25%;\" ><iframe title=\"YouTube video player 1\" src=\"https:\/\/www.youtube.com\/embed\/30TVkwwj_1k?wmode=transparent&autoplay=0?rel=0\" width=\"1280\" height=\"720\" allowfullscreen allow=\"autoplay; clipboard-write; encrypted-media; gyroscope; picture-in-picture;\"><\/iframe><\/div><\/div><\/div><div class=\"fusion-clearfix\"><\/div><\/div><\/div><\/div><\/div><\/p>\n","protected":false},"excerpt":{"rendered":"","protected":false},"author":6,"featured_media":0,"parent":32212,"menu_order":0,"comment_status":"closed","ping_status":"closed","template":"100-width.php","meta":{"content-type":"","footnotes":""},"class_list":["post-29719","page","type-page","status-publish","hentry"],"yoast_head":"<!-- This site is optimized with the Yoast SEO plugin v27.2 - https:\/\/yoast.com\/product\/yoast-seo-wordpress\/ -->\n<title>Cami\u00f3n fijo Medici\u00f3n | Cabezal de exploraci\u00f3n, Consola de operador<\/title>\n<meta name=\"description\" content=\"Una unidad fija de medici\u00f3n de camiones est\u00e1 conectada por cable a la oficina, dando acceso instant\u00e1neo a los datos de carga al personal de operaciones. M\u00e1s informaci\u00f3n sobre las soluciones de carga LoadScan\" \/>\n<meta name=\"robots\" content=\"index, follow, max-snippet:-1, max-image-preview:large, max-video-preview:-1\" \/>\n<link rel=\"canonical\" href=\"https:\/\/www.loadscan.com\/es\/soluciones-tecnologicas-de-escaneado\/loadscan-fijo-lvs-3bmf\/\" \/>\n<meta name=\"twitter:label1\" content=\"Tiempo de lectura\" \/>\n\t<meta name=\"twitter:data1\" content=\"12 minutos\" \/>\n<script type=\"application\/ld+json\" class=\"yoast-schema-graph\">{\"@context\":\"https:\/\/schema.org\",\"@graph\":[{\"@type\":\"WebPage\",\"@id\":\"https:\/\/www.loadscan.com\/es\/soluciones-tecnologicas-de-escaneado\/loadscan-fijo-lvs-3bmf\/\",\"url\":\"https:\/\/www.loadscan.com\/es\/soluciones-tecnologicas-de-escaneado\/loadscan-fijo-lvs-3bmf\/\",\"name\":\"Cami\u00f3n fijo Medici\u00f3n | Cabezal de exploraci\u00f3n, Consola de operador\",\"isPartOf\":{\"@id\":\"https:\/\/www.loadscan.com\/es\/#website\"},\"datePublished\":\"2015-02-17T08:20:02+00:00\",\"dateModified\":\"2024-08-13T22:53:22+00:00\",\"description\":\"Una unidad fija de medici\u00f3n de camiones est\u00e1 conectada por cable a la oficina, dando acceso instant\u00e1neo a los datos de carga al personal de operaciones. M\u00e1s informaci\u00f3n sobre las soluciones de carga LoadScan\",\"breadcrumb\":{\"@id\":\"https:\/\/www.loadscan.com\/es\/soluciones-tecnologicas-de-escaneado\/loadscan-fijo-lvs-3bmf\/#breadcrumb\"},\"inLanguage\":\"es\",\"potentialAction\":[{\"@type\":\"ReadAction\",\"target\":[\"https:\/\/www.loadscan.com\/es\/soluciones-tecnologicas-de-escaneado\/loadscan-fijo-lvs-3bmf\/\"]}]},{\"@type\":\"BreadcrumbList\",\"@id\":\"https:\/\/www.loadscan.com\/es\/soluciones-tecnologicas-de-escaneado\/loadscan-fijo-lvs-3bmf\/#breadcrumb\",\"itemListElement\":[{\"@type\":\"ListItem\",\"position\":1,\"name\":\"Home\",\"item\":\"https:\/\/www.loadscan.com\/es\/escaneres-de-volumen-de-carga-loadscan\/\"},{\"@type\":\"ListItem\",\"position\":2,\"name\":\"Soluciones tecnol\u00f3gicas de escaneado\",\"item\":\"https:\/\/www.loadscan.com\/es\/soluciones-tecnologicas-de-escaneado\/\"},{\"@type\":\"ListItem\",\"position\":3,\"name\":\"Loadscan Fijo LVS-3BMF\"}]},{\"@type\":\"WebSite\",\"@id\":\"https:\/\/www.loadscan.com\/es\/#website\",\"url\":\"https:\/\/www.loadscan.com\/es\/\",\"name\":\"Loadscan\",\"description\":\"Certified accurate payload measurement\",\"publisher\":{\"@id\":\"https:\/\/www.loadscan.com\/es\/#organization\"},\"potentialAction\":[{\"@type\":\"SearchAction\",\"target\":{\"@type\":\"EntryPoint\",\"urlTemplate\":\"https:\/\/www.loadscan.com\/es\/?s={search_term_string}\"},\"query-input\":{\"@type\":\"PropertyValueSpecification\",\"valueRequired\":true,\"valueName\":\"search_term_string\"}}],\"inLanguage\":\"es\"},{\"@type\":\"Organization\",\"@id\":\"https:\/\/www.loadscan.com\/es\/#organization\",\"name\":\"Loadscan\u00ae Ltd\",\"url\":\"https:\/\/www.loadscan.com\/es\/\",\"logo\":{\"@type\":\"ImageObject\",\"inLanguage\":\"es\",\"@id\":\"https:\/\/www.loadscan.com\/es\/#\/schema\/logo\/image\/\",\"url\":\"https:\/\/www.loadscan.com\/wp-content\/uploads\/2020\/10\/Loadscan-logo-245.png\",\"contentUrl\":\"https:\/\/www.loadscan.com\/wp-content\/uploads\/2020\/10\/Loadscan-logo-245.png\",\"width\":245,\"height\":66,\"caption\":\"Loadscan\u00ae Ltd\"},\"image\":{\"@id\":\"https:\/\/www.loadscan.com\/es\/#\/schema\/logo\/image\/\"},\"sameAs\":[\"https:\/\/www.facebook.com\/loadscan\",\"https:\/\/x.com\/loadscan\",\"https:\/\/nz.linkedin.com\/company\/loadscan\"]}]}<\/script>\n<!-- \/ Yoast SEO plugin. -->","yoast_head_json":{"title":"Cami\u00f3n fijo Medici\u00f3n | Cabezal de exploraci\u00f3n, Consola de operador","description":"Una unidad fija de medici\u00f3n de camiones est\u00e1 conectada por cable a la oficina, dando acceso instant\u00e1neo a los datos de carga al personal de operaciones. M\u00e1s informaci\u00f3n sobre las soluciones de carga LoadScan","robots":{"index":"index","follow":"follow","max-snippet":"max-snippet:-1","max-image-preview":"max-image-preview:large","max-video-preview":"max-video-preview:-1"},"canonical":"https:\/\/www.loadscan.com\/es\/soluciones-tecnologicas-de-escaneado\/loadscan-fijo-lvs-3bmf\/","twitter_misc":{"Tiempo de lectura":"12 minutos"},"schema":{"@context":"https:\/\/schema.org","@graph":[{"@type":"WebPage","@id":"https:\/\/www.loadscan.com\/es\/soluciones-tecnologicas-de-escaneado\/loadscan-fijo-lvs-3bmf\/","url":"https:\/\/www.loadscan.com\/es\/soluciones-tecnologicas-de-escaneado\/loadscan-fijo-lvs-3bmf\/","name":"Cami\u00f3n fijo Medici\u00f3n | Cabezal de exploraci\u00f3n, Consola de operador","isPartOf":{"@id":"https:\/\/www.loadscan.com\/es\/#website"},"datePublished":"2015-02-17T08:20:02+00:00","dateModified":"2024-08-13T22:53:22+00:00","description":"Una unidad fija de medici\u00f3n de camiones est\u00e1 conectada por cable a la oficina, dando acceso instant\u00e1neo a los datos de carga al personal de operaciones. M\u00e1s informaci\u00f3n sobre las soluciones de carga LoadScan","breadcrumb":{"@id":"https:\/\/www.loadscan.com\/es\/soluciones-tecnologicas-de-escaneado\/loadscan-fijo-lvs-3bmf\/#breadcrumb"},"inLanguage":"es","potentialAction":[{"@type":"ReadAction","target":["https:\/\/www.loadscan.com\/es\/soluciones-tecnologicas-de-escaneado\/loadscan-fijo-lvs-3bmf\/"]}]},{"@type":"BreadcrumbList","@id":"https:\/\/www.loadscan.com\/es\/soluciones-tecnologicas-de-escaneado\/loadscan-fijo-lvs-3bmf\/#breadcrumb","itemListElement":[{"@type":"ListItem","position":1,"name":"Home","item":"https:\/\/www.loadscan.com\/es\/escaneres-de-volumen-de-carga-loadscan\/"},{"@type":"ListItem","position":2,"name":"Soluciones tecnol\u00f3gicas de escaneado","item":"https:\/\/www.loadscan.com\/es\/soluciones-tecnologicas-de-escaneado\/"},{"@type":"ListItem","position":3,"name":"Loadscan Fijo LVS-3BMF"}]},{"@type":"WebSite","@id":"https:\/\/www.loadscan.com\/es\/#website","url":"https:\/\/www.loadscan.com\/es\/","name":"Loadscan","description":"Certified accurate payload measurement","publisher":{"@id":"https:\/\/www.loadscan.com\/es\/#organization"},"potentialAction":[{"@type":"SearchAction","target":{"@type":"EntryPoint","urlTemplate":"https:\/\/www.loadscan.com\/es\/?s={search_term_string}"},"query-input":{"@type":"PropertyValueSpecification","valueRequired":true,"valueName":"search_term_string"}}],"inLanguage":"es"},{"@type":"Organization","@id":"https:\/\/www.loadscan.com\/es\/#organization","name":"Loadscan\u00ae Ltd","url":"https:\/\/www.loadscan.com\/es\/","logo":{"@type":"ImageObject","inLanguage":"es","@id":"https:\/\/www.loadscan.com\/es\/#\/schema\/logo\/image\/","url":"https:\/\/www.loadscan.com\/wp-content\/uploads\/2020\/10\/Loadscan-logo-245.png","contentUrl":"https:\/\/www.loadscan.com\/wp-content\/uploads\/2020\/10\/Loadscan-logo-245.png","width":245,"height":66,"caption":"Loadscan\u00ae Ltd"},"image":{"@id":"https:\/\/www.loadscan.com\/es\/#\/schema\/logo\/image\/"},"sameAs":["https:\/\/www.facebook.com\/loadscan","https:\/\/x.com\/loadscan","https:\/\/nz.linkedin.com\/company\/loadscan"]}]}},"_links":{"self":[{"href":"https:\/\/www.loadscan.com\/es\/wp-json\/wp\/v2\/pages\/29719","targetHints":{"allow":["GET"]}}],"collection":[{"href":"https:\/\/www.loadscan.com\/es\/wp-json\/wp\/v2\/pages"}],"about":[{"href":"https:\/\/www.loadscan.com\/es\/wp-json\/wp\/v2\/types\/page"}],"author":[{"embeddable":true,"href":"https:\/\/www.loadscan.com\/es\/wp-json\/wp\/v2\/users\/6"}],"replies":[{"embeddable":true,"href":"https:\/\/www.loadscan.com\/es\/wp-json\/wp\/v2\/comments?post=29719"}],"version-history":[{"count":2,"href":"https:\/\/www.loadscan.com\/es\/wp-json\/wp\/v2\/pages\/29719\/revisions"}],"predecessor-version":[{"id":29732,"href":"https:\/\/www.loadscan.com\/es\/wp-json\/wp\/v2\/pages\/29719\/revisions\/29732"}],"up":[{"embeddable":true,"href":"https:\/\/www.loadscan.com\/es\/wp-json\/wp\/v2\/pages\/32212"}],"wp:attachment":[{"href":"https:\/\/www.loadscan.com\/es\/wp-json\/wp\/v2\/media?parent=29719"}],"curies":[{"name":"wp","href":"https:\/\/api.w.org\/{rel}","templated":true}]}}