{"id":32270,"date":"2015-03-11T15:04:26","date_gmt":"2015-03-11T02:04:26","guid":{"rendered":"https:\/\/www.loadscan.com\/soluciones-tecnologicas-de-escaneado\/consolas-de-cabina-reforzadas-loadtrak\/"},"modified":"2024-08-14T10:53:56","modified_gmt":"2024-08-13T22:53:56","slug":"consolas-de-cabina-reforzadas-loadtrak","status":"publish","type":"page","link":"https:\/\/www.loadscan.com\/es\/soluciones-tecnologicas-de-escaneado\/consolas-de-cabina-reforzadas-loadtrak\/","title":{"rendered":"Consolas de cabina reforzadas LoadTrak"},"content":{"rendered":"<p><div class=\"fusion-fullwidth fullwidth-box fusion-builder-row-1 fusion-parallax-none hundred-percent-fullwidth non-hundred-percent-height-scrolling fusion-no-small-visibility\" style=\"--awb-border-radius-top-left:0px;--awb-border-radius-top-right:0px;--awb-border-radius-bottom-right:0px;--awb-border-radius-bottom-left:0px;--awb-padding-top:275px;--awb-padding-bottom:275px;--awb-background-image:url(&quot;https:\/\/www.loadscan.com\/wp-content\/uploads\/2015\/02\/Loadscan-Product_LoadTrak-incab-Console.png&quot;);--awb-background-size:cover;--awb-flex-wrap:wrap;\" ><div class=\"fusion-builder-row fusion-row\"><\/div><\/div><div class=\"fusion-fullwidth fullwidth-box fusion-builder-row-2 fusion-flex-container hundred-percent-fullwidth non-hundred-percent-height-scrolling\" style=\"--awb-border-radius-top-left:0px;--awb-border-radius-top-right:0px;--awb-border-radius-bottom-right:0px;--awb-border-radius-bottom-left:0px;--awb-padding-right:15%;--awb-padding-left:15%;--awb-padding-right-medium:10%;--awb-padding-left-medium:10%;--awb-padding-right-small:5%;--awb-padding-left-small:5%;--awb-flex-wrap:wrap;\" ><div class=\"fusion-builder-row fusion-row fusion-flex-align-items-center fusion-flex-justify-content-center fusion-flex-content-wrap\" style=\"width:104% !important;max-width:104% !important;margin-left: calc(-4% \/ 2 );margin-right: calc(-4% \/ 2 );\"><div class=\"fusion-layout-column fusion_builder_column fusion-builder-column-0 fusion_builder_column_1_1 1_1 fusion-flex-column\" style=\"--awb-bg-size:cover;--awb-width-large:100%;--awb-margin-top-large:0px;--awb-spacing-right-large:1.92%;--awb-margin-bottom-large:20px;--awb-spacing-left-large:1.92%;--awb-width-medium:100%;--awb-order-medium:0;--awb-spacing-right-medium:1.92%;--awb-spacing-left-medium:1.92%;--awb-width-small:100%;--awb-order-small:0;--awb-spacing-right-small:1.92%;--awb-spacing-left-small:1.92%;\"><div class=\"fusion-column-wrapper fusion-column-has-shadow fusion-flex-justify-content-flex-start fusion-content-layout-column\"><div class=\"fusion-separator fusion-full-width-sep\" style=\"align-self: center;margin-left: auto;margin-right: auto;margin-bottom:40px;width:100%;\"><\/div><\/div><\/div><div class=\"fusion-layout-column fusion_builder_column fusion-builder-column-1 fusion_builder_column_2_3 2_3 fusion-flex-column\" style=\"--awb-padding-top:20px;--awb-bg-size:cover;--awb-width-large:66.666666666667%;--awb-margin-top-large:0px;--awb-spacing-right-large:2.88%;--awb-margin-bottom-large:20px;--awb-spacing-left-large:2.88%;--awb-width-medium:66.666666666667%;--awb-spacing-right-medium:2.88%;--awb-spacing-left-medium:2.88%;--awb-width-small:100%;--awb-spacing-right-small:1.92%;--awb-spacing-left-small:1.92%;\"><div class=\"fusion-column-wrapper fusion-column-has-shadow fusion-flex-justify-content-flex-start fusion-content-layout-column\"><div class=\"fusion-text fusion-text-1\"><h1>Consola de cabina LoadTrak<\/h1>\n<\/div><div class=\"fusion-text fusion-text-2\"><p>Supervisar y medir las cargas de camiones de material valioso en tu mina puede suponer una monta\u00f1a de papeleo o una serie de sistemas de despacho complejos y caros. Las robustas consolas en cabina <sup>LoadTrakTM<\/sup> son una opci\u00f3n de introducci\u00f3n remota de datos y retroalimentaci\u00f3n de valor a\u00f1adido para tu <a title=\"Esc\u00e1ner de volumen de carga\" href=\"https:\/\/www.loadscan.com\/load-volume-scanner\/\">esc\u00e1ner de volumen de carga (LVS)<\/a> LoadScan, que puede sustituir a los registros de carga en papel sin complicar demasiado las cosas.<\/p>\n<\/div><\/div><\/div><div class=\"fusion-layout-column fusion_builder_column fusion-builder-column-2 fusion_builder_column_1_3 1_3 fusion-flex-column\" style=\"--awb-bg-size:cover;--awb-width-large:33.333333333333%;--awb-margin-top-large:0px;--awb-spacing-right-large:5.76%;--awb-margin-bottom-large:20px;--awb-spacing-left-large:5.76%;--awb-width-medium:33.333333333333%;--awb-spacing-right-medium:5.76%;--awb-spacing-left-medium:5.76%;--awb-width-small:100%;--awb-spacing-right-small:1.92%;--awb-spacing-left-small:1.92%;\"><div class=\"fusion-column-wrapper fusion-flex-justify-content-flex-start fusion-content-layout-column\"><div class=\"fusion-image-element \" style=\"--awb-caption-title-font-family:var(--h2_typography-font-family);--awb-caption-title-font-weight:var(--h2_typography-font-weight);--awb-caption-title-font-style:var(--h2_typography-font-style);--awb-caption-title-size:var(--h2_typography-font-size);--awb-caption-title-transform:var(--h2_typography-text-transform);--awb-caption-title-line-height:var(--h2_typography-line-height);--awb-caption-title-letter-spacing:var(--h2_typography-letter-spacing);\"><span class=\" fusion-imageframe imageframe-none imageframe-1 hover-type-none\"><img decoding=\"async\" width=\"520\" height=\"496\" alt=\"Robusta consola LoadTrak en cabina\" title=\"Loadtrak Rugged Console Touchscreen\" src=\"https:\/\/www.loadscan.com\/wp-content\/uploads\/2015\/03\/Loadtrak-rugged-console-touchscreen.png\" class=\"img-responsive wp-image-26305\" srcset=\"https:\/\/www.loadscan.com\/wp-content\/uploads\/2015\/03\/Loadtrak-rugged-console-touchscreen-200x191.png 200w, https:\/\/www.loadscan.com\/wp-content\/uploads\/2015\/03\/Loadtrak-rugged-console-touchscreen-400x382.png 400w, https:\/\/www.loadscan.com\/wp-content\/uploads\/2015\/03\/Loadtrak-rugged-console-touchscreen.png 520w\" sizes=\"(max-width: 640px) 100vw, 400px\" \/><\/span><\/div><\/div><\/div><div class=\"fusion-layout-column fusion_builder_column fusion-builder-column-3 fusion_builder_column_2_5 2_5 fusion-flex-column\" style=\"--awb-bg-size:cover;--awb-width-large:40%;--awb-margin-top-large:0px;--awb-spacing-right-large:4.8%;--awb-margin-bottom-large:20px;--awb-spacing-left-large:4.8%;--awb-width-medium:40%;--awb-spacing-right-medium:4.8%;--awb-spacing-left-medium:4.8%;--awb-width-small:100%;--awb-spacing-right-small:1.92%;--awb-spacing-left-small:1.92%;\"><div class=\"fusion-column-wrapper fusion-flex-justify-content-flex-start fusion-content-layout-column\"><div class=\"fusion-image-element \" style=\"text-align:center;--awb-caption-title-font-family:var(--h2_typography-font-family);--awb-caption-title-font-weight:var(--h2_typography-font-weight);--awb-caption-title-font-style:var(--h2_typography-font-style);--awb-caption-title-size:var(--h2_typography-font-size);--awb-caption-title-transform:var(--h2_typography-text-transform);--awb-caption-title-line-height:var(--h2_typography-line-height);--awb-caption-title-letter-spacing:var(--h2_typography-letter-spacing);\"><span class=\" fusion-imageframe imageframe-none imageframe-2 hover-type-none\"><img decoding=\"async\" width=\"1200\" height=\"900\" alt=\"Unidad en cabina Loadscan LoadTrak\" title=\"Loadscan Truck In-Cab Module\" src=\"https:\/\/www.loadscan.com\/wp-content\/uploads\/2015\/03\/Loadscan-truck-in-cab-module.jpg\" class=\"img-responsive wp-image-26309\" srcset=\"https:\/\/www.loadscan.com\/wp-content\/uploads\/2015\/03\/Loadscan-truck-in-cab-module-200x150.jpg 200w, https:\/\/www.loadscan.com\/wp-content\/uploads\/2015\/03\/Loadscan-truck-in-cab-module-400x300.jpg 400w, https:\/\/www.loadscan.com\/wp-content\/uploads\/2015\/03\/Loadscan-truck-in-cab-module-600x450.jpg 600w, https:\/\/www.loadscan.com\/wp-content\/uploads\/2015\/03\/Loadscan-truck-in-cab-module-800x600.jpg 800w, https:\/\/www.loadscan.com\/wp-content\/uploads\/2015\/03\/Loadscan-truck-in-cab-module.jpg 1200w\" sizes=\"(max-width: 640px) 100vw, 600px\" \/><\/span><\/div><\/div><\/div><div class=\"fusion-layout-column fusion_builder_column fusion-builder-column-4 fusion_builder_column_3_5 3_5 fusion-flex-column\" style=\"--awb-bg-size:cover;--awb-width-large:60%;--awb-margin-top-large:0px;--awb-spacing-right-large:3.2%;--awb-margin-bottom-large:20px;--awb-spacing-left-large:3.2%;--awb-width-medium:60%;--awb-spacing-right-medium:3.2%;--awb-spacing-left-medium:3.2%;--awb-width-small:100%;--awb-spacing-right-small:1.92%;--awb-spacing-left-small:1.92%;\"><div class=\"fusion-column-wrapper fusion-flex-justify-content-flex-start fusion-content-layout-column\"><div class=\"fusion-text fusion-text-3\"><p>Las robustas consolas de pantalla t\u00e1ctil a prueba de miner\u00eda con conectividad inal\u00e1mbrica (WiFi) incorporada permiten a los conductores de camiones introducir detalles de la carga, como el origen de la carga, el tipo de carga, el destino, etc., en el momento de la carga.<br \/>\nCuando los camiones cargados entran dentro del alcance WiFi del sistema LVS, los detalles de la carga se cargan autom\u00e1ticamente y se registran con las mediciones de la carga.<br \/>\nTodos los detalles de la carga est\u00e1n disponibles para su an\u00e1lisis y elaboraci\u00f3n de informes con <a href=\"https:\/\/www.loadscan.com\/solutions\/cloud-service\/\">el<\/a> software de gesti\u00f3n de cargas <a href=\"https:\/\/www.loadscan.com\/solutions\/cloud-service\/\">LoadScan <i>MyScanner<\/i><\/a> u otros sistemas internos.<br \/>\nLos datos de las mediciones y cualquier estad\u00edstica o gr\u00e1fico de perfil de carga y an\u00e1lisis configurados se comunican al conductor inmediatamente despu\u00e9s de la medici\u00f3n de la carga. <sup>LoadTrakTM<\/sup> es una soluci\u00f3n <strong>personalizada<\/strong> adaptada a los requisitos espec\u00edficos de tu emplazamiento.<\/p>\n<\/div><\/div><\/div><div class=\"fusion-layout-column fusion_builder_column fusion-builder-column-5 fusion_builder_column_1_2 1_2 fusion-flex-column\" style=\"--awb-bg-size:cover;--awb-width-large:50%;--awb-margin-top-large:0px;--awb-spacing-right-large:3.84%;--awb-margin-bottom-large:20px;--awb-spacing-left-large:3.84%;--awb-width-medium:50%;--awb-spacing-right-medium:3.84%;--awb-spacing-left-medium:3.84%;--awb-width-small:100%;--awb-spacing-right-small:1.92%;--awb-spacing-left-small:1.92%;\"><div class=\"fusion-column-wrapper fusion-flex-justify-content-flex-start fusion-content-layout-column\"><div class=\"fusion-text fusion-text-4\"><h4>Caracter\u00edsticas est\u00e1ndar de las consolas en cabina<\/h4>\n<ul>\n<li>Consolas robustas con pantalla t\u00e1ctil para veh\u00edculos<\/li>\n<li>Hasta 6 detalles de carga configurables (por ejemplo, origen de la carga, tipo, destino, controlador, identificador del cargador)<\/li>\n<li>Carga autom\u00e1tica de los detalles de la carga en el momento de la medici\u00f3n en el LVS<\/li>\n<li>Informaci\u00f3n inmediata de la medici\u00f3n de la carga a los conductores<\/li>\n<\/ul>\n<\/div><\/div><\/div><div class=\"fusion-layout-column fusion_builder_column fusion-builder-column-6 fusion_builder_column_1_2 1_2 fusion-flex-column\" style=\"--awb-bg-size:cover;--awb-width-large:50%;--awb-margin-top-large:0px;--awb-spacing-right-large:3.84%;--awb-margin-bottom-large:20px;--awb-spacing-left-large:3.84%;--awb-width-medium:50%;--awb-spacing-right-medium:3.84%;--awb-spacing-left-medium:3.84%;--awb-width-small:100%;--awb-spacing-right-small:1.92%;--awb-spacing-left-small:1.92%;\"><div class=\"fusion-column-wrapper fusion-flex-justify-content-flex-start fusion-content-layout-column\"><div class=\"fusion-text fusion-text-5\"><h4>Consolas en cabina Caracter\u00edsticas personalizadas<\/h4>\n<ul>\n<li><a title=\"Perfiles de carga\" href=\"https:\/\/www.loadscan.com\/solutions\/3d-payload-profiler\/\">Perfiles<\/a> gr\u00e1ficos <a title=\"Perfiles de carga\" href=\"https:\/\/www.loadscan.com\/solutions\/3d-payload-profiler\/\">de carga<\/a> para obtener informaci\u00f3n visual sobre la distribuci\u00f3n de la carga<\/li>\n<li>Estad\u00edsticas de distribuci\u00f3n de la carga, como el centro de masa, el lugar de desbordamiento que destaca, etc.<\/li>\n<li>Estad\u00edsticas de rendimiento del turno, como totales acumulados de volumen\/peso calculado, porcentaje del objetivo del turno<\/li>\n<li>H\u00e1blanos de tus requisitos personalizados<\/li>\n<\/ul>\n<\/div><\/div><\/div><\/div><\/div><\/p>\n","protected":false},"excerpt":{"rendered":"","protected":false},"author":6,"featured_media":0,"parent":32212,"menu_order":0,"comment_status":"closed","ping_status":"closed","template":"100-width.php","meta":{"content-type":"","footnotes":""},"class_list":["post-32270","page","type-page","status-publish","hentry"],"yoast_head":"<!-- This site is optimized with the Yoast SEO plugin v27.2 - https:\/\/yoast.com\/product\/yoast-seo-wordpress\/ -->\n<title>LoadScan | LoadTrak | Consolas de pantalla t\u00e1ctil en cabina<\/title>\n<meta name=\"description\" content=\"Las consolas de pantalla t\u00e1ctil en cabina Loadtrak son una opci\u00f3n personalizada y de valor a\u00f1adido para la introducci\u00f3n remota de datos y la retroalimentaci\u00f3n de tu esc\u00e1ner de volumen de carga (LVS) Loadscan.\" \/>\n<meta name=\"robots\" content=\"index, follow, max-snippet:-1, max-image-preview:large, max-video-preview:-1\" \/>\n<link rel=\"canonical\" href=\"https:\/\/www.loadscan.com\/es\/soluciones-tecnologicas-de-escaneado\/consolas-de-cabina-reforzadas-loadtrak\/\" \/>\n<meta name=\"twitter:label1\" content=\"Tiempo de lectura\" \/>\n\t<meta name=\"twitter:data1\" content=\"9 minutos\" \/>\n<script type=\"application\/ld+json\" class=\"yoast-schema-graph\">{\"@context\":\"https:\/\/schema.org\",\"@graph\":[{\"@type\":\"WebPage\",\"@id\":\"https:\/\/www.loadscan.com\/es\/soluciones-tecnologicas-de-escaneado\/consolas-de-cabina-reforzadas-loadtrak\/\",\"url\":\"https:\/\/www.loadscan.com\/es\/soluciones-tecnologicas-de-escaneado\/consolas-de-cabina-reforzadas-loadtrak\/\",\"name\":\"LoadScan | LoadTrak | Consolas de pantalla t\u00e1ctil en cabina\",\"isPartOf\":{\"@id\":\"https:\/\/www.loadscan.com\/es\/#website\"},\"datePublished\":\"2015-03-11T02:04:26+00:00\",\"dateModified\":\"2024-08-13T22:53:56+00:00\",\"description\":\"Las consolas de pantalla t\u00e1ctil en cabina Loadtrak son una opci\u00f3n personalizada y de valor a\u00f1adido para la introducci\u00f3n remota de datos y la retroalimentaci\u00f3n de tu esc\u00e1ner de volumen de carga (LVS) Loadscan.\",\"breadcrumb\":{\"@id\":\"https:\/\/www.loadscan.com\/es\/soluciones-tecnologicas-de-escaneado\/consolas-de-cabina-reforzadas-loadtrak\/#breadcrumb\"},\"inLanguage\":\"es\",\"potentialAction\":[{\"@type\":\"ReadAction\",\"target\":[\"https:\/\/www.loadscan.com\/es\/soluciones-tecnologicas-de-escaneado\/consolas-de-cabina-reforzadas-loadtrak\/\"]}]},{\"@type\":\"BreadcrumbList\",\"@id\":\"https:\/\/www.loadscan.com\/es\/soluciones-tecnologicas-de-escaneado\/consolas-de-cabina-reforzadas-loadtrak\/#breadcrumb\",\"itemListElement\":[{\"@type\":\"ListItem\",\"position\":1,\"name\":\"Home\",\"item\":\"https:\/\/www.loadscan.com\/es\/escaneres-de-volumen-de-carga-loadscan\/\"},{\"@type\":\"ListItem\",\"position\":2,\"name\":\"Soluciones tecnol\u00f3gicas de escaneado\",\"item\":\"https:\/\/www.loadscan.com\/es\/soluciones-tecnologicas-de-escaneado\/\"},{\"@type\":\"ListItem\",\"position\":3,\"name\":\"Consolas de cabina reforzadas LoadTrak\"}]},{\"@type\":\"WebSite\",\"@id\":\"https:\/\/www.loadscan.com\/es\/#website\",\"url\":\"https:\/\/www.loadscan.com\/es\/\",\"name\":\"Loadscan\",\"description\":\"Certified accurate payload measurement\",\"publisher\":{\"@id\":\"https:\/\/www.loadscan.com\/es\/#organization\"},\"potentialAction\":[{\"@type\":\"SearchAction\",\"target\":{\"@type\":\"EntryPoint\",\"urlTemplate\":\"https:\/\/www.loadscan.com\/es\/?s={search_term_string}\"},\"query-input\":{\"@type\":\"PropertyValueSpecification\",\"valueRequired\":true,\"valueName\":\"search_term_string\"}}],\"inLanguage\":\"es\"},{\"@type\":\"Organization\",\"@id\":\"https:\/\/www.loadscan.com\/es\/#organization\",\"name\":\"Loadscan\u00ae Ltd\",\"url\":\"https:\/\/www.loadscan.com\/es\/\",\"logo\":{\"@type\":\"ImageObject\",\"inLanguage\":\"es\",\"@id\":\"https:\/\/www.loadscan.com\/es\/#\/schema\/logo\/image\/\",\"url\":\"https:\/\/www.loadscan.com\/wp-content\/uploads\/2020\/10\/Loadscan-logo-245.png\",\"contentUrl\":\"https:\/\/www.loadscan.com\/wp-content\/uploads\/2020\/10\/Loadscan-logo-245.png\",\"width\":245,\"height\":66,\"caption\":\"Loadscan\u00ae Ltd\"},\"image\":{\"@id\":\"https:\/\/www.loadscan.com\/es\/#\/schema\/logo\/image\/\"},\"sameAs\":[\"https:\/\/www.facebook.com\/loadscan\",\"https:\/\/x.com\/loadscan\",\"https:\/\/nz.linkedin.com\/company\/loadscan\"]}]}<\/script>\n<!-- \/ Yoast SEO plugin. -->","yoast_head_json":{"title":"LoadScan | LoadTrak | Consolas de pantalla t\u00e1ctil en cabina","description":"Las consolas de pantalla t\u00e1ctil en cabina Loadtrak son una opci\u00f3n personalizada y de valor a\u00f1adido para la introducci\u00f3n remota de datos y la retroalimentaci\u00f3n de tu esc\u00e1ner de volumen de carga (LVS) Loadscan.","robots":{"index":"index","follow":"follow","max-snippet":"max-snippet:-1","max-image-preview":"max-image-preview:large","max-video-preview":"max-video-preview:-1"},"canonical":"https:\/\/www.loadscan.com\/es\/soluciones-tecnologicas-de-escaneado\/consolas-de-cabina-reforzadas-loadtrak\/","twitter_misc":{"Tiempo de lectura":"9 minutos"},"schema":{"@context":"https:\/\/schema.org","@graph":[{"@type":"WebPage","@id":"https:\/\/www.loadscan.com\/es\/soluciones-tecnologicas-de-escaneado\/consolas-de-cabina-reforzadas-loadtrak\/","url":"https:\/\/www.loadscan.com\/es\/soluciones-tecnologicas-de-escaneado\/consolas-de-cabina-reforzadas-loadtrak\/","name":"LoadScan | LoadTrak | Consolas de pantalla t\u00e1ctil en cabina","isPartOf":{"@id":"https:\/\/www.loadscan.com\/es\/#website"},"datePublished":"2015-03-11T02:04:26+00:00","dateModified":"2024-08-13T22:53:56+00:00","description":"Las consolas de pantalla t\u00e1ctil en cabina Loadtrak son una opci\u00f3n personalizada y de valor a\u00f1adido para la introducci\u00f3n remota de datos y la retroalimentaci\u00f3n de tu esc\u00e1ner de volumen de carga (LVS) Loadscan.","breadcrumb":{"@id":"https:\/\/www.loadscan.com\/es\/soluciones-tecnologicas-de-escaneado\/consolas-de-cabina-reforzadas-loadtrak\/#breadcrumb"},"inLanguage":"es","potentialAction":[{"@type":"ReadAction","target":["https:\/\/www.loadscan.com\/es\/soluciones-tecnologicas-de-escaneado\/consolas-de-cabina-reforzadas-loadtrak\/"]}]},{"@type":"BreadcrumbList","@id":"https:\/\/www.loadscan.com\/es\/soluciones-tecnologicas-de-escaneado\/consolas-de-cabina-reforzadas-loadtrak\/#breadcrumb","itemListElement":[{"@type":"ListItem","position":1,"name":"Home","item":"https:\/\/www.loadscan.com\/es\/escaneres-de-volumen-de-carga-loadscan\/"},{"@type":"ListItem","position":2,"name":"Soluciones tecnol\u00f3gicas de escaneado","item":"https:\/\/www.loadscan.com\/es\/soluciones-tecnologicas-de-escaneado\/"},{"@type":"ListItem","position":3,"name":"Consolas de cabina reforzadas LoadTrak"}]},{"@type":"WebSite","@id":"https:\/\/www.loadscan.com\/es\/#website","url":"https:\/\/www.loadscan.com\/es\/","name":"Loadscan","description":"Certified accurate payload measurement","publisher":{"@id":"https:\/\/www.loadscan.com\/es\/#organization"},"potentialAction":[{"@type":"SearchAction","target":{"@type":"EntryPoint","urlTemplate":"https:\/\/www.loadscan.com\/es\/?s={search_term_string}"},"query-input":{"@type":"PropertyValueSpecification","valueRequired":true,"valueName":"search_term_string"}}],"inLanguage":"es"},{"@type":"Organization","@id":"https:\/\/www.loadscan.com\/es\/#organization","name":"Loadscan\u00ae Ltd","url":"https:\/\/www.loadscan.com\/es\/","logo":{"@type":"ImageObject","inLanguage":"es","@id":"https:\/\/www.loadscan.com\/es\/#\/schema\/logo\/image\/","url":"https:\/\/www.loadscan.com\/wp-content\/uploads\/2020\/10\/Loadscan-logo-245.png","contentUrl":"https:\/\/www.loadscan.com\/wp-content\/uploads\/2020\/10\/Loadscan-logo-245.png","width":245,"height":66,"caption":"Loadscan\u00ae Ltd"},"image":{"@id":"https:\/\/www.loadscan.com\/es\/#\/schema\/logo\/image\/"},"sameAs":["https:\/\/www.facebook.com\/loadscan","https:\/\/x.com\/loadscan","https:\/\/nz.linkedin.com\/company\/loadscan"]}]}},"_links":{"self":[{"href":"https:\/\/www.loadscan.com\/es\/wp-json\/wp\/v2\/pages\/32270","targetHints":{"allow":["GET"]}}],"collection":[{"href":"https:\/\/www.loadscan.com\/es\/wp-json\/wp\/v2\/pages"}],"about":[{"href":"https:\/\/www.loadscan.com\/es\/wp-json\/wp\/v2\/types\/page"}],"author":[{"embeddable":true,"href":"https:\/\/www.loadscan.com\/es\/wp-json\/wp\/v2\/users\/6"}],"replies":[{"embeddable":true,"href":"https:\/\/www.loadscan.com\/es\/wp-json\/wp\/v2\/comments?post=32270"}],"version-history":[{"count":1,"href":"https:\/\/www.loadscan.com\/es\/wp-json\/wp\/v2\/pages\/32270\/revisions"}],"predecessor-version":[{"id":32275,"href":"https:\/\/www.loadscan.com\/es\/wp-json\/wp\/v2\/pages\/32270\/revisions\/32275"}],"up":[{"embeddable":true,"href":"https:\/\/www.loadscan.com\/es\/wp-json\/wp\/v2\/pages\/32212"}],"wp:attachment":[{"href":"https:\/\/www.loadscan.com\/es\/wp-json\/wp\/v2\/media?parent=32270"}],"curies":[{"name":"wp","href":"https:\/\/api.w.org\/{rel}","templated":true}]}}