{"id":32288,"date":"2015-02-11T14:00:14","date_gmt":"2015-02-11T01:00:14","guid":{"rendered":"https:\/\/www.loadscan.com\/soluciones-tecnologicas-de-escaneado\/perfilador-de-carga-util-3d\/"},"modified":"2024-08-14T10:54:05","modified_gmt":"2024-08-13T22:54:05","slug":"perfilador-de-carga-util-3d","status":"publish","type":"page","link":"https:\/\/www.loadscan.com\/es\/soluciones-tecnologicas-de-escaneado\/perfilador-de-carga-util-3d\/","title":{"rendered":"Perfilador de carga \u00fatil 3D"},"content":{"rendered":"<div class=\"fusion-fullwidth fullwidth-box fusion-builder-row-1 fusion-flex-container hundred-percent-fullwidth non-hundred-percent-height-scrolling\" style=\"--awb-border-radius-top-left:0px;--awb-border-radius-top-right:0px;--awb-border-radius-bottom-right:0px;--awb-border-radius-bottom-left:0px;--awb-padding-right:15%;--awb-padding-left:15%;--awb-padding-right-medium:10%;--awb-padding-left-medium:10%;--awb-padding-right-small:5%;--awb-padding-left-small:5%;--awb-flex-wrap:wrap;\" ><div class=\"fusion-builder-row fusion-row fusion-flex-align-items-flex-start fusion-flex-content-wrap\" style=\"width:104% !important;max-width:104% !important;margin-left: calc(-4% \/ 2 );margin-right: calc(-4% \/ 2 );\"><div class=\"fusion-layout-column fusion_builder_column fusion-builder-column-0 fusion_builder_column_1_1 1_1 fusion-flex-column\" style=\"--awb-bg-size:cover;--awb-width-large:100%;--awb-margin-top-large:0px;--awb-spacing-right-large:1.92%;--awb-margin-bottom-large:0px;--awb-spacing-left-large:1.92%;--awb-width-medium:100%;--awb-spacing-right-medium:1.92%;--awb-spacing-left-medium:1.92%;--awb-width-small:100%;--awb-spacing-right-small:1.92%;--awb-spacing-left-small:1.92%;\"><div class=\"fusion-column-wrapper fusion-flex-justify-content-flex-start fusion-content-layout-column\"><div class=\"fusion-text fusion-text-1\"><h1>Perfilador de carga \u00fatil 3D<\/h1>\n<p>  Reduce el desgaste de los neum\u00e1ticos y la maquinaria, aumenta los factores de llenado del cami\u00f3n y mejora la seguridad de la carga \u00fatil con gr\u00e1ficos de distribuci\u00f3n de la carga y estad\u00edsticas para la supervisi\u00f3n del rendimiento, con el fin de educar visualmente y formar a los operadores en la optimizaci\u00f3n de la eficiencia de la carga \u00fatil.<br \/>\nLoadScan <em>3D Payload Profiler <\/em>se ha desarrollado para ofrecer a los clientes de Loadscan LVS una herramienta de interacci\u00f3n visual para lograr la m\u00e1xima eficiencia de la carga \u00fatil utilizando los datos de escaneado generados en el proceso de medici\u00f3n LVS.<\/p>\n<\/div><\/div><\/div><div class=\"fusion-layout-column fusion_builder_column fusion-builder-column-1 fusion_builder_column_3_5 3_5 fusion-flex-column\" style=\"--awb-bg-size:cover;--awb-width-large:60%;--awb-margin-top-large:0px;--awb-spacing-right-large:3.2%;--awb-margin-bottom-large:20px;--awb-spacing-left-large:3.2%;--awb-width-medium:60%;--awb-spacing-right-medium:3.2%;--awb-spacing-left-medium:3.2%;--awb-width-small:100%;--awb-spacing-right-small:1.92%;--awb-spacing-left-small:1.92%;\"><div class=\"fusion-column-wrapper fusion-flex-justify-content-flex-start fusion-content-layout-column\"><div class=\"fusion-text fusion-text-2\"><h6>  Caracter\u00edsticas est\u00e1ndar<\/h6>\n<h5>Gr\u00e1ficos 3D del Perfilador de Carga \u00datil<\/h5>\n<p>  El <em>perfilador de carga <\/em>LoadScan <em>3D <\/em>ofrece una representaci\u00f3n gr\u00e1fica de la carga para obtener informaci\u00f3n visual sobre la forma y la distribuci\u00f3n de la carga.<br \/>\nPermite a los operarios detectar la carga descentrada o insegura, la fragmentaci\u00f3n de la carga y la forma general de la carga.   <\/p>\n<h5>Medici\u00f3n manual punto a punto<\/h5>\n<p>  Realiza mediciones manuales de las caracter\u00edsticas de la carga o de las dimensiones de la caja del cami\u00f3n con mediciones punto a punto en secciones transversales de datos de escaneado longitudinal y transversal.<br \/>\nAyuda en las estimaciones manuales de la capacidad de la bandeja, la distribuci\u00f3n de la carga, la fragmentaci\u00f3n, el factor de llenado, etc.   <\/p>\n<h6>Funciones ampliadas*<\/h6>\n<h5>An\u00e1lisis de distribuci\u00f3n de cargas<\/h5>\n<p>  La forma en que se distribuye la carga en la bandeja del cami\u00f3n no s\u00f3lo afecta a la eficacia de la carga, sino tambi\u00e9n al desgaste de los neum\u00e1ticos y la m\u00e1quina, as\u00ed como a la seguridad en la carretera de acarreo.<br \/>\nEvita los costosos reventones de neum\u00e1ticos y protege tu maquinaria cargando los camiones correctamente.<br \/>\nLa distribuci\u00f3n de la carga a izquierda, derecha, delante o detr\u00e1s de la bandeja puede determinarse a partir del centro de masa de la carga, los \u00e1ngulos de inclinaci\u00f3n de la pila y otras caracter\u00edsticas de la forma*.    <\/p>\n<h5>Control de la fragmentaci\u00f3n de la explosi\u00f3n<\/h5>\n<p>  La distribuci\u00f3n de los tama\u00f1os de los fragmentos de roca (fragmentaci\u00f3n) tras la voladura afecta a la facilidad con que se palea la roca volada (excavabilidad) y a la eficacia de la carga del cami\u00f3n, con una influencia significativa en la productividad. La fragmentaci\u00f3n dentro de una carga de cami\u00f3n puede estimarse a partir de la textura 3D de la superficie visible de la carga e informarse de cada carga para controlar y optimizar el rendimiento de la voladura.*  <\/p>\n<h5>C\u00e1lculo del factor de llenado<\/h5>\n<p>  Cargar los camiones al m\u00e1ximo de su capacidad sin sobrecargarlos es importante para conseguir la m\u00e1xima productividad. El factor de llenado de la carretilla es una medida del grado de utilizaci\u00f3n de la caja de la carretilla. Puede calcularse a partir del volumen de carga medido, la forma y el tama\u00f1o de la bandeja, el perfil de carga, la fragmentaci\u00f3n y, opcionalmente, los datos de peso suministrados externamente.*  <\/p>\n<h5>Identificaci\u00f3n del riesgo de ca\u00edda de rocas<\/h5>\n<p>  El resaltado visual de las regiones del borde de la bandeja del cami\u00f3n en las que la carga corre riesgo de caerse por el lateral, con umbrales de alarma configurables, permite a los operarios identificar las cargas inseguras.*<\/p>\n<\/div><\/div><\/div><div class=\"fusion-layout-column fusion_builder_column fusion-builder-column-2 fusion_builder_column_2_5 2_5 fusion-flex-column\" style=\"--awb-bg-size:cover;--awb-width-large:40%;--awb-margin-top-large:0px;--awb-spacing-right-large:4.8%;--awb-margin-bottom-large:20px;--awb-spacing-left-large:4.8%;--awb-width-medium:40%;--awb-spacing-right-medium:4.8%;--awb-spacing-left-medium:4.8%;--awb-width-small:100%;--awb-spacing-right-small:1.92%;--awb-spacing-left-small:1.92%;\"><div class=\"fusion-column-wrapper fusion-flex-justify-content-flex-start fusion-content-layout-column\"><div class=\"fusion-image-element \" style=\"text-align:center;--awb-caption-title-font-family:var(--h2_typography-font-family);--awb-caption-title-font-weight:var(--h2_typography-font-weight);--awb-caption-title-font-style:var(--h2_typography-font-style);--awb-caption-title-size:var(--h2_typography-font-size);--awb-caption-title-transform:var(--h2_typography-text-transform);--awb-caption-title-line-height:var(--h2_typography-line-height);--awb-caption-title-letter-spacing:var(--h2_typography-letter-spacing);\"><span class=\" fusion-imageframe imageframe-none imageframe-1 hover-type-none\"><img decoding=\"async\" width=\"1003\" height=\"831\" alt=\"Pantallas 3D Loadscan Profiler\" title=\"3D Computer &#8211; MyScanner 3d mining1\" src=\"https:\/\/www.loadscan.com\/wp-content\/uploads\/2023\/09\/3D-Computer-MyScanner-3d-mining1.png\" class=\"img-responsive wp-image-31041\" srcset=\"https:\/\/www.loadscan.com\/wp-content\/uploads\/2023\/09\/3D-Computer-MyScanner-3d-mining1-200x166.png 200w, https:\/\/www.loadscan.com\/wp-content\/uploads\/2023\/09\/3D-Computer-MyScanner-3d-mining1-400x331.png 400w, https:\/\/www.loadscan.com\/wp-content\/uploads\/2023\/09\/3D-Computer-MyScanner-3d-mining1-600x497.png 600w, https:\/\/www.loadscan.com\/wp-content\/uploads\/2023\/09\/3D-Computer-MyScanner-3d-mining1-800x663.png 800w, https:\/\/www.loadscan.com\/wp-content\/uploads\/2023\/09\/3D-Computer-MyScanner-3d-mining1.png 1003w\" sizes=\"(max-width: 640px) 100vw, 600px\" \/><\/span><\/div><div class=\"fusion-separator fusion-full-width-sep\" style=\"align-self: center;margin-left: auto;margin-right: auto;margin-bottom:40px;width:100%;\"><\/div><div class=\"fusion-text fusion-text-3\"><blockquote>\n<h3><em>El Perfil de Carga te da las herramientas para optimizar las pr\u00e1cticas de carga de los camiones para conseguir la m\u00e1xima eficacia en el transporte y aumentar la productividad<\/em>.<\/h3>\n<\/blockquote>\n<h4 style=\"text-align: center;\"><a href=\"https:\/\/www.loadscan.com\/contact-us\/\">Contacta con nosotros<\/a> para m\u00e1s informaci\u00f3n<\/h4>\n<\/div><\/div><\/div><\/div><\/div>\n","protected":false},"excerpt":{"rendered":"","protected":false},"author":6,"featured_media":0,"parent":32212,"menu_order":0,"comment_status":"closed","ping_status":"closed","template":"100-width.php","meta":{"content-type":"","footnotes":""},"class_list":["post-32288","page","type-page","status-publish","hentry"],"yoast_head":"<!-- This site is optimized with the Yoast SEO plugin v27.2 - https:\/\/yoast.com\/product\/yoast-seo-wordpress\/ -->\n<title>Perfilador de carga \u00fatil LoadScan 3D | Mejorar la seguridad de la carga \u00fatil<\/title>\n<meta name=\"description\" content=\"Aumenta Los Factores De Llenado De Los Camiones Y Mejora La Seguridad De La Carga \u00datil Con Gr\u00e1ficos Y Estad\u00edsticas De Distribuci\u00f3n De La Carga Para Controlar El Rendimiento.\" \/>\n<meta name=\"robots\" content=\"index, follow, max-snippet:-1, max-image-preview:large, max-video-preview:-1\" \/>\n<link rel=\"canonical\" href=\"https:\/\/www.loadscan.com\/es\/soluciones-tecnologicas-de-escaneado\/perfilador-de-carga-util-3d\/\" \/>\n<meta name=\"twitter:label1\" content=\"Tiempo de lectura\" \/>\n\t<meta name=\"twitter:data1\" content=\"8 minutos\" \/>\n<script type=\"application\/ld+json\" class=\"yoast-schema-graph\">{\"@context\":\"https:\/\/schema.org\",\"@graph\":[{\"@type\":\"WebPage\",\"@id\":\"https:\/\/www.loadscan.com\/es\/soluciones-tecnologicas-de-escaneado\/perfilador-de-carga-util-3d\/\",\"url\":\"https:\/\/www.loadscan.com\/es\/soluciones-tecnologicas-de-escaneado\/perfilador-de-carga-util-3d\/\",\"name\":\"Perfilador de carga \u00fatil LoadScan 3D | Mejorar la seguridad de la carga \u00fatil\",\"isPartOf\":{\"@id\":\"https:\/\/www.loadscan.com\/es\/#website\"},\"datePublished\":\"2015-02-11T01:00:14+00:00\",\"dateModified\":\"2024-08-13T22:54:05+00:00\",\"description\":\"Aumenta Los Factores De Llenado De Los Camiones Y Mejora La Seguridad De La Carga \u00datil Con Gr\u00e1ficos Y Estad\u00edsticas De Distribuci\u00f3n De La Carga Para Controlar El Rendimiento.\",\"breadcrumb\":{\"@id\":\"https:\/\/www.loadscan.com\/es\/soluciones-tecnologicas-de-escaneado\/perfilador-de-carga-util-3d\/#breadcrumb\"},\"inLanguage\":\"es\",\"potentialAction\":[{\"@type\":\"ReadAction\",\"target\":[\"https:\/\/www.loadscan.com\/es\/soluciones-tecnologicas-de-escaneado\/perfilador-de-carga-util-3d\/\"]}]},{\"@type\":\"BreadcrumbList\",\"@id\":\"https:\/\/www.loadscan.com\/es\/soluciones-tecnologicas-de-escaneado\/perfilador-de-carga-util-3d\/#breadcrumb\",\"itemListElement\":[{\"@type\":\"ListItem\",\"position\":1,\"name\":\"Home\",\"item\":\"https:\/\/www.loadscan.com\/es\/escaneres-de-volumen-de-carga-loadscan\/\"},{\"@type\":\"ListItem\",\"position\":2,\"name\":\"Soluciones tecnol\u00f3gicas de escaneado\",\"item\":\"https:\/\/www.loadscan.com\/es\/soluciones-tecnologicas-de-escaneado\/\"},{\"@type\":\"ListItem\",\"position\":3,\"name\":\"Perfilador de carga \u00fatil 3D\"}]},{\"@type\":\"WebSite\",\"@id\":\"https:\/\/www.loadscan.com\/es\/#website\",\"url\":\"https:\/\/www.loadscan.com\/es\/\",\"name\":\"Loadscan\",\"description\":\"Certified accurate payload measurement\",\"publisher\":{\"@id\":\"https:\/\/www.loadscan.com\/es\/#organization\"},\"potentialAction\":[{\"@type\":\"SearchAction\",\"target\":{\"@type\":\"EntryPoint\",\"urlTemplate\":\"https:\/\/www.loadscan.com\/es\/?s={search_term_string}\"},\"query-input\":{\"@type\":\"PropertyValueSpecification\",\"valueRequired\":true,\"valueName\":\"search_term_string\"}}],\"inLanguage\":\"es\"},{\"@type\":\"Organization\",\"@id\":\"https:\/\/www.loadscan.com\/es\/#organization\",\"name\":\"Loadscan\u00ae Ltd\",\"url\":\"https:\/\/www.loadscan.com\/es\/\",\"logo\":{\"@type\":\"ImageObject\",\"inLanguage\":\"es\",\"@id\":\"https:\/\/www.loadscan.com\/es\/#\/schema\/logo\/image\/\",\"url\":\"https:\/\/www.loadscan.com\/wp-content\/uploads\/2020\/10\/Loadscan-logo-245.png\",\"contentUrl\":\"https:\/\/www.loadscan.com\/wp-content\/uploads\/2020\/10\/Loadscan-logo-245.png\",\"width\":245,\"height\":66,\"caption\":\"Loadscan\u00ae Ltd\"},\"image\":{\"@id\":\"https:\/\/www.loadscan.com\/es\/#\/schema\/logo\/image\/\"},\"sameAs\":[\"https:\/\/www.facebook.com\/loadscan\",\"https:\/\/x.com\/loadscan\",\"https:\/\/nz.linkedin.com\/company\/loadscan\"]}]}<\/script>\n<!-- \/ Yoast SEO plugin. -->","yoast_head_json":{"title":"Perfilador de carga \u00fatil LoadScan 3D | Mejorar la seguridad de la carga \u00fatil","description":"Aumenta Los Factores De Llenado De Los Camiones Y Mejora La Seguridad De La Carga \u00datil Con Gr\u00e1ficos Y Estad\u00edsticas De Distribuci\u00f3n De La Carga Para Controlar El Rendimiento.","robots":{"index":"index","follow":"follow","max-snippet":"max-snippet:-1","max-image-preview":"max-image-preview:large","max-video-preview":"max-video-preview:-1"},"canonical":"https:\/\/www.loadscan.com\/es\/soluciones-tecnologicas-de-escaneado\/perfilador-de-carga-util-3d\/","twitter_misc":{"Tiempo de lectura":"8 minutos"},"schema":{"@context":"https:\/\/schema.org","@graph":[{"@type":"WebPage","@id":"https:\/\/www.loadscan.com\/es\/soluciones-tecnologicas-de-escaneado\/perfilador-de-carga-util-3d\/","url":"https:\/\/www.loadscan.com\/es\/soluciones-tecnologicas-de-escaneado\/perfilador-de-carga-util-3d\/","name":"Perfilador de carga \u00fatil LoadScan 3D | Mejorar la seguridad de la carga \u00fatil","isPartOf":{"@id":"https:\/\/www.loadscan.com\/es\/#website"},"datePublished":"2015-02-11T01:00:14+00:00","dateModified":"2024-08-13T22:54:05+00:00","description":"Aumenta Los Factores De Llenado De Los Camiones Y Mejora La Seguridad De La Carga \u00datil Con Gr\u00e1ficos Y Estad\u00edsticas De Distribuci\u00f3n De La Carga Para Controlar El Rendimiento.","breadcrumb":{"@id":"https:\/\/www.loadscan.com\/es\/soluciones-tecnologicas-de-escaneado\/perfilador-de-carga-util-3d\/#breadcrumb"},"inLanguage":"es","potentialAction":[{"@type":"ReadAction","target":["https:\/\/www.loadscan.com\/es\/soluciones-tecnologicas-de-escaneado\/perfilador-de-carga-util-3d\/"]}]},{"@type":"BreadcrumbList","@id":"https:\/\/www.loadscan.com\/es\/soluciones-tecnologicas-de-escaneado\/perfilador-de-carga-util-3d\/#breadcrumb","itemListElement":[{"@type":"ListItem","position":1,"name":"Home","item":"https:\/\/www.loadscan.com\/es\/escaneres-de-volumen-de-carga-loadscan\/"},{"@type":"ListItem","position":2,"name":"Soluciones tecnol\u00f3gicas de escaneado","item":"https:\/\/www.loadscan.com\/es\/soluciones-tecnologicas-de-escaneado\/"},{"@type":"ListItem","position":3,"name":"Perfilador de carga \u00fatil 3D"}]},{"@type":"WebSite","@id":"https:\/\/www.loadscan.com\/es\/#website","url":"https:\/\/www.loadscan.com\/es\/","name":"Loadscan","description":"Certified accurate payload measurement","publisher":{"@id":"https:\/\/www.loadscan.com\/es\/#organization"},"potentialAction":[{"@type":"SearchAction","target":{"@type":"EntryPoint","urlTemplate":"https:\/\/www.loadscan.com\/es\/?s={search_term_string}"},"query-input":{"@type":"PropertyValueSpecification","valueRequired":true,"valueName":"search_term_string"}}],"inLanguage":"es"},{"@type":"Organization","@id":"https:\/\/www.loadscan.com\/es\/#organization","name":"Loadscan\u00ae Ltd","url":"https:\/\/www.loadscan.com\/es\/","logo":{"@type":"ImageObject","inLanguage":"es","@id":"https:\/\/www.loadscan.com\/es\/#\/schema\/logo\/image\/","url":"https:\/\/www.loadscan.com\/wp-content\/uploads\/2020\/10\/Loadscan-logo-245.png","contentUrl":"https:\/\/www.loadscan.com\/wp-content\/uploads\/2020\/10\/Loadscan-logo-245.png","width":245,"height":66,"caption":"Loadscan\u00ae Ltd"},"image":{"@id":"https:\/\/www.loadscan.com\/es\/#\/schema\/logo\/image\/"},"sameAs":["https:\/\/www.facebook.com\/loadscan","https:\/\/x.com\/loadscan","https:\/\/nz.linkedin.com\/company\/loadscan"]}]}},"_links":{"self":[{"href":"https:\/\/www.loadscan.com\/es\/wp-json\/wp\/v2\/pages\/32288","targetHints":{"allow":["GET"]}}],"collection":[{"href":"https:\/\/www.loadscan.com\/es\/wp-json\/wp\/v2\/pages"}],"about":[{"href":"https:\/\/www.loadscan.com\/es\/wp-json\/wp\/v2\/types\/page"}],"author":[{"embeddable":true,"href":"https:\/\/www.loadscan.com\/es\/wp-json\/wp\/v2\/users\/6"}],"replies":[{"embeddable":true,"href":"https:\/\/www.loadscan.com\/es\/wp-json\/wp\/v2\/comments?post=32288"}],"version-history":[{"count":1,"href":"https:\/\/www.loadscan.com\/es\/wp-json\/wp\/v2\/pages\/32288\/revisions"}],"predecessor-version":[{"id":32293,"href":"https:\/\/www.loadscan.com\/es\/wp-json\/wp\/v2\/pages\/32288\/revisions\/32293"}],"up":[{"embeddable":true,"href":"https:\/\/www.loadscan.com\/es\/wp-json\/wp\/v2\/pages\/32212"}],"wp:attachment":[{"href":"https:\/\/www.loadscan.com\/es\/wp-json\/wp\/v2\/media?parent=32288"}],"curies":[{"name":"wp","href":"https:\/\/api.w.org\/{rel}","templated":true}]}}