{"id":32340,"date":"2015-02-26T22:39:05","date_gmt":"2015-02-26T09:39:05","guid":{"rendered":"https:\/\/www.loadscan.com\/soluciones-tecnologicas-de-escaneado\/loadscan-overview-software-de-gestion-de-cargas\/"},"modified":"2024-08-14T10:54:32","modified_gmt":"2024-08-13T22:54:32","slug":"loadscan-overview-software-de-gestion-de-cargas","status":"publish","type":"page","link":"https:\/\/www.loadscan.com\/es\/soluciones-tecnologicas-de-escaneado\/loadscan-overview-software-de-gestion-de-cargas\/","title":{"rendered":"Loadscan OverView &#8211; Software de gesti\u00f3n de cargas"},"content":{"rendered":"<p><div class=\"fusion-fullwidth fullwidth-box fusion-builder-row-1 fusion-parallax-none hundred-percent-fullwidth non-hundred-percent-height-scrolling fusion-no-small-visibility\" style=\"--awb-border-radius-top-left:0px;--awb-border-radius-top-right:0px;--awb-border-radius-bottom-right:0px;--awb-border-radius-bottom-left:0px;--awb-padding-top:275px;--awb-padding-bottom:275px;--awb-background-image:url(&quot;https:\/\/www.loadscan.com\/wp-content\/uploads\/2015\/02\/Loadscan-Product_Overview.png&quot;);--awb-background-size:cover;--awb-flex-wrap:wrap;\" ><div class=\"fusion-builder-row fusion-row\"><\/div><\/div><div class=\"fusion-fullwidth fullwidth-box fusion-builder-row-2 fusion-flex-container hundred-percent-fullwidth non-hundred-percent-height-scrolling\" style=\"--awb-border-radius-top-left:0px;--awb-border-radius-top-right:0px;--awb-border-radius-bottom-right:0px;--awb-border-radius-bottom-left:0px;--awb-padding-right:15%;--awb-padding-left:15%;--awb-padding-right-medium:10%;--awb-padding-left-medium:10%;--awb-padding-right-small:5%;--awb-padding-left-small:5%;--awb-flex-wrap:wrap;\" ><div class=\"fusion-builder-row fusion-row fusion-flex-align-items-flex-start fusion-flex-content-wrap\" style=\"width:104% !important;max-width:104% !important;margin-left: calc(-4% \/ 2 );margin-right: calc(-4% \/ 2 );\"><div class=\"fusion-layout-column fusion_builder_column fusion-builder-column-0 fusion_builder_column_1_1 1_1 fusion-flex-column\" style=\"--awb-bg-size:cover;--awb-width-large:100%;--awb-margin-top-large:0px;--awb-spacing-right-large:1.92%;--awb-margin-bottom-large:0px;--awb-spacing-left-large:1.92%;--awb-width-medium:100%;--awb-spacing-right-medium:1.92%;--awb-spacing-left-medium:1.92%;--awb-width-small:100%;--awb-spacing-right-small:1.92%;--awb-spacing-left-small:1.92%;\"><div class=\"fusion-column-wrapper fusion-flex-justify-content-flex-start fusion-content-layout-column\"><div class=\"fusion-text fusion-text-1\"><h1>Software de gesti\u00f3n de cargas <sup>OverviewTM<\/sup> <\/h1>\n<\/div><\/div><\/div><div class=\"fusion-layout-column fusion_builder_column fusion-builder-column-1 fusion_builder_column_1_2 1_2 fusion-flex-column\" style=\"--awb-bg-size:cover;--awb-width-large:50%;--awb-margin-top-large:0px;--awb-spacing-right-large:3.84%;--awb-margin-bottom-large:20px;--awb-spacing-left-large:3.84%;--awb-width-medium:50%;--awb-spacing-right-medium:3.84%;--awb-spacing-left-medium:3.84%;--awb-width-small:100%;--awb-spacing-right-small:1.92%;--awb-spacing-left-small:1.92%;\"><div class=\"fusion-column-wrapper fusion-flex-justify-content-flex-start fusion-content-layout-column\"><div class=\"fusion-text fusion-text-2\"><p>Medir las cargas de los camiones es un comienzo, pero la forma de utilizar los datos de medici\u00f3n en beneficio de tu negocio marca la diferencia.<br \/>\nLoadScan <em>OverView\u2122<\/em> es una utilidad de software de gesti\u00f3n de cargas para recuperar registros de medici\u00f3n de tu <a href=\"https:\/\/www.loadscan.com\/load-volume-scanner\/\"><strong>Esc\u00e1ner de Volumen de Carga<\/strong><\/a> (LVS), ver, editar, clasificar y filtrar registros y generar informes resumidos de periodos en Microsoft <sup>Excel\u00ae<\/sup>.<br \/>\nLoadscan tambi\u00e9n puede trabajar contigo para crear una interfaz que permita exportar los datos procesados a tu base de datos, contabilidad u otros sistemas existentes.<br \/>\nCon una conexi\u00f3n directa por cable o inal\u00e1mbrica a tu LVS, el software de gesti\u00f3n de carga <em>OverView\u2122<\/em> proporciona supervisi\u00f3n remota en tiempo real con datos actualizados al minuto para una gesti\u00f3n proactiva de la carga.<br \/>\nLa versi\u00f3n base se proporciona gratuitamente y hay disponibles m\u00f3dulos opcionales y personalizaciones para a\u00f1adir funciones adicionales.<\/p>\n<\/div><div class=\"fusion-separator fusion-full-width-sep\" style=\"align-self: center;margin-left: auto;margin-right: auto;margin-top:20px;margin-bottom:20px;width:100%;\"><\/div><div class=\"fusion-text fusion-text-3\"><h6>Caracter\u00edsticas principales * <em>(versi\u00f3n base)<\/em><\/h6>\n<\/div><ul style=\"--awb-size:15px;--awb-line-height:25.5px;--awb-icon-width:25.5px;--awb-icon-height:25.5px;--awb-icon-margin:10.5px;--awb-content-margin:36px;\" class=\"fusion-checklist fusion-checklist-1 fusion-checklist-default type-icons\"><li class=\"fusion-li-item\" style=\"\"><span class=\"icon-wrapper circle-no\"><i class=\"fusion-li-icon fa fa-check-circle\" aria-hidden=\"true\"><\/i><\/span><div class=\"fusion-li-item-content\">Importa registros de mediciones desde una unidad USB o una conexi\u00f3n de red directa por cable o inal\u00e1mbrica al LVS<\/div><\/li><li class=\"fusion-li-item\" style=\"\"><span class=\"icon-wrapper circle-no\"><i class=\"fusion-li-icon fa fa-check-circle\" aria-hidden=\"true\"><\/i><\/span><div class=\"fusion-li-item-content\">\n<p>Importa la medici\u00f3n a trav\u00e9s de Internet\/conexi\u00f3n por m\u00f3dem m\u00f3vil<a href=\"https:\/\/www.loadscan.com\/solutions\/remote-access\/\">(<\/a> servicio<a href=\"https:\/\/www.loadscan.com\/solutions\/remote-access\/\">MyScanner<\/a> )<\/p>\n<\/div><\/li><li class=\"fusion-li-item\" style=\"\"><span class=\"icon-wrapper circle-no\"><i class=\"fusion-li-icon fa fa-check-circle\" aria-hidden=\"true\"><\/i><\/span><div class=\"fusion-li-item-content\">Combina datos de varios sistemas LVS<\/div><\/li><li class=\"fusion-li-item\" style=\"\"><span class=\"icon-wrapper circle-no\"><i class=\"fusion-li-icon fa fa-check-circle\" aria-hidden=\"true\"><\/i><\/span><div class=\"fusion-li-item-content\">\n<p>Ver el intervalo de fecha\/hora seleccionado, con estad\u00edsticas resumidas<\/p>\n<\/div><\/li><li class=\"fusion-li-item\" style=\"\"><span class=\"icon-wrapper circle-no\"><i class=\"fusion-li-icon fa fa-check-circle\" aria-hidden=\"true\"><\/i><\/span><div class=\"fusion-li-item-content\">\n<p>Editar detalles de carga<\/p>\n<\/div><\/li><li class=\"fusion-li-item\" style=\"\"><span class=\"icon-wrapper circle-no\"><i class=\"fusion-li-icon fa fa-check-circle\" aria-hidden=\"true\"><\/i><\/span><div class=\"fusion-li-item-content\">\n<p>Ordena\/filtra los registros por par\u00e1metros como la hora, el identificador del veh\u00edculo o cualquier detalle personalizado de la carga como el producto o el cliente<\/p>\n<\/div><\/li><li class=\"fusion-li-item\" style=\"\"><span class=\"icon-wrapper circle-no\"><i class=\"fusion-li-icon fa fa-check-circle\" aria-hidden=\"true\"><\/i><\/span><div class=\"fusion-li-item-content\">\n<p>Genera informes peri\u00f3dicos en Microsoft <sup>Excel\u00ae<\/sup> *<em> Requisitos del sistema: Microsoft Windows\u00ae XP o superior y Microsoft <sup>Excel\u00ae<\/sup> 2003 o superior<\/em><\/p>\n<\/div><\/li><\/ul><div class=\"fusion-text fusion-text-4\"><h6>Funciones adicionales<\/h6>\n<\/div><ul style=\"--awb-size:15px;--awb-line-height:25.5px;--awb-icon-width:25.5px;--awb-icon-height:25.5px;--awb-icon-margin:10.5px;--awb-content-margin:36px;\" class=\"fusion-checklist fusion-checklist-2 fusion-checklist-default type-icons\"><li class=\"fusion-li-item\" style=\"\"><span class=\"icon-wrapper circle-no\"><i class=\"fusion-li-icon fa fa-check-circle\" aria-hidden=\"true\"><\/i><\/span><div class=\"fusion-li-item-content\">\n<p>Gr\u00e1fico <a href=\"https:\/\/www.loadscan.com\/es\/soluciones-tecnologicas-de-escaneado\/perfilador-de-carga-util-3d\/\"><em>Perfil de carga<\/em><\/a> m\u00f3dulo y an\u00e1lisis de distribuci\u00f3n de carga personalizado<\/p>\n<\/div><\/li><li class=\"fusion-li-item\" style=\"\"><span class=\"icon-wrapper circle-no\"><i class=\"fusion-li-icon fa fa-check-circle\" aria-hidden=\"true\"><\/i><\/span><div class=\"fusion-li-item-content\">\n<p><a href=\"https:\/\/www.loadscan.com\/solutions\/remote-access\/\">Mando a distancia<\/a> LVS<\/p>\n<\/div><\/li><li class=\"fusion-li-item\" style=\"\"><span class=\"icon-wrapper circle-no\"><i class=\"fusion-li-icon fa fa-check-circle\" aria-hidden=\"true\"><\/i><\/span><div class=\"fusion-li-item-content\">\n<p>Informes personalizados para an\u00e1lisis avanzados<\/p>\n<\/div><\/li><li class=\"fusion-li-item\" style=\"\"><span class=\"icon-wrapper circle-no\"><i class=\"fusion-li-icon fa fa-check-circle\" aria-hidden=\"true\"><\/i><\/span><div class=\"fusion-li-item-content\">\n<p>Interfaces personalizadas de exportaci\u00f3n de datos<\/p>\n<\/div><\/li><\/ul><\/div><\/div><div class=\"fusion-layout-column fusion_builder_column fusion-builder-column-2 fusion_builder_column_1_2 1_2 fusion-flex-column\" style=\"--awb-bg-size:cover;--awb-width-large:50%;--awb-margin-top-large:0px;--awb-spacing-right-large:3.84%;--awb-margin-bottom-large:20px;--awb-spacing-left-large:3.84%;--awb-width-medium:50%;--awb-spacing-right-medium:3.84%;--awb-spacing-left-medium:3.84%;--awb-width-small:100%;--awb-spacing-right-small:1.92%;--awb-spacing-left-small:1.92%;\"><div class=\"fusion-column-wrapper fusion-flex-justify-content-flex-start fusion-content-layout-column\"><div class=\"fusion-image-element \" style=\"--awb-caption-title-font-family:var(--h2_typography-font-family);--awb-caption-title-font-weight:var(--h2_typography-font-weight);--awb-caption-title-font-style:var(--h2_typography-font-style);--awb-caption-title-size:var(--h2_typography-font-size);--awb-caption-title-transform:var(--h2_typography-text-transform);--awb-caption-title-line-height:var(--h2_typography-line-height);--awb-caption-title-letter-spacing:var(--h2_typography-letter-spacing);\"><span class=\" fusion-imageframe imageframe-none imageframe-1 hover-type-none\"><img decoding=\"async\" width=\"1024\" height=\"634\" alt=\"Software Loadscan Overview y perfilador 3D\" title=\"Overview-display-3dprofiler\" src=\"https:\/\/www.loadscan.com\/wp-content\/uploads\/2021\/07\/Overview-display-3dprofiler-1024x634.jpg\" class=\"img-responsive wp-image-30210\" srcset=\"https:\/\/www.loadscan.com\/wp-content\/uploads\/2021\/07\/Overview-display-3dprofiler-200x124.jpg 200w, https:\/\/www.loadscan.com\/wp-content\/uploads\/2021\/07\/Overview-display-3dprofiler-400x248.jpg 400w, https:\/\/www.loadscan.com\/wp-content\/uploads\/2021\/07\/Overview-display-3dprofiler-600x372.jpg 600w, https:\/\/www.loadscan.com\/wp-content\/uploads\/2021\/07\/Overview-display-3dprofiler-800x496.jpg 800w, https:\/\/www.loadscan.com\/wp-content\/uploads\/2021\/07\/Overview-display-3dprofiler.jpg 1133w\" sizes=\"(max-width: 640px) 100vw, 600px\" \/><\/span><\/div><div class=\"fusion-image-element \" style=\"text-align:center;--awb-caption-title-font-family:var(--h2_typography-font-family);--awb-caption-title-font-weight:var(--h2_typography-font-weight);--awb-caption-title-font-style:var(--h2_typography-font-style);--awb-caption-title-size:var(--h2_typography-font-size);--awb-caption-title-transform:var(--h2_typography-text-transform);--awb-caption-title-line-height:var(--h2_typography-line-height);--awb-caption-title-letter-spacing:var(--h2_typography-letter-spacing);\"><span class=\" fusion-imageframe imageframe-none imageframe-2 hover-type-none\"><img decoding=\"async\" width=\"493\" height=\"450\" alt=\"Perfilador Loadscan 3D\" title=\"Loadscan mining truck Overview 3D Profiler\" src=\"https:\/\/www.loadscan.com\/wp-content\/uploads\/2015\/02\/Loadscan-Overview-3D-Profiler.gif\" class=\"img-responsive wp-image-26265\"\/><\/span><\/div><div class=\"fusion-image-element \" style=\"text-align:center;--awb-caption-title-font-family:var(--h2_typography-font-family);--awb-caption-title-font-weight:var(--h2_typography-font-weight);--awb-caption-title-font-style:var(--h2_typography-font-style);--awb-caption-title-size:var(--h2_typography-font-size);--awb-caption-title-transform:var(--h2_typography-text-transform);--awb-caption-title-line-height:var(--h2_typography-line-height);--awb-caption-title-letter-spacing:var(--h2_typography-letter-spacing);\"><span class=\" fusion-imageframe imageframe-dropshadow imageframe-3 hover-type-none\" style=\"-webkit-box-shadow: 3px 3px 7px rgba(0,0,0,0.3);box-shadow: 3px 3px 7px rgba(0,0,0,0.3);\"><img decoding=\"async\" width=\"1224\" height=\"770\" alt=\"Captura de pantalla del software Loadscan Overview\" title=\"OverView 2\" src=\"https:\/\/www.loadscan.com\/wp-content\/uploads\/2021\/07\/OverView-2.png\" class=\"img-responsive wp-image-30206\" srcset=\"https:\/\/www.loadscan.com\/wp-content\/uploads\/2021\/07\/OverView-2-200x126.png 200w, https:\/\/www.loadscan.com\/wp-content\/uploads\/2021\/07\/OverView-2-400x252.png 400w, https:\/\/www.loadscan.com\/wp-content\/uploads\/2021\/07\/OverView-2-600x377.png 600w, https:\/\/www.loadscan.com\/wp-content\/uploads\/2021\/07\/OverView-2-800x503.png 800w, https:\/\/www.loadscan.com\/wp-content\/uploads\/2021\/07\/OverView-2-1200x755.png 1200w, https:\/\/www.loadscan.com\/wp-content\/uploads\/2021\/07\/OverView-2.png 1224w\" sizes=\"(max-width: 640px) 100vw, 600px\" \/><\/span><\/div><\/div><\/div><\/div><\/div><\/p>\n","protected":false},"excerpt":{"rendered":"","protected":false},"author":6,"featured_media":0,"parent":32212,"menu_order":0,"comment_status":"closed","ping_status":"closed","template":"100-width.php","meta":{"content-type":"","footnotes":""},"class_list":["post-32340","page","type-page","status-publish","hentry"],"yoast_head":"<!-- This site is optimized with the Yoast SEO plugin v27.2 - https:\/\/yoast.com\/product\/yoast-seo-wordpress\/ -->\n<title>LoadScan | Software de gesti\u00f3n de cargas | Vista general<\/title>\n<meta name=\"description\" content=\"Loadscan Overview Es Una Utilidad De Software De Gesti\u00f3n De Carga Para Recuperar Registros De Mediciones De Tu Esc\u00e1ner De Volumen De Carga (LVS).\" \/>\n<meta name=\"robots\" content=\"index, follow, max-snippet:-1, max-image-preview:large, max-video-preview:-1\" \/>\n<link rel=\"canonical\" href=\"https:\/\/www.loadscan.com\/es\/soluciones-tecnologicas-de-escaneado\/loadscan-overview-software-de-gestion-de-cargas\/\" \/>\n<meta name=\"twitter:label1\" content=\"Tiempo de lectura\" \/>\n\t<meta name=\"twitter:data1\" content=\"7 minutos\" \/>\n<script type=\"application\/ld+json\" class=\"yoast-schema-graph\">{\"@context\":\"https:\/\/schema.org\",\"@graph\":[{\"@type\":\"WebPage\",\"@id\":\"https:\/\/www.loadscan.com\/es\/soluciones-tecnologicas-de-escaneado\/loadscan-overview-software-de-gestion-de-cargas\/\",\"url\":\"https:\/\/www.loadscan.com\/es\/soluciones-tecnologicas-de-escaneado\/loadscan-overview-software-de-gestion-de-cargas\/\",\"name\":\"LoadScan | Software de gesti\u00f3n de cargas | Vista general\",\"isPartOf\":{\"@id\":\"https:\/\/www.loadscan.com\/es\/#website\"},\"datePublished\":\"2015-02-26T09:39:05+00:00\",\"dateModified\":\"2024-08-13T22:54:32+00:00\",\"description\":\"Loadscan Overview Es Una Utilidad De Software De Gesti\u00f3n De Carga Para Recuperar Registros De Mediciones De Tu Esc\u00e1ner De Volumen De Carga (LVS).\",\"breadcrumb\":{\"@id\":\"https:\/\/www.loadscan.com\/es\/soluciones-tecnologicas-de-escaneado\/loadscan-overview-software-de-gestion-de-cargas\/#breadcrumb\"},\"inLanguage\":\"es\",\"potentialAction\":[{\"@type\":\"ReadAction\",\"target\":[\"https:\/\/www.loadscan.com\/es\/soluciones-tecnologicas-de-escaneado\/loadscan-overview-software-de-gestion-de-cargas\/\"]}]},{\"@type\":\"BreadcrumbList\",\"@id\":\"https:\/\/www.loadscan.com\/es\/soluciones-tecnologicas-de-escaneado\/loadscan-overview-software-de-gestion-de-cargas\/#breadcrumb\",\"itemListElement\":[{\"@type\":\"ListItem\",\"position\":1,\"name\":\"Home\",\"item\":\"https:\/\/www.loadscan.com\/es\/escaneres-de-volumen-de-carga-loadscan\/\"},{\"@type\":\"ListItem\",\"position\":2,\"name\":\"Soluciones tecnol\u00f3gicas de escaneado\",\"item\":\"https:\/\/www.loadscan.com\/es\/soluciones-tecnologicas-de-escaneado\/\"},{\"@type\":\"ListItem\",\"position\":3,\"name\":\"Loadscan OverView &#8211; Software de gesti\u00f3n de cargas\"}]},{\"@type\":\"WebSite\",\"@id\":\"https:\/\/www.loadscan.com\/es\/#website\",\"url\":\"https:\/\/www.loadscan.com\/es\/\",\"name\":\"Loadscan\",\"description\":\"Certified accurate payload measurement\",\"publisher\":{\"@id\":\"https:\/\/www.loadscan.com\/es\/#organization\"},\"potentialAction\":[{\"@type\":\"SearchAction\",\"target\":{\"@type\":\"EntryPoint\",\"urlTemplate\":\"https:\/\/www.loadscan.com\/es\/?s={search_term_string}\"},\"query-input\":{\"@type\":\"PropertyValueSpecification\",\"valueRequired\":true,\"valueName\":\"search_term_string\"}}],\"inLanguage\":\"es\"},{\"@type\":\"Organization\",\"@id\":\"https:\/\/www.loadscan.com\/es\/#organization\",\"name\":\"Loadscan\u00ae Ltd\",\"url\":\"https:\/\/www.loadscan.com\/es\/\",\"logo\":{\"@type\":\"ImageObject\",\"inLanguage\":\"es\",\"@id\":\"https:\/\/www.loadscan.com\/es\/#\/schema\/logo\/image\/\",\"url\":\"https:\/\/www.loadscan.com\/wp-content\/uploads\/2020\/10\/Loadscan-logo-245.png\",\"contentUrl\":\"https:\/\/www.loadscan.com\/wp-content\/uploads\/2020\/10\/Loadscan-logo-245.png\",\"width\":245,\"height\":66,\"caption\":\"Loadscan\u00ae Ltd\"},\"image\":{\"@id\":\"https:\/\/www.loadscan.com\/es\/#\/schema\/logo\/image\/\"},\"sameAs\":[\"https:\/\/www.facebook.com\/loadscan\",\"https:\/\/x.com\/loadscan\",\"https:\/\/nz.linkedin.com\/company\/loadscan\"]}]}<\/script>\n<!-- \/ Yoast SEO plugin. -->","yoast_head_json":{"title":"LoadScan | Software de gesti\u00f3n de cargas | Vista general","description":"Loadscan Overview Es Una Utilidad De Software De Gesti\u00f3n De Carga Para Recuperar Registros De Mediciones De Tu Esc\u00e1ner De Volumen De Carga (LVS).","robots":{"index":"index","follow":"follow","max-snippet":"max-snippet:-1","max-image-preview":"max-image-preview:large","max-video-preview":"max-video-preview:-1"},"canonical":"https:\/\/www.loadscan.com\/es\/soluciones-tecnologicas-de-escaneado\/loadscan-overview-software-de-gestion-de-cargas\/","twitter_misc":{"Tiempo de lectura":"7 minutos"},"schema":{"@context":"https:\/\/schema.org","@graph":[{"@type":"WebPage","@id":"https:\/\/www.loadscan.com\/es\/soluciones-tecnologicas-de-escaneado\/loadscan-overview-software-de-gestion-de-cargas\/","url":"https:\/\/www.loadscan.com\/es\/soluciones-tecnologicas-de-escaneado\/loadscan-overview-software-de-gestion-de-cargas\/","name":"LoadScan | Software de gesti\u00f3n de cargas | Vista general","isPartOf":{"@id":"https:\/\/www.loadscan.com\/es\/#website"},"datePublished":"2015-02-26T09:39:05+00:00","dateModified":"2024-08-13T22:54:32+00:00","description":"Loadscan Overview Es Una Utilidad De Software De Gesti\u00f3n De Carga Para Recuperar Registros De Mediciones De Tu Esc\u00e1ner De Volumen De Carga (LVS).","breadcrumb":{"@id":"https:\/\/www.loadscan.com\/es\/soluciones-tecnologicas-de-escaneado\/loadscan-overview-software-de-gestion-de-cargas\/#breadcrumb"},"inLanguage":"es","potentialAction":[{"@type":"ReadAction","target":["https:\/\/www.loadscan.com\/es\/soluciones-tecnologicas-de-escaneado\/loadscan-overview-software-de-gestion-de-cargas\/"]}]},{"@type":"BreadcrumbList","@id":"https:\/\/www.loadscan.com\/es\/soluciones-tecnologicas-de-escaneado\/loadscan-overview-software-de-gestion-de-cargas\/#breadcrumb","itemListElement":[{"@type":"ListItem","position":1,"name":"Home","item":"https:\/\/www.loadscan.com\/es\/escaneres-de-volumen-de-carga-loadscan\/"},{"@type":"ListItem","position":2,"name":"Soluciones tecnol\u00f3gicas de escaneado","item":"https:\/\/www.loadscan.com\/es\/soluciones-tecnologicas-de-escaneado\/"},{"@type":"ListItem","position":3,"name":"Loadscan OverView &#8211; Software de gesti\u00f3n de cargas"}]},{"@type":"WebSite","@id":"https:\/\/www.loadscan.com\/es\/#website","url":"https:\/\/www.loadscan.com\/es\/","name":"Loadscan","description":"Certified accurate payload measurement","publisher":{"@id":"https:\/\/www.loadscan.com\/es\/#organization"},"potentialAction":[{"@type":"SearchAction","target":{"@type":"EntryPoint","urlTemplate":"https:\/\/www.loadscan.com\/es\/?s={search_term_string}"},"query-input":{"@type":"PropertyValueSpecification","valueRequired":true,"valueName":"search_term_string"}}],"inLanguage":"es"},{"@type":"Organization","@id":"https:\/\/www.loadscan.com\/es\/#organization","name":"Loadscan\u00ae Ltd","url":"https:\/\/www.loadscan.com\/es\/","logo":{"@type":"ImageObject","inLanguage":"es","@id":"https:\/\/www.loadscan.com\/es\/#\/schema\/logo\/image\/","url":"https:\/\/www.loadscan.com\/wp-content\/uploads\/2020\/10\/Loadscan-logo-245.png","contentUrl":"https:\/\/www.loadscan.com\/wp-content\/uploads\/2020\/10\/Loadscan-logo-245.png","width":245,"height":66,"caption":"Loadscan\u00ae Ltd"},"image":{"@id":"https:\/\/www.loadscan.com\/es\/#\/schema\/logo\/image\/"},"sameAs":["https:\/\/www.facebook.com\/loadscan","https:\/\/x.com\/loadscan","https:\/\/nz.linkedin.com\/company\/loadscan"]}]}},"_links":{"self":[{"href":"https:\/\/www.loadscan.com\/es\/wp-json\/wp\/v2\/pages\/32340","targetHints":{"allow":["GET"]}}],"collection":[{"href":"https:\/\/www.loadscan.com\/es\/wp-json\/wp\/v2\/pages"}],"about":[{"href":"https:\/\/www.loadscan.com\/es\/wp-json\/wp\/v2\/types\/page"}],"author":[{"embeddable":true,"href":"https:\/\/www.loadscan.com\/es\/wp-json\/wp\/v2\/users\/6"}],"replies":[{"embeddable":true,"href":"https:\/\/www.loadscan.com\/es\/wp-json\/wp\/v2\/comments?post=32340"}],"version-history":[{"count":8,"href":"https:\/\/www.loadscan.com\/es\/wp-json\/wp\/v2\/pages\/32340\/revisions"}],"predecessor-version":[{"id":32383,"href":"https:\/\/www.loadscan.com\/es\/wp-json\/wp\/v2\/pages\/32340\/revisions\/32383"}],"up":[{"embeddable":true,"href":"https:\/\/www.loadscan.com\/es\/wp-json\/wp\/v2\/pages\/32212"}],"wp:attachment":[{"href":"https:\/\/www.loadscan.com\/es\/wp-json\/wp\/v2\/media?parent=32340"}],"curies":[{"name":"wp","href":"https:\/\/api.w.org\/{rel}","templated":true}]}}