{"id":32544,"date":"2015-02-17T21:20:23","date_gmt":"2015-02-17T08:20:23","guid":{"rendered":"https:\/\/www.loadscan.com\/soluciones-tecnologicas-de-escaneado\/loadscan-de-montaje-personalizado-mps-3cmx\/"},"modified":"2024-08-14T10:56:29","modified_gmt":"2024-08-13T22:56:29","slug":"loadscan-de-montaje-personalizado-mps-3cmx","status":"publish","type":"page","link":"https:\/\/www.loadscan.com\/es\/soluciones-tecnologicas-de-escaneado\/loadscan-de-montaje-personalizado-mps-3cmx\/","title":{"rendered":"Loadscan de montaje personalizado MPS-3CMX"},"content":{"rendered":"<p><div class=\"fusion-fullwidth fullwidth-box fusion-builder-row-1 fusion-parallax-none hundred-percent-fullwidth non-hundred-percent-height-scrolling fusion-no-small-visibility\" style=\"--awb-background-position:center top;--awb-border-radius-top-left:0px;--awb-border-radius-top-right:0px;--awb-border-radius-bottom-right:0px;--awb-border-radius-bottom-left:0px;--awb-padding-top:300px;--awb-padding-bottom:300px;--awb-background-image:url(&quot;https:\/\/www.loadscan.com\/wp-content\/uploads\/2021\/07\/2021_Custom-MPS.png&quot;);--awb-background-size:cover;--awb-flex-wrap:wrap;\" ><div class=\"fusion-builder-row fusion-row\"><\/div><\/div><div class=\"fusion-fullwidth fullwidth-box fusion-builder-row-2 fusion-flex-container hundred-percent-fullwidth non-hundred-percent-height-scrolling\" style=\"--awb-border-radius-top-left:0px;--awb-border-radius-top-right:0px;--awb-border-radius-bottom-right:0px;--awb-border-radius-bottom-left:0px;--awb-padding-right:15%;--awb-padding-left:15%;--awb-padding-right-medium:10%;--awb-padding-left-medium:10%;--awb-padding-right-small:5%;--awb-padding-left-small:5%;--awb-flex-wrap:wrap;\" ><div class=\"fusion-builder-row fusion-row fusion-flex-align-items-flex-start fusion-flex-content-wrap\" style=\"width:104% !important;max-width:104% !important;margin-left: calc(-4% \/ 2 );margin-right: calc(-4% \/ 2 );\"><div class=\"fusion-layout-column fusion_builder_column fusion-builder-column-0 fusion_builder_column_1_1 1_1 fusion-flex-column\" style=\"--awb-bg-blend:overlay;--awb-bg-size:cover;--awb-width-large:100%;--awb-margin-top-large:0px;--awb-spacing-right-large:1.92%;--awb-margin-bottom-large:0px;--awb-spacing-left-large:1.92%;--awb-width-medium:100%;--awb-spacing-right-medium:1.92%;--awb-spacing-left-medium:1.92%;--awb-width-small:100%;--awb-spacing-right-small:1.92%;--awb-spacing-left-small:1.92%;\"><div class=\"fusion-column-wrapper fusion-flex-justify-content-flex-start fusion-content-layout-column\"><div class=\"fusion-text fusion-text-1\"><h1>Unidad principal Loadscan &#8211; MPS-3CMX<\/h1>\n<h2>Medici\u00f3n de camiones montados a medida<\/h2>\n<\/div><\/div><\/div><\/div><\/div><div class=\"fusion-fullwidth fullwidth-box fusion-builder-row-3 fusion-flex-container hundred-percent-fullwidth non-hundred-percent-height-scrolling\" style=\"--awb-border-radius-top-left:0px;--awb-border-radius-top-right:0px;--awb-border-radius-bottom-right:0px;--awb-border-radius-bottom-left:0px;--awb-padding-right:15%;--awb-padding-left:15%;--awb-padding-right-medium:10%;--awb-padding-left-medium:10%;--awb-padding-right-small:5%;--awb-padding-left-small:5%;--awb-flex-wrap:wrap;\" ><div class=\"fusion-builder-row fusion-row fusion-flex-align-items-flex-start fusion-flex-content-wrap\" style=\"width:104% !important;max-width:104% !important;margin-left: calc(-4% \/ 2 );margin-right: calc(-4% \/ 2 );\"><div class=\"fusion-layout-column fusion_builder_column fusion-builder-column-1 fusion_builder_column_1_2 1_2 fusion-flex-column fusion-flex-align-self-flex-start fusion-column-no-min-height\" style=\"--awb-bg-blend:overlay;--awb-bg-size:cover;--awb-width-large:50%;--awb-margin-top-large:0px;--awb-spacing-right-large:3.84%;--awb-margin-bottom-large:0px;--awb-spacing-left-large:3.84%;--awb-width-medium:50%;--awb-spacing-right-medium:3.84%;--awb-spacing-left-medium:3.84%;--awb-width-small:100%;--awb-spacing-right-small:1.92%;--awb-spacing-left-small:1.92%;\"><div class=\"fusion-column-wrapper fusion-flex-justify-content-flex-start fusion-content-layout-column\"><div class=\"fusion-text fusion-text-2\"><p>Para algunas aplicaciones m\u00e1s singulares, la mejor opci\u00f3n es la unidad de medici\u00f3n de camiones de montaje personalizado <sup>Loadscan\u00ae<\/sup> <a title=\"Esc\u00e1ner de volumen de carga\" href=\"https:\/\/www.loadscan.com\/load-volume-scanner\/\">Load Volume Scanner<\/a> (s\u00f3lo cabezal). Nuestras unidades de medici\u00f3n de camiones de montaje personalizado pueden montarse pr\u00e1cticamente en cualquier lugar, ya sea directamente o mediante un montaje personalizado, lo que las hace perfectas para fijarlas en el lateral de edificios o en portales mineros, t\u00faneles, etc. Las unidades de medici\u00f3n de camiones de montaje personalizado con <a title=\"Esc\u00e1ner de volumen de carga\" href=\"https:\/\/www.loadscan.com\/load-volume-scanner\/\">esc\u00e1ner de volumen de carga<\/a> <sup>Loadscan\u00ae<\/sup> pueden conectarse por cable a una oficina o funcionar mediante un quiosco <sup>Loadscan\u00ae<\/sup> espec\u00edfico.<\/p>\n<\/div><ul style=\"--awb-size:15px;--awb-line-height:25.5px;--awb-icon-width:25.5px;--awb-icon-height:25.5px;--awb-icon-margin:10.5px;--awb-content-margin:36px;\" class=\"fusion-checklist fusion-checklist-1 fusion-checklist-default type-icons\"><li class=\"fusion-li-item\" style=\"\"><span class=\"icon-wrapper circle-no\"><i class=\"fusion-li-icon fa fa-check-circle\" aria-hidden=\"true\"><\/i><\/span><div class=\"fusion-li-item-content\">\n<p>Componentes b\u00e1sicos del sistema s\u00f3lo para montaje e instalaci\u00f3n personalizados<\/p>\n<\/div><\/li><li class=\"fusion-li-item\" style=\"\"><span class=\"icon-wrapper circle-no\"><i class=\"fusion-li-icon fa fa-check-circle\" aria-hidden=\"true\"><\/i><\/span><div class=\"fusion-li-item-content\">\n<p>Opciones de alimentaci\u00f3n principal (l\u00ednea) o 24VDC<\/p>\n<\/div><\/li><li class=\"fusion-li-item\" style=\"\"><span class=\"icon-wrapper circle-no\"><i class=\"fusion-li-icon fa fa-check-circle\" aria-hidden=\"true\"><\/i><\/span><div class=\"fusion-li-item-content\">\n<p>Soporte de montaje universal suministrado<\/p>\n<\/div><\/li><\/ul><div class=\"fusion-separator fusion-full-width-sep\" style=\"align-self: center;margin-left: auto;margin-right: auto;margin-top:20px;margin-bottom:20px;width:100%;\"><\/div><div class=\"fusion-image-element \" style=\"text-align:center;--awb-caption-title-font-family:var(--h2_typography-font-family);--awb-caption-title-font-weight:var(--h2_typography-font-weight);--awb-caption-title-font-style:var(--h2_typography-font-style);--awb-caption-title-size:var(--h2_typography-font-size);--awb-caption-title-transform:var(--h2_typography-text-transform);--awb-caption-title-line-height:var(--h2_typography-line-height);--awb-caption-title-letter-spacing:var(--h2_typography-letter-spacing);\"><span class=\" fusion-imageframe imageframe-none imageframe-1 hover-type-none\"><a href=\"https:\/\/www.loadscan.com\/wp-content\/uploads\/2015\/02\/Loadscan-Custom-Mount-Oceana-Gold-installation.jpg\" class=\"fusion-lightbox\" data-rel=\"iLightbox[custom-unit]\" data-title=\"Loadscan-Oceana-Custom Mount\" title=\"Loadscan-Oceana-Custom Mount\"><img decoding=\"async\" width=\"992\" height=\"653\" alt=\"Unidad principal personalizada LoadScan - LVS-3CMX Portal de la mina\" src=\"https:\/\/www.loadscan.com\/wp-content\/uploads\/2015\/02\/Loadscan-Custom-Mount-Oceana-Gold-installation.jpg\" class=\"img-responsive wp-image-26333\" srcset=\"https:\/\/www.loadscan.com\/wp-content\/uploads\/2015\/02\/Loadscan-Custom-Mount-Oceana-Gold-installation-200x132.jpg 200w, https:\/\/www.loadscan.com\/wp-content\/uploads\/2015\/02\/Loadscan-Custom-Mount-Oceana-Gold-installation-400x263.jpg 400w, https:\/\/www.loadscan.com\/wp-content\/uploads\/2015\/02\/Loadscan-Custom-Mount-Oceana-Gold-installation-600x395.jpg 600w, https:\/\/www.loadscan.com\/wp-content\/uploads\/2015\/02\/Loadscan-Custom-Mount-Oceana-Gold-installation-800x527.jpg 800w, https:\/\/www.loadscan.com\/wp-content\/uploads\/2015\/02\/Loadscan-Custom-Mount-Oceana-Gold-installation.jpg 992w\" sizes=\"(max-width: 640px) 100vw, 600px\" \/><\/a><\/span><\/div><\/div><\/div><div class=\"fusion-layout-column fusion_builder_column fusion-builder-column-2 fusion_builder_column_1_2 1_2 fusion-flex-column fusion-flex-align-self-flex-start fusion-column-no-min-height\" style=\"--awb-bg-blend:overlay;--awb-bg-size:cover;--awb-width-large:50%;--awb-margin-top-large:0px;--awb-spacing-right-large:3.84%;--awb-margin-bottom-large:0px;--awb-spacing-left-large:3.84%;--awb-width-medium:50%;--awb-spacing-right-medium:3.84%;--awb-spacing-left-medium:3.84%;--awb-width-small:100%;--awb-spacing-right-small:1.92%;--awb-spacing-left-small:1.92%;\"><div class=\"fusion-column-wrapper fusion-flex-justify-content-flex-start fusion-content-layout-column\"><div class=\"fusion-image-element \" style=\"text-align:center;--awb-caption-title-font-family:var(--h2_typography-font-family);--awb-caption-title-font-weight:var(--h2_typography-font-weight);--awb-caption-title-font-style:var(--h2_typography-font-style);--awb-caption-title-size:var(--h2_typography-font-size);--awb-caption-title-transform:var(--h2_typography-text-transform);--awb-caption-title-line-height:var(--h2_typography-line-height);--awb-caption-title-letter-spacing:var(--h2_typography-letter-spacing);\"><span class=\" fusion-imageframe imageframe-none imageframe-2 hover-type-none\"><a href=\"https:\/\/www.loadscan.com\/wp-content\/uploads\/2015\/02\/Loadscan-Custom-Scan-head-Newmont-Waihi-Gold-Mine.jpg\" class=\"fusion-lightbox\" data-rel=\"iLightbox[custom-unit]\" data-title=\"Loadscan Custom Scan Head Oceana Waihi Gold Mine\" title=\"Loadscan Custom Scan Head Oceana Waihi Gold Mine\"><img decoding=\"async\" width=\"1920\" height=\"1513\" alt=\"Unidad principal personalizada LoadScan - LVS-3CMX Mina Newmont\" src=\"https:\/\/www.loadscan.com\/wp-content\/uploads\/2015\/02\/Loadscan-Custom-Scan-head-Newmont-Waihi-Gold-Mine.jpg\" class=\"img-responsive wp-image-26337\" srcset=\"https:\/\/www.loadscan.com\/wp-content\/uploads\/2015\/02\/Loadscan-Custom-Scan-head-Newmont-Waihi-Gold-Mine-200x158.jpg 200w, https:\/\/www.loadscan.com\/wp-content\/uploads\/2015\/02\/Loadscan-Custom-Scan-head-Newmont-Waihi-Gold-Mine-400x315.jpg 400w, https:\/\/www.loadscan.com\/wp-content\/uploads\/2015\/02\/Loadscan-Custom-Scan-head-Newmont-Waihi-Gold-Mine-600x473.jpg 600w, https:\/\/www.loadscan.com\/wp-content\/uploads\/2015\/02\/Loadscan-Custom-Scan-head-Newmont-Waihi-Gold-Mine-800x630.jpg 800w, https:\/\/www.loadscan.com\/wp-content\/uploads\/2015\/02\/Loadscan-Custom-Scan-head-Newmont-Waihi-Gold-Mine-1200x946.jpg 1200w, https:\/\/www.loadscan.com\/wp-content\/uploads\/2015\/02\/Loadscan-Custom-Scan-head-Newmont-Waihi-Gold-Mine.jpg 1920w\" sizes=\"(max-width: 640px) 100vw, 600px\" \/><\/a><\/span><\/div><div class=\"fusion-separator fusion-full-width-sep\" style=\"align-self: center;margin-left: auto;margin-right: auto;margin-top:20px;margin-bottom:20px;width:100%;\"><\/div><div class=\"fusion-text fusion-text-3\"><h4>Ofrecemos presupuestos basados en una soluci\u00f3n adaptada a tus necesidades operativas y a tu emplazamiento espec\u00edfico<\/h4>\n<\/div><div class=\"fusion-modal modal fade modal-1 lvs-contact has-light-close\" tabindex=\"-1\" role=\"dialog\" aria-labelledby=\"modal-heading-1\" aria-hidden=\"true\" style=\"--awb-border-color:#ffc500;--awb-background:#29292a;\"><div class=\"modal-dialog modal-lg\" role=\"document\"><div class=\"modal-content fusion-modal-content\"><div class=\"modal-header\"><button class=\"close\" type=\"button\" data-dismiss=\"modal\" aria-hidden=\"true\" aria-label=\"Close\">&times;<\/button><h3 class=\"modal-title\" id=\"modal-heading-1\" data-dismiss=\"modal\" aria-hidden=\"true\">Rellena el siguiente formulario<\/h3><\/div><div class=\"modal-body fusion-clearfix\">\n<p style=\"text-align: center;\"><iframe src=\"https:\/\/7680888.extforms.netsuite.com\/app\/site\/crm\/externalleadpage.nl?compid=7680888&amp;formid=7&amp;h=AAFdikaISEcmMlNKCc1PeyPwA-qzRObMnK4wd1_tcGzyYJqPQak&amp;redirect_count=1&amp;did_javascript_redirect=T\/viewform?embedded=true\" width=\"100%\" height=\"1260\" frameborder=\"0\" marginwidth=\"0\" marginheight=\"0\">Cargando&#8230;<\/iframe><\/p>\n<\/div><div class=\"modal-footer\"><button class=\"fusion-button button-default button-medium button default medium\" type=\"button\" data-dismiss=\"modal\">Close<\/button><\/div><\/div><\/div><\/div><div style=\"text-align:center;\"><a class=\"fusion-button button-flat fusion-button-default-size button-default fusion-button-default button-1 fusion-button-default-span fusion-button-default-type\" style=\"width:calc(100%);\" target=\"_self\" href=\"#\" data-toggle=\"modal\" data-target=\".fusion-modal.lvs-contact\"><span class=\"fusion-button-text awb-button__text awb-button__text--default\">PIDE A UN MIEMBRO DE NUESTRO EQUIPO QUE SE PONGA EN CONTACTO CONTIGO PARA EMPEZAR<\/span><\/a><\/div><\/div><\/div><div class=\"fusion-layout-column fusion_builder_column fusion-builder-column-3 fusion_builder_column_1_2 1_2 fusion-flex-column fusion-flex-align-self-flex-start fusion-column-no-min-height\" style=\"--awb-bg-size:cover;--awb-width-large:50%;--awb-margin-top-large:0px;--awb-spacing-right-large:3.84%;--awb-margin-bottom-large:0px;--awb-spacing-left-large:3.84%;--awb-width-medium:50%;--awb-spacing-right-medium:3.84%;--awb-spacing-left-medium:3.84%;--awb-width-small:100%;--awb-spacing-right-small:1.92%;--awb-spacing-left-small:1.92%;\"><div class=\"fusion-column-wrapper fusion-flex-justify-content-flex-start fusion-content-layout-column\"><div class=\"fusion-separator fusion-full-width-sep\" style=\"align-self: center;margin-left: auto;margin-right: auto;margin-top:20px;margin-bottom:20px;width:100%;\"><\/div><\/div><\/div><\/div><\/div><\/p>\n","protected":false},"excerpt":{"rendered":"","protected":false},"author":6,"featured_media":0,"parent":32212,"menu_order":0,"comment_status":"closed","ping_status":"closed","template":"100-width.php","meta":{"content-type":"","footnotes":""},"class_list":["post-32544","page","type-page","status-publish","hentry"],"yoast_head":"<!-- This site is optimized with the Yoast SEO plugin v27.2 - https:\/\/yoast.com\/product\/yoast-seo-wordpress\/ -->\n<title>Montaje a medida Medici\u00f3n de camiones | Unidad principal LoadScan<\/title>\n<meta name=\"description\" content=\"Estas unidades pueden montarse pr\u00e1cticamente en cualquier sitio. Directamente O Por Montaje A Medida, Fij\u00e1ndose Al Lado De Edificios, Portales Mineros O T\u00faneles.\" \/>\n<meta name=\"robots\" content=\"index, follow, max-snippet:-1, max-image-preview:large, max-video-preview:-1\" \/>\n<link rel=\"canonical\" href=\"https:\/\/www.loadscan.com\/es\/soluciones-tecnologicas-de-escaneado\/loadscan-de-montaje-personalizado-mps-3cmx\/\" \/>\n<meta name=\"twitter:label1\" content=\"Tiempo de lectura\" \/>\n\t<meta name=\"twitter:data1\" content=\"6 minutos\" \/>\n<script type=\"application\/ld+json\" class=\"yoast-schema-graph\">{\"@context\":\"https:\/\/schema.org\",\"@graph\":[{\"@type\":\"WebPage\",\"@id\":\"https:\/\/www.loadscan.com\/es\/soluciones-tecnologicas-de-escaneado\/loadscan-de-montaje-personalizado-mps-3cmx\/\",\"url\":\"https:\/\/www.loadscan.com\/es\/soluciones-tecnologicas-de-escaneado\/loadscan-de-montaje-personalizado-mps-3cmx\/\",\"name\":\"Montaje a medida Medici\u00f3n de camiones | Unidad principal LoadScan\",\"isPartOf\":{\"@id\":\"https:\/\/www.loadscan.com\/es\/#website\"},\"datePublished\":\"2015-02-17T08:20:23+00:00\",\"dateModified\":\"2024-08-13T22:56:29+00:00\",\"description\":\"Estas unidades pueden montarse pr\u00e1cticamente en cualquier sitio. Directamente O Por Montaje A Medida, Fij\u00e1ndose Al Lado De Edificios, Portales Mineros O T\u00faneles.\",\"breadcrumb\":{\"@id\":\"https:\/\/www.loadscan.com\/es\/soluciones-tecnologicas-de-escaneado\/loadscan-de-montaje-personalizado-mps-3cmx\/#breadcrumb\"},\"inLanguage\":\"es\",\"potentialAction\":[{\"@type\":\"ReadAction\",\"target\":[\"https:\/\/www.loadscan.com\/es\/soluciones-tecnologicas-de-escaneado\/loadscan-de-montaje-personalizado-mps-3cmx\/\"]}]},{\"@type\":\"BreadcrumbList\",\"@id\":\"https:\/\/www.loadscan.com\/es\/soluciones-tecnologicas-de-escaneado\/loadscan-de-montaje-personalizado-mps-3cmx\/#breadcrumb\",\"itemListElement\":[{\"@type\":\"ListItem\",\"position\":1,\"name\":\"Home\",\"item\":\"https:\/\/www.loadscan.com\/es\/escaneres-de-volumen-de-carga-loadscan\/\"},{\"@type\":\"ListItem\",\"position\":2,\"name\":\"Soluciones tecnol\u00f3gicas de escaneado\",\"item\":\"https:\/\/www.loadscan.com\/es\/soluciones-tecnologicas-de-escaneado\/\"},{\"@type\":\"ListItem\",\"position\":3,\"name\":\"Loadscan de montaje personalizado MPS-3CMX\"}]},{\"@type\":\"WebSite\",\"@id\":\"https:\/\/www.loadscan.com\/es\/#website\",\"url\":\"https:\/\/www.loadscan.com\/es\/\",\"name\":\"Loadscan\",\"description\":\"Certified accurate payload measurement\",\"publisher\":{\"@id\":\"https:\/\/www.loadscan.com\/es\/#organization\"},\"potentialAction\":[{\"@type\":\"SearchAction\",\"target\":{\"@type\":\"EntryPoint\",\"urlTemplate\":\"https:\/\/www.loadscan.com\/es\/?s={search_term_string}\"},\"query-input\":{\"@type\":\"PropertyValueSpecification\",\"valueRequired\":true,\"valueName\":\"search_term_string\"}}],\"inLanguage\":\"es\"},{\"@type\":\"Organization\",\"@id\":\"https:\/\/www.loadscan.com\/es\/#organization\",\"name\":\"Loadscan\u00ae Ltd\",\"url\":\"https:\/\/www.loadscan.com\/es\/\",\"logo\":{\"@type\":\"ImageObject\",\"inLanguage\":\"es\",\"@id\":\"https:\/\/www.loadscan.com\/es\/#\/schema\/logo\/image\/\",\"url\":\"https:\/\/www.loadscan.com\/wp-content\/uploads\/2020\/10\/Loadscan-logo-245.png\",\"contentUrl\":\"https:\/\/www.loadscan.com\/wp-content\/uploads\/2020\/10\/Loadscan-logo-245.png\",\"width\":245,\"height\":66,\"caption\":\"Loadscan\u00ae Ltd\"},\"image\":{\"@id\":\"https:\/\/www.loadscan.com\/es\/#\/schema\/logo\/image\/\"},\"sameAs\":[\"https:\/\/www.facebook.com\/loadscan\",\"https:\/\/x.com\/loadscan\",\"https:\/\/nz.linkedin.com\/company\/loadscan\"]}]}<\/script>\n<!-- \/ Yoast SEO plugin. -->","yoast_head_json":{"title":"Montaje a medida Medici\u00f3n de camiones | Unidad principal LoadScan","description":"Estas unidades pueden montarse pr\u00e1cticamente en cualquier sitio. Directamente O Por Montaje A Medida, Fij\u00e1ndose Al Lado De Edificios, Portales Mineros O T\u00faneles.","robots":{"index":"index","follow":"follow","max-snippet":"max-snippet:-1","max-image-preview":"max-image-preview:large","max-video-preview":"max-video-preview:-1"},"canonical":"https:\/\/www.loadscan.com\/es\/soluciones-tecnologicas-de-escaneado\/loadscan-de-montaje-personalizado-mps-3cmx\/","twitter_misc":{"Tiempo de lectura":"6 minutos"},"schema":{"@context":"https:\/\/schema.org","@graph":[{"@type":"WebPage","@id":"https:\/\/www.loadscan.com\/es\/soluciones-tecnologicas-de-escaneado\/loadscan-de-montaje-personalizado-mps-3cmx\/","url":"https:\/\/www.loadscan.com\/es\/soluciones-tecnologicas-de-escaneado\/loadscan-de-montaje-personalizado-mps-3cmx\/","name":"Montaje a medida Medici\u00f3n de camiones | Unidad principal LoadScan","isPartOf":{"@id":"https:\/\/www.loadscan.com\/es\/#website"},"datePublished":"2015-02-17T08:20:23+00:00","dateModified":"2024-08-13T22:56:29+00:00","description":"Estas unidades pueden montarse pr\u00e1cticamente en cualquier sitio. Directamente O Por Montaje A Medida, Fij\u00e1ndose Al Lado De Edificios, Portales Mineros O T\u00faneles.","breadcrumb":{"@id":"https:\/\/www.loadscan.com\/es\/soluciones-tecnologicas-de-escaneado\/loadscan-de-montaje-personalizado-mps-3cmx\/#breadcrumb"},"inLanguage":"es","potentialAction":[{"@type":"ReadAction","target":["https:\/\/www.loadscan.com\/es\/soluciones-tecnologicas-de-escaneado\/loadscan-de-montaje-personalizado-mps-3cmx\/"]}]},{"@type":"BreadcrumbList","@id":"https:\/\/www.loadscan.com\/es\/soluciones-tecnologicas-de-escaneado\/loadscan-de-montaje-personalizado-mps-3cmx\/#breadcrumb","itemListElement":[{"@type":"ListItem","position":1,"name":"Home","item":"https:\/\/www.loadscan.com\/es\/escaneres-de-volumen-de-carga-loadscan\/"},{"@type":"ListItem","position":2,"name":"Soluciones tecnol\u00f3gicas de escaneado","item":"https:\/\/www.loadscan.com\/es\/soluciones-tecnologicas-de-escaneado\/"},{"@type":"ListItem","position":3,"name":"Loadscan de montaje personalizado MPS-3CMX"}]},{"@type":"WebSite","@id":"https:\/\/www.loadscan.com\/es\/#website","url":"https:\/\/www.loadscan.com\/es\/","name":"Loadscan","description":"Certified accurate payload measurement","publisher":{"@id":"https:\/\/www.loadscan.com\/es\/#organization"},"potentialAction":[{"@type":"SearchAction","target":{"@type":"EntryPoint","urlTemplate":"https:\/\/www.loadscan.com\/es\/?s={search_term_string}"},"query-input":{"@type":"PropertyValueSpecification","valueRequired":true,"valueName":"search_term_string"}}],"inLanguage":"es"},{"@type":"Organization","@id":"https:\/\/www.loadscan.com\/es\/#organization","name":"Loadscan\u00ae Ltd","url":"https:\/\/www.loadscan.com\/es\/","logo":{"@type":"ImageObject","inLanguage":"es","@id":"https:\/\/www.loadscan.com\/es\/#\/schema\/logo\/image\/","url":"https:\/\/www.loadscan.com\/wp-content\/uploads\/2020\/10\/Loadscan-logo-245.png","contentUrl":"https:\/\/www.loadscan.com\/wp-content\/uploads\/2020\/10\/Loadscan-logo-245.png","width":245,"height":66,"caption":"Loadscan\u00ae Ltd"},"image":{"@id":"https:\/\/www.loadscan.com\/es\/#\/schema\/logo\/image\/"},"sameAs":["https:\/\/www.facebook.com\/loadscan","https:\/\/x.com\/loadscan","https:\/\/nz.linkedin.com\/company\/loadscan"]}]}},"_links":{"self":[{"href":"https:\/\/www.loadscan.com\/es\/wp-json\/wp\/v2\/pages\/32544","targetHints":{"allow":["GET"]}}],"collection":[{"href":"https:\/\/www.loadscan.com\/es\/wp-json\/wp\/v2\/pages"}],"about":[{"href":"https:\/\/www.loadscan.com\/es\/wp-json\/wp\/v2\/types\/page"}],"author":[{"embeddable":true,"href":"https:\/\/www.loadscan.com\/es\/wp-json\/wp\/v2\/users\/6"}],"replies":[{"embeddable":true,"href":"https:\/\/www.loadscan.com\/es\/wp-json\/wp\/v2\/comments?post=32544"}],"version-history":[{"count":1,"href":"https:\/\/www.loadscan.com\/es\/wp-json\/wp\/v2\/pages\/32544\/revisions"}],"predecessor-version":[{"id":32547,"href":"https:\/\/www.loadscan.com\/es\/wp-json\/wp\/v2\/pages\/32544\/revisions\/32547"}],"up":[{"embeddable":true,"href":"https:\/\/www.loadscan.com\/es\/wp-json\/wp\/v2\/pages\/32212"}],"wp:attachment":[{"href":"https:\/\/www.loadscan.com\/es\/wp-json\/wp\/v2\/media?parent=32544"}],"curies":[{"name":"wp","href":"https:\/\/api.w.org\/{rel}","templated":true}]}}