{"id":32568,"date":"2015-02-17T21:19:42","date_gmt":"2015-02-17T08:19:42","guid":{"rendered":"https:\/\/www.loadscan.com\/soluciones-tecnologicas-de-escaneado\/loadscan-portable-lvs-3bmp-medicion-portatil-de-camiones\/"},"modified":"2024-08-14T10:58:07","modified_gmt":"2024-08-13T22:58:07","slug":"loadscan-portable-lvs-3bmp-medicion-portatil-de-camiones","status":"publish","type":"page","link":"https:\/\/www.loadscan.com\/es\/soluciones-tecnologicas-de-escaneado\/loadscan-portable-lvs-3bmp-medicion-portatil-de-camiones\/","title":{"rendered":"Loadscan Portable LVS-3BMP (Medici\u00f3n port\u00e1til de camiones)"},"content":{"rendered":"<p><div class=\"fusion-fullwidth fullwidth-box fusion-builder-row-1 fusion-parallax-none hundred-percent-fullwidth non-hundred-percent-height-scrolling fusion-no-small-visibility\" style=\"--awb-border-radius-top-left:0px;--awb-border-radius-top-right:0px;--awb-border-radius-bottom-right:0px;--awb-border-radius-bottom-left:0px;--awb-padding-top:330px;--awb-padding-bottom:330px;--awb-margin-bottom:20px;--awb-background-image:url(&quot;https:\/\/www.loadscan.com\/wp-content\/uploads\/2021\/06\/2021_Portable-LVS.png&quot;);--awb-background-size:cover;--awb-flex-wrap:wrap;\" ><div class=\"fusion-builder-row fusion-row\"><\/div><\/div><div class=\"fusion-fullwidth fullwidth-box fusion-builder-row-2 fusion-flex-container hundred-percent-fullwidth non-hundred-percent-height-scrolling\" style=\"--awb-border-radius-top-left:0px;--awb-border-radius-top-right:0px;--awb-border-radius-bottom-right:0px;--awb-border-radius-bottom-left:0px;--awb-padding-right:15%;--awb-padding-left:15%;--awb-padding-right-medium:10%;--awb-padding-left-medium:10%;--awb-padding-right-small:5%;--awb-padding-left-small:5%;--awb-flex-wrap:wrap;\" ><div class=\"fusion-builder-row fusion-row fusion-flex-align-items-flex-start fusion-flex-content-wrap\" style=\"width:104% !important;max-width:104% !important;margin-left: calc(-4% \/ 2 );margin-right: calc(-4% \/ 2 );\"><div class=\"fusion-layout-column fusion_builder_column fusion-builder-column-0 fusion_builder_column_1_1 1_1 fusion-flex-column\" style=\"--awb-bg-size:cover;--awb-width-large:100%;--awb-margin-top-large:0px;--awb-spacing-right-large:1.92%;--awb-margin-bottom-large:0px;--awb-spacing-left-large:1.92%;--awb-width-medium:100%;--awb-spacing-right-medium:1.92%;--awb-spacing-left-medium:1.92%;--awb-width-small:100%;--awb-spacing-right-small:1.92%;--awb-spacing-left-small:1.92%;\"><div class=\"fusion-column-wrapper fusion-flex-justify-content-flex-start fusion-content-layout-column\"><div class=\"fusion-text fusion-text-1\"><h1>LoadScan Port\u00e1til &#8211; LVS-3BMP<\/h1>\n<h2>Medici\u00f3n de camiones port\u00e1tiles<\/h2>\n<\/div><\/div><\/div><\/div><\/div><div class=\"fusion-fullwidth fullwidth-box fusion-builder-row-3 fusion-flex-container hundred-percent-fullwidth non-hundred-percent-height-scrolling\" style=\"--awb-border-radius-top-left:0px;--awb-border-radius-top-right:0px;--awb-border-radius-bottom-right:0px;--awb-border-radius-bottom-left:0px;--awb-padding-right:15%;--awb-padding-left:15%;--awb-padding-right-medium:10%;--awb-padding-left-medium:10%;--awb-padding-right-small:5%;--awb-padding-left-small:5%;--awb-flex-wrap:wrap;\" ><div class=\"fusion-builder-row fusion-row fusion-flex-align-items-flex-start fusion-flex-content-wrap\" style=\"width:104% !important;max-width:104% !important;margin-left: calc(-4% \/ 2 );margin-right: calc(-4% \/ 2 );\"><div class=\"fusion-layout-column fusion_builder_column fusion-builder-column-1 fusion_builder_column_1_2 1_2 fusion-flex-column fusion-flex-align-self-flex-start fusion-column-no-min-height\" style=\"--awb-bg-size:cover;--awb-width-large:50%;--awb-margin-top-large:0px;--awb-spacing-right-large:3.84%;--awb-margin-bottom-large:0px;--awb-spacing-left-large:3.84%;--awb-width-medium:50%;--awb-spacing-right-medium:3.84%;--awb-spacing-left-medium:3.84%;--awb-width-small:100%;--awb-spacing-right-small:1.92%;--awb-spacing-left-small:1.92%;\"><div class=\"fusion-column-wrapper fusion-flex-justify-content-flex-start fusion-content-layout-column\"><div class=\"fusion-text fusion-text-2\"><p>El <a title=\"Esc\u00e1ner de volumen de carga\" href=\"https:\/\/www.loadscan.com\/load-volume-scanner\/\">esc\u00e1ner<\/a> port\u00e1til <a title=\"Esc\u00e1ner de volumen de carga\" href=\"https:\/\/www.loadscan.com\/load-volume-scanner\/\">de volumen de carga<\/a> Loadscan\u00ae es perfecto para proyectos de medici\u00f3n de camiones grandes o port\u00e1tiles a largo plazo, en los que puede ser necesario desplazar el lugar de escaneado de la carga. La unidad est\u00e1 montada sobre un bloque de montaje de hormig\u00f3n prefabricado, lo que facilita su desplazamiento por la obra con una carretilla elevadora o levant\u00e1ndola de sus puntos de montaje. Otra ventaja clave es que, cuando se suministra con nuestro quiosco incorporado opcional, la unidad de medici\u00f3n port\u00e1til para camiones se convierte en totalmente aut\u00f3noma y su instalaci\u00f3n requiere un trabajo m\u00ednimo. El <a title=\"Esc\u00e1ner de volumen de carga\" href=\"https:\/\/www.loadscan.com\/load-volume-scanner\/\">esc\u00e1ner<\/a> port\u00e1til <a title=\"Esc\u00e1ner de volumen de carga\" href=\"https:\/\/www.loadscan.com\/load-volume-scanner\/\">de volumen de carga<\/a> Loadscan\u00ae puede ponerse en marcha en cuesti\u00f3n de horas y puede funcionar con la red el\u00e9ctrica o utilizando generadores homologados.<\/p>\n<\/div><ul style=\"--awb-size:15px;--awb-line-height:25.5px;--awb-icon-width:25.5px;--awb-icon-height:25.5px;--awb-icon-margin:10.5px;--awb-content-margin:36px;\" class=\"fusion-checklist fusion-checklist-1 fusion-checklist-default type-icons\"><li class=\"fusion-li-item\" style=\"\"><span class=\"icon-wrapper circle-no\"><i class=\"fusion-li-icon fa fa-check-circle\" aria-hidden=\"true\"><\/i><\/span><div class=\"fusion-li-item-content\">Port\u00e1til (se suministran ranuras para horquillas y puntos de elevaci\u00f3n)<\/div><\/li><li class=\"fusion-li-item\" style=\"\"><span class=\"icon-wrapper circle-no\"><i class=\"fusion-li-icon fa fa-check-circle\" aria-hidden=\"true\"><\/i><\/span><div class=\"fusion-li-item-content\">Opciones de quiosco integrado para consola de operador, impresora, generador y carcasa de tablero de mensajes LED<\/div><\/li><li class=\"fusion-li-item\" style=\"\"><span class=\"icon-wrapper circle-no\"><i class=\"fusion-li-icon fa fa-check-circle\" aria-hidden=\"true\"><\/i><\/span><div class=\"fusion-li-item-content\">Lector de etiquetas RFID para la identificaci\u00f3n autom\u00e1tica de veh\u00edculos<\/div><\/li><li class=\"fusion-li-item\" style=\"\"><span class=\"icon-wrapper circle-no\"><i class=\"fusion-li-icon fa fa-check-circle\" aria-hidden=\"true\"><\/i><\/span><div class=\"fusion-li-item-content\">Preocupaci\u00f3n por la seguridad s\u00f3lida, estable o baja<\/div><\/li><li class=\"fusion-li-item\" style=\"\"><span class=\"icon-wrapper circle-no\"><i class=\"fusion-li-icon fa fa-check-circle\" aria-hidden=\"true\"><\/i><\/span><div class=\"fusion-li-item-content\">Funciona con generador*, red el\u00e9ctrica (l\u00ednea) o fuente de alimentaci\u00f3n de 24VDC (<em>*s\u00f3lo generadores<\/em> aprobados<em>)<\/em><\/div><\/li><\/ul><div class=\"fusion-separator fusion-full-width-sep\" style=\"align-self: center;margin-left: auto;margin-right: auto;margin-top:20px;margin-bottom:20px;width:100%;\"><\/div><div class=\"fusion-image-element \" style=\"--awb-caption-title-font-family:var(--h2_typography-font-family);--awb-caption-title-font-weight:var(--h2_typography-font-weight);--awb-caption-title-font-style:var(--h2_typography-font-style);--awb-caption-title-size:var(--h2_typography-font-size);--awb-caption-title-transform:var(--h2_typography-text-transform);--awb-caption-title-line-height:var(--h2_typography-line-height);--awb-caption-title-letter-spacing:var(--h2_typography-letter-spacing);\"><span class=\" fusion-imageframe imageframe-none imageframe-1 hover-type-none\"><a href=\"https:\/\/www.loadscan.com\/wp-content\/uploads\/2013\/02\/loadscan-portable-montage.jpg\" class=\"fusion-lightbox\" data-rel=\"iLightbox[1b6feb73c5dce1e0b9f]\" data-title=\"Loadscan Portable Montage\" title=\"Loadscan Portable Montage\"><img decoding=\"async\" width=\"640\" height=\"525\" alt=\"Unidad port\u00e1til LoadScan - LVS-3BMP\" src=\"https:\/\/www.loadscan.com\/wp-content\/uploads\/2013\/02\/loadscan-portable-montage.jpg\" class=\"img-responsive wp-image-25249\" srcset=\"https:\/\/www.loadscan.com\/wp-content\/uploads\/2013\/02\/loadscan-portable-montage-300x246.jpg 300w, https:\/\/www.loadscan.com\/wp-content\/uploads\/2013\/02\/loadscan-portable-montage.jpg 640w\" sizes=\"(max-width: 640px) 100vw, 640px\" \/><\/a><\/span><\/div><\/div><\/div><div class=\"fusion-layout-column fusion_builder_column fusion-builder-column-2 fusion_builder_column_1_2 1_2 fusion-flex-column fusion-flex-align-self-flex-start fusion-column-no-min-height\" style=\"--awb-bg-size:cover;--awb-width-large:50%;--awb-margin-top-large:0px;--awb-spacing-right-large:3.84%;--awb-margin-bottom-large:0px;--awb-spacing-left-large:3.84%;--awb-width-medium:50%;--awb-spacing-right-medium:3.84%;--awb-spacing-left-medium:3.84%;--awb-width-small:100%;--awb-spacing-right-small:1.92%;--awb-spacing-left-small:1.92%;\"><div class=\"fusion-column-wrapper fusion-flex-justify-content-flex-start fusion-content-layout-column\"><div class=\"fusion-image-element \" style=\"text-align:center;--awb-caption-title-font-family:var(--h2_typography-font-family);--awb-caption-title-font-weight:var(--h2_typography-font-weight);--awb-caption-title-font-style:var(--h2_typography-font-style);--awb-caption-title-size:var(--h2_typography-font-size);--awb-caption-title-transform:var(--h2_typography-text-transform);--awb-caption-title-line-height:var(--h2_typography-line-height);--awb-caption-title-letter-spacing:var(--h2_typography-letter-spacing);\"><span class=\" fusion-imageframe imageframe-none imageframe-2 hover-type-none\"><a href=\"https:\/\/www.loadscan.com\/wp-content\/uploads\/2015\/02\/Loadscan-Portable-Mongolia-install.jpg\" class=\"fusion-lightbox\" data-rel=\"iLightbox[926384cd455816f42df]\" data-title=\"Loadscan Portable Mongolia Install\" title=\"Loadscan Portable Mongolia Install\"><img decoding=\"async\" width=\"992\" height=\"744\" alt=\"Unidad port\u00e1til LoadScan - LVS-3BMP\" src=\"https:\/\/www.loadscan.com\/wp-content\/uploads\/2015\/02\/Loadscan-Portable-Mongolia-install.jpg\" class=\"img-responsive wp-image-26329\" srcset=\"https:\/\/www.loadscan.com\/wp-content\/uploads\/2015\/02\/Loadscan-Portable-Mongolia-install-200x150.jpg 200w, https:\/\/www.loadscan.com\/wp-content\/uploads\/2015\/02\/Loadscan-Portable-Mongolia-install-400x300.jpg 400w, https:\/\/www.loadscan.com\/wp-content\/uploads\/2015\/02\/Loadscan-Portable-Mongolia-install-600x450.jpg 600w, https:\/\/www.loadscan.com\/wp-content\/uploads\/2015\/02\/Loadscan-Portable-Mongolia-install-800x600.jpg 800w, https:\/\/www.loadscan.com\/wp-content\/uploads\/2015\/02\/Loadscan-Portable-Mongolia-install.jpg 992w\" sizes=\"(max-width: 640px) 100vw, 600px\" \/><\/a><\/span><\/div><div class=\"fusion-separator fusion-full-width-sep\" style=\"align-self: center;margin-left: auto;margin-right: auto;margin-top:20px;margin-bottom:20px;width:100%;\"><\/div><div class=\"fusion-text fusion-text-3\"><h4>Ofrecemos presupuestos basados en una soluci\u00f3n adaptada a tus necesidades operativas y a tu emplazamiento espec\u00edfico<\/h4>\n<\/div><div class=\"fusion-modal modal fade modal-1 lvs-contact has-light-close\" tabindex=\"-1\" role=\"dialog\" aria-labelledby=\"modal-heading-1\" aria-hidden=\"true\" style=\"--awb-border-color:#ffc500;--awb-background:#29292a;\"><div class=\"modal-dialog modal-lg\" role=\"document\"><div class=\"modal-content fusion-modal-content\"><div class=\"modal-header\"><button class=\"close\" type=\"button\" data-dismiss=\"modal\" aria-hidden=\"true\" aria-label=\"Close\">&times;<\/button><h3 class=\"modal-title\" id=\"modal-heading-1\" data-dismiss=\"modal\" aria-hidden=\"true\">Rellena el siguiente formulario<\/h3><\/div><div class=\"modal-body fusion-clearfix\">\n<p style=\"text-align: center;\"><iframe src=\"https:\/\/7680888.extforms.netsuite.com\/app\/site\/crm\/externalleadpage.nl?compid=7680888&amp;formid=7&amp;h=AAFdikaISEcmMlNKCc1PeyPwA-qzRObMnK4wd1_tcGzyYJqPQak&amp;redirect_count=1&amp;did_javascript_redirect=T\/viewform?embedded=true\" width=\"100%\" height=\"1260\" frameborder=\"0\" marginwidth=\"0\" marginheight=\"0\">Cargando&#8230;<\/iframe><\/p>\n<\/div><div class=\"modal-footer\"><button class=\"fusion-button button-default button-medium button default medium\" type=\"button\" data-dismiss=\"modal\">Close<\/button><\/div><\/div><\/div><\/div><div style=\"text-align:center;\"><a class=\"fusion-button button-flat fusion-button-default-size button-default fusion-button-default button-1 fusion-button-default-span fusion-button-default-type\" style=\"width:calc(100%);\" target=\"_self\" href=\"#\" data-toggle=\"modal\" data-target=\".fusion-modal.lvs-contact\"><span class=\"fusion-button-text awb-button__text awb-button__text--default\">PIDE A UN MIEMBRO DE NUESTRO EQUIPO QUE SE PONGA EN CONTACTO CONTIGO PARA EMPEZAR<\/span><\/a><\/div><\/div><\/div><\/div><\/div><\/p>\n","protected":false},"excerpt":{"rendered":"","protected":false},"author":6,"featured_media":0,"parent":32212,"menu_order":0,"comment_status":"closed","ping_status":"closed","template":"100-width.php","meta":{"content-type":"","footnotes":""},"class_list":["post-32568","page","type-page","status-publish","hentry"],"yoast_head":"<!-- This site is optimized with the Yoast SEO plugin v27.2 - https:\/\/yoast.com\/product\/yoast-seo-wordpress\/ -->\n<title>Medici\u00f3n port\u00e1til de camiones | Ranuras de horquilla y puntos de elevaci\u00f3n<\/title>\n<meta name=\"description\" content=\"Es Perfecto Para Proyectos Port\u00e1tiles De Medici\u00f3n De Camiones A Largo Plazo En Los Que Es Necesario Trasladar El Lugar De Escaneado De La Carga. Mira LoadScan\u00ae Portable en acci\u00f3n.\" \/>\n<meta name=\"robots\" content=\"index, follow, max-snippet:-1, max-image-preview:large, max-video-preview:-1\" \/>\n<link rel=\"canonical\" href=\"https:\/\/www.loadscan.com\/es\/soluciones-tecnologicas-de-escaneado\/loadscan-portable-lvs-3bmp-medicion-portatil-de-camiones\/\" \/>\n<meta name=\"twitter:label1\" content=\"Tiempo de lectura\" \/>\n\t<meta name=\"twitter:data1\" content=\"10 minutos\" \/>\n<script type=\"application\/ld+json\" class=\"yoast-schema-graph\">{\"@context\":\"https:\/\/schema.org\",\"@graph\":[{\"@type\":\"WebPage\",\"@id\":\"https:\/\/www.loadscan.com\/es\/soluciones-tecnologicas-de-escaneado\/loadscan-portable-lvs-3bmp-medicion-portatil-de-camiones\/\",\"url\":\"https:\/\/www.loadscan.com\/es\/soluciones-tecnologicas-de-escaneado\/loadscan-portable-lvs-3bmp-medicion-portatil-de-camiones\/\",\"name\":\"Medici\u00f3n port\u00e1til de camiones | Ranuras de horquilla y puntos de elevaci\u00f3n\",\"isPartOf\":{\"@id\":\"https:\/\/www.loadscan.com\/es\/#website\"},\"datePublished\":\"2015-02-17T08:19:42+00:00\",\"dateModified\":\"2024-08-13T22:58:07+00:00\",\"description\":\"Es Perfecto Para Proyectos Port\u00e1tiles De Medici\u00f3n De Camiones A Largo Plazo En Los Que Es Necesario Trasladar El Lugar De Escaneado De La Carga. Mira LoadScan\u00ae Portable en acci\u00f3n.\",\"breadcrumb\":{\"@id\":\"https:\/\/www.loadscan.com\/es\/soluciones-tecnologicas-de-escaneado\/loadscan-portable-lvs-3bmp-medicion-portatil-de-camiones\/#breadcrumb\"},\"inLanguage\":\"es\",\"potentialAction\":[{\"@type\":\"ReadAction\",\"target\":[\"https:\/\/www.loadscan.com\/es\/soluciones-tecnologicas-de-escaneado\/loadscan-portable-lvs-3bmp-medicion-portatil-de-camiones\/\"]}]},{\"@type\":\"BreadcrumbList\",\"@id\":\"https:\/\/www.loadscan.com\/es\/soluciones-tecnologicas-de-escaneado\/loadscan-portable-lvs-3bmp-medicion-portatil-de-camiones\/#breadcrumb\",\"itemListElement\":[{\"@type\":\"ListItem\",\"position\":1,\"name\":\"Home\",\"item\":\"https:\/\/www.loadscan.com\/es\/escaneres-de-volumen-de-carga-loadscan\/\"},{\"@type\":\"ListItem\",\"position\":2,\"name\":\"Soluciones tecnol\u00f3gicas de escaneado\",\"item\":\"https:\/\/www.loadscan.com\/es\/soluciones-tecnologicas-de-escaneado\/\"},{\"@type\":\"ListItem\",\"position\":3,\"name\":\"Loadscan Portable LVS-3BMP (Medici\u00f3n port\u00e1til de camiones)\"}]},{\"@type\":\"WebSite\",\"@id\":\"https:\/\/www.loadscan.com\/es\/#website\",\"url\":\"https:\/\/www.loadscan.com\/es\/\",\"name\":\"Loadscan\",\"description\":\"Certified accurate payload measurement\",\"publisher\":{\"@id\":\"https:\/\/www.loadscan.com\/es\/#organization\"},\"potentialAction\":[{\"@type\":\"SearchAction\",\"target\":{\"@type\":\"EntryPoint\",\"urlTemplate\":\"https:\/\/www.loadscan.com\/es\/?s={search_term_string}\"},\"query-input\":{\"@type\":\"PropertyValueSpecification\",\"valueRequired\":true,\"valueName\":\"search_term_string\"}}],\"inLanguage\":\"es\"},{\"@type\":\"Organization\",\"@id\":\"https:\/\/www.loadscan.com\/es\/#organization\",\"name\":\"Loadscan\u00ae Ltd\",\"url\":\"https:\/\/www.loadscan.com\/es\/\",\"logo\":{\"@type\":\"ImageObject\",\"inLanguage\":\"es\",\"@id\":\"https:\/\/www.loadscan.com\/es\/#\/schema\/logo\/image\/\",\"url\":\"https:\/\/www.loadscan.com\/wp-content\/uploads\/2020\/10\/Loadscan-logo-245.png\",\"contentUrl\":\"https:\/\/www.loadscan.com\/wp-content\/uploads\/2020\/10\/Loadscan-logo-245.png\",\"width\":245,\"height\":66,\"caption\":\"Loadscan\u00ae Ltd\"},\"image\":{\"@id\":\"https:\/\/www.loadscan.com\/es\/#\/schema\/logo\/image\/\"},\"sameAs\":[\"https:\/\/www.facebook.com\/loadscan\",\"https:\/\/x.com\/loadscan\",\"https:\/\/nz.linkedin.com\/company\/loadscan\"]}]}<\/script>\n<!-- \/ Yoast SEO plugin. -->","yoast_head_json":{"title":"Medici\u00f3n port\u00e1til de camiones | Ranuras de horquilla y puntos de elevaci\u00f3n","description":"Es Perfecto Para Proyectos Port\u00e1tiles De Medici\u00f3n De Camiones A Largo Plazo En Los Que Es Necesario Trasladar El Lugar De Escaneado De La Carga. Mira LoadScan\u00ae Portable en acci\u00f3n.","robots":{"index":"index","follow":"follow","max-snippet":"max-snippet:-1","max-image-preview":"max-image-preview:large","max-video-preview":"max-video-preview:-1"},"canonical":"https:\/\/www.loadscan.com\/es\/soluciones-tecnologicas-de-escaneado\/loadscan-portable-lvs-3bmp-medicion-portatil-de-camiones\/","twitter_misc":{"Tiempo de lectura":"10 minutos"},"schema":{"@context":"https:\/\/schema.org","@graph":[{"@type":"WebPage","@id":"https:\/\/www.loadscan.com\/es\/soluciones-tecnologicas-de-escaneado\/loadscan-portable-lvs-3bmp-medicion-portatil-de-camiones\/","url":"https:\/\/www.loadscan.com\/es\/soluciones-tecnologicas-de-escaneado\/loadscan-portable-lvs-3bmp-medicion-portatil-de-camiones\/","name":"Medici\u00f3n port\u00e1til de camiones | Ranuras de horquilla y puntos de elevaci\u00f3n","isPartOf":{"@id":"https:\/\/www.loadscan.com\/es\/#website"},"datePublished":"2015-02-17T08:19:42+00:00","dateModified":"2024-08-13T22:58:07+00:00","description":"Es Perfecto Para Proyectos Port\u00e1tiles De Medici\u00f3n De Camiones A Largo Plazo En Los Que Es Necesario Trasladar El Lugar De Escaneado De La Carga. Mira LoadScan\u00ae Portable en acci\u00f3n.","breadcrumb":{"@id":"https:\/\/www.loadscan.com\/es\/soluciones-tecnologicas-de-escaneado\/loadscan-portable-lvs-3bmp-medicion-portatil-de-camiones\/#breadcrumb"},"inLanguage":"es","potentialAction":[{"@type":"ReadAction","target":["https:\/\/www.loadscan.com\/es\/soluciones-tecnologicas-de-escaneado\/loadscan-portable-lvs-3bmp-medicion-portatil-de-camiones\/"]}]},{"@type":"BreadcrumbList","@id":"https:\/\/www.loadscan.com\/es\/soluciones-tecnologicas-de-escaneado\/loadscan-portable-lvs-3bmp-medicion-portatil-de-camiones\/#breadcrumb","itemListElement":[{"@type":"ListItem","position":1,"name":"Home","item":"https:\/\/www.loadscan.com\/es\/escaneres-de-volumen-de-carga-loadscan\/"},{"@type":"ListItem","position":2,"name":"Soluciones tecnol\u00f3gicas de escaneado","item":"https:\/\/www.loadscan.com\/es\/soluciones-tecnologicas-de-escaneado\/"},{"@type":"ListItem","position":3,"name":"Loadscan Portable LVS-3BMP (Medici\u00f3n port\u00e1til de camiones)"}]},{"@type":"WebSite","@id":"https:\/\/www.loadscan.com\/es\/#website","url":"https:\/\/www.loadscan.com\/es\/","name":"Loadscan","description":"Certified accurate payload measurement","publisher":{"@id":"https:\/\/www.loadscan.com\/es\/#organization"},"potentialAction":[{"@type":"SearchAction","target":{"@type":"EntryPoint","urlTemplate":"https:\/\/www.loadscan.com\/es\/?s={search_term_string}"},"query-input":{"@type":"PropertyValueSpecification","valueRequired":true,"valueName":"search_term_string"}}],"inLanguage":"es"},{"@type":"Organization","@id":"https:\/\/www.loadscan.com\/es\/#organization","name":"Loadscan\u00ae Ltd","url":"https:\/\/www.loadscan.com\/es\/","logo":{"@type":"ImageObject","inLanguage":"es","@id":"https:\/\/www.loadscan.com\/es\/#\/schema\/logo\/image\/","url":"https:\/\/www.loadscan.com\/wp-content\/uploads\/2020\/10\/Loadscan-logo-245.png","contentUrl":"https:\/\/www.loadscan.com\/wp-content\/uploads\/2020\/10\/Loadscan-logo-245.png","width":245,"height":66,"caption":"Loadscan\u00ae Ltd"},"image":{"@id":"https:\/\/www.loadscan.com\/es\/#\/schema\/logo\/image\/"},"sameAs":["https:\/\/www.facebook.com\/loadscan","https:\/\/x.com\/loadscan","https:\/\/nz.linkedin.com\/company\/loadscan"]}]}},"_links":{"self":[{"href":"https:\/\/www.loadscan.com\/es\/wp-json\/wp\/v2\/pages\/32568","targetHints":{"allow":["GET"]}}],"collection":[{"href":"https:\/\/www.loadscan.com\/es\/wp-json\/wp\/v2\/pages"}],"about":[{"href":"https:\/\/www.loadscan.com\/es\/wp-json\/wp\/v2\/types\/page"}],"author":[{"embeddable":true,"href":"https:\/\/www.loadscan.com\/es\/wp-json\/wp\/v2\/users\/6"}],"replies":[{"embeddable":true,"href":"https:\/\/www.loadscan.com\/es\/wp-json\/wp\/v2\/comments?post=32568"}],"version-history":[{"count":10,"href":"https:\/\/www.loadscan.com\/es\/wp-json\/wp\/v2\/pages\/32568\/revisions"}],"predecessor-version":[{"id":32643,"href":"https:\/\/www.loadscan.com\/es\/wp-json\/wp\/v2\/pages\/32568\/revisions\/32643"}],"up":[{"embeddable":true,"href":"https:\/\/www.loadscan.com\/es\/wp-json\/wp\/v2\/pages\/32212"}],"wp:attachment":[{"href":"https:\/\/www.loadscan.com\/es\/wp-json\/wp\/v2\/media?parent=32568"}],"curies":[{"name":"wp","href":"https:\/\/api.w.org\/{rel}","templated":true}]}}