{"id":34089,"date":"2024-05-07T13:15:42","date_gmt":"2024-05-07T01:15:42","guid":{"rendered":"https:\/\/www.loadscan.com\/api-de-integracion-de-loadscan\/"},"modified":"2024-08-14T12:28:50","modified_gmt":"2024-08-14T00:28:50","slug":"api-de-integracion-de-loadscan","status":"publish","type":"page","link":"https:\/\/www.loadscan.com\/es\/api-de-integracion-de-loadscan\/","title":{"rendered":"API de integraci\u00f3n de Loadscan"},"content":{"rendered":"<p><div class=\"fusion-fullwidth fullwidth-box fusion-builder-row-1 fusion-flex-container has-pattern-background has-mask-background hundred-percent-fullwidth non-hundred-percent-height-scrolling\" style=\"--awb-border-radius-top-left:0px;--awb-border-radius-top-right:0px;--awb-border-radius-bottom-right:0px;--awb-border-radius-bottom-left:0px;--awb-padding-right:15%;--awb-padding-left:15%;--awb-flex-wrap:wrap;\" ><div class=\"fusion-builder-row fusion-row fusion-flex-align-items-flex-start fusion-flex-content-wrap\" style=\"width:104% !important;max-width:104% !important;margin-left: calc(-4% \/ 2 );margin-right: calc(-4% \/ 2 );\"><div class=\"fusion-layout-column fusion_builder_column fusion-builder-column-0 fusion_builder_column_1_1 1_1 fusion-flex-column\" style=\"--awb-bg-size:cover;--awb-width-large:100%;--awb-margin-top-large:0px;--awb-spacing-right-large:1.92%;--awb-margin-bottom-large:20px;--awb-spacing-left-large:1.92%;--awb-width-medium:100%;--awb-order-medium:0;--awb-spacing-right-medium:1.92%;--awb-spacing-left-medium:1.92%;--awb-width-small:100%;--awb-order-small:0;--awb-spacing-right-small:1.92%;--awb-spacing-left-small:1.92%;\"><div class=\"fusion-column-wrapper fusion-column-has-shadow fusion-flex-justify-content-flex-start fusion-content-layout-column\"><div class=\"fusion-title title fusion-title-1 sep-underline sep-solid fusion-title-text fusion-title-size-one\" style=\"--awb-margin-top-small:0px;--awb-margin-right-small:0px;--awb-margin-bottom-small:20px;--awb-margin-left-small:0px;\"><h1 class=\"fusion-title-heading title-heading-left fusion-responsive-typography-calculated\" style=\"margin:0;--fontSize:60;line-height:1.0;\">Integraci\u00f3n de Loadscan<\/h1><\/div><\/div><\/div><\/div><\/div><div class=\"fusion-fullwidth fullwidth-box fusion-builder-row-2 fusion-flex-container has-pattern-background has-mask-background hundred-percent-fullwidth non-hundred-percent-height-scrolling\" style=\"--awb-border-radius-top-left:0px;--awb-border-radius-top-right:0px;--awb-border-radius-bottom-right:0px;--awb-border-radius-bottom-left:0px;--awb-padding-right:15%;--awb-padding-left:15%;--awb-flex-wrap:wrap;\" ><div class=\"fusion-builder-row fusion-row fusion-flex-align-items-flex-start fusion-flex-content-wrap\" style=\"width:104% !important;max-width:104% !important;margin-left: calc(-4% \/ 2 );margin-right: calc(-4% \/ 2 );\"><div class=\"fusion-layout-column fusion_builder_column fusion-builder-column-1 fusion_builder_column_1_1 1_1 fusion-flex-column\" style=\"--awb-bg-size:cover;--awb-width-large:100%;--awb-margin-top-large:0px;--awb-spacing-right-large:1.92%;--awb-margin-bottom-large:20px;--awb-spacing-left-large:1.92%;--awb-width-medium:100%;--awb-order-medium:0;--awb-spacing-right-medium:1.92%;--awb-spacing-left-medium:1.92%;--awb-width-small:100%;--awb-order-small:0;--awb-spacing-right-small:1.92%;--awb-spacing-left-small:1.92%;\"><div class=\"fusion-column-wrapper fusion-column-has-shadow fusion-flex-justify-content-flex-start fusion-content-layout-column\"><div class=\"fusion-tabs fusion-tabs-1 clean nav-is-justified horizontal-tabs icon-position-left mobile-mode-accordion\" style=\"--awb-title-border-radius-top-left:0px;--awb-title-border-radius-top-right:0px;--awb-title-border-radius-bottom-right:0px;--awb-title-border-radius-bottom-left:0px;--awb-alignment:start;--awb-inactive-color:var(--awb-custom13);--awb-title-active-text-color:var(--awb-custom10);--awb-background-color:var(--awb-color2);--awb-border-color:#25292b;--awb-active-border-color:#fcc500;--awb-title-font-family:&quot;Raleway&quot;;--awb-title-font-style:normal;--awb-title-font-weight:600;\"><div class=\"nav\"><ul class=\"nav-tabs nav-justified\" role=\"tablist\"><li class=\"active\" role=\"presentation\"><a class=\"tab-link\" data-toggle=\"tab\" role=\"tab\" aria-controls=\"tab-3837987997cf8eb048d\" aria-selected=\"true\" id=\"fusion-tab-lvs\" href=\"#tab-3837987997cf8eb048d\"><h4 class=\"fusion-tab-heading\">LVS<\/h4><\/a><\/li><li role=\"presentation\"><a class=\"tab-link\" data-toggle=\"tab\" role=\"tab\" aria-controls=\"tab-3f0b07ab5b3e3529570\" aria-selected=\"false\" tabindex=\"-1\" id=\"fusion-tab-mps\" href=\"#tab-3f0b07ab5b3e3529570\"><h4 class=\"fusion-tab-heading\">MPS<\/h4><\/a><\/li><li role=\"presentation\"><a class=\"tab-link\" data-toggle=\"tab\" role=\"tab\" aria-controls=\"tab-d59a060d59b0b28232d\" aria-selected=\"false\" tabindex=\"-1\" id=\"fusion-tab-cvs\" href=\"#tab-d59a060d59b0b28232d\"><h4 class=\"fusion-tab-heading\">CVS<\/h4><\/a><\/li><\/ul><\/div><div class=\"tab-content\"><div class=\"nav fusion-mobile-tab-nav\"><ul class=\"nav-tabs nav-justified\" role=\"tablist\"><li class=\"active\" role=\"presentation\"><a class=\"tab-link\" data-toggle=\"tab\" role=\"tab\" aria-controls=\"tab-3837987997cf8eb048d\" aria-selected=\"true\" id=\"mobile-fusion-tab-lvs\" href=\"#tab-3837987997cf8eb048d\"><h4 class=\"fusion-tab-heading\">LVS<\/h4><\/a><\/li><\/ul><\/div><div class=\"tab-pane fade fusion-clearfix in active\" role=\"tabpanel\" tabindex=\"0\" aria-labelledby=\"fusion-tab-lvs\" id=\"tab-3837987997cf8eb048d\">\n<p><b><span data-contrast=\"auto\">Integraci\u00f3n de la API (interfaz programable de aplicaciones) en la nube<\/span><\/b><span data-ccp-props=\"{\"> <\/span><\/p>\n<div class=\"fusion-image-element fusion-image-align-center in-legacy-container\" style=\"text-align:center;--awb-caption-title-font-family:var(--h2_typography-font-family);--awb-caption-title-font-weight:var(--h2_typography-font-weight);--awb-caption-title-font-style:var(--h2_typography-font-style);--awb-caption-title-size:var(--h2_typography-font-size);--awb-caption-title-transform:var(--h2_typography-text-transform);--awb-caption-title-line-height:var(--h2_typography-line-height);--awb-caption-title-letter-spacing:var(--h2_typography-letter-spacing);\"><div class=\"imageframe-align-center\"><span class=\" fusion-imageframe imageframe-none imageframe-1 hover-type-none\"><a href=\"https:\/\/www.loadscan.com\/wp-content\/uploads\/2024\/05\/LS_LVS-API-Light.png\" class=\"fusion-lightbox\" data-rel=\"iLightbox[ab494b9fc25823a757d]\" data-title=\"LS_LVS-API-Light\" title=\"LS_LVS-API-Light\"><img decoding=\"async\" width=\"1400\" height=\"450\" src=\"https:\/\/www.loadscan.com\/wp-content\/uploads\/2024\/05\/LS_LVS-API-Light.png\" alt class=\"img-responsive wp-image-31817\" srcset=\"https:\/\/www.loadscan.com\/wp-content\/uploads\/2024\/05\/LS_LVS-API-Light-200x64.png 200w, https:\/\/www.loadscan.com\/wp-content\/uploads\/2024\/05\/LS_LVS-API-Light-400x129.png 400w, https:\/\/www.loadscan.com\/wp-content\/uploads\/2024\/05\/LS_LVS-API-Light-600x193.png 600w, https:\/\/www.loadscan.com\/wp-content\/uploads\/2024\/05\/LS_LVS-API-Light-800x257.png 800w, https:\/\/www.loadscan.com\/wp-content\/uploads\/2024\/05\/LS_LVS-API-Light-1200x386.png 1200w, https:\/\/www.loadscan.com\/wp-content\/uploads\/2024\/05\/LS_LVS-API-Light.png 1400w\" sizes=\"(max-width: 640px) 100vw, 1200px\" \/><\/a><\/span><\/div><\/div>\n<p><span data-contrast=\"none\">MyScanner es una aplicaci\u00f3n basada en la nube que permite a los clientes acceder a sus datos de escaneado y a sus esc\u00e1neres de forma segura y en tiempo real, desde cualquier lugar y en cualquier momento.<\/span><span data-ccp-props=\"{\"> <\/span><\/p>\n<p><span data-contrast=\"none\">El sitio <\/span><b><span data-contrast=\"none\">API de MyScanner<\/span><\/b><span data-contrast=\"none\"> ofrece una API para la integraci\u00f3n con otras aplicaciones como ERP, software de emisi\u00f3n de billetes, contabilidad y facturaci\u00f3n. <\/span> <span data-ccp-props=\"{\"> <\/span><\/p>\n<p><span data-contrast=\"none\">La API pertenece a la categor\u00eda de Transferencia de Estado Representacional (REST).<br \/>\nPermite operaciones \u00abRESTful\u00bb para que los usuarios obtengan sus datos de escaneado mediante programaci\u00f3n de forma segura.<br \/>\nLa API de MyScanner devuelve las solicitudes en JSON plano (JavaScript Object Notation).  <\/span><span data-ccp-props=\"{\"> <\/span><\/p>\n<p><span data-contrast=\"none\">Para m\u00e1s informaci\u00f3n sobre la API de MyScanner, haz clic <\/span><a href=\"https:\/\/www.loadscan.com\/es\/ayuda\/\"><span data-contrast=\"none\">aqu\u00ed<\/span><\/a><span data-contrast=\"none\"> para introducir tus datos, un miembro del equipo t\u00e9cnico se pondr\u00e1 en contacto contigo.<\/span><span data-ccp-props=\"{\"> <\/span><\/p>\n<\/div><div class=\"nav fusion-mobile-tab-nav\"><ul class=\"nav-tabs nav-justified\" role=\"tablist\"><li role=\"presentation\"><a class=\"tab-link\" data-toggle=\"tab\" role=\"tab\" aria-controls=\"tab-3f0b07ab5b3e3529570\" aria-selected=\"false\" tabindex=\"-1\" id=\"mobile-fusion-tab-mps\" href=\"#tab-3f0b07ab5b3e3529570\"><h4 class=\"fusion-tab-heading\">MPS<\/h4><\/a><\/li><\/ul><\/div><div class=\"tab-pane fade fusion-clearfix\" role=\"tabpanel\" tabindex=\"0\" aria-labelledby=\"fusion-tab-mps\" id=\"tab-3f0b07ab5b3e3529570\">\n<p><b><span data-contrast=\"auto\">LAN (Red de \u00c1rea Local) Integraci\u00f3n SQL<\/span><\/b><span data-ccp-props=\"{\"> <\/span><\/p>\n<div class=\"fusion-image-element fusion-image-align-center in-legacy-container\" style=\"text-align:center;--awb-caption-title-font-family:var(--h2_typography-font-family);--awb-caption-title-font-weight:var(--h2_typography-font-weight);--awb-caption-title-font-style:var(--h2_typography-font-style);--awb-caption-title-size:var(--h2_typography-font-size);--awb-caption-title-transform:var(--h2_typography-text-transform);--awb-caption-title-line-height:var(--h2_typography-line-height);--awb-caption-title-letter-spacing:var(--h2_typography-letter-spacing);\"><div class=\"imageframe-align-center\"><span class=\" fusion-imageframe imageframe-none imageframe-2 hover-type-none\"><a href=\"https:\/\/www.loadscan.com\/wp-content\/uploads\/2024\/06\/MPT_Mining-API-Lght.png\" class=\"fusion-lightbox\" data-rel=\"iLightbox[6a4e0941fa8285224fe]\" data-title=\"MPT_Mining-API-Lght\" title=\"MPT_Mining-API-Lght\"><img decoding=\"async\" width=\"1400\" height=\"450\" src=\"https:\/\/www.loadscan.com\/wp-content\/uploads\/2024\/06\/MPT_Mining-API-Lght.png\" alt class=\"img-responsive wp-image-31833\" srcset=\"https:\/\/www.loadscan.com\/wp-content\/uploads\/2024\/06\/MPT_Mining-API-Lght-200x64.png 200w, https:\/\/www.loadscan.com\/wp-content\/uploads\/2024\/06\/MPT_Mining-API-Lght-400x129.png 400w, https:\/\/www.loadscan.com\/wp-content\/uploads\/2024\/06\/MPT_Mining-API-Lght-600x193.png 600w, https:\/\/www.loadscan.com\/wp-content\/uploads\/2024\/06\/MPT_Mining-API-Lght-800x257.png 800w, https:\/\/www.loadscan.com\/wp-content\/uploads\/2024\/06\/MPT_Mining-API-Lght-1200x386.png 1200w, https:\/\/www.loadscan.com\/wp-content\/uploads\/2024\/06\/MPT_Mining-API-Lght.png 1400w\" sizes=\"(max-width: 640px) 100vw, 1200px\" \/><\/a><\/span><\/div><\/div>\n<p><b><span data-contrast=\"none\">LoadSync SQL<\/span><\/b><span data-contrast=\"none\">  es un complemento de conectividad a bases de datos SQL para el esc\u00e1ner de carga de minas Loadscan (LVS).<br \/>\nEl m\u00f3dulo de software LoadSync se ejecuta en el ordenador de la consola del operador del MPS e IMPULSA nuevos registros de medici\u00f3n de carga a una base de datos remota dentro de la Red de \u00c1rea Local de la empresa.   <\/span><span data-ccp-props=\"{\"> <\/span><\/p>\n<p><span data-contrast=\"none\">Las aplicaciones locales de la empresa pueden recuperar los datos de medici\u00f3n registrados y los detalles de carga asociados directamente de la base de datos, sin necesidad de desarrollar un software de interfaz personalizado entre el MPS y los sistemas de informes corporativos.<br \/>\nLoadSync es compatible con una amplia gama de bases de datos de nivel empresarial, como Oracle, Microsoft SQL Server, PostgreSQL y MySQL. <\/span><\/p>\n<p><span data-contrast=\"none\">Para m\u00e1s informaci\u00f3n sobre LoadSync SQL, haz clic <\/span><a href=\"https:\/\/www.loadscan.com\/es\/ayuda\/\"><span data-contrast=\"none\">aqu\u00ed<\/span><\/a><span data-contrast=\"none\"> para introducir tus datos y un miembro del equipo t\u00e9cnico se pondr\u00e1 en contacto contigo.<\/span><span data-ccp-props=\"{\"> <\/span><\/p>\n<\/div><div class=\"nav fusion-mobile-tab-nav\"><ul class=\"nav-tabs nav-justified\" role=\"tablist\"><li role=\"presentation\"><a class=\"tab-link\" data-toggle=\"tab\" role=\"tab\" aria-controls=\"tab-d59a060d59b0b28232d\" aria-selected=\"false\" tabindex=\"-1\" id=\"mobile-fusion-tab-cvs\" href=\"#tab-d59a060d59b0b28232d\"><h4 class=\"fusion-tab-heading\">CVS<\/h4><\/a><\/li><\/ul><\/div><div class=\"tab-pane fade fusion-clearfix\" role=\"tabpanel\" tabindex=\"0\" aria-labelledby=\"fusion-tab-cvs\" id=\"tab-d59a060d59b0b28232d\">\n<p><b><span data-contrast=\"auto\">Integraci\u00f3n del software CVS (incluido en el CVS est\u00e1ndar)<\/span><\/b><span data-ccp-props=\"{\"> <\/span><\/p>\n<p><span data-contrast=\"none\">El CVS tiene una API RESTful HTTP integrada que expone toda la funcionalidad del CVS para la recuperaci\u00f3n y el control de datos por aplicaciones de software externas conectadas a la red.<br \/>\nLa API puede utilizarse para tareas como:   <\/span><br \/>\n<span data-ccp-props=\"{\"> <\/span><\/p>\n<ul>\n<li data-leveltext=\"\u2022\" data-font=\"Aptos\" data-listid=\"1\" data-list-defn-props=\"{\" aria-setsize=\"-1\" data-aria-posinset=\"1\" data-aria-level=\"1\"><span data-contrast=\"none\">  Precarga autom\u00e1tica de trabajos  <\/span><span data-ccp-props=\"{\"> <\/span><\/li>\n<li data-leveltext=\"\u2022\" data-font=\"Aptos\" data-listid=\"1\" data-list-defn-props=\"{\" aria-setsize=\"-1\" data-aria-posinset=\"2\" data-aria-level=\"1\"><span data-contrast=\"none\">  Actualizar autom\u00e1ticamente la lista de clientes  <\/span><span data-ccp-props=\"{\"> <\/span><\/li>\n<\/ul>\n<ul>\n<li data-leveltext=\"\u2022\" data-font=\"Aptos\" data-listid=\"1\" data-list-defn-props=\"{\" aria-setsize=\"-1\" data-aria-posinset=\"1\" data-aria-level=\"1\"><span data-contrast=\"none\">  Recuperar datos hist\u00f3ricos para procesarlos en sistemas de informes  <\/span><span data-ccp-props=\"{\"> <\/span><\/li>\n<li data-leveltext=\"\u2022\" data-font=\"Aptos\" data-listid=\"1\" data-list-defn-props=\"{\" aria-setsize=\"-1\" data-aria-posinset=\"2\" data-aria-level=\"1\"><span data-contrast=\"none\">  Recuperaci\u00f3n de medidas de corriente para su integraci\u00f3n en sistemas de control  <\/span><span data-ccp-props=\"{\"> <\/span><\/li>\n<li data-leveltext=\"\u2022\" data-font=\"Aptos\" data-listid=\"1\" data-list-defn-props=\"{\" aria-setsize=\"-1\" data-aria-posinset=\"3\" data-aria-level=\"1\"><span data-contrast=\"none\">Creaci\u00f3n de interfaces de usuario\/aplicaciones personalizadas para tareas espec\u00edficas  <\/span><span data-ccp-props=\"{\"> <\/span><\/li>\n<\/ul>\n<p><span data-contrast=\"none\">Para m\u00e1s informaci\u00f3n sobre la API RESTful HTTP de CVS, haz clic <\/span><a href=\"https:\/\/www.loadscan.com\/es\/ayuda\/\"><span data-contrast=\"none\">aqu\u00ed<\/span><\/a><span data-contrast=\"none\"> para introducir tus datos y un miembro del equipo t\u00e9cnico se pondr\u00e1 en contacto contigo.<\/span><br \/>\n<span data-ccp-props=\"{\"> <\/span><\/p>\n<p><b><span data-contrast=\"auto\">Integraci\u00f3n de hardware CVS (complemento opcional) para PLC y otros sistemas de control y supervisi\u00f3n  <\/span><\/b><span data-ccp-props=\"{\"> <\/span><\/p>\n<p><span data-contrast=\"none\">El CVS proporciona entradas y salidas para monitorizaci\u00f3n y control externos mediante un servidor Modbus TCP integrado o un complemento opcional <\/span><b><span data-contrast=\"none\">CVS-I\/O<\/span><\/b><span data-contrast=\"none\"> con entradas y salidas anal\u00f3gicas de bucle de corriente de 4-20 mA, y entradas y salidas digitales de conmutaci\u00f3n. <\/span><span data-contrast=\"none\">Los valores de medici\u00f3n en vivo, las se\u00f1ales de estado, los valores de control y las se\u00f1ales de control se pueden asignar a registros Modbus o canales de E\/S.<\/span><span data-ccp-props=\"{\"> <\/span><\/p>\n<p><span data-contrast=\"none\">Para m\u00e1s informaci\u00f3n sobre la Integraci\u00f3n de Hardware CVS, haz clic <\/span><a href=\"https:\/\/www.loadscan.com\/es\/ayuda\/\"><span data-contrast=\"none\">aqu\u00ed<\/span><\/a><span data-contrast=\"none\"> para introducir tus datos y un miembro del equipo t\u00e9cnico se pondr\u00e1 en contacto contigo.<\/span><span data-ccp-props=\"{\"> <\/span><\/p>\n<\/div><\/div><\/div><\/div><\/div><\/div><\/div><\/p>\n","protected":false},"excerpt":{"rendered":"","protected":false},"author":50,"featured_media":0,"parent":0,"menu_order":0,"comment_status":"closed","ping_status":"closed","template":"100-width.php","meta":{"content-type":"","footnotes":""},"class_list":["post-34089","page","type-page","status-publish","hentry"],"yoast_head":"<!-- This site is optimized with the Yoast SEO plugin v27.2 - https:\/\/yoast.com\/product\/yoast-seo-wordpress\/ -->\n<title>API de integraci\u00f3n de Loadscan - Loadscan<\/title>\n<meta name=\"robots\" content=\"index, follow, max-snippet:-1, max-image-preview:large, max-video-preview:-1\" \/>\n<link rel=\"canonical\" href=\"https:\/\/www.loadscan.com\/es\/api-de-integracion-de-loadscan\/\" \/>\n<meta name=\"twitter:label1\" content=\"Tiempo de lectura\" \/>\n\t<meta name=\"twitter:data1\" content=\"16 minutos\" \/>\n<script type=\"application\/ld+json\" class=\"yoast-schema-graph\">{\"@context\":\"https:\/\/schema.org\",\"@graph\":[{\"@type\":\"WebPage\",\"@id\":\"https:\/\/www.loadscan.com\/es\/api-de-integracion-de-loadscan\/\",\"url\":\"https:\/\/www.loadscan.com\/es\/api-de-integracion-de-loadscan\/\",\"name\":\"API de integraci\u00f3n de Loadscan - Loadscan\",\"isPartOf\":{\"@id\":\"https:\/\/www.loadscan.com\/es\/#website\"},\"datePublished\":\"2024-05-07T01:15:42+00:00\",\"dateModified\":\"2024-08-14T00:28:50+00:00\",\"breadcrumb\":{\"@id\":\"https:\/\/www.loadscan.com\/es\/api-de-integracion-de-loadscan\/#breadcrumb\"},\"inLanguage\":\"es\",\"potentialAction\":[{\"@type\":\"ReadAction\",\"target\":[\"https:\/\/www.loadscan.com\/es\/api-de-integracion-de-loadscan\/\"]}]},{\"@type\":\"BreadcrumbList\",\"@id\":\"https:\/\/www.loadscan.com\/es\/api-de-integracion-de-loadscan\/#breadcrumb\",\"itemListElement\":[{\"@type\":\"ListItem\",\"position\":1,\"name\":\"Home\",\"item\":\"https:\/\/www.loadscan.com\/es\/escaneres-de-volumen-de-carga-loadscan\/\"},{\"@type\":\"ListItem\",\"position\":2,\"name\":\"API de integraci\u00f3n de Loadscan\"}]},{\"@type\":\"WebSite\",\"@id\":\"https:\/\/www.loadscan.com\/es\/#website\",\"url\":\"https:\/\/www.loadscan.com\/es\/\",\"name\":\"Loadscan\",\"description\":\"Certified accurate payload measurement\",\"publisher\":{\"@id\":\"https:\/\/www.loadscan.com\/es\/#organization\"},\"potentialAction\":[{\"@type\":\"SearchAction\",\"target\":{\"@type\":\"EntryPoint\",\"urlTemplate\":\"https:\/\/www.loadscan.com\/es\/?s={search_term_string}\"},\"query-input\":{\"@type\":\"PropertyValueSpecification\",\"valueRequired\":true,\"valueName\":\"search_term_string\"}}],\"inLanguage\":\"es\"},{\"@type\":\"Organization\",\"@id\":\"https:\/\/www.loadscan.com\/es\/#organization\",\"name\":\"Loadscan\u00ae Ltd\",\"url\":\"https:\/\/www.loadscan.com\/es\/\",\"logo\":{\"@type\":\"ImageObject\",\"inLanguage\":\"es\",\"@id\":\"https:\/\/www.loadscan.com\/es\/#\/schema\/logo\/image\/\",\"url\":\"https:\/\/www.loadscan.com\/wp-content\/uploads\/2020\/10\/Loadscan-logo-245.png\",\"contentUrl\":\"https:\/\/www.loadscan.com\/wp-content\/uploads\/2020\/10\/Loadscan-logo-245.png\",\"width\":245,\"height\":66,\"caption\":\"Loadscan\u00ae Ltd\"},\"image\":{\"@id\":\"https:\/\/www.loadscan.com\/es\/#\/schema\/logo\/image\/\"},\"sameAs\":[\"https:\/\/www.facebook.com\/loadscan\",\"https:\/\/x.com\/loadscan\",\"https:\/\/nz.linkedin.com\/company\/loadscan\"]}]}<\/script>\n<!-- \/ Yoast SEO plugin. -->","yoast_head_json":{"title":"API de integraci\u00f3n de Loadscan - Loadscan","robots":{"index":"index","follow":"follow","max-snippet":"max-snippet:-1","max-image-preview":"max-image-preview:large","max-video-preview":"max-video-preview:-1"},"canonical":"https:\/\/www.loadscan.com\/es\/api-de-integracion-de-loadscan\/","twitter_misc":{"Tiempo de lectura":"16 minutos"},"schema":{"@context":"https:\/\/schema.org","@graph":[{"@type":"WebPage","@id":"https:\/\/www.loadscan.com\/es\/api-de-integracion-de-loadscan\/","url":"https:\/\/www.loadscan.com\/es\/api-de-integracion-de-loadscan\/","name":"API de integraci\u00f3n de Loadscan - Loadscan","isPartOf":{"@id":"https:\/\/www.loadscan.com\/es\/#website"},"datePublished":"2024-05-07T01:15:42+00:00","dateModified":"2024-08-14T00:28:50+00:00","breadcrumb":{"@id":"https:\/\/www.loadscan.com\/es\/api-de-integracion-de-loadscan\/#breadcrumb"},"inLanguage":"es","potentialAction":[{"@type":"ReadAction","target":["https:\/\/www.loadscan.com\/es\/api-de-integracion-de-loadscan\/"]}]},{"@type":"BreadcrumbList","@id":"https:\/\/www.loadscan.com\/es\/api-de-integracion-de-loadscan\/#breadcrumb","itemListElement":[{"@type":"ListItem","position":1,"name":"Home","item":"https:\/\/www.loadscan.com\/es\/escaneres-de-volumen-de-carga-loadscan\/"},{"@type":"ListItem","position":2,"name":"API de integraci\u00f3n de Loadscan"}]},{"@type":"WebSite","@id":"https:\/\/www.loadscan.com\/es\/#website","url":"https:\/\/www.loadscan.com\/es\/","name":"Loadscan","description":"Certified accurate payload measurement","publisher":{"@id":"https:\/\/www.loadscan.com\/es\/#organization"},"potentialAction":[{"@type":"SearchAction","target":{"@type":"EntryPoint","urlTemplate":"https:\/\/www.loadscan.com\/es\/?s={search_term_string}"},"query-input":{"@type":"PropertyValueSpecification","valueRequired":true,"valueName":"search_term_string"}}],"inLanguage":"es"},{"@type":"Organization","@id":"https:\/\/www.loadscan.com\/es\/#organization","name":"Loadscan\u00ae Ltd","url":"https:\/\/www.loadscan.com\/es\/","logo":{"@type":"ImageObject","inLanguage":"es","@id":"https:\/\/www.loadscan.com\/es\/#\/schema\/logo\/image\/","url":"https:\/\/www.loadscan.com\/wp-content\/uploads\/2020\/10\/Loadscan-logo-245.png","contentUrl":"https:\/\/www.loadscan.com\/wp-content\/uploads\/2020\/10\/Loadscan-logo-245.png","width":245,"height":66,"caption":"Loadscan\u00ae Ltd"},"image":{"@id":"https:\/\/www.loadscan.com\/es\/#\/schema\/logo\/image\/"},"sameAs":["https:\/\/www.facebook.com\/loadscan","https:\/\/x.com\/loadscan","https:\/\/nz.linkedin.com\/company\/loadscan"]}]}},"_links":{"self":[{"href":"https:\/\/www.loadscan.com\/es\/wp-json\/wp\/v2\/pages\/34089","targetHints":{"allow":["GET"]}}],"collection":[{"href":"https:\/\/www.loadscan.com\/es\/wp-json\/wp\/v2\/pages"}],"about":[{"href":"https:\/\/www.loadscan.com\/es\/wp-json\/wp\/v2\/types\/page"}],"author":[{"embeddable":true,"href":"https:\/\/www.loadscan.com\/es\/wp-json\/wp\/v2\/users\/50"}],"replies":[{"embeddable":true,"href":"https:\/\/www.loadscan.com\/es\/wp-json\/wp\/v2\/comments?post=34089"}],"version-history":[{"count":1,"href":"https:\/\/www.loadscan.com\/es\/wp-json\/wp\/v2\/pages\/34089\/revisions"}],"predecessor-version":[{"id":34093,"href":"https:\/\/www.loadscan.com\/es\/wp-json\/wp\/v2\/pages\/34089\/revisions\/34093"}],"wp:attachment":[{"href":"https:\/\/www.loadscan.com\/es\/wp-json\/wp\/v2\/media?parent=34089"}],"curies":[{"name":"wp","href":"https:\/\/api.w.org\/{rel}","templated":true}]}}