{"id":34257,"date":"2023-06-19T13:34:42","date_gmt":"2023-06-19T01:34:42","guid":{"rendered":"https:\/\/www.loadscan.com\/politica-de-garantia-del-fabricante\/"},"modified":"2024-08-14T12:30:08","modified_gmt":"2024-08-14T00:30:08","slug":"politica-de-garantia-del-fabricante","status":"publish","type":"page","link":"https:\/\/www.loadscan.com\/es\/politica-de-garantia-del-fabricante\/","title":{"rendered":"Pol\u00edtica de garant\u00eda del fabricante"},"content":{"rendered":"<div class=\"fusion-fullwidth fullwidth-box fusion-builder-row-1 fusion-flex-container hundred-percent-fullwidth non-hundred-percent-height-scrolling\" style=\"--awb-border-radius-top-left:0px;--awb-border-radius-top-right:0px;--awb-border-radius-bottom-right:0px;--awb-border-radius-bottom-left:0px;--awb-padding-right:15%;--awb-padding-left:15%;--awb-padding-right-medium:10%;--awb-padding-left-medium:10%;--awb-padding-right-small:5%;--awb-padding-left-small:5%;--awb-flex-wrap:wrap;\" ><div class=\"fusion-builder-row fusion-row fusion-flex-align-items-flex-start fusion-flex-content-wrap\" style=\"width:104% !important;max-width:104% !important;margin-left: calc(-4% \/ 2 );margin-right: calc(-4% \/ 2 );\"><div class=\"fusion-layout-column fusion_builder_column fusion-builder-column-0 fusion_builder_column_1_1 1_1 fusion-flex-column\" style=\"--awb-bg-size:cover;--awb-width-large:100%;--awb-margin-top-large:0px;--awb-spacing-right-large:1.92%;--awb-margin-bottom-large:20px;--awb-spacing-left-large:1.92%;--awb-width-medium:100%;--awb-spacing-right-medium:1.92%;--awb-spacing-left-medium:1.92%;--awb-width-small:100%;--awb-spacing-right-small:1.92%;--awb-spacing-left-small:1.92%;\"><div class=\"fusion-column-wrapper fusion-column-has-shadow fusion-flex-justify-content-flex-start fusion-content-layout-column\"><div class=\"fusion-text fusion-text-1\"><div class=\"heading icon-left\">\n<h1 class=\"content-box-heading fusion-responsive-typography-calculated\">Garant\u00eda del fabricante LVS\/CVS\/MPS de Loadscan<\/h1>\n<\/div>\n<div class=\"content-container\">  \u00daltima actualizaci\u00f3n: 19 de junio de 2023  <\/div>\n<\/div><div class=\"fusion-text fusion-text-2\"><p>Este producto est\u00e1 garantizado contra defectos de fabricaci\u00f3n durante un periodo de 12 meses a partir de la fecha de instalaci\u00f3n.<br \/>\nEs necesario registrar la garant\u00eda a trav\u00e9s del sitio web para iniciar este proceso.<br \/>\nLa garant\u00eda s\u00f3lo cubre la sustituci\u00f3n o reparaci\u00f3n de cualquier pieza que falle como consecuencia de un fallo de fabricaci\u00f3n o montaje.<br \/>\nLas piezas defectuosas ser\u00e1n sustituidas o reparadas por LoadScan Ltd o su representante autorizado sin cargo alguno por mano de obra o materiales, con sujeci\u00f3n a las condiciones que se detallan a continuaci\u00f3n.<br \/>\nCondiciones de Garant\u00eda<br \/>\n1. Las piezas defectuosas se devolver\u00e1n, a elecci\u00f3n de LoadScan Ltd, a LoadScan o a su representante autorizado para su reparaci\u00f3n o sustituci\u00f3n.<br \/>\n2. El propietario es responsable de los gastos de manipulaci\u00f3n, transporte y seguro si es necesario devolver la pieza defectuosa para su reparaci\u00f3n.<br \/>\n3. Las reparaciones realizadas por personas que no sean LoadScan Ltd o personas autorizadas por LoadScan Ltd anulan la garant\u00eda.<br \/>\n4. Esta garant\u00eda no se extiende a los dispositivos accesorios o consumibles utilizados con el producto y no suministrados con el equipo original.<br \/>\n5. 5. Esta garant\u00eda no se extiende a defectos o lesiones causados por o resultantes de causas no atribuibles a piezas defectuosas o a la fabricaci\u00f3n del producto, incluyendo, pero sin limitarse a, defectos o lesiones causados por o resultantes de mal uso, abuso, negligencia, da\u00f1os accidentales, desgaste normal, voltaje inadecuado, choque mec\u00e1nico, derrame de l\u00edquidos, infestaci\u00f3n de bichos, software externo, conexi\u00f3n de dispositivos accesorios, dispositivos de alimentaci\u00f3n o consumibles distintos de los aprobados por LoadScan, o alteraciones realizadas en el producto que no est\u00e9n autorizadas por LoadScan Ltd.<br \/>\nEsta garant\u00eda es adicional a las condiciones y garant\u00edas obligatorias impl\u00edcitas en las leyes y reglamentos del pa\u00eds\/estado de venta.<br \/>\nNo obstante, en la medida en que lo permita dicha legislaci\u00f3n, LoadScan Ltd excluye toda responsabilidad por cualquier da\u00f1o indirecto o consecuente que pueda derivarse de la utilizaci\u00f3n del producto.<\/p>\n<\/div><\/div><\/div><\/div><\/div>\n","protected":false},"excerpt":{"rendered":"","protected":false},"author":25,"featured_media":0,"parent":0,"menu_order":0,"comment_status":"closed","ping_status":"closed","template":"100-width.php","meta":{"content-type":"","footnotes":""},"class_list":["post-34257","page","type-page","status-publish","hentry"],"yoast_head":"<!-- This site is optimized with the Yoast SEO plugin v27.2 - https:\/\/yoast.com\/product\/yoast-seo-wordpress\/ -->\n<title>Pol\u00edtica de garant\u00eda del fabricante - Loadscan<\/title>\n<meta name=\"robots\" content=\"index, follow, max-snippet:-1, max-image-preview:large, max-video-preview:-1\" \/>\n<link rel=\"canonical\" href=\"https:\/\/www.loadscan.com\/es\/politica-de-garantia-del-fabricante\/\" \/>\n<meta name=\"twitter:label1\" content=\"Tiempo de lectura\" \/>\n\t<meta name=\"twitter:data1\" content=\"5 minutos\" \/>\n<script type=\"application\/ld+json\" class=\"yoast-schema-graph\">{\"@context\":\"https:\/\/schema.org\",\"@graph\":[{\"@type\":\"WebPage\",\"@id\":\"https:\/\/www.loadscan.com\/es\/politica-de-garantia-del-fabricante\/\",\"url\":\"https:\/\/www.loadscan.com\/es\/politica-de-garantia-del-fabricante\/\",\"name\":\"Pol\u00edtica de garant\u00eda del fabricante - Loadscan\",\"isPartOf\":{\"@id\":\"https:\/\/www.loadscan.com\/es\/#website\"},\"datePublished\":\"2023-06-19T01:34:42+00:00\",\"dateModified\":\"2024-08-14T00:30:08+00:00\",\"breadcrumb\":{\"@id\":\"https:\/\/www.loadscan.com\/es\/politica-de-garantia-del-fabricante\/#breadcrumb\"},\"inLanguage\":\"es\",\"potentialAction\":[{\"@type\":\"ReadAction\",\"target\":[\"https:\/\/www.loadscan.com\/es\/politica-de-garantia-del-fabricante\/\"]}]},{\"@type\":\"BreadcrumbList\",\"@id\":\"https:\/\/www.loadscan.com\/es\/politica-de-garantia-del-fabricante\/#breadcrumb\",\"itemListElement\":[{\"@type\":\"ListItem\",\"position\":1,\"name\":\"Home\",\"item\":\"https:\/\/www.loadscan.com\/es\/escaneres-de-volumen-de-carga-loadscan\/\"},{\"@type\":\"ListItem\",\"position\":2,\"name\":\"Pol\u00edtica de garant\u00eda del fabricante\"}]},{\"@type\":\"WebSite\",\"@id\":\"https:\/\/www.loadscan.com\/es\/#website\",\"url\":\"https:\/\/www.loadscan.com\/es\/\",\"name\":\"Loadscan\",\"description\":\"Certified accurate payload measurement\",\"publisher\":{\"@id\":\"https:\/\/www.loadscan.com\/es\/#organization\"},\"potentialAction\":[{\"@type\":\"SearchAction\",\"target\":{\"@type\":\"EntryPoint\",\"urlTemplate\":\"https:\/\/www.loadscan.com\/es\/?s={search_term_string}\"},\"query-input\":{\"@type\":\"PropertyValueSpecification\",\"valueRequired\":true,\"valueName\":\"search_term_string\"}}],\"inLanguage\":\"es\"},{\"@type\":\"Organization\",\"@id\":\"https:\/\/www.loadscan.com\/es\/#organization\",\"name\":\"Loadscan\u00ae Ltd\",\"url\":\"https:\/\/www.loadscan.com\/es\/\",\"logo\":{\"@type\":\"ImageObject\",\"inLanguage\":\"es\",\"@id\":\"https:\/\/www.loadscan.com\/es\/#\/schema\/logo\/image\/\",\"url\":\"https:\/\/www.loadscan.com\/wp-content\/uploads\/2020\/10\/Loadscan-logo-245.png\",\"contentUrl\":\"https:\/\/www.loadscan.com\/wp-content\/uploads\/2020\/10\/Loadscan-logo-245.png\",\"width\":245,\"height\":66,\"caption\":\"Loadscan\u00ae Ltd\"},\"image\":{\"@id\":\"https:\/\/www.loadscan.com\/es\/#\/schema\/logo\/image\/\"},\"sameAs\":[\"https:\/\/www.facebook.com\/loadscan\",\"https:\/\/x.com\/loadscan\",\"https:\/\/nz.linkedin.com\/company\/loadscan\"]}]}<\/script>\n<!-- \/ Yoast SEO plugin. -->","yoast_head_json":{"title":"Pol\u00edtica de garant\u00eda del fabricante - Loadscan","robots":{"index":"index","follow":"follow","max-snippet":"max-snippet:-1","max-image-preview":"max-image-preview:large","max-video-preview":"max-video-preview:-1"},"canonical":"https:\/\/www.loadscan.com\/es\/politica-de-garantia-del-fabricante\/","twitter_misc":{"Tiempo de lectura":"5 minutos"},"schema":{"@context":"https:\/\/schema.org","@graph":[{"@type":"WebPage","@id":"https:\/\/www.loadscan.com\/es\/politica-de-garantia-del-fabricante\/","url":"https:\/\/www.loadscan.com\/es\/politica-de-garantia-del-fabricante\/","name":"Pol\u00edtica de garant\u00eda del fabricante - Loadscan","isPartOf":{"@id":"https:\/\/www.loadscan.com\/es\/#website"},"datePublished":"2023-06-19T01:34:42+00:00","dateModified":"2024-08-14T00:30:08+00:00","breadcrumb":{"@id":"https:\/\/www.loadscan.com\/es\/politica-de-garantia-del-fabricante\/#breadcrumb"},"inLanguage":"es","potentialAction":[{"@type":"ReadAction","target":["https:\/\/www.loadscan.com\/es\/politica-de-garantia-del-fabricante\/"]}]},{"@type":"BreadcrumbList","@id":"https:\/\/www.loadscan.com\/es\/politica-de-garantia-del-fabricante\/#breadcrumb","itemListElement":[{"@type":"ListItem","position":1,"name":"Home","item":"https:\/\/www.loadscan.com\/es\/escaneres-de-volumen-de-carga-loadscan\/"},{"@type":"ListItem","position":2,"name":"Pol\u00edtica de garant\u00eda del fabricante"}]},{"@type":"WebSite","@id":"https:\/\/www.loadscan.com\/es\/#website","url":"https:\/\/www.loadscan.com\/es\/","name":"Loadscan","description":"Certified accurate payload measurement","publisher":{"@id":"https:\/\/www.loadscan.com\/es\/#organization"},"potentialAction":[{"@type":"SearchAction","target":{"@type":"EntryPoint","urlTemplate":"https:\/\/www.loadscan.com\/es\/?s={search_term_string}"},"query-input":{"@type":"PropertyValueSpecification","valueRequired":true,"valueName":"search_term_string"}}],"inLanguage":"es"},{"@type":"Organization","@id":"https:\/\/www.loadscan.com\/es\/#organization","name":"Loadscan\u00ae Ltd","url":"https:\/\/www.loadscan.com\/es\/","logo":{"@type":"ImageObject","inLanguage":"es","@id":"https:\/\/www.loadscan.com\/es\/#\/schema\/logo\/image\/","url":"https:\/\/www.loadscan.com\/wp-content\/uploads\/2020\/10\/Loadscan-logo-245.png","contentUrl":"https:\/\/www.loadscan.com\/wp-content\/uploads\/2020\/10\/Loadscan-logo-245.png","width":245,"height":66,"caption":"Loadscan\u00ae Ltd"},"image":{"@id":"https:\/\/www.loadscan.com\/es\/#\/schema\/logo\/image\/"},"sameAs":["https:\/\/www.facebook.com\/loadscan","https:\/\/x.com\/loadscan","https:\/\/nz.linkedin.com\/company\/loadscan"]}]}},"_links":{"self":[{"href":"https:\/\/www.loadscan.com\/es\/wp-json\/wp\/v2\/pages\/34257","targetHints":{"allow":["GET"]}}],"collection":[{"href":"https:\/\/www.loadscan.com\/es\/wp-json\/wp\/v2\/pages"}],"about":[{"href":"https:\/\/www.loadscan.com\/es\/wp-json\/wp\/v2\/types\/page"}],"author":[{"embeddable":true,"href":"https:\/\/www.loadscan.com\/es\/wp-json\/wp\/v2\/users\/25"}],"replies":[{"embeddable":true,"href":"https:\/\/www.loadscan.com\/es\/wp-json\/wp\/v2\/comments?post=34257"}],"version-history":[{"count":8,"href":"https:\/\/www.loadscan.com\/es\/wp-json\/wp\/v2\/pages\/34257\/revisions"}],"predecessor-version":[{"id":34288,"href":"https:\/\/www.loadscan.com\/es\/wp-json\/wp\/v2\/pages\/34257\/revisions\/34288"}],"wp:attachment":[{"href":"https:\/\/www.loadscan.com\/es\/wp-json\/wp\/v2\/media?parent=34257"}],"curies":[{"name":"wp","href":"https:\/\/api.w.org\/{rel}","templated":true}]}}