{"id":34331,"date":"2022-11-02T12:50:04","date_gmt":"2022-11-01T23:50:04","guid":{"rendered":"https:\/\/www.loadscan.com\/contrato-de-servicio-y-asistencia\/"},"modified":"2024-08-14T12:30:20","modified_gmt":"2024-08-14T00:30:20","slug":"contrato-de-servicio-y-asistencia","status":"publish","type":"page","link":"https:\/\/www.loadscan.com\/es\/contrato-de-servicio-y-asistencia\/","title":{"rendered":"Contrato de servicio y asistencia"},"content":{"rendered":"<p><div class=\"fusion-fullwidth fullwidth-box fusion-builder-row-1 fusion-flex-container has-pattern-background has-mask-background hundred-percent-fullwidth non-hundred-percent-height-scrolling\" style=\"--awb-border-radius-top-left:0px;--awb-border-radius-top-right:0px;--awb-border-radius-bottom-right:0px;--awb-border-radius-bottom-left:0px;--awb-padding-right:15%;--awb-padding-left:15%;--awb-flex-wrap:wrap;\" ><div class=\"fusion-builder-row fusion-row fusion-flex-align-items-flex-start fusion-flex-content-wrap\" style=\"width:104% !important;max-width:104% !important;margin-left: calc(-4% \/ 2 );margin-right: calc(-4% \/ 2 );\"><div class=\"fusion-layout-column fusion_builder_column fusion-builder-column-0 fusion_builder_column_1_1 1_1 fusion-flex-column\" style=\"--awb-bg-size:cover;--awb-width-large:100%;--awb-margin-top-large:0px;--awb-spacing-right-large:1.92%;--awb-margin-bottom-large:20px;--awb-spacing-left-large:1.92%;--awb-width-medium:100%;--awb-order-medium:0;--awb-spacing-right-medium:1.92%;--awb-spacing-left-medium:1.92%;--awb-width-small:100%;--awb-order-small:0;--awb-spacing-right-small:1.92%;--awb-spacing-left-small:1.92%;\"><div class=\"fusion-column-wrapper fusion-column-has-shadow fusion-flex-justify-content-flex-start fusion-content-layout-column\"><div class=\"fusion-title title fusion-title-1 sep-underline sep-solid fusion-title-text fusion-title-size-one\" style=\"--awb-margin-top-small:0px;--awb-margin-right-small:0px;--awb-margin-bottom-small:20px;--awb-margin-left-small:0px;\"><h1 class=\"fusion-title-heading title-heading-left fusion-responsive-typography-calculated\" style=\"margin:0;--fontSize:60;line-height:1.0;\">Suscripci\u00f3n anual de servicio y asistencia a MyScanner<\/h1><\/div><\/div><\/div><div class=\"fusion-layout-column fusion_builder_column fusion-builder-column-1 fusion_builder_column_1_2 1_2 fusion-flex-column\" style=\"--awb-bg-size:cover;--awb-width-large:50%;--awb-margin-top-large:0px;--awb-spacing-right-large:3.84%;--awb-margin-bottom-large:20px;--awb-spacing-left-large:3.84%;--awb-width-medium:50%;--awb-order-medium:0;--awb-spacing-right-medium:3.84%;--awb-spacing-left-medium:3.84%;--awb-width-small:100%;--awb-order-small:0;--awb-spacing-right-small:1.92%;--awb-spacing-left-small:1.92%;\"><div class=\"fusion-column-wrapper fusion-column-has-shadow fusion-flex-justify-content-flex-start fusion-content-layout-column\"><div class=\"fusion-text fusion-text-1\"><h2>Lo que obtienes<\/h2>\n<p><strong>Acceso a MyScanner que incluye:<\/strong><\/p>\n<ul>\n<li>Acceso seguro en tiempo real a todos tus registros de escaneado LVS\/MPS en la nube.<\/li>\n<li>Perfil de carga 3D de las exploraciones*.<\/li>\n<li>Acceso de control remoto de tus sistemas LVS\/MPS sobre el terreno.<\/li>\n<li>Panel de control en tiempo real que proporciona una vista resumida de la actividad de cada esc\u00e1ner e identifica errores y advertencias.<\/li>\n<li>La posibilidad de exportar los datos de escaneado en formatos compatibles y ver y representar gr\u00e1ficamente los datos hist\u00f3ricos para obtener una visi\u00f3n m\u00e1s profunda que nunca.<\/li>\n<li>Editar y a\u00f1adir registros de escaneado manual.<\/li>\n<li>Acceso completo a la API de MyScanner, que te permite integrarte con aplicaciones de terceros como ERP, software de venta de entradas, contabilidad y facturaci\u00f3n.<\/li>\n<\/ul>\n<p>  *Hardware LVS\/MPS compatible necesario para los perfiles 3D de los escaneados <strong>Soporte que incluye:<\/strong><\/p>\n<ul>\n<li>Acceso a asistencia remota con tiempos de respuesta y resoluci\u00f3n SLA est\u00e1ndar del sector.<\/li>\n<li>Diagn\u00f3stico remoto del hardware suministrado por Loadscan.<\/li>\n<li>Diagn\u00f3stico remoto del software suministrado por Loadscan.<\/li>\n<li>Diagn\u00f3stico remoto de piezas en garant\u00eda.<\/li>\n<li>Actualizaciones de software integradas para tu sistema LVS\/MPS.<\/li>\n<li>Correcciones remotas de software y cambios en la configuraci\u00f3n del sistema.<\/li>\n<li>Correcci\u00f3n de errores.<\/li>\n<li>Acceso a las FAQ y al portal de asistencia.<\/li>\n<\/ul>\n<\/div><\/div><\/div><div class=\"fusion-layout-column fusion_builder_column fusion-builder-column-2 fusion_builder_column_1_2 1_2 fusion-flex-column\" style=\"--awb-bg-size:cover;--awb-width-large:50%;--awb-margin-top-large:0px;--awb-spacing-right-large:3.84%;--awb-margin-bottom-large:20px;--awb-spacing-left-large:3.84%;--awb-width-medium:50%;--awb-order-medium:0;--awb-spacing-right-medium:3.84%;--awb-spacing-left-medium:3.84%;--awb-width-small:100%;--awb-order-small:0;--awb-spacing-right-small:1.92%;--awb-spacing-left-small:1.92%;\"><div class=\"fusion-column-wrapper fusion-column-has-shadow fusion-flex-justify-content-flex-start fusion-content-layout-column\"><div class=\"fusion-text fusion-text-2\"><h2>Lo que no entiendo&#8230;<\/h2>\n<p><strong>Apoyo de:<\/strong><\/p>\n<ul>\n<li>Aplicaciones de terceros, es decir, software no suministrado por Loadscan.<\/li>\n<li>Problemas del entorno inform\u00e1tico: incluye la red de \u00e1rea local (LAN) del cliente, problemas del sistema operativo del cliente, problemas del navegador.<\/li>\n<li>Cualquier visita in situ para diagn\u00f3stico de hardware o software.<\/li>\n<li>Cualquier formaci\u00f3n.<\/li>\n<li>Problemas de red del cliente: conectividad con el LVS\/MPS desde la red de tu empresa.<\/li>\n<li>Conectividad m\u00f3vil\/celular del cliente y resoluci\u00f3n de problemas si tu dispositivo o esc\u00e1ner utiliza una conexi\u00f3n celular.<\/li>\n<li>Soporte de dispositivos cliente &#8211; PC\/port\u00e1til\/tableta\/tel\u00e9fono.<\/li>\n<li>Todos los costes de las visitas in situ se cobran seg\u00fan las tarifas estipuladas en nuestro Contrato de Servicio y Asistencia.<\/li>\n<\/ul>\n<\/div><\/div><\/div><div class=\"fusion-layout-column fusion_builder_column fusion-builder-column-3 fusion_builder_column_1_1 1_1 fusion-flex-column\" style=\"--awb-bg-size:cover;--awb-width-large:100%;--awb-margin-top-large:0px;--awb-spacing-right-large:1.92%;--awb-margin-bottom-large:20px;--awb-spacing-left-large:1.92%;--awb-width-medium:100%;--awb-order-medium:0;--awb-spacing-right-medium:1.92%;--awb-spacing-left-medium:1.92%;--awb-width-small:100%;--awb-order-small:0;--awb-spacing-right-small:1.92%;--awb-spacing-left-small:1.92%;\"><div class=\"fusion-column-wrapper fusion-column-has-shadow fusion-flex-justify-content-flex-start fusion-content-layout-column\">\n<div class=\"table-2\">\n<table width=\"100%\">\n<thead>\n<tr>\n<th align=\"left\"><b>Servicio\/Apoyo<\/b><\/th>\n<th style=\"text-align: left;\" align=\"left\"><b>Incluido<\/b><\/th>\n<th style=\"text-align: left;\" align=\"left\"><b>Excluido<\/b><\/th>\n<th align=\"left\">Descripci\u00f3n<\/th>\n<\/tr>\n<\/thead>\n<tbody>\n<tr>\n<td align=\"left\"><b>Acceso a MyScanner<\/b><\/td>\n<td align=\"left\"><i class=\"fb-icon-element-1 fb-icon-element fontawesome-icon fa-check-circle far circle-no\" style=\"--awb-font-size:16px;--awb-margin-top:0;--awb-margin-right:0;--awb-margin-bottom:0;--awb-margin-left:0;--awb-align-self:center;\"><\/i><\/td>\n<td align=\"left\"><\/td>\n<td align=\"left\">Haz clic <a href=\"https:\/\/www.loadscan.com\/es\/soluciones-tecnologicas-de-escaneado\/servicio-en-la-nube-myscanner\/\">aqu\u00ed<\/a> para ver las caracter\u00edsticas de MyScanner.<\/td>\n<\/tr>\n<tr>\n<td align=\"left\"><b>Complementos de MyScanner<\/b><\/td>\n<td align=\"left\"><i class=\"fb-icon-element-2 fb-icon-element fontawesome-icon fa-check-circle far circle-no\" style=\"--awb-font-size:16px;--awb-margin-top:0;--awb-margin-right:0;--awb-margin-bottom:0;--awb-margin-left:0;--awb-align-self:center;\"><\/i><\/td>\n<td align=\"left\"><\/td>\n<td align=\"left\">Compatibilidad con los complementos de MyScanner, siempre que la suscripci\u00f3n al complemento est\u00e9 activa.<\/td>\n<\/tr>\n<tr>\n<td align=\"left\"><b>Acceso a Soporte Remoto<\/b><\/td>\n<td align=\"left\"><i class=\"fb-icon-element-3 fb-icon-element fontawesome-icon fa-check-circle far circle-no\" style=\"--awb-font-size:16px;--awb-margin-top:0;--awb-margin-right:0;--awb-margin-bottom:0;--awb-margin-left:0;--awb-align-self:center;\"><\/i><\/td>\n<td align=\"left\"><\/td>\n<td align=\"left\">Registrando un ticket de soporte a trav\u00e9s de uno de nuestros canales de soporte aprobados.<\/td>\n<\/tr>\n<tr>\n<td align=\"left\"><strong>Diagn\u00f3stico a distancia &#8211; Software<\/strong><\/td>\n<td align=\"left\"><i class=\"fb-icon-element-4 fb-icon-element fontawesome-icon fa-check-circle far circle-no\" style=\"--awb-font-size:16px;--awb-margin-top:0;--awb-margin-right:0;--awb-margin-bottom:0;--awb-margin-left:0;--awb-align-self:center;\"><\/i><\/td>\n<td align=\"left\"><\/td>\n<td align=\"left\">Diagn\u00f3stico remoto de cualquier problema de software que se registre.<\/td>\n<\/tr>\n<tr>\n<td align=\"left\"><strong>Diagn\u00f3stico a distancia &#8211; Hardware<\/strong><\/td>\n<td align=\"left\"><i class=\"fb-icon-element-5 fb-icon-element fontawesome-icon fa-check-circle far circle-no\" style=\"--awb-font-size:16px;--awb-margin-top:0;--awb-margin-right:0;--awb-margin-bottom:0;--awb-margin-left:0;--awb-align-self:center;\"><\/i><\/td>\n<td align=\"left\"><\/td>\n<td align=\"left\">Diagn\u00f3stico remoto de cualquier problema de hardware que se registre.<\/td>\n<\/tr>\n<tr>\n<td align=\"left\"><strong>Diagn\u00f3stico remoto de piezas en garant\u00eda<\/strong><\/td>\n<td align=\"left\"><i class=\"fb-icon-element-6 fb-icon-element fontawesome-icon fa-check-circle far circle-no\" style=\"--awb-font-size:16px;--awb-margin-top:0;--awb-margin-right:0;--awb-margin-bottom:0;--awb-margin-left:0;--awb-align-self:center;\"><\/i><\/td>\n<td align=\"left\"><\/td>\n<td align=\"left\">Diagn\u00f3stico remoto de una pieza de hardware de tu sistema LVS\/MPS que a\u00fan est\u00e1 cubierta por la garant\u00eda.<\/td>\n<\/tr>\n<tr>\n<td align=\"left\"><strong>Actualizaciones de software integradas para tu LVS\/MPS<\/strong><\/td>\n<td align=\"left\"><i class=\"fb-icon-element-7 fb-icon-element fontawesome-icon fa-check-circle far circle-no\" style=\"--awb-font-size:16px;--awb-margin-top:0;--awb-margin-right:0;--awb-margin-bottom:0;--awb-margin-left:0;--awb-align-self:center;\"><\/i><\/td>\n<td align=\"left\"><\/td>\n<td align=\"left\">Las \u00faltimas versiones del software integrado para tu sistema LVS\/MPS.<br \/>\nPuedes descargarlas e instalarlas t\u00fa mismo o uno de nuestros t\u00e9cnicos puede instalarlas a distancia si la conexi\u00f3n de red lo permite.<br \/>\nLas actualizaciones in situ tienen un coste adicional.  <\/td>\n<\/tr>\n<tr>\n<td align=\"left\"><strong>Correcciones remotas de software y cambios en la configuraci\u00f3n del sistema<\/strong><\/td>\n<td align=\"left\"><i class=\"fb-icon-element-8 fb-icon-element fontawesome-icon fa-check-circle far circle-no\" style=\"--awb-font-size:16px;--awb-margin-top:0;--awb-margin-right:0;--awb-margin-bottom:0;--awb-margin-left:0;--awb-align-self:center;\"><\/i><\/td>\n<td align=\"left\"><\/td>\n<td align=\"left\">Cambios de ajustes remotos y correcciones de software que se aplican a tu sistema LVS\/MPS.<\/td>\n<\/tr>\n<tr>\n<td align=\"left\"><strong>Correcci\u00f3n de errores<\/strong><\/td>\n<td align=\"left\"><i class=\"fb-icon-element-9 fb-icon-element fontawesome-icon fa-check-circle far circle-no\" style=\"--awb-font-size:16px;--awb-margin-top:0;--awb-margin-right:0;--awb-margin-bottom:0;--awb-margin-left:0;--awb-align-self:center;\"><\/i><\/td>\n<td align=\"left\"><\/td>\n<td align=\"left\">Implantaci\u00f3n remota de software para solucionar un problema debido a un error en el software.<\/td>\n<\/tr>\n<tr>\n<td align=\"left\"><strong>Acceso al portal de asistencia y a las FAQ<\/strong><\/td>\n<td align=\"left\"><i class=\"fb-icon-element-10 fb-icon-element fontawesome-icon fa-check-circle far circle-no\" style=\"--awb-font-size:16px;--awb-margin-top:0;--awb-margin-right:0;--awb-margin-bottom:0;--awb-margin-left:0;--awb-align-self:center;\"><\/i><\/td>\n<td align=\"left\"><\/td>\n<td align=\"left\">Acceso ininterrumpido al portal de asistencia de Loadscan, que incluye una secci\u00f3n de preguntas frecuentes.<\/td>\n<\/tr>\n<tr>\n<td align=\"left\"><strong>Soporte de aplicaciones de terceros<\/strong><\/td>\n<td align=\"left\"><\/td>\n<td align=\"left\"><i class=\"fb-icon-element-11 fb-icon-element fontawesome-icon fa-times-circle far circle-no\" style=\"--awb-font-size:16px;--awb-margin-top:0;--awb-margin-right:0;--awb-margin-bottom:0;--awb-margin-left:0;--awb-align-self:center;\"><\/i><\/td>\n<td align=\"left\">Cualquier software no suministrado por Loadscan no est\u00e1 cubierto.<\/td>\n<\/tr>\n<tr>\n<td align=\"left\"><strong>Problemas del entorno inform\u00e1tico<\/strong><\/td>\n<td align=\"left\"><\/td>\n<td align=\"left\"><i class=\"fb-icon-element-12 fb-icon-element fontawesome-icon fa-times-circle far circle-no\" style=\"--awb-font-size:16px;--awb-margin-top:0;--awb-margin-right:0;--awb-margin-bottom:0;--awb-margin-left:0;--awb-align-self:center;\"><\/i><\/td>\n<td align=\"left\">Esto incluye la Red de \u00c1rea Local (LAN) del cliente, problemas del sistema operativo del cliente, problemas del navegador.<\/td>\n<\/tr>\n<tr>\n<td align=\"left\"><strong>Visitas in situ para diagn\u00f3stico de Hardware\/Software<\/strong><\/td>\n<td align=\"left\"><\/td>\n<td align=\"left\"><i class=\"fb-icon-element-13 fb-icon-element fontawesome-icon fa-times-circle far circle-no\" style=\"--awb-font-size:16px;--awb-margin-top:0;--awb-margin-right:0;--awb-margin-bottom:0;--awb-margin-left:0;--awb-align-self:center;\"><\/i><\/td>\n<td align=\"left\">Cualquier visita in situ de un t\u00e9cnico, incluso para reparaciones en garant\u00eda, se cobrar\u00e1 seg\u00fan las tarifas est\u00e1ndar para t\u00e9cnicos que puedes consultar en esta p\u00e1gina.<\/td>\n<\/tr>\n<tr>\n<td align=\"left\"><strong>Formaci\u00f3n<\/strong><\/td>\n<td align=\"left\"><\/td>\n<td align=\"left\"><i class=\"fb-icon-element-14 fb-icon-element fontawesome-icon fa-times-circle far circle-no\" style=\"--awb-font-size:16px;--awb-margin-top:0;--awb-margin-right:0;--awb-margin-bottom:0;--awb-margin-left:0;--awb-align-self:center;\"><\/i><\/td>\n<td align=\"left\">Despu\u00e9s de la formaci\u00f3n inicial, que se imparte al instalar tu equipo, se cobrar\u00e1n todas las sesiones de formaci\u00f3n posteriores.<\/td>\n<\/tr>\n<tr>\n<td align=\"left\"><strong>Problemas de red<\/strong><\/td>\n<td align=\"left\"><\/td>\n<td align=\"left\"><i class=\"fb-icon-element-15 fb-icon-element fontawesome-icon fa-times-circle far circle-no\" style=\"--awb-font-size:16px;--awb-margin-top:0;--awb-margin-right:0;--awb-margin-bottom:0;--awb-margin-left:0;--awb-align-self:center;\"><\/i><\/td>\n<td align=\"left\">Conectividad al LVS\/MPS desde la red de tu empresa.<\/td>\n<\/tr>\n<tr>\n<td align=\"left\"><strong>Conectividad m\u00f3vil\/celular del cliente<\/strong><\/td>\n<td align=\"left\"><\/td>\n<td align=\"left\"><i class=\"fb-icon-element-16 fb-icon-element fontawesome-icon fa-times-circle far circle-no\" style=\"--awb-font-size:16px;--awb-margin-top:0;--awb-margin-right:0;--awb-margin-bottom:0;--awb-margin-left:0;--awb-align-self:center;\"><\/i><\/td>\n<td align=\"left\">Los problemas de conectividad celular y la soluci\u00f3n de estos problemas conllevar\u00e1n un cargo.<\/td>\n<\/tr>\n<tr>\n<td align=\"left\"><strong>Compatibilidad con dispositivos cliente<\/strong><\/td>\n<td align=\"left\"><\/td>\n<td align=\"left\"><i class=\"fb-icon-element-17 fb-icon-element fontawesome-icon fa-times-circle far circle-no\" style=\"--awb-font-size:16px;--awb-margin-top:0;--awb-margin-right:0;--awb-margin-bottom:0;--awb-margin-left:0;--awb-align-self:center;\"><\/i><\/td>\n<td align=\"left\">No se incluye ning\u00fan soporte para PC\/port\u00e1til\/tableta\/tel\u00e9fono m\u00f3vil.<\/td>\n<\/tr>\n<tr>\n<td align=\"left\"><strong>Visitas al lugar<\/strong><\/td>\n<td align=\"left\"><\/td>\n<td align=\"left\"><i class=\"fb-icon-element-18 fb-icon-element fontawesome-icon fa-times-circle far circle-no\" style=\"--awb-font-size:16px;--awb-margin-top:0;--awb-margin-right:0;--awb-margin-bottom:0;--awb-margin-left:0;--awb-align-self:center;\"><\/i><\/td>\n<td align=\"left\">Todos los costes de las visitas in situ se cobran seg\u00fan las tarifas estipuladas en el <a href=\"https:\/\/www.loadscan.com\/es\/contrato-de-servicio-y-asistencia\/\">Contrato de Servicio y Asistencia<\/a>.<\/td>\n<\/tr>\n<\/tbody>\n<\/table>\n<\/div>\n<\/div><\/div><\/div><\/div><div class=\"fusion-fullwidth fullwidth-box fusion-builder-row-2 fusion-flex-container has-pattern-background has-mask-background hundred-percent-fullwidth non-hundred-percent-height-scrolling\" style=\"--awb-border-radius-top-left:0px;--awb-border-radius-top-right:0px;--awb-border-radius-bottom-right:0px;--awb-border-radius-bottom-left:0px;--awb-padding-right:15%;--awb-padding-left:15%;--awb-padding-right-medium:10%;--awb-padding-left-medium:10%;--awb-padding-right-small:5%;--awb-padding-left-small:5%;--awb-flex-wrap:wrap;\" ><div class=\"fusion-builder-row fusion-row fusion-flex-align-items-flex-start fusion-flex-content-wrap\" style=\"width:104% !important;max-width:104% !important;margin-left: calc(-4% \/ 2 );margin-right: calc(-4% \/ 2 );\"><div class=\"fusion-layout-column fusion_builder_column fusion-builder-column-4 fusion_builder_column_1_1 1_1 fusion-flex-column\" style=\"--awb-bg-size:cover;--awb-width-large:100%;--awb-margin-top-large:0px;--awb-spacing-right-large:1.92%;--awb-margin-bottom-large:20px;--awb-spacing-left-large:1.92%;--awb-width-medium:100%;--awb-spacing-right-medium:1.92%;--awb-spacing-left-medium:1.92%;--awb-width-small:100%;--awb-spacing-right-small:1.92%;--awb-spacing-left-small:1.92%;\"><div class=\"fusion-column-wrapper fusion-column-has-shadow fusion-flex-justify-content-flex-start fusion-content-layout-column\"><div class=\"fusion-separator fusion-full-width-sep\" style=\"align-self: center;margin-left: auto;margin-right: auto;margin-top:50px;width:100%;\"><\/div><div class=\"fusion-text fusion-text-3\"><div class=\"heading icon-left\">\n<h1 class=\"content-box-heading fusion-responsive-typography-calculated\">Contrato de servicio y asistencia<\/h1>\n<\/div>\n<div class=\"content-container\">\n<h6>\u00daltima actualizaci\u00f3n en julio de 2022<\/h6>\n<p>  Haz clic<br \/>\n<a href=\"https:\/\/www.loadscan.com\/wp-content\/uploads\/2024\/04\/Loadscan-Service-Support-Agreement-07-22.pdf\">aqu\u00ed<\/a> para ver el \u00faltimo contrato de servicio y asistencia   <\/div>\n<\/div><\/div><\/div><\/div><\/div><\/p>\n","protected":false},"excerpt":{"rendered":"","protected":false},"author":25,"featured_media":0,"parent":0,"menu_order":0,"comment_status":"closed","ping_status":"closed","template":"100-width.php","meta":{"content-type":"","footnotes":""},"class_list":["post-34331","page","type-page","status-publish","hentry"],"yoast_head":"<!-- This site is optimized with the Yoast SEO plugin v27.2 - https:\/\/yoast.com\/product\/yoast-seo-wordpress\/ -->\n<title>Contrato de servicio y asistencia - Loadscan<\/title>\n<meta name=\"robots\" content=\"index, follow, max-snippet:-1, max-image-preview:large, max-video-preview:-1\" \/>\n<link rel=\"canonical\" href=\"https:\/\/www.loadscan.com\/es\/contrato-de-servicio-y-asistencia\/\" \/>\n<meta name=\"twitter:label1\" content=\"Tiempo de lectura\" \/>\n\t<meta name=\"twitter:data1\" content=\"30 minutos\" \/>\n<script type=\"application\/ld+json\" class=\"yoast-schema-graph\">{\"@context\":\"https:\/\/schema.org\",\"@graph\":[{\"@type\":\"WebPage\",\"@id\":\"https:\/\/www.loadscan.com\/es\/contrato-de-servicio-y-asistencia\/\",\"url\":\"https:\/\/www.loadscan.com\/es\/contrato-de-servicio-y-asistencia\/\",\"name\":\"Contrato de servicio y asistencia - Loadscan\",\"isPartOf\":{\"@id\":\"https:\/\/www.loadscan.com\/es\/#website\"},\"datePublished\":\"2022-11-01T23:50:04+00:00\",\"dateModified\":\"2024-08-14T00:30:20+00:00\",\"breadcrumb\":{\"@id\":\"https:\/\/www.loadscan.com\/es\/contrato-de-servicio-y-asistencia\/#breadcrumb\"},\"inLanguage\":\"es\",\"potentialAction\":[{\"@type\":\"ReadAction\",\"target\":[\"https:\/\/www.loadscan.com\/es\/contrato-de-servicio-y-asistencia\/\"]}]},{\"@type\":\"BreadcrumbList\",\"@id\":\"https:\/\/www.loadscan.com\/es\/contrato-de-servicio-y-asistencia\/#breadcrumb\",\"itemListElement\":[{\"@type\":\"ListItem\",\"position\":1,\"name\":\"Home\",\"item\":\"https:\/\/www.loadscan.com\/es\/escaneres-de-volumen-de-carga-loadscan\/\"},{\"@type\":\"ListItem\",\"position\":2,\"name\":\"Contrato de servicio y asistencia\"}]},{\"@type\":\"WebSite\",\"@id\":\"https:\/\/www.loadscan.com\/es\/#website\",\"url\":\"https:\/\/www.loadscan.com\/es\/\",\"name\":\"Loadscan\",\"description\":\"Certified accurate payload measurement\",\"publisher\":{\"@id\":\"https:\/\/www.loadscan.com\/es\/#organization\"},\"potentialAction\":[{\"@type\":\"SearchAction\",\"target\":{\"@type\":\"EntryPoint\",\"urlTemplate\":\"https:\/\/www.loadscan.com\/es\/?s={search_term_string}\"},\"query-input\":{\"@type\":\"PropertyValueSpecification\",\"valueRequired\":true,\"valueName\":\"search_term_string\"}}],\"inLanguage\":\"es\"},{\"@type\":\"Organization\",\"@id\":\"https:\/\/www.loadscan.com\/es\/#organization\",\"name\":\"Loadscan\u00ae Ltd\",\"url\":\"https:\/\/www.loadscan.com\/es\/\",\"logo\":{\"@type\":\"ImageObject\",\"inLanguage\":\"es\",\"@id\":\"https:\/\/www.loadscan.com\/es\/#\/schema\/logo\/image\/\",\"url\":\"https:\/\/www.loadscan.com\/wp-content\/uploads\/2020\/10\/Loadscan-logo-245.png\",\"contentUrl\":\"https:\/\/www.loadscan.com\/wp-content\/uploads\/2020\/10\/Loadscan-logo-245.png\",\"width\":245,\"height\":66,\"caption\":\"Loadscan\u00ae Ltd\"},\"image\":{\"@id\":\"https:\/\/www.loadscan.com\/es\/#\/schema\/logo\/image\/\"},\"sameAs\":[\"https:\/\/www.facebook.com\/loadscan\",\"https:\/\/x.com\/loadscan\",\"https:\/\/nz.linkedin.com\/company\/loadscan\"]}]}<\/script>\n<!-- \/ Yoast SEO plugin. -->","yoast_head_json":{"title":"Contrato de servicio y asistencia - Loadscan","robots":{"index":"index","follow":"follow","max-snippet":"max-snippet:-1","max-image-preview":"max-image-preview:large","max-video-preview":"max-video-preview:-1"},"canonical":"https:\/\/www.loadscan.com\/es\/contrato-de-servicio-y-asistencia\/","twitter_misc":{"Tiempo de lectura":"30 minutos"},"schema":{"@context":"https:\/\/schema.org","@graph":[{"@type":"WebPage","@id":"https:\/\/www.loadscan.com\/es\/contrato-de-servicio-y-asistencia\/","url":"https:\/\/www.loadscan.com\/es\/contrato-de-servicio-y-asistencia\/","name":"Contrato de servicio y asistencia - Loadscan","isPartOf":{"@id":"https:\/\/www.loadscan.com\/es\/#website"},"datePublished":"2022-11-01T23:50:04+00:00","dateModified":"2024-08-14T00:30:20+00:00","breadcrumb":{"@id":"https:\/\/www.loadscan.com\/es\/contrato-de-servicio-y-asistencia\/#breadcrumb"},"inLanguage":"es","potentialAction":[{"@type":"ReadAction","target":["https:\/\/www.loadscan.com\/es\/contrato-de-servicio-y-asistencia\/"]}]},{"@type":"BreadcrumbList","@id":"https:\/\/www.loadscan.com\/es\/contrato-de-servicio-y-asistencia\/#breadcrumb","itemListElement":[{"@type":"ListItem","position":1,"name":"Home","item":"https:\/\/www.loadscan.com\/es\/escaneres-de-volumen-de-carga-loadscan\/"},{"@type":"ListItem","position":2,"name":"Contrato de servicio y asistencia"}]},{"@type":"WebSite","@id":"https:\/\/www.loadscan.com\/es\/#website","url":"https:\/\/www.loadscan.com\/es\/","name":"Loadscan","description":"Certified accurate payload measurement","publisher":{"@id":"https:\/\/www.loadscan.com\/es\/#organization"},"potentialAction":[{"@type":"SearchAction","target":{"@type":"EntryPoint","urlTemplate":"https:\/\/www.loadscan.com\/es\/?s={search_term_string}"},"query-input":{"@type":"PropertyValueSpecification","valueRequired":true,"valueName":"search_term_string"}}],"inLanguage":"es"},{"@type":"Organization","@id":"https:\/\/www.loadscan.com\/es\/#organization","name":"Loadscan\u00ae Ltd","url":"https:\/\/www.loadscan.com\/es\/","logo":{"@type":"ImageObject","inLanguage":"es","@id":"https:\/\/www.loadscan.com\/es\/#\/schema\/logo\/image\/","url":"https:\/\/www.loadscan.com\/wp-content\/uploads\/2020\/10\/Loadscan-logo-245.png","contentUrl":"https:\/\/www.loadscan.com\/wp-content\/uploads\/2020\/10\/Loadscan-logo-245.png","width":245,"height":66,"caption":"Loadscan\u00ae Ltd"},"image":{"@id":"https:\/\/www.loadscan.com\/es\/#\/schema\/logo\/image\/"},"sameAs":["https:\/\/www.facebook.com\/loadscan","https:\/\/x.com\/loadscan","https:\/\/nz.linkedin.com\/company\/loadscan"]}]}},"_links":{"self":[{"href":"https:\/\/www.loadscan.com\/es\/wp-json\/wp\/v2\/pages\/34331","targetHints":{"allow":["GET"]}}],"collection":[{"href":"https:\/\/www.loadscan.com\/es\/wp-json\/wp\/v2\/pages"}],"about":[{"href":"https:\/\/www.loadscan.com\/es\/wp-json\/wp\/v2\/types\/page"}],"author":[{"embeddable":true,"href":"https:\/\/www.loadscan.com\/es\/wp-json\/wp\/v2\/users\/25"}],"replies":[{"embeddable":true,"href":"https:\/\/www.loadscan.com\/es\/wp-json\/wp\/v2\/comments?post=34331"}],"version-history":[{"count":1,"href":"https:\/\/www.loadscan.com\/es\/wp-json\/wp\/v2\/pages\/34331\/revisions"}],"predecessor-version":[{"id":34334,"href":"https:\/\/www.loadscan.com\/es\/wp-json\/wp\/v2\/pages\/34331\/revisions\/34334"}],"wp:attachment":[{"href":"https:\/\/www.loadscan.com\/es\/wp-json\/wp\/v2\/media?parent=34331"}],"curies":[{"name":"wp","href":"https:\/\/api.w.org\/{rel}","templated":true}]}}