{"id":34335,"date":"2022-09-07T16:00:26","date_gmt":"2022-09-07T04:00:26","guid":{"rendered":"https:\/\/www.loadscan.com\/notas-de-la-version-del-software-myscanner\/"},"modified":"2024-08-14T12:30:25","modified_gmt":"2024-08-14T00:30:25","slug":"notas-de-la-version-del-software-myscanner","status":"publish","type":"page","link":"https:\/\/www.loadscan.com\/es\/notas-de-la-version-del-software-myscanner\/","title":{"rendered":"Notas de la versi\u00f3n del software MyScanner"},"content":{"rendered":"<p><div class=\"fusion-fullwidth fullwidth-box fusion-builder-row-1 fusion-flex-container has-pattern-background has-mask-background hundred-percent-fullwidth non-hundred-percent-height-scrolling\" style=\"--awb-border-radius-top-left:0px;--awb-border-radius-top-right:0px;--awb-border-radius-bottom-right:0px;--awb-border-radius-bottom-left:0px;--awb-padding-right:0px;--awb-padding-left:0px;--awb-margin-bottom:40px;--awb-flex-wrap:wrap;\" ><div class=\"fusion-builder-row fusion-row fusion-flex-align-items-flex-start fusion-flex-justify-content-space-between fusion-flex-content-wrap\" style=\"width:104% !important;max-width:104% !important;margin-left: calc(-4% \/ 2 );margin-right: calc(-4% \/ 2 );\"><div class=\"fusion-layout-column fusion_builder_column fusion-builder-column-0 fusion_builder_column_1_1 1_1 fusion-flex-column\" style=\"--awb-bg-size:cover;--awb-width-large:100%;--awb-margin-top-large:0px;--awb-spacing-right-large:1.92%;--awb-margin-bottom-large:20px;--awb-spacing-left-large:1.92%;--awb-width-medium:100%;--awb-order-medium:0;--awb-spacing-right-medium:1.92%;--awb-spacing-left-medium:1.92%;--awb-width-small:100%;--awb-order-small:0;--awb-spacing-right-small:1.92%;--awb-spacing-left-small:1.92%;\"><div class=\"fusion-column-wrapper fusion-column-has-shadow fusion-flex-justify-content-flex-start fusion-content-layout-column\"><div class=\"fusion-image-element \" style=\"text-align:center;--awb-caption-title-font-family:var(--h2_typography-font-family);--awb-caption-title-font-weight:var(--h2_typography-font-weight);--awb-caption-title-font-style:var(--h2_typography-font-style);--awb-caption-title-size:var(--h2_typography-font-size);--awb-caption-title-transform:var(--h2_typography-text-transform);--awb-caption-title-line-height:var(--h2_typography-line-height);--awb-caption-title-letter-spacing:var(--h2_typography-letter-spacing);\"><span class=\" fusion-imageframe imageframe-none imageframe-1 hover-type-none\"><img decoding=\"async\" width=\"2480\" height=\"550\" title=\"MyScanner Cloud Service\" src=\"https:\/\/www.loadscan.com\/wp-content\/uploads\/2022\/09\/MyScanner-Cloud-Service.png\" alt class=\"img-responsive wp-image-30754\" srcset=\"https:\/\/www.loadscan.com\/wp-content\/uploads\/2022\/09\/MyScanner-Cloud-Service-200x44.png 200w, https:\/\/www.loadscan.com\/wp-content\/uploads\/2022\/09\/MyScanner-Cloud-Service-400x89.png 400w, https:\/\/www.loadscan.com\/wp-content\/uploads\/2022\/09\/MyScanner-Cloud-Service-600x133.png 600w, https:\/\/www.loadscan.com\/wp-content\/uploads\/2022\/09\/MyScanner-Cloud-Service-800x177.png 800w, https:\/\/www.loadscan.com\/wp-content\/uploads\/2022\/09\/MyScanner-Cloud-Service-1200x266.png 1200w, https:\/\/www.loadscan.com\/wp-content\/uploads\/2022\/09\/MyScanner-Cloud-Service.png 2480w\" sizes=\"(max-width: 640px) 100vw, 1200px\" \/><\/span><\/div><\/div><\/div><\/div><\/div><div class=\"fusion-fullwidth fullwidth-box fusion-builder-row-2 fusion-flex-container has-pattern-background has-mask-background nonhundred-percent-fullwidth non-hundred-percent-height-scrolling\" style=\"--awb-border-radius-top-left:0px;--awb-border-radius-top-right:0px;--awb-border-radius-bottom-right:0px;--awb-border-radius-bottom-left:0px;--awb-flex-wrap:wrap;\" ><div class=\"fusion-builder-row fusion-row fusion-flex-align-items-flex-start fusion-flex-content-wrap\" style=\"max-width:1248px;margin-left: calc(-4% \/ 2 );margin-right: calc(-4% \/ 2 );\"><div class=\"fusion-layout-column fusion_builder_column fusion-builder-column-1 fusion_builder_column_1_1 1_1 fusion-flex-column\" style=\"--awb-bg-size:cover;--awb-width-large:100%;--awb-margin-top-large:0px;--awb-spacing-right-large:1.92%;--awb-margin-bottom-large:20px;--awb-spacing-left-large:1.92%;--awb-width-medium:100%;--awb-order-medium:0;--awb-spacing-right-medium:1.92%;--awb-spacing-left-medium:1.92%;--awb-width-small:100%;--awb-order-small:0;--awb-spacing-right-small:1.92%;--awb-spacing-left-small:1.92%;\"><div class=\"fusion-column-wrapper fusion-column-has-shadow fusion-flex-justify-content-flex-start fusion-content-layout-column\"><div class=\"fusion-title title fusion-title-1 fusion-sep-none fusion-title-text fusion-title-size-one\" style=\"--awb-margin-top:40px;--awb-margin-top-small:0px;--awb-margin-right-small:0px;--awb-margin-bottom-small:20px;--awb-margin-left-small:0px;\"><h1 class=\"fusion-title-heading title-heading-left fusion-responsive-typography-calculated\" style=\"margin:0;--fontSize:60;line-height:1.0;\">Notas de la versi\u00f3n del software Myscanner<\/h1><\/div><div class=\"fusion-separator fusion-full-width-sep\" style=\"align-self: center;margin-left: auto;margin-right: auto;margin-top:40px;margin-bottom:40px;width:100%;\"><div class=\"fusion-separator-border sep-single sep-solid\" style=\"--awb-height:20px;--awb-amount:20px;--awb-sep-color:var(--awb-color2);border-color:var(--awb-color2);border-top-width:1px;\"><\/div><\/div><div class=\"fusion-text fusion-text-1\"><h5><strong>28 de junio de 2023<\/strong><\/h5>\n<h6><strong>Esto es lo Nuevo en la Versi\u00f3n (v3.5.0)<\/strong><\/h6>\n<p><strong>Mejoras en las mediciones y la edici\u00f3n de registros<\/strong>; ahora los usuarios pueden  <\/p>\n<ul>\n<li>Corrige o borra datos (exploraciones de errores, descripci\u00f3n del producto, informaci\u00f3n sobre el operador\/veh\u00edculo)<\/li>\n<li>A\u00f1adir manualmente un registro de escaneado<\/li>\n<li>Nuevo ajuste de cuenta para filtrar los registros de escaneado de mediciones para que no se muestren por defecto los \u00abregistros cancelados\u00bb (activado por defecto para todas las cuentas nuevas).<\/li>\n<\/ul>\n<\/div><div class=\"fusion-text fusion-text-2\"><h5><strong>7 de septiembre de 2022<\/strong><\/h5>\n<h6><strong>Esto es lo Nuevo en la Versi\u00f3n (v3.4.0)<\/strong><\/h6>\n<p><strong>MyScanner Dashboard,<\/strong> los usuarios pueden  <\/p>\n<ul>\n<li>Obt\u00e9n f\u00e1cilmente una vista resumida de la actividad de cada esc\u00e1ner para la fecha seleccionada<\/li>\n<li>Identificar errores y advertencias<\/li>\n<li>Hazte una idea de las tendencias de 5 d\u00edas para el recuento de cargas y el volumen<\/li>\n<\/ul>\n<p><strong>Mejoras en las Mediciones, <\/strong>ahora los usuarios pueden  <\/p>\n<ul>\n<li>Los registros pueden filtrarse en funci\u00f3n de sus estados de \u00e9xito, error, advertencia y cancelado<\/li>\n<li>Los registros con estados de advertencia espec\u00edficos pueden mostrarse y anularse mediante diferentes opciones de filtro<\/li>\n<li>Selecci\u00f3n mejorada del periodo de medici\u00f3n con un sencillo selector de intervalo de fechas<\/li>\n<\/ul>\n<\/div><div class=\"fusion-separator fusion-full-width-sep\" style=\"align-self: center;margin-left: auto;margin-right: auto;margin-top:40px;margin-bottom:40px;width:100%;\"><div class=\"fusion-separator-border sep-single sep-solid\" style=\"--awb-height:20px;--awb-amount:20px;--awb-sep-color:var(--awb-color2);border-color:var(--awb-color2);border-top-width:1px;\"><\/div><\/div><\/div><\/div><\/div><\/div><\/p>\n","protected":false},"excerpt":{"rendered":"","protected":false},"author":12,"featured_media":0,"parent":0,"menu_order":0,"comment_status":"closed","ping_status":"closed","template":"100-width.php","meta":{"content-type":"","footnotes":""},"class_list":["post-34335","page","type-page","status-publish","hentry"],"yoast_head":"<!-- This site is optimized with the Yoast SEO plugin v27.2 - https:\/\/yoast.com\/product\/yoast-seo-wordpress\/ -->\n<title>Notas de la versi\u00f3n del software MyScanner - Loadscan<\/title>\n<meta name=\"robots\" content=\"index, follow, max-snippet:-1, max-image-preview:large, max-video-preview:-1\" \/>\n<link rel=\"canonical\" href=\"https:\/\/www.loadscan.com\/es\/notas-de-la-version-del-software-myscanner\/\" \/>\n<meta name=\"twitter:label1\" content=\"Tiempo de lectura\" \/>\n\t<meta name=\"twitter:data1\" content=\"12 minutos\" \/>\n<script type=\"application\/ld+json\" class=\"yoast-schema-graph\">{\"@context\":\"https:\/\/schema.org\",\"@graph\":[{\"@type\":\"WebPage\",\"@id\":\"https:\/\/www.loadscan.com\/es\/notas-de-la-version-del-software-myscanner\/\",\"url\":\"https:\/\/www.loadscan.com\/es\/notas-de-la-version-del-software-myscanner\/\",\"name\":\"Notas de la versi\u00f3n del software MyScanner - Loadscan\",\"isPartOf\":{\"@id\":\"https:\/\/www.loadscan.com\/es\/#website\"},\"datePublished\":\"2022-09-07T04:00:26+00:00\",\"dateModified\":\"2024-08-14T00:30:25+00:00\",\"breadcrumb\":{\"@id\":\"https:\/\/www.loadscan.com\/es\/notas-de-la-version-del-software-myscanner\/#breadcrumb\"},\"inLanguage\":\"es\",\"potentialAction\":[{\"@type\":\"ReadAction\",\"target\":[\"https:\/\/www.loadscan.com\/es\/notas-de-la-version-del-software-myscanner\/\"]}]},{\"@type\":\"BreadcrumbList\",\"@id\":\"https:\/\/www.loadscan.com\/es\/notas-de-la-version-del-software-myscanner\/#breadcrumb\",\"itemListElement\":[{\"@type\":\"ListItem\",\"position\":1,\"name\":\"Home\",\"item\":\"https:\/\/www.loadscan.com\/es\/escaneres-de-volumen-de-carga-loadscan\/\"},{\"@type\":\"ListItem\",\"position\":2,\"name\":\"Notas de la versi\u00f3n del software MyScanner\"}]},{\"@type\":\"WebSite\",\"@id\":\"https:\/\/www.loadscan.com\/es\/#website\",\"url\":\"https:\/\/www.loadscan.com\/es\/\",\"name\":\"Loadscan\",\"description\":\"Certified accurate payload measurement\",\"publisher\":{\"@id\":\"https:\/\/www.loadscan.com\/es\/#organization\"},\"potentialAction\":[{\"@type\":\"SearchAction\",\"target\":{\"@type\":\"EntryPoint\",\"urlTemplate\":\"https:\/\/www.loadscan.com\/es\/?s={search_term_string}\"},\"query-input\":{\"@type\":\"PropertyValueSpecification\",\"valueRequired\":true,\"valueName\":\"search_term_string\"}}],\"inLanguage\":\"es\"},{\"@type\":\"Organization\",\"@id\":\"https:\/\/www.loadscan.com\/es\/#organization\",\"name\":\"Loadscan\u00ae Ltd\",\"url\":\"https:\/\/www.loadscan.com\/es\/\",\"logo\":{\"@type\":\"ImageObject\",\"inLanguage\":\"es\",\"@id\":\"https:\/\/www.loadscan.com\/es\/#\/schema\/logo\/image\/\",\"url\":\"https:\/\/www.loadscan.com\/wp-content\/uploads\/2020\/10\/Loadscan-logo-245.png\",\"contentUrl\":\"https:\/\/www.loadscan.com\/wp-content\/uploads\/2020\/10\/Loadscan-logo-245.png\",\"width\":245,\"height\":66,\"caption\":\"Loadscan\u00ae Ltd\"},\"image\":{\"@id\":\"https:\/\/www.loadscan.com\/es\/#\/schema\/logo\/image\/\"},\"sameAs\":[\"https:\/\/www.facebook.com\/loadscan\",\"https:\/\/x.com\/loadscan\",\"https:\/\/nz.linkedin.com\/company\/loadscan\"]}]}<\/script>\n<!-- \/ Yoast SEO plugin. -->","yoast_head_json":{"title":"Notas de la versi\u00f3n del software MyScanner - Loadscan","robots":{"index":"index","follow":"follow","max-snippet":"max-snippet:-1","max-image-preview":"max-image-preview:large","max-video-preview":"max-video-preview:-1"},"canonical":"https:\/\/www.loadscan.com\/es\/notas-de-la-version-del-software-myscanner\/","twitter_misc":{"Tiempo de lectura":"12 minutos"},"schema":{"@context":"https:\/\/schema.org","@graph":[{"@type":"WebPage","@id":"https:\/\/www.loadscan.com\/es\/notas-de-la-version-del-software-myscanner\/","url":"https:\/\/www.loadscan.com\/es\/notas-de-la-version-del-software-myscanner\/","name":"Notas de la versi\u00f3n del software MyScanner - Loadscan","isPartOf":{"@id":"https:\/\/www.loadscan.com\/es\/#website"},"datePublished":"2022-09-07T04:00:26+00:00","dateModified":"2024-08-14T00:30:25+00:00","breadcrumb":{"@id":"https:\/\/www.loadscan.com\/es\/notas-de-la-version-del-software-myscanner\/#breadcrumb"},"inLanguage":"es","potentialAction":[{"@type":"ReadAction","target":["https:\/\/www.loadscan.com\/es\/notas-de-la-version-del-software-myscanner\/"]}]},{"@type":"BreadcrumbList","@id":"https:\/\/www.loadscan.com\/es\/notas-de-la-version-del-software-myscanner\/#breadcrumb","itemListElement":[{"@type":"ListItem","position":1,"name":"Home","item":"https:\/\/www.loadscan.com\/es\/escaneres-de-volumen-de-carga-loadscan\/"},{"@type":"ListItem","position":2,"name":"Notas de la versi\u00f3n del software MyScanner"}]},{"@type":"WebSite","@id":"https:\/\/www.loadscan.com\/es\/#website","url":"https:\/\/www.loadscan.com\/es\/","name":"Loadscan","description":"Certified accurate payload measurement","publisher":{"@id":"https:\/\/www.loadscan.com\/es\/#organization"},"potentialAction":[{"@type":"SearchAction","target":{"@type":"EntryPoint","urlTemplate":"https:\/\/www.loadscan.com\/es\/?s={search_term_string}"},"query-input":{"@type":"PropertyValueSpecification","valueRequired":true,"valueName":"search_term_string"}}],"inLanguage":"es"},{"@type":"Organization","@id":"https:\/\/www.loadscan.com\/es\/#organization","name":"Loadscan\u00ae Ltd","url":"https:\/\/www.loadscan.com\/es\/","logo":{"@type":"ImageObject","inLanguage":"es","@id":"https:\/\/www.loadscan.com\/es\/#\/schema\/logo\/image\/","url":"https:\/\/www.loadscan.com\/wp-content\/uploads\/2020\/10\/Loadscan-logo-245.png","contentUrl":"https:\/\/www.loadscan.com\/wp-content\/uploads\/2020\/10\/Loadscan-logo-245.png","width":245,"height":66,"caption":"Loadscan\u00ae Ltd"},"image":{"@id":"https:\/\/www.loadscan.com\/es\/#\/schema\/logo\/image\/"},"sameAs":["https:\/\/www.facebook.com\/loadscan","https:\/\/x.com\/loadscan","https:\/\/nz.linkedin.com\/company\/loadscan"]}]}},"_links":{"self":[{"href":"https:\/\/www.loadscan.com\/es\/wp-json\/wp\/v2\/pages\/34335","targetHints":{"allow":["GET"]}}],"collection":[{"href":"https:\/\/www.loadscan.com\/es\/wp-json\/wp\/v2\/pages"}],"about":[{"href":"https:\/\/www.loadscan.com\/es\/wp-json\/wp\/v2\/types\/page"}],"author":[{"embeddable":true,"href":"https:\/\/www.loadscan.com\/es\/wp-json\/wp\/v2\/users\/12"}],"replies":[{"embeddable":true,"href":"https:\/\/www.loadscan.com\/es\/wp-json\/wp\/v2\/comments?post=34335"}],"version-history":[{"count":6,"href":"https:\/\/www.loadscan.com\/es\/wp-json\/wp\/v2\/pages\/34335\/revisions"}],"predecessor-version":[{"id":34349,"href":"https:\/\/www.loadscan.com\/es\/wp-json\/wp\/v2\/pages\/34335\/revisions\/34349"}],"wp:attachment":[{"href":"https:\/\/www.loadscan.com\/es\/wp-json\/wp\/v2\/media?parent=34335"}],"curies":[{"name":"wp","href":"https:\/\/api.w.org\/{rel}","templated":true}]}}