{"id":34473,"date":"2020-10-16T21:23:10","date_gmt":"2020-10-16T08:23:10","guid":{"rendered":"https:\/\/www.loadscan.com\/gestion-de-multiples-contratistas\/"},"modified":"2024-08-14T12:31:02","modified_gmt":"2024-08-14T00:31:02","slug":"gestion-de-multiples-contratistas","status":"publish","type":"page","link":"https:\/\/www.loadscan.com\/es\/gestion-de-multiples-contratistas\/","title":{"rendered":"Gesti\u00f3n de m\u00faltiples contratistas"},"content":{"rendered":"<p><div class=\"fusion-fullwidth fullwidth-box fusion-builder-row-1 fusion-flex-container hundred-percent-fullwidth non-hundred-percent-height-scrolling\" style=\"--awb-border-radius-top-left:0px;--awb-border-radius-top-right:0px;--awb-border-radius-bottom-right:0px;--awb-border-radius-bottom-left:0px;--awb-padding-right:15%;--awb-padding-left:15%;--awb-margin-top:0px;--awb-margin-bottom:0px;--awb-flex-wrap:wrap;\" ><div class=\"fusion-builder-row fusion-row fusion-flex-align-items-center fusion-flex-content-wrap\" style=\"width:104% !important;max-width:104% !important;margin-left: calc(-4% \/ 2 );margin-right: calc(-4% \/ 2 );\"><div class=\"fusion-layout-column fusion_builder_column fusion-builder-column-0 fusion_builder_column_1_1 1_1 fusion-flex-column fusion-column-no-min-height\" style=\"--awb-bg-size:cover;--awb-width-large:100%;--awb-margin-top-large:0px;--awb-spacing-right-large:1.92%;--awb-margin-bottom-large:20px;--awb-spacing-left-large:1.92%;--awb-width-medium:100%;--awb-order-medium:0;--awb-spacing-right-medium:1.92%;--awb-spacing-left-medium:1.92%;--awb-width-small:100%;--awb-order-small:0;--awb-spacing-right-small:1.92%;--awb-spacing-left-small:1.92%;\"><div class=\"fusion-column-wrapper fusion-column-has-shadow fusion-flex-justify-content-flex-start fusion-content-layout-column\"><div class=\"fusion-separator fusion-full-width-sep\" style=\"align-self: center;margin-left: auto;margin-right: auto;margin-top:40px;width:100%;\"><\/div><\/div><\/div><div class=\"fusion-layout-column fusion_builder_column fusion-builder-column-1 fusion_builder_column_1_2 1_2 fusion-flex-column\" style=\"--awb-bg-size:cover;--awb-width-large:50%;--awb-margin-top-large:0px;--awb-spacing-right-large:3.84%;--awb-margin-bottom-large:20px;--awb-spacing-left-large:3.84%;--awb-width-medium:50%;--awb-order-medium:0;--awb-spacing-right-medium:3.84%;--awb-spacing-left-medium:3.84%;--awb-width-small:100%;--awb-order-small:0;--awb-spacing-right-small:1.92%;--awb-spacing-left-small:1.92%;\"><div class=\"fusion-column-wrapper fusion-column-has-shadow fusion-flex-justify-content-flex-start fusion-content-layout-column\"><div class=\"fusion-text fusion-text-1\"><h1 style=\"font-size: 3.25em;\">Gestionar varios contratistas civiles puede ser un quebradero de cabeza para los operadores.<\/h1>\n<\/div><\/div><\/div><div class=\"fusion-layout-column fusion_builder_column fusion-builder-column-2 fusion_builder_column_1_2 1_2 fusion-flex-column\" style=\"--awb-bg-position:center center;--awb-bg-size:cover;--awb-width-large:50%;--awb-margin-top-large:0px;--awb-spacing-right-large:3.84%;--awb-margin-bottom-large:20px;--awb-spacing-left-large:3.84%;--awb-width-medium:50%;--awb-order-medium:0;--awb-spacing-right-medium:3.84%;--awb-spacing-left-medium:3.84%;--awb-width-small:100%;--awb-order-small:0;--awb-spacing-right-small:1.92%;--awb-spacing-left-small:1.92%;\"><div class=\"fusion-column-wrapper fusion-column-has-shadow fusion-flex-justify-content-center fusion-content-layout-column\"><div class=\"fusion-text fusion-text-2\"><p style=\"font-size: 1.5em;\">Se pueden gestionar f\u00e1cilmente varios contratistas mediante el sistema de etiquetas RFID instalado en los camiones.<br \/>\nAs\u00ed se reducen los errores humanos, se eliminan los registros escritos a mano y se suprime la necesidad de un portero o recuento. <\/p>\n<p style=\"font-size: 1.5em;\">El sistema Loadscan muestra exactamente cu\u00e1nto material se ha entregado o enviado o\ufb00 obra cada hora, d\u00eda o semana, por cami\u00f3n individual y contratista.<\/p>\n<\/div><\/div><\/div><div class=\"fusion-layout-column fusion_builder_column fusion-builder-column-3 fusion_builder_column_1_1 1_1 fusion-flex-column fusion-column-no-min-height\" style=\"--awb-bg-size:cover;--awb-width-large:100%;--awb-margin-top-large:0px;--awb-spacing-right-large:1.92%;--awb-margin-bottom-large:20px;--awb-spacing-left-large:1.92%;--awb-width-medium:100%;--awb-order-medium:0;--awb-spacing-right-medium:1.92%;--awb-spacing-left-medium:1.92%;--awb-width-small:100%;--awb-order-small:0;--awb-spacing-right-small:1.92%;--awb-spacing-left-small:1.92%;\"><div class=\"fusion-column-wrapper fusion-column-has-shadow fusion-flex-justify-content-flex-start fusion-content-layout-column\"><div class=\"fusion-separator fusion-full-width-sep\" style=\"align-self: center;margin-left: auto;margin-right: auto;margin-bottom:10px;width:100%;\"><div class=\"fusion-separator-border sep-double\" style=\"--awb-height:20px;--awb-amount:20px;border-color:#3e3e3e;border-top-width:0px;border-bottom-width:0px;\"><\/div><\/div><div class=\"fusion-image-element \" style=\"text-align:center;--awb-caption-title-font-family:var(--h2_typography-font-family);--awb-caption-title-font-weight:var(--h2_typography-font-weight);--awb-caption-title-font-style:var(--h2_typography-font-style);--awb-caption-title-size:var(--h2_typography-font-size);--awb-caption-title-transform:var(--h2_typography-text-transform);--awb-caption-title-line-height:var(--h2_typography-line-height);--awb-caption-title-letter-spacing:var(--h2_typography-letter-spacing);\"><span class=\" fusion-imageframe imageframe-none imageframe-1 hover-type-none\"><a href=\"https:\/\/www.loadscan.com\/wp-content\/uploads\/2023\/09\/Multiple-Contractors-Diagram-MyScanner2023_Neg.png\" class=\"fusion-lightbox\" data-rel=\"iLightbox[264017fcbadd618d157]\" data-title=\"Multiple Contractors Diagram &#8211; MyScanner2023_Neg\" title=\"Multiple Contractors Diagram &#8211; MyScanner2023_Neg\"><img decoding=\"async\" width=\"2560\" height=\"1585\" alt=\"Gesti\u00f3n de m\u00faltiples contratistas\" src=\"https:\/\/www.loadscan.com\/wp-content\/uploads\/2023\/09\/Multiple-Contractors-Diagram-MyScanner2023_Neg.png\" class=\"img-responsive wp-image-31057\" srcset=\"https:\/\/www.loadscan.com\/wp-content\/uploads\/2023\/09\/Multiple-Contractors-Diagram-MyScanner2023_Neg-200x124.png 200w, https:\/\/www.loadscan.com\/wp-content\/uploads\/2023\/09\/Multiple-Contractors-Diagram-MyScanner2023_Neg-400x248.png 400w, https:\/\/www.loadscan.com\/wp-content\/uploads\/2023\/09\/Multiple-Contractors-Diagram-MyScanner2023_Neg-600x371.png 600w, https:\/\/www.loadscan.com\/wp-content\/uploads\/2023\/09\/Multiple-Contractors-Diagram-MyScanner2023_Neg-800x495.png 800w, https:\/\/www.loadscan.com\/wp-content\/uploads\/2023\/09\/Multiple-Contractors-Diagram-MyScanner2023_Neg-1200x743.png 1200w, https:\/\/www.loadscan.com\/wp-content\/uploads\/2023\/09\/Multiple-Contractors-Diagram-MyScanner2023_Neg.png 2560w\" sizes=\"(max-width: 640px) 100vw, 1200px\" \/><\/a><\/span><\/div><div class=\"fusion-separator fusion-full-width-sep\" style=\"align-self: center;margin-left: auto;margin-right: auto;margin-top:40px;width:100%;\"><\/div><\/div><\/div><\/div><\/div><div class=\"fusion-fullwidth fullwidth-box fusion-builder-row-2 hundred-percent-fullwidth non-hundred-percent-height-scrolling fusion-equal-height-columns\" style=\"--awb-border-radius-top-left:0px;--awb-border-radius-top-right:0px;--awb-border-radius-bottom-right:0px;--awb-border-radius-bottom-left:0px;--awb-padding-top:50px;--awb-padding-right:15%;--awb-padding-bottom:50px;--awb-padding-left:15%;--awb-flex-wrap:wrap;\" ><div class=\"fusion-builder-row fusion-row\"><div class=\"fusion-layout-column fusion_builder_column fusion-builder-column-4 fusion_builder_column_1_1 1_1 fusion-one-full fusion-column-first fusion-column-last fusion-column-no-min-height\" style=\"--awb-bg-size:cover;\"><div class=\"fusion-column-wrapper fusion-column-has-shadow fusion-flex-column-wrapper-legacy\"><div class=\"fusion-text fusion-text-3\"><h1 style=\"font-size: 3.5em;\">Sigue con precisi\u00f3n todos los movimientos de material<\/h1>\n<\/div><div class=\"fusion-clearfix\"><\/div><\/div><\/div><div class=\"fusion-layout-column fusion_builder_column fusion-builder-column-5 fusion_builder_column_2_5 2_5 fusion-two-fifth fusion-column-first\" style=\"--awb-bg-size:cover;width:40%;width:calc(40% - ( ( 4% ) * 0.4 ) );margin-right: 4%;\"><div class=\"fusion-column-wrapper fusion-column-has-shadow fusion-flex-column-wrapper-legacy\"><div class=\"fusion-column-content-centered\"><div class=\"fusion-column-content\"><div class=\"fusion-text fusion-text-4\"><p style=\"font-size: 1.5em;\">La medici\u00f3n continua en tiempo real de vol\u00famenes precisos es la informaci\u00f3n clave que genera el esc\u00e1ner de volumen.<br \/>\nEl sistema automatizado permite a los contratistas comprobar la productividad diaria y proporciona una referencia cruzada \u00fatil para los pagos. <\/p>\n<p style=\"font-size: 1.5em;\">Permite mejorar las e\ufb03ciencias operativas supervisando la productividad individual del conductor\/operador y, cuando se combina con las im\u00e1genes de escaneado 3D que se generan autom\u00e1ticamente para cada carga, puede ser \u00fatil para formar y entrenar a los operadores de la pala cargadora.<\/p>\n<\/div><\/div><\/div><div class=\"fusion-clearfix\"><\/div><\/div><\/div><div class=\"fusion-layout-column fusion_builder_column fusion-builder-column-6 fusion_builder_column_3_5 3_5 fusion-three-fifth fusion-column-last\" style=\"--awb-bg-size:cover;width:60%;width:calc(60% - ( ( 4% ) * 0.6 ) );\"><div class=\"fusion-column-wrapper fusion-column-has-shadow fusion-flex-column-wrapper-legacy\"><div class=\"fusion-column-content-centered\"><div class=\"fusion-column-content\"><div class=\"fusion-image-element fusion-image-align-center in-legacy-container\" style=\"text-align:center;--awb-caption-title-font-family:var(--h2_typography-font-family);--awb-caption-title-font-weight:var(--h2_typography-font-weight);--awb-caption-title-font-style:var(--h2_typography-font-style);--awb-caption-title-size:var(--h2_typography-font-size);--awb-caption-title-transform:var(--h2_typography-text-transform);--awb-caption-title-line-height:var(--h2_typography-line-height);--awb-caption-title-letter-spacing:var(--h2_typography-letter-spacing);\"><div class=\"imageframe-align-center\"><span class=\" fusion-imageframe imageframe-none imageframe-2 hover-type-none\"><img decoding=\"async\" width=\"1200\" height=\"800\" title=\"Multiple-Contractors2\" src=\"https:\/\/www.loadscan.com\/wp-content\/uploads\/2020\/10\/Multiple-Contractors2.jpg\" alt class=\"img-responsive wp-image-29539\" srcset=\"https:\/\/www.loadscan.com\/wp-content\/uploads\/2020\/10\/Multiple-Contractors2-200x133.jpg 200w, https:\/\/www.loadscan.com\/wp-content\/uploads\/2020\/10\/Multiple-Contractors2-400x267.jpg 400w, https:\/\/www.loadscan.com\/wp-content\/uploads\/2020\/10\/Multiple-Contractors2-600x400.jpg 600w, https:\/\/www.loadscan.com\/wp-content\/uploads\/2020\/10\/Multiple-Contractors2-800x533.jpg 800w, https:\/\/www.loadscan.com\/wp-content\/uploads\/2020\/10\/Multiple-Contractors2.jpg 1200w\" sizes=\"(max-width: 1280px) 100vw, 800px\" \/><\/span><\/div><\/div><\/div><\/div><div class=\"fusion-clearfix\"><\/div><\/div><\/div><\/div><\/div><div class=\"fusion-fullwidth fullwidth-box fusion-builder-row-3 fusion-flex-container has-pattern-background has-mask-background hundred-percent-fullwidth non-hundred-percent-height-scrolling\" style=\"--awb-background-position:center top;--awb-border-sizes-top:0px;--awb-border-sizes-bottom:0px;--awb-border-sizes-left:0px;--awb-border-sizes-right:0px;--awb-border-radius-top-left:0px;--awb-border-radius-top-right:0px;--awb-border-radius-bottom-right:0px;--awb-border-radius-bottom-left:0px;--awb-padding-top:20px;--awb-padding-right:15%;--awb-padding-bottom:20px;--awb-padding-left:15%;--awb-background-color:#f41000;--awb-flex-wrap:wrap;\" ><div class=\"fusion-builder-row fusion-row fusion-flex-align-items-stretch fusion-flex-justify-content-center fusion-flex-content-wrap\" style=\"width:104% !important;max-width:104% !important;margin-left: calc(-4% \/ 2 );margin-right: calc(-4% \/ 2 );\"><div class=\"fusion-layout-column fusion_builder_column fusion-builder-column-7 fusion_builder_column_1_3 1_3 fusion-flex-column fusion-flex-align-self-stretch fusion-column-no-min-height\" style=\"--awb-bg-size:cover;--awb-width-large:33.333333333333%;--awb-margin-top-large:0px;--awb-spacing-right-large:5.76%;--awb-margin-bottom-large:20px;--awb-spacing-left-large:5.76%;--awb-width-medium:33.333333333333%;--awb-order-medium:0;--awb-spacing-right-medium:5.76%;--awb-spacing-left-medium:5.76%;--awb-width-small:100%;--awb-order-small:0;--awb-spacing-right-small:1.92%;--awb-spacing-left-small:1.92%;\" data-scroll-devices=\"small-visibility,medium-visibility,large-visibility\"><div class=\"fusion-column-wrapper fusion-column-has-shadow fusion-flex-justify-content-space-evenly fusion-content-layout-column\"><div class=\"fusion-separator fusion-full-width-sep\" style=\"align-self: center;margin-left: auto;margin-right: auto;margin-top:25px;width:100%;\"><\/div><div class=\"fusion-text fusion-text-5\"><h3><span style=\"color: #ffffff;\"><strong>\u00bfTe gustar\u00eda disfrutar de las mismas ventajas que otros operadores civiles?<\/strong><\/span><\/h3>\n<\/div><\/div><\/div><div class=\"fusion-layout-column fusion_builder_column fusion-builder-column-8 fusion_builder_column_1_3 1_3 fusion-flex-column fusion-flex-align-self-stretch fusion-column-no-min-height\" style=\"--awb-padding-right:20px;--awb-bg-size:cover;--awb-width-large:33.333333333333%;--awb-margin-top-large:0px;--awb-spacing-right-large:5.76%;--awb-margin-bottom-large:20px;--awb-spacing-left-large:5.76%;--awb-width-medium:33.333333333333%;--awb-order-medium:0;--awb-spacing-right-medium:5.76%;--awb-spacing-left-medium:5.76%;--awb-width-small:100%;--awb-order-small:0;--awb-spacing-right-small:1.92%;--awb-spacing-left-small:1.92%;\" data-scroll-devices=\"small-visibility,medium-visibility,large-visibility\"><div class=\"fusion-column-wrapper fusion-column-has-shadow fusion-flex-justify-content-center fusion-content-layout-column\"><a class=\"fusion-modal-text-link\" data-toggle=\"modal\" data-target=\".fusion-modal.contactus\" href=\"#\"><img decoding=\"async\" src=\"https:\/\/www.loadscan.com\/wp-content\/uploads\/2020\/09\/LS-Button_Online-Enquiry.png\" alt=\"\" width=\"432\" height=\"190\"> <img class=\"aligncenter size-full\"><\/a><div class=\"fusion-modal modal fade modal-1 contactus has-light-close\" tabindex=\"-1\" role=\"dialog\" aria-labelledby=\"modal-heading-1\" aria-hidden=\"true\" style=\"--awb-border-color:#ffc500;--awb-background:#29292a;\"><div class=\"modal-dialog modal-lg\" role=\"document\"><div class=\"modal-content fusion-modal-content\"><div class=\"modal-header\"><button class=\"close\" type=\"button\" data-dismiss=\"modal\" aria-hidden=\"true\" aria-label=\"Close\">&times;<\/button><h3 class=\"modal-title\" id=\"modal-heading-1\" data-dismiss=\"modal\" aria-hidden=\"true\">Contacta con nosotros sobre las ventajas de Loadscan para tus proyectos civiles<\/h3><\/div><div class=\"modal-body fusion-clearfix\">[contact-form-7 id=\u00bb5242&#8243; title=\u00bbFormulario general de contacto\u00bb]<\/div><\/div><\/div><\/div><\/div><\/div><div class=\"fusion-layout-column fusion_builder_column fusion-builder-column-9 fusion_builder_column_1_3 1_3 fusion-flex-column fusion-flex-align-self-stretch fusion-column-no-min-height\" style=\"--awb-bg-size:cover;--awb-width-large:33.333333333333%;--awb-margin-top-large:0px;--awb-spacing-right-large:5.76%;--awb-margin-bottom-large:20px;--awb-spacing-left-large:5.76%;--awb-width-medium:33.333333333333%;--awb-order-medium:0;--awb-spacing-right-medium:5.76%;--awb-spacing-left-medium:5.76%;--awb-width-small:100%;--awb-order-small:0;--awb-spacing-right-small:1.92%;--awb-spacing-left-small:1.92%;\" data-scroll-devices=\"small-visibility,medium-visibility,large-visibility\"><div class=\"fusion-column-wrapper fusion-column-has-shadow fusion-flex-justify-content-space-evenly fusion-content-layout-column\"><a class=\"fusion-modal-text-link\" data-toggle=\"modal\" data-target=\".fusion-modal.constructionform\" href=\"#\"><img decoding=\"async\" src=\"https:\/\/www.loadscan.com\/wp-content\/uploads\/2020\/10\/Loadscan_Civil-call-back.png\" alt=\"\" width=\"541\" height=\"200\"> <img class=\"aligncenter size-full\"><\/a><div class=\"fusion-modal modal fade modal-2 constructionform has-light-close\" tabindex=\"-1\" role=\"dialog\" aria-labelledby=\"modal-heading-2\" aria-hidden=\"true\" style=\"--awb-border-color:#ffc500;--awb-background:#29292a;\"><div class=\"modal-dialog modal-lg\" role=\"document\"><div class=\"modal-content fusion-modal-content\"><div class=\"modal-header\"><button class=\"close\" type=\"button\" data-dismiss=\"modal\" aria-hidden=\"true\" aria-label=\"Close\">&times;<\/button><h3 class=\"modal-title\" id=\"modal-heading-2\" data-dismiss=\"modal\" aria-hidden=\"true\">Utiliza este formulario para solicitar que te llame uno de nuestros expertos<\/h3><\/div><div class=\"modal-body fusion-clearfix\">\n[contact-form-7 id=\u00bb17154&#8243; title=\u00bbFormulario de solicitud de devoluci\u00f3n de llamada &#8211; CONSTRUCCI\u00d3N\u00bb]\n<\/div><div class=\"modal-footer\"><button class=\"fusion-button button-default button-medium button default medium\" type=\"button\" data-dismiss=\"modal\">Close<\/button><\/div><\/div><\/div><\/div><\/div><\/div><\/div><\/div><\/p>\n","protected":false},"excerpt":{"rendered":"","protected":false},"author":12,"featured_media":0,"parent":0,"menu_order":0,"comment_status":"closed","ping_status":"closed","template":"100-width.php","meta":{"content-type":"","footnotes":""},"class_list":["post-34473","page","type-page","status-publish","hentry"],"yoast_head":"<!-- This site is optimized with the Yoast SEO plugin v27.2 - https:\/\/yoast.com\/product\/yoast-seo-wordpress\/ -->\n<title>Gestionar varios contratistas | LoadScan<\/title>\n<meta name=\"description\" content=\"Se pueden gestionar f\u00e1cilmente varios contratistas mediante el sistema de etiquetas RFID instalado en los camiones.\" \/>\n<meta name=\"robots\" content=\"index, follow, max-snippet:-1, max-image-preview:large, max-video-preview:-1\" \/>\n<link rel=\"canonical\" href=\"https:\/\/www.loadscan.com\/es\/gestion-de-multiples-contratistas\/\" \/>\n<meta name=\"twitter:label1\" content=\"Tiempo de lectura\" \/>\n\t<meta name=\"twitter:data1\" content=\"16 minutos\" \/>\n<script type=\"application\/ld+json\" class=\"yoast-schema-graph\">{\"@context\":\"https:\/\/schema.org\",\"@graph\":[{\"@type\":\"WebPage\",\"@id\":\"https:\/\/www.loadscan.com\/es\/gestion-de-multiples-contratistas\/\",\"url\":\"https:\/\/www.loadscan.com\/es\/gestion-de-multiples-contratistas\/\",\"name\":\"Gestionar varios contratistas | LoadScan\",\"isPartOf\":{\"@id\":\"https:\/\/www.loadscan.com\/es\/#website\"},\"primaryImageOfPage\":{\"@id\":\"https:\/\/www.loadscan.com\/es\/gestion-de-multiples-contratistas\/#primaryimage\"},\"image\":{\"@id\":\"https:\/\/www.loadscan.com\/es\/gestion-de-multiples-contratistas\/#primaryimage\"},\"thumbnailUrl\":\"https:\/\/www.loadscan.com\/wp-content\/uploads\/2020\/09\/LS-Button_Online-Enquiry.png\",\"datePublished\":\"2020-10-16T08:23:10+00:00\",\"dateModified\":\"2024-08-14T00:31:02+00:00\",\"description\":\"Se pueden gestionar f\u00e1cilmente varios contratistas mediante el sistema de etiquetas RFID instalado en los camiones.\",\"breadcrumb\":{\"@id\":\"https:\/\/www.loadscan.com\/es\/gestion-de-multiples-contratistas\/#breadcrumb\"},\"inLanguage\":\"es\",\"potentialAction\":[{\"@type\":\"ReadAction\",\"target\":[\"https:\/\/www.loadscan.com\/es\/gestion-de-multiples-contratistas\/\"]}]},{\"@type\":\"ImageObject\",\"inLanguage\":\"es\",\"@id\":\"https:\/\/www.loadscan.com\/es\/gestion-de-multiples-contratistas\/#primaryimage\",\"url\":\"https:\/\/www.loadscan.com\/wp-content\/uploads\/2020\/09\/LS-Button_Online-Enquiry.png\",\"contentUrl\":\"https:\/\/www.loadscan.com\/wp-content\/uploads\/2020\/09\/LS-Button_Online-Enquiry.png\"},{\"@type\":\"BreadcrumbList\",\"@id\":\"https:\/\/www.loadscan.com\/es\/gestion-de-multiples-contratistas\/#breadcrumb\",\"itemListElement\":[{\"@type\":\"ListItem\",\"position\":1,\"name\":\"Home\",\"item\":\"https:\/\/www.loadscan.com\/es\/escaneres-de-volumen-de-carga-loadscan\/\"},{\"@type\":\"ListItem\",\"position\":2,\"name\":\"Gesti\u00f3n de m\u00faltiples contratistas\"}]},{\"@type\":\"WebSite\",\"@id\":\"https:\/\/www.loadscan.com\/es\/#website\",\"url\":\"https:\/\/www.loadscan.com\/es\/\",\"name\":\"Loadscan\",\"description\":\"Certified accurate payload measurement\",\"publisher\":{\"@id\":\"https:\/\/www.loadscan.com\/es\/#organization\"},\"potentialAction\":[{\"@type\":\"SearchAction\",\"target\":{\"@type\":\"EntryPoint\",\"urlTemplate\":\"https:\/\/www.loadscan.com\/es\/?s={search_term_string}\"},\"query-input\":{\"@type\":\"PropertyValueSpecification\",\"valueRequired\":true,\"valueName\":\"search_term_string\"}}],\"inLanguage\":\"es\"},{\"@type\":\"Organization\",\"@id\":\"https:\/\/www.loadscan.com\/es\/#organization\",\"name\":\"Loadscan\u00ae Ltd\",\"url\":\"https:\/\/www.loadscan.com\/es\/\",\"logo\":{\"@type\":\"ImageObject\",\"inLanguage\":\"es\",\"@id\":\"https:\/\/www.loadscan.com\/es\/#\/schema\/logo\/image\/\",\"url\":\"https:\/\/www.loadscan.com\/wp-content\/uploads\/2020\/10\/Loadscan-logo-245.png\",\"contentUrl\":\"https:\/\/www.loadscan.com\/wp-content\/uploads\/2020\/10\/Loadscan-logo-245.png\",\"width\":245,\"height\":66,\"caption\":\"Loadscan\u00ae Ltd\"},\"image\":{\"@id\":\"https:\/\/www.loadscan.com\/es\/#\/schema\/logo\/image\/\"},\"sameAs\":[\"https:\/\/www.facebook.com\/loadscan\",\"https:\/\/x.com\/loadscan\",\"https:\/\/nz.linkedin.com\/company\/loadscan\"]}]}<\/script>\n<!-- \/ Yoast SEO plugin. -->","yoast_head_json":{"title":"Gestionar varios contratistas | LoadScan","description":"Se pueden gestionar f\u00e1cilmente varios contratistas mediante el sistema de etiquetas RFID instalado en los camiones.","robots":{"index":"index","follow":"follow","max-snippet":"max-snippet:-1","max-image-preview":"max-image-preview:large","max-video-preview":"max-video-preview:-1"},"canonical":"https:\/\/www.loadscan.com\/es\/gestion-de-multiples-contratistas\/","twitter_misc":{"Tiempo de lectura":"16 minutos"},"schema":{"@context":"https:\/\/schema.org","@graph":[{"@type":"WebPage","@id":"https:\/\/www.loadscan.com\/es\/gestion-de-multiples-contratistas\/","url":"https:\/\/www.loadscan.com\/es\/gestion-de-multiples-contratistas\/","name":"Gestionar varios contratistas | LoadScan","isPartOf":{"@id":"https:\/\/www.loadscan.com\/es\/#website"},"primaryImageOfPage":{"@id":"https:\/\/www.loadscan.com\/es\/gestion-de-multiples-contratistas\/#primaryimage"},"image":{"@id":"https:\/\/www.loadscan.com\/es\/gestion-de-multiples-contratistas\/#primaryimage"},"thumbnailUrl":"https:\/\/www.loadscan.com\/wp-content\/uploads\/2020\/09\/LS-Button_Online-Enquiry.png","datePublished":"2020-10-16T08:23:10+00:00","dateModified":"2024-08-14T00:31:02+00:00","description":"Se pueden gestionar f\u00e1cilmente varios contratistas mediante el sistema de etiquetas RFID instalado en los camiones.","breadcrumb":{"@id":"https:\/\/www.loadscan.com\/es\/gestion-de-multiples-contratistas\/#breadcrumb"},"inLanguage":"es","potentialAction":[{"@type":"ReadAction","target":["https:\/\/www.loadscan.com\/es\/gestion-de-multiples-contratistas\/"]}]},{"@type":"ImageObject","inLanguage":"es","@id":"https:\/\/www.loadscan.com\/es\/gestion-de-multiples-contratistas\/#primaryimage","url":"https:\/\/www.loadscan.com\/wp-content\/uploads\/2020\/09\/LS-Button_Online-Enquiry.png","contentUrl":"https:\/\/www.loadscan.com\/wp-content\/uploads\/2020\/09\/LS-Button_Online-Enquiry.png"},{"@type":"BreadcrumbList","@id":"https:\/\/www.loadscan.com\/es\/gestion-de-multiples-contratistas\/#breadcrumb","itemListElement":[{"@type":"ListItem","position":1,"name":"Home","item":"https:\/\/www.loadscan.com\/es\/escaneres-de-volumen-de-carga-loadscan\/"},{"@type":"ListItem","position":2,"name":"Gesti\u00f3n de m\u00faltiples contratistas"}]},{"@type":"WebSite","@id":"https:\/\/www.loadscan.com\/es\/#website","url":"https:\/\/www.loadscan.com\/es\/","name":"Loadscan","description":"Certified accurate payload measurement","publisher":{"@id":"https:\/\/www.loadscan.com\/es\/#organization"},"potentialAction":[{"@type":"SearchAction","target":{"@type":"EntryPoint","urlTemplate":"https:\/\/www.loadscan.com\/es\/?s={search_term_string}"},"query-input":{"@type":"PropertyValueSpecification","valueRequired":true,"valueName":"search_term_string"}}],"inLanguage":"es"},{"@type":"Organization","@id":"https:\/\/www.loadscan.com\/es\/#organization","name":"Loadscan\u00ae Ltd","url":"https:\/\/www.loadscan.com\/es\/","logo":{"@type":"ImageObject","inLanguage":"es","@id":"https:\/\/www.loadscan.com\/es\/#\/schema\/logo\/image\/","url":"https:\/\/www.loadscan.com\/wp-content\/uploads\/2020\/10\/Loadscan-logo-245.png","contentUrl":"https:\/\/www.loadscan.com\/wp-content\/uploads\/2020\/10\/Loadscan-logo-245.png","width":245,"height":66,"caption":"Loadscan\u00ae Ltd"},"image":{"@id":"https:\/\/www.loadscan.com\/es\/#\/schema\/logo\/image\/"},"sameAs":["https:\/\/www.facebook.com\/loadscan","https:\/\/x.com\/loadscan","https:\/\/nz.linkedin.com\/company\/loadscan"]}]}},"_links":{"self":[{"href":"https:\/\/www.loadscan.com\/es\/wp-json\/wp\/v2\/pages\/34473","targetHints":{"allow":["GET"]}}],"collection":[{"href":"https:\/\/www.loadscan.com\/es\/wp-json\/wp\/v2\/pages"}],"about":[{"href":"https:\/\/www.loadscan.com\/es\/wp-json\/wp\/v2\/types\/page"}],"author":[{"embeddable":true,"href":"https:\/\/www.loadscan.com\/es\/wp-json\/wp\/v2\/users\/12"}],"replies":[{"embeddable":true,"href":"https:\/\/www.loadscan.com\/es\/wp-json\/wp\/v2\/comments?post=34473"}],"version-history":[{"count":1,"href":"https:\/\/www.loadscan.com\/es\/wp-json\/wp\/v2\/pages\/34473\/revisions"}],"predecessor-version":[{"id":34477,"href":"https:\/\/www.loadscan.com\/es\/wp-json\/wp\/v2\/pages\/34473\/revisions\/34477"}],"wp:attachment":[{"href":"https:\/\/www.loadscan.com\/es\/wp-json\/wp\/v2\/media?parent=34473"}],"curies":[{"name":"wp","href":"https:\/\/api.w.org\/{rel}","templated":true}]}}