{"id":32258,"date":"2015-03-11T15:04:26","date_gmt":"2015-03-11T02:04:26","guid":{"rendered":"https:\/\/www.loadscan.com\/solucoes-de-tecnologia-de-digitalizacao\/consoles-de-cabine-robustos-loadtrak\/"},"modified":"2024-08-14T10:53:56","modified_gmt":"2024-08-13T22:53:56","slug":"consoles-de-cabine-robustos-loadtrak","status":"publish","type":"page","link":"https:\/\/www.loadscan.com\/pt-br\/solucoes-de-tecnologia-de-digitalizacao\/consoles-de-cabine-robustos-loadtrak\/","title":{"rendered":"Consoles de cabine robustos LoadTrak"},"content":{"rendered":"<p><div class=\"fusion-fullwidth fullwidth-box fusion-builder-row-1 fusion-parallax-none hundred-percent-fullwidth non-hundred-percent-height-scrolling fusion-no-small-visibility\" style=\"--awb-border-radius-top-left:0px;--awb-border-radius-top-right:0px;--awb-border-radius-bottom-right:0px;--awb-border-radius-bottom-left:0px;--awb-padding-top:275px;--awb-padding-bottom:275px;--awb-background-image:url(&quot;https:\/\/www.loadscan.com\/wp-content\/uploads\/2015\/02\/Loadscan-Product_LoadTrak-incab-Console.png&quot;);--awb-background-size:cover;--awb-flex-wrap:wrap;\" ><div class=\"fusion-builder-row fusion-row\"><\/div><\/div><div class=\"fusion-fullwidth fullwidth-box fusion-builder-row-2 fusion-flex-container hundred-percent-fullwidth non-hundred-percent-height-scrolling\" style=\"--awb-border-radius-top-left:0px;--awb-border-radius-top-right:0px;--awb-border-radius-bottom-right:0px;--awb-border-radius-bottom-left:0px;--awb-padding-right:15%;--awb-padding-left:15%;--awb-padding-right-medium:10%;--awb-padding-left-medium:10%;--awb-padding-right-small:5%;--awb-padding-left-small:5%;--awb-flex-wrap:wrap;\" ><div class=\"fusion-builder-row fusion-row fusion-flex-align-items-center fusion-flex-justify-content-center fusion-flex-content-wrap\" style=\"width:104% !important;max-width:104% !important;margin-left: calc(-4% \/ 2 );margin-right: calc(-4% \/ 2 );\"><div class=\"fusion-layout-column fusion_builder_column fusion-builder-column-0 fusion_builder_column_1_1 1_1 fusion-flex-column\" style=\"--awb-bg-size:cover;--awb-width-large:100%;--awb-margin-top-large:0px;--awb-spacing-right-large:1.92%;--awb-margin-bottom-large:20px;--awb-spacing-left-large:1.92%;--awb-width-medium:100%;--awb-order-medium:0;--awb-spacing-right-medium:1.92%;--awb-spacing-left-medium:1.92%;--awb-width-small:100%;--awb-order-small:0;--awb-spacing-right-small:1.92%;--awb-spacing-left-small:1.92%;\"><div class=\"fusion-column-wrapper fusion-column-has-shadow fusion-flex-justify-content-flex-start fusion-content-layout-column\"><div class=\"fusion-separator fusion-full-width-sep\" style=\"align-self: center;margin-left: auto;margin-right: auto;margin-bottom:40px;width:100%;\"><\/div><\/div><\/div><div class=\"fusion-layout-column fusion_builder_column fusion-builder-column-1 fusion_builder_column_2_3 2_3 fusion-flex-column\" style=\"--awb-padding-top:20px;--awb-bg-size:cover;--awb-width-large:66.666666666667%;--awb-margin-top-large:0px;--awb-spacing-right-large:2.88%;--awb-margin-bottom-large:20px;--awb-spacing-left-large:2.88%;--awb-width-medium:66.666666666667%;--awb-spacing-right-medium:2.88%;--awb-spacing-left-medium:2.88%;--awb-width-small:100%;--awb-spacing-right-small:1.92%;--awb-spacing-left-small:1.92%;\"><div class=\"fusion-column-wrapper fusion-column-has-shadow fusion-flex-justify-content-flex-start fusion-content-layout-column\"><div class=\"fusion-text fusion-text-1\"><h1>Console na cabine LoadTrak<\/h1>\n<\/div><div class=\"fusion-text fusion-text-2\"><p>O monitoramento e a medi\u00e7\u00e3o de cargas de caminh\u00f5es de material valioso em sua mina podem ser uma montanha de papelada ou uma s\u00e9rie de sistemas de despacho complexos e caros. Os consoles robustos <sup>LoadTrakTM<\/sup> na cabine s\u00e3o uma op\u00e7\u00e3o personalizada de entrada remota de dados e feedback de valor agregado para o seu LoadScan <a title=\"Scanner de volume de carga\" href=\"https:\/\/www.loadscan.com\/load-volume-scanner\/\">Load Volume Scanner (LVS)<\/a> que pode substituir os registros de carga em papel sem complicar demais as coisas.<\/p>\n<\/div><\/div><\/div><div class=\"fusion-layout-column fusion_builder_column fusion-builder-column-2 fusion_builder_column_1_3 1_3 fusion-flex-column\" style=\"--awb-bg-size:cover;--awb-width-large:33.333333333333%;--awb-margin-top-large:0px;--awb-spacing-right-large:5.76%;--awb-margin-bottom-large:20px;--awb-spacing-left-large:5.76%;--awb-width-medium:33.333333333333%;--awb-spacing-right-medium:5.76%;--awb-spacing-left-medium:5.76%;--awb-width-small:100%;--awb-spacing-right-small:1.92%;--awb-spacing-left-small:1.92%;\"><div class=\"fusion-column-wrapper fusion-flex-justify-content-flex-start fusion-content-layout-column\"><div class=\"fusion-image-element \" style=\"--awb-caption-title-font-family:var(--h2_typography-font-family);--awb-caption-title-font-weight:var(--h2_typography-font-weight);--awb-caption-title-font-style:var(--h2_typography-font-style);--awb-caption-title-size:var(--h2_typography-font-size);--awb-caption-title-transform:var(--h2_typography-text-transform);--awb-caption-title-line-height:var(--h2_typography-line-height);--awb-caption-title-letter-spacing:var(--h2_typography-letter-spacing);\"><span class=\" fusion-imageframe imageframe-none imageframe-1 hover-type-none\"><img decoding=\"async\" width=\"520\" height=\"496\" alt=\"Console LoadTrak robusto na cabine\" title=\"Loadtrak Rugged Console Touchscreen\" src=\"https:\/\/www.loadscan.com\/wp-content\/uploads\/2015\/03\/Loadtrak-rugged-console-touchscreen.png\" class=\"img-responsive wp-image-26304\" srcset=\"https:\/\/www.loadscan.com\/wp-content\/uploads\/2015\/03\/Loadtrak-rugged-console-touchscreen-200x191.png 200w, https:\/\/www.loadscan.com\/wp-content\/uploads\/2015\/03\/Loadtrak-rugged-console-touchscreen-400x382.png 400w, https:\/\/www.loadscan.com\/wp-content\/uploads\/2015\/03\/Loadtrak-rugged-console-touchscreen.png 520w\" sizes=\"(max-width: 640px) 100vw, 400px\" \/><\/span><\/div><\/div><\/div><div class=\"fusion-layout-column fusion_builder_column fusion-builder-column-3 fusion_builder_column_2_5 2_5 fusion-flex-column\" style=\"--awb-bg-size:cover;--awb-width-large:40%;--awb-margin-top-large:0px;--awb-spacing-right-large:4.8%;--awb-margin-bottom-large:20px;--awb-spacing-left-large:4.8%;--awb-width-medium:40%;--awb-spacing-right-medium:4.8%;--awb-spacing-left-medium:4.8%;--awb-width-small:100%;--awb-spacing-right-small:1.92%;--awb-spacing-left-small:1.92%;\"><div class=\"fusion-column-wrapper fusion-flex-justify-content-flex-start fusion-content-layout-column\"><div class=\"fusion-image-element \" style=\"text-align:center;--awb-caption-title-font-family:var(--h2_typography-font-family);--awb-caption-title-font-weight:var(--h2_typography-font-weight);--awb-caption-title-font-style:var(--h2_typography-font-style);--awb-caption-title-size:var(--h2_typography-font-size);--awb-caption-title-transform:var(--h2_typography-text-transform);--awb-caption-title-line-height:var(--h2_typography-line-height);--awb-caption-title-letter-spacing:var(--h2_typography-letter-spacing);\"><span class=\" fusion-imageframe imageframe-none imageframe-2 hover-type-none\"><img decoding=\"async\" width=\"1200\" height=\"900\" alt=\"Unidade de cabine Loadscan LoadTrak\" title=\"Loadscan Truck In-Cab Module\" src=\"https:\/\/www.loadscan.com\/wp-content\/uploads\/2015\/03\/Loadscan-truck-in-cab-module.jpg\" class=\"img-responsive wp-image-26308\" srcset=\"https:\/\/www.loadscan.com\/wp-content\/uploads\/2015\/03\/Loadscan-truck-in-cab-module-200x150.jpg 200w, https:\/\/www.loadscan.com\/wp-content\/uploads\/2015\/03\/Loadscan-truck-in-cab-module-400x300.jpg 400w, https:\/\/www.loadscan.com\/wp-content\/uploads\/2015\/03\/Loadscan-truck-in-cab-module-600x450.jpg 600w, https:\/\/www.loadscan.com\/wp-content\/uploads\/2015\/03\/Loadscan-truck-in-cab-module-800x600.jpg 800w, https:\/\/www.loadscan.com\/wp-content\/uploads\/2015\/03\/Loadscan-truck-in-cab-module.jpg 1200w\" sizes=\"(max-width: 640px) 100vw, 600px\" \/><\/span><\/div><\/div><\/div><div class=\"fusion-layout-column fusion_builder_column fusion-builder-column-4 fusion_builder_column_3_5 3_5 fusion-flex-column\" style=\"--awb-bg-size:cover;--awb-width-large:60%;--awb-margin-top-large:0px;--awb-spacing-right-large:3.2%;--awb-margin-bottom-large:20px;--awb-spacing-left-large:3.2%;--awb-width-medium:60%;--awb-spacing-right-medium:3.2%;--awb-spacing-left-medium:3.2%;--awb-width-small:100%;--awb-spacing-right-small:1.92%;--awb-spacing-left-small:1.92%;\"><div class=\"fusion-column-wrapper fusion-flex-justify-content-flex-start fusion-content-layout-column\"><div class=\"fusion-text fusion-text-3\"><p>Os consoles touchscreen robustos e \u00e0 prova de minera\u00e7\u00e3o com conectividade sem fio (WiFi) integrada permitem que os motoristas de caminh\u00e3o insiram detalhes da carga, como origem, tipo e destino, etc., no momento do carregamento.<br \/>\nQuando os caminh\u00f5es carregados entram no alcance do WiFi do sistema LVS, os detalhes da carga s\u00e3o automaticamente carregados e registrados com as medi\u00e7\u00f5es da carga.<br \/>\nTodos os detalhes da carga est\u00e3o dispon\u00edveis para an\u00e1lise e gera\u00e7\u00e3o de relat\u00f3rios com o software de gerenciamento de carga <a href=\"https:\/\/www.loadscan.com\/solutions\/cloud-service\/\">LoadScan <i>MyScanner<\/i><\/a> ou outros sistemas internos.<br \/>\nOs dados de medi\u00e7\u00e3o e quaisquer estat\u00edsticas configuradas ou gr\u00e1ficos e an\u00e1lises de perfil de carga s\u00e3o informados ao motorista imediatamente ap\u00f3s a medi\u00e7\u00e3o da carga. <em>O<\/em><sup>LoadTrakTM<\/sup> \u00e9 uma solu\u00e7\u00e3o <strong>personalizada<\/strong>, adaptada aos requisitos espec\u00edficos de seu local.<\/p>\n<\/div><\/div><\/div><div class=\"fusion-layout-column fusion_builder_column fusion-builder-column-5 fusion_builder_column_1_2 1_2 fusion-flex-column\" style=\"--awb-bg-size:cover;--awb-width-large:50%;--awb-margin-top-large:0px;--awb-spacing-right-large:3.84%;--awb-margin-bottom-large:20px;--awb-spacing-left-large:3.84%;--awb-width-medium:50%;--awb-spacing-right-medium:3.84%;--awb-spacing-left-medium:3.84%;--awb-width-small:100%;--awb-spacing-right-small:1.92%;--awb-spacing-left-small:1.92%;\"><div class=\"fusion-column-wrapper fusion-flex-justify-content-flex-start fusion-content-layout-column\"><div class=\"fusion-text fusion-text-4\"><h4>Recursos padr\u00e3o dos consoles na cabine<\/h4>\n<ul>\n<li>Consoles robustos com tela sens\u00edvel ao toque no ve\u00edculo<\/li>\n<li>At\u00e9 6 detalhes de carga configur\u00e1veis (por exemplo, fonte de carga, tipo, destino, motorista, ID do carregador)<\/li>\n<li>Carregamento autom\u00e1tico dos detalhes da carga no momento da medi\u00e7\u00e3o no LVS<\/li>\n<li>Feedback imediato da medi\u00e7\u00e3o de carga para os motoristas<\/li>\n<\/ul>\n<\/div><\/div><\/div><div class=\"fusion-layout-column fusion_builder_column fusion-builder-column-6 fusion_builder_column_1_2 1_2 fusion-flex-column\" style=\"--awb-bg-size:cover;--awb-width-large:50%;--awb-margin-top-large:0px;--awb-spacing-right-large:3.84%;--awb-margin-bottom-large:20px;--awb-spacing-left-large:3.84%;--awb-width-medium:50%;--awb-spacing-right-medium:3.84%;--awb-spacing-left-medium:3.84%;--awb-width-small:100%;--awb-spacing-right-small:1.92%;--awb-spacing-left-small:1.92%;\"><div class=\"fusion-column-wrapper fusion-flex-justify-content-flex-start fusion-content-layout-column\"><div class=\"fusion-text fusion-text-5\"><h4>Consoles na cabine Recursos personalizados<\/h4>\n<ul>\n<li><a title=\"Perfil de carga\" href=\"https:\/\/www.loadscan.com\/solutions\/3d-payload-profiler\/\">Perfil<\/a> gr\u00e1fico <a title=\"Perfil de carga\" href=\"https:\/\/www.loadscan.com\/solutions\/3d-payload-profiler\/\">de carga<\/a> para feedback visual da distribui\u00e7\u00e3o de carga<\/li>\n<li>Estat\u00edsticas de distribui\u00e7\u00e3o de carga, como centro de massa, destaque do local de transbordamento etc.<\/li>\n<li>Estat\u00edsticas de desempenho do turno, como volume acumulado\/totais de peso computados, porcentagem da meta do turno<\/li>\n<li>Fale conosco sobre seus requisitos personalizados<\/li>\n<\/ul>\n<\/div><\/div><\/div><\/div><\/div><\/p>\n","protected":false},"excerpt":{"rendered":"","protected":false},"author":6,"featured_media":0,"parent":32198,"menu_order":0,"comment_status":"closed","ping_status":"closed","template":"100-width.php","meta":{"content-type":"","footnotes":""},"class_list":["post-32258","page","type-page","status-publish","hentry"],"yoast_head":"<!-- This site is optimized with the Yoast SEO plugin v27.2 - https:\/\/yoast.com\/product\/yoast-seo-wordpress\/ -->\n<title>LoadScan | LoadTrak | Consoles com tela sens\u00edvel ao toque na cabine<\/title>\n<meta name=\"description\" content=\"Os consoles de tela sens\u00edvel ao toque Loadtrak In-Cab s\u00e3o uma op\u00e7\u00e3o de entrada remota de dados e feedback personalizada e de valor agregado para o seu scanner de volume de carga (LVS) Loadscan.\" \/>\n<meta name=\"robots\" content=\"index, follow, max-snippet:-1, max-image-preview:large, max-video-preview:-1\" \/>\n<link rel=\"canonical\" href=\"https:\/\/www.loadscan.com\/pt-br\/solucoes-de-tecnologia-de-digitalizacao\/consoles-de-cabine-robustos-loadtrak\/\" \/>\n<meta name=\"twitter:label1\" content=\"Est. tempo de leitura\" \/>\n\t<meta name=\"twitter:data1\" content=\"9 minutos\" \/>\n<script type=\"application\/ld+json\" class=\"yoast-schema-graph\">{\"@context\":\"https:\/\/schema.org\",\"@graph\":[{\"@type\":\"WebPage\",\"@id\":\"https:\/\/www.loadscan.com\/pt-br\/solucoes-de-tecnologia-de-digitalizacao\/consoles-de-cabine-robustos-loadtrak\/\",\"url\":\"https:\/\/www.loadscan.com\/pt-br\/solucoes-de-tecnologia-de-digitalizacao\/consoles-de-cabine-robustos-loadtrak\/\",\"name\":\"LoadScan | LoadTrak | Consoles com tela sens\u00edvel ao toque na cabine\",\"isPartOf\":{\"@id\":\"https:\/\/www.loadscan.com\/pt-br\/#website\"},\"datePublished\":\"2015-03-11T02:04:26+00:00\",\"dateModified\":\"2024-08-13T22:53:56+00:00\",\"description\":\"Os consoles de tela sens\u00edvel ao toque Loadtrak In-Cab s\u00e3o uma op\u00e7\u00e3o de entrada remota de dados e feedback personalizada e de valor agregado para o seu scanner de volume de carga (LVS) Loadscan.\",\"breadcrumb\":{\"@id\":\"https:\/\/www.loadscan.com\/pt-br\/solucoes-de-tecnologia-de-digitalizacao\/consoles-de-cabine-robustos-loadtrak\/#breadcrumb\"},\"inLanguage\":\"pt-BR\",\"potentialAction\":[{\"@type\":\"ReadAction\",\"target\":[\"https:\/\/www.loadscan.com\/pt-br\/solucoes-de-tecnologia-de-digitalizacao\/consoles-de-cabine-robustos-loadtrak\/\"]}]},{\"@type\":\"BreadcrumbList\",\"@id\":\"https:\/\/www.loadscan.com\/pt-br\/solucoes-de-tecnologia-de-digitalizacao\/consoles-de-cabine-robustos-loadtrak\/#breadcrumb\",\"itemListElement\":[{\"@type\":\"ListItem\",\"position\":1,\"name\":\"Home\",\"item\":\"https:\/\/www.loadscan.com\/pt-br\/scanners-de-volume-de-carga-loadscan\/\"},{\"@type\":\"ListItem\",\"position\":2,\"name\":\"Solu\u00e7\u00f5es de tecnologia de digitaliza\u00e7\u00e3o\",\"item\":\"https:\/\/www.loadscan.com\/pt-br\/solucoes-de-tecnologia-de-digitalizacao\/\"},{\"@type\":\"ListItem\",\"position\":3,\"name\":\"Consoles de cabine robustos LoadTrak\"}]},{\"@type\":\"WebSite\",\"@id\":\"https:\/\/www.loadscan.com\/pt-br\/#website\",\"url\":\"https:\/\/www.loadscan.com\/pt-br\/\",\"name\":\"Loadscan\",\"description\":\"Certified accurate payload measurement\",\"publisher\":{\"@id\":\"https:\/\/www.loadscan.com\/pt-br\/#organization\"},\"potentialAction\":[{\"@type\":\"SearchAction\",\"target\":{\"@type\":\"EntryPoint\",\"urlTemplate\":\"https:\/\/www.loadscan.com\/pt-br\/?s={search_term_string}\"},\"query-input\":{\"@type\":\"PropertyValueSpecification\",\"valueRequired\":true,\"valueName\":\"search_term_string\"}}],\"inLanguage\":\"pt-BR\"},{\"@type\":\"Organization\",\"@id\":\"https:\/\/www.loadscan.com\/pt-br\/#organization\",\"name\":\"Loadscan\u00ae Ltd\",\"url\":\"https:\/\/www.loadscan.com\/pt-br\/\",\"logo\":{\"@type\":\"ImageObject\",\"inLanguage\":\"pt-BR\",\"@id\":\"https:\/\/www.loadscan.com\/pt-br\/#\/schema\/logo\/image\/\",\"url\":\"https:\/\/www.loadscan.com\/wp-content\/uploads\/2020\/10\/Loadscan-logo-245.png\",\"contentUrl\":\"https:\/\/www.loadscan.com\/wp-content\/uploads\/2020\/10\/Loadscan-logo-245.png\",\"width\":245,\"height\":66,\"caption\":\"Loadscan\u00ae Ltd\"},\"image\":{\"@id\":\"https:\/\/www.loadscan.com\/pt-br\/#\/schema\/logo\/image\/\"},\"sameAs\":[\"https:\/\/www.facebook.com\/loadscan\",\"https:\/\/x.com\/loadscan\",\"https:\/\/nz.linkedin.com\/company\/loadscan\"]}]}<\/script>\n<!-- \/ Yoast SEO plugin. -->","yoast_head_json":{"title":"LoadScan | LoadTrak | Consoles com tela sens\u00edvel ao toque na cabine","description":"Os consoles de tela sens\u00edvel ao toque Loadtrak In-Cab s\u00e3o uma op\u00e7\u00e3o de entrada remota de dados e feedback personalizada e de valor agregado para o seu scanner de volume de carga (LVS) Loadscan.","robots":{"index":"index","follow":"follow","max-snippet":"max-snippet:-1","max-image-preview":"max-image-preview:large","max-video-preview":"max-video-preview:-1"},"canonical":"https:\/\/www.loadscan.com\/pt-br\/solucoes-de-tecnologia-de-digitalizacao\/consoles-de-cabine-robustos-loadtrak\/","twitter_misc":{"Est. tempo de leitura":"9 minutos"},"schema":{"@context":"https:\/\/schema.org","@graph":[{"@type":"WebPage","@id":"https:\/\/www.loadscan.com\/pt-br\/solucoes-de-tecnologia-de-digitalizacao\/consoles-de-cabine-robustos-loadtrak\/","url":"https:\/\/www.loadscan.com\/pt-br\/solucoes-de-tecnologia-de-digitalizacao\/consoles-de-cabine-robustos-loadtrak\/","name":"LoadScan | LoadTrak | Consoles com tela sens\u00edvel ao toque na cabine","isPartOf":{"@id":"https:\/\/www.loadscan.com\/pt-br\/#website"},"datePublished":"2015-03-11T02:04:26+00:00","dateModified":"2024-08-13T22:53:56+00:00","description":"Os consoles de tela sens\u00edvel ao toque Loadtrak In-Cab s\u00e3o uma op\u00e7\u00e3o de entrada remota de dados e feedback personalizada e de valor agregado para o seu scanner de volume de carga (LVS) Loadscan.","breadcrumb":{"@id":"https:\/\/www.loadscan.com\/pt-br\/solucoes-de-tecnologia-de-digitalizacao\/consoles-de-cabine-robustos-loadtrak\/#breadcrumb"},"inLanguage":"pt-BR","potentialAction":[{"@type":"ReadAction","target":["https:\/\/www.loadscan.com\/pt-br\/solucoes-de-tecnologia-de-digitalizacao\/consoles-de-cabine-robustos-loadtrak\/"]}]},{"@type":"BreadcrumbList","@id":"https:\/\/www.loadscan.com\/pt-br\/solucoes-de-tecnologia-de-digitalizacao\/consoles-de-cabine-robustos-loadtrak\/#breadcrumb","itemListElement":[{"@type":"ListItem","position":1,"name":"Home","item":"https:\/\/www.loadscan.com\/pt-br\/scanners-de-volume-de-carga-loadscan\/"},{"@type":"ListItem","position":2,"name":"Solu\u00e7\u00f5es de tecnologia de digitaliza\u00e7\u00e3o","item":"https:\/\/www.loadscan.com\/pt-br\/solucoes-de-tecnologia-de-digitalizacao\/"},{"@type":"ListItem","position":3,"name":"Consoles de cabine robustos LoadTrak"}]},{"@type":"WebSite","@id":"https:\/\/www.loadscan.com\/pt-br\/#website","url":"https:\/\/www.loadscan.com\/pt-br\/","name":"Loadscan","description":"Certified accurate payload measurement","publisher":{"@id":"https:\/\/www.loadscan.com\/pt-br\/#organization"},"potentialAction":[{"@type":"SearchAction","target":{"@type":"EntryPoint","urlTemplate":"https:\/\/www.loadscan.com\/pt-br\/?s={search_term_string}"},"query-input":{"@type":"PropertyValueSpecification","valueRequired":true,"valueName":"search_term_string"}}],"inLanguage":"pt-BR"},{"@type":"Organization","@id":"https:\/\/www.loadscan.com\/pt-br\/#organization","name":"Loadscan\u00ae Ltd","url":"https:\/\/www.loadscan.com\/pt-br\/","logo":{"@type":"ImageObject","inLanguage":"pt-BR","@id":"https:\/\/www.loadscan.com\/pt-br\/#\/schema\/logo\/image\/","url":"https:\/\/www.loadscan.com\/wp-content\/uploads\/2020\/10\/Loadscan-logo-245.png","contentUrl":"https:\/\/www.loadscan.com\/wp-content\/uploads\/2020\/10\/Loadscan-logo-245.png","width":245,"height":66,"caption":"Loadscan\u00ae Ltd"},"image":{"@id":"https:\/\/www.loadscan.com\/pt-br\/#\/schema\/logo\/image\/"},"sameAs":["https:\/\/www.facebook.com\/loadscan","https:\/\/x.com\/loadscan","https:\/\/nz.linkedin.com\/company\/loadscan"]}]}},"_links":{"self":[{"href":"https:\/\/www.loadscan.com\/pt-br\/wp-json\/wp\/v2\/pages\/32258","targetHints":{"allow":["GET"]}}],"collection":[{"href":"https:\/\/www.loadscan.com\/pt-br\/wp-json\/wp\/v2\/pages"}],"about":[{"href":"https:\/\/www.loadscan.com\/pt-br\/wp-json\/wp\/v2\/types\/page"}],"author":[{"embeddable":true,"href":"https:\/\/www.loadscan.com\/pt-br\/wp-json\/wp\/v2\/users\/6"}],"replies":[{"embeddable":true,"href":"https:\/\/www.loadscan.com\/pt-br\/wp-json\/wp\/v2\/comments?post=32258"}],"version-history":[{"count":1,"href":"https:\/\/www.loadscan.com\/pt-br\/wp-json\/wp\/v2\/pages\/32258\/revisions"}],"predecessor-version":[{"id":32263,"href":"https:\/\/www.loadscan.com\/pt-br\/wp-json\/wp\/v2\/pages\/32258\/revisions\/32263"}],"up":[{"embeddable":true,"href":"https:\/\/www.loadscan.com\/pt-br\/wp-json\/wp\/v2\/pages\/32198"}],"wp:attachment":[{"href":"https:\/\/www.loadscan.com\/pt-br\/wp-json\/wp\/v2\/media?parent=32258"}],"curies":[{"name":"wp","href":"https:\/\/api.w.org\/{rel}","templated":true}]}}