{"id":32280,"date":"2015-02-11T14:00:14","date_gmt":"2015-02-11T01:00:14","guid":{"rendered":"https:\/\/www.loadscan.com\/solucoes-de-tecnologia-de-digitalizacao\/perfil-de-carga-util-3d\/"},"modified":"2024-08-14T10:54:05","modified_gmt":"2024-08-13T22:54:05","slug":"perfil-de-carga-util-3d","status":"publish","type":"page","link":"https:\/\/www.loadscan.com\/pt-br\/solucoes-de-tecnologia-de-digitalizacao\/perfil-de-carga-util-3d\/","title":{"rendered":"Perfil de carga \u00fatil 3D"},"content":{"rendered":"<div class=\"fusion-fullwidth fullwidth-box fusion-builder-row-1 fusion-flex-container hundred-percent-fullwidth non-hundred-percent-height-scrolling\" style=\"--awb-border-radius-top-left:0px;--awb-border-radius-top-right:0px;--awb-border-radius-bottom-right:0px;--awb-border-radius-bottom-left:0px;--awb-padding-right:15%;--awb-padding-left:15%;--awb-padding-right-medium:10%;--awb-padding-left-medium:10%;--awb-padding-right-small:5%;--awb-padding-left-small:5%;--awb-flex-wrap:wrap;\" ><div class=\"fusion-builder-row fusion-row fusion-flex-align-items-flex-start fusion-flex-content-wrap\" style=\"width:104% !important;max-width:104% !important;margin-left: calc(-4% \/ 2 );margin-right: calc(-4% \/ 2 );\"><div class=\"fusion-layout-column fusion_builder_column fusion-builder-column-0 fusion_builder_column_1_1 1_1 fusion-flex-column\" style=\"--awb-bg-size:cover;--awb-width-large:100%;--awb-margin-top-large:0px;--awb-spacing-right-large:1.92%;--awb-margin-bottom-large:0px;--awb-spacing-left-large:1.92%;--awb-width-medium:100%;--awb-spacing-right-medium:1.92%;--awb-spacing-left-medium:1.92%;--awb-width-small:100%;--awb-spacing-right-small:1.92%;--awb-spacing-left-small:1.92%;\"><div class=\"fusion-column-wrapper fusion-flex-justify-content-flex-start fusion-content-layout-column\"><div class=\"fusion-text fusion-text-1\"><h1>Perfil de carga \u00fatil 3D<\/h1>\n<p>  Reduza o desgaste dos pneus e das m\u00e1quinas, aumente os fatores de enchimento dos caminh\u00f5es e melhore a seguran\u00e7a da carga \u00fatil com gr\u00e1ficos de distribui\u00e7\u00e3o de carga e estat\u00edsticas para monitoramento do desempenho, a fim de educar visualmente e treinar os operadores para otimizar a efici\u00eancia da carga \u00fatil.<br \/>\n <em>O <\/em>LoadScan <em>3D Payload Profiler <\/em>foi desenvolvido para oferecer aos clientes do Loadscan LVS uma ferramenta de intera\u00e7\u00e3o visual para maximizar a efici\u00eancia da carga \u00fatil, utilizando os dados de escaneamento gerados no processo de medi\u00e7\u00e3o do LVS.<\/p>\n<\/div><\/div><\/div><div class=\"fusion-layout-column fusion_builder_column fusion-builder-column-1 fusion_builder_column_3_5 3_5 fusion-flex-column\" style=\"--awb-bg-size:cover;--awb-width-large:60%;--awb-margin-top-large:0px;--awb-spacing-right-large:3.2%;--awb-margin-bottom-large:20px;--awb-spacing-left-large:3.2%;--awb-width-medium:60%;--awb-spacing-right-medium:3.2%;--awb-spacing-left-medium:3.2%;--awb-width-small:100%;--awb-spacing-right-small:1.92%;--awb-spacing-left-small:1.92%;\"><div class=\"fusion-column-wrapper fusion-flex-justify-content-flex-start fusion-content-layout-column\"><div class=\"fusion-text fusion-text-2\"><h6>  Recursos padr\u00e3o<\/h6>\n<h5>Gr\u00e1ficos do perfil de carga \u00fatil 3D<\/h5>\n<p>  O LoadScan <em>3D Payload Profiler <\/em>fornece uma representa\u00e7\u00e3o gr\u00e1fica da carga para que voc\u00ea tenha um feedback visual da forma e da distribui\u00e7\u00e3o da carga.<br \/>\nPermite que os operadores detectem cargas fora do centro ou inseguras, fragmenta\u00e7\u00e3o da carga e formato geral da carga.   <\/p>\n<h5>Medi\u00e7\u00e3o manual ponto a ponto<\/h5>\n<p>  Fa\u00e7a medi\u00e7\u00f5es manuais das caracter\u00edsticas da carga ou das dimens\u00f5es da carroceria do caminh\u00e3o com medi\u00e7\u00f5es ponto a ponto em se\u00e7\u00f5es transversais de dados de varredura longitudinal e transversal.<br \/>\nAuxilia nas estimativas manuais da capacidade da bandeja, da distribui\u00e7\u00e3o de carga, da fragmenta\u00e7\u00e3o, do fator de preenchimento e assim por diante.   <\/p>\n<h6>Recursos estendidos*<\/h6>\n<h5>An\u00e1lise de distribui\u00e7\u00e3o de carga<\/h5>\n<p>  A forma como a carga \u00e9 distribu\u00edda na bandeja do caminh\u00e3o n\u00e3o afeta apenas a efici\u00eancia do carregamento, mas tamb\u00e9m o desgaste dos pneus e da m\u00e1quina, al\u00e9m da seguran\u00e7a na estrada de transporte.<br \/>\nEvite os caros estouros de pneus e proteja seu equipamento carregando os caminh\u00f5es corretamente.<br \/>\nA distribui\u00e7\u00e3o da carga \u00e0 esquerda, \u00e0 direita, na frente ou atr\u00e1s da bandeja pode ser determinada a partir do centro de massa da carga, dos \u00e2ngulos de inclina\u00e7\u00e3o da pilha e de outras caracter\u00edsticas de forma*    <\/p>\n<h5>Monitoramento da fragmenta\u00e7\u00e3o da explos\u00e3o<\/h5>\n<p>  A distribui\u00e7\u00e3o dos tamanhos dos fragmentos de rocha (fragmenta\u00e7\u00e3o) ap\u00f3s a detona\u00e7\u00e3o afeta a facilidade com que a rocha detonada \u00e9 removida com p\u00e1 (capacidade de escava\u00e7\u00e3o) e a efici\u00eancia do carregamento do caminh\u00e3o, com influ\u00eancia significativa na produtividade. A fragmenta\u00e7\u00e3o dentro de uma carga de caminh\u00e3o pode ser estimada a partir da textura 3D da superf\u00edcie vis\u00edvel da carga e relatada para cada carga para monitoramento e otimiza\u00e7\u00e3o do desempenho da detona\u00e7\u00e3o.*  <\/p>\n<h5>C\u00e1lculo do fator de preenchimento<\/h5>\n<p>  Carregar os caminh\u00f5es at\u00e9 a capacidade m\u00e1xima, sem sobrecarregar, \u00e9 importante para a produtividade m\u00e1xima. O fator de enchimento do caminh\u00e3o \u00e9 uma medida de qu\u00e3o bem a carroceria do caminh\u00e3o \u00e9 utilizada. Ele pode ser calculado com base no volume de carga medido, no formato e no tamanho da bandeja, no perfil da carga, na fragmenta\u00e7\u00e3o e, opcionalmente, em dados de peso fornecidos externamente.*  <\/p>\n<h5>Identifica\u00e7\u00e3o de riscos de queda de rochas<\/h5>\n<p>  O destaque visual das regi\u00f5es da borda da bandeja do caminh\u00e3o onde a carga corre o risco de cair, com limites de alarme configur\u00e1veis, permite que os operadores identifiquem cargas inseguras.<\/p>\n<\/div><\/div><\/div><div class=\"fusion-layout-column fusion_builder_column fusion-builder-column-2 fusion_builder_column_2_5 2_5 fusion-flex-column\" style=\"--awb-bg-size:cover;--awb-width-large:40%;--awb-margin-top-large:0px;--awb-spacing-right-large:4.8%;--awb-margin-bottom-large:20px;--awb-spacing-left-large:4.8%;--awb-width-medium:40%;--awb-spacing-right-medium:4.8%;--awb-spacing-left-medium:4.8%;--awb-width-small:100%;--awb-spacing-right-small:1.92%;--awb-spacing-left-small:1.92%;\"><div class=\"fusion-column-wrapper fusion-flex-justify-content-flex-start fusion-content-layout-column\"><div class=\"fusion-image-element \" style=\"text-align:center;--awb-caption-title-font-family:var(--h2_typography-font-family);--awb-caption-title-font-weight:var(--h2_typography-font-weight);--awb-caption-title-font-style:var(--h2_typography-font-style);--awb-caption-title-size:var(--h2_typography-font-size);--awb-caption-title-transform:var(--h2_typography-text-transform);--awb-caption-title-line-height:var(--h2_typography-line-height);--awb-caption-title-letter-spacing:var(--h2_typography-letter-spacing);\"><span class=\" fusion-imageframe imageframe-none imageframe-1 hover-type-none\"><img decoding=\"async\" width=\"1003\" height=\"831\" alt=\"Telas do 3D Loadscan Profiler\" title=\"3D Computer &#8211; MyScanner 3d mining1\" src=\"https:\/\/www.loadscan.com\/wp-content\/uploads\/2023\/09\/3D-Computer-MyScanner-3d-mining1.png\" class=\"img-responsive wp-image-31040\" srcset=\"https:\/\/www.loadscan.com\/wp-content\/uploads\/2023\/09\/3D-Computer-MyScanner-3d-mining1-200x166.png 200w, https:\/\/www.loadscan.com\/wp-content\/uploads\/2023\/09\/3D-Computer-MyScanner-3d-mining1-400x331.png 400w, https:\/\/www.loadscan.com\/wp-content\/uploads\/2023\/09\/3D-Computer-MyScanner-3d-mining1-600x497.png 600w, https:\/\/www.loadscan.com\/wp-content\/uploads\/2023\/09\/3D-Computer-MyScanner-3d-mining1-800x663.png 800w, https:\/\/www.loadscan.com\/wp-content\/uploads\/2023\/09\/3D-Computer-MyScanner-3d-mining1.png 1003w\" sizes=\"(max-width: 640px) 100vw, 600px\" \/><\/span><\/div><div class=\"fusion-separator fusion-full-width-sep\" style=\"align-self: center;margin-left: auto;margin-right: auto;margin-bottom:40px;width:100%;\"><\/div><div class=\"fusion-text fusion-text-3\"><blockquote>\n<h3><em>O Load Profiling oferece a voc\u00ea as ferramentas para otimizar as pr\u00e1ticas de carregamento de caminh\u00f5es para obter a m\u00e1xima efici\u00eancia de transporte e maior produtividade<\/em>.<\/h3>\n<\/blockquote>\n<h4 style=\"text-align: center;\"><a href=\"https:\/\/www.loadscan.com\/contact-us\/\">Entre em contato conosco<\/a> para obter mais informa\u00e7\u00f5es<\/h4>\n<\/div><\/div><\/div><\/div><\/div>\n","protected":false},"excerpt":{"rendered":"","protected":false},"author":6,"featured_media":0,"parent":32198,"menu_order":0,"comment_status":"closed","ping_status":"closed","template":"100-width.php","meta":{"content-type":"","footnotes":""},"class_list":["post-32280","page","type-page","status-publish","hentry"],"yoast_head":"<!-- This site is optimized with the Yoast SEO plugin v27.2 - https:\/\/yoast.com\/product\/yoast-seo-wordpress\/ -->\n<title>LoadScan 3D Payload Profiler | Melhora a seguran\u00e7a da carga \u00fatil<\/title>\n<meta name=\"description\" content=\"Aumente os fatores de preenchimento do caminh\u00e3o e melhore a seguran\u00e7a da carga \u00fatil com gr\u00e1ficos e estat\u00edsticas de distribui\u00e7\u00e3o de carga para monitoramento de desempenho.\" \/>\n<meta name=\"robots\" content=\"index, follow, max-snippet:-1, max-image-preview:large, max-video-preview:-1\" \/>\n<link rel=\"canonical\" href=\"https:\/\/www.loadscan.com\/pt-br\/solucoes-de-tecnologia-de-digitalizacao\/perfil-de-carga-util-3d\/\" \/>\n<meta name=\"twitter:label1\" content=\"Est. tempo de leitura\" \/>\n\t<meta name=\"twitter:data1\" content=\"8 minutos\" \/>\n<script type=\"application\/ld+json\" class=\"yoast-schema-graph\">{\"@context\":\"https:\/\/schema.org\",\"@graph\":[{\"@type\":\"WebPage\",\"@id\":\"https:\/\/www.loadscan.com\/pt-br\/solucoes-de-tecnologia-de-digitalizacao\/perfil-de-carga-util-3d\/\",\"url\":\"https:\/\/www.loadscan.com\/pt-br\/solucoes-de-tecnologia-de-digitalizacao\/perfil-de-carga-util-3d\/\",\"name\":\"LoadScan 3D Payload Profiler | Melhora a seguran\u00e7a da carga \u00fatil\",\"isPartOf\":{\"@id\":\"https:\/\/www.loadscan.com\/pt-br\/#website\"},\"datePublished\":\"2015-02-11T01:00:14+00:00\",\"dateModified\":\"2024-08-13T22:54:05+00:00\",\"description\":\"Aumente os fatores de preenchimento do caminh\u00e3o e melhore a seguran\u00e7a da carga \u00fatil com gr\u00e1ficos e estat\u00edsticas de distribui\u00e7\u00e3o de carga para monitoramento de desempenho.\",\"breadcrumb\":{\"@id\":\"https:\/\/www.loadscan.com\/pt-br\/solucoes-de-tecnologia-de-digitalizacao\/perfil-de-carga-util-3d\/#breadcrumb\"},\"inLanguage\":\"pt-BR\",\"potentialAction\":[{\"@type\":\"ReadAction\",\"target\":[\"https:\/\/www.loadscan.com\/pt-br\/solucoes-de-tecnologia-de-digitalizacao\/perfil-de-carga-util-3d\/\"]}]},{\"@type\":\"BreadcrumbList\",\"@id\":\"https:\/\/www.loadscan.com\/pt-br\/solucoes-de-tecnologia-de-digitalizacao\/perfil-de-carga-util-3d\/#breadcrumb\",\"itemListElement\":[{\"@type\":\"ListItem\",\"position\":1,\"name\":\"Home\",\"item\":\"https:\/\/www.loadscan.com\/pt-br\/scanners-de-volume-de-carga-loadscan\/\"},{\"@type\":\"ListItem\",\"position\":2,\"name\":\"Solu\u00e7\u00f5es de tecnologia de digitaliza\u00e7\u00e3o\",\"item\":\"https:\/\/www.loadscan.com\/pt-br\/solucoes-de-tecnologia-de-digitalizacao\/\"},{\"@type\":\"ListItem\",\"position\":3,\"name\":\"Perfil de carga \u00fatil 3D\"}]},{\"@type\":\"WebSite\",\"@id\":\"https:\/\/www.loadscan.com\/pt-br\/#website\",\"url\":\"https:\/\/www.loadscan.com\/pt-br\/\",\"name\":\"Loadscan\",\"description\":\"Certified accurate payload measurement\",\"publisher\":{\"@id\":\"https:\/\/www.loadscan.com\/pt-br\/#organization\"},\"potentialAction\":[{\"@type\":\"SearchAction\",\"target\":{\"@type\":\"EntryPoint\",\"urlTemplate\":\"https:\/\/www.loadscan.com\/pt-br\/?s={search_term_string}\"},\"query-input\":{\"@type\":\"PropertyValueSpecification\",\"valueRequired\":true,\"valueName\":\"search_term_string\"}}],\"inLanguage\":\"pt-BR\"},{\"@type\":\"Organization\",\"@id\":\"https:\/\/www.loadscan.com\/pt-br\/#organization\",\"name\":\"Loadscan\u00ae Ltd\",\"url\":\"https:\/\/www.loadscan.com\/pt-br\/\",\"logo\":{\"@type\":\"ImageObject\",\"inLanguage\":\"pt-BR\",\"@id\":\"https:\/\/www.loadscan.com\/pt-br\/#\/schema\/logo\/image\/\",\"url\":\"https:\/\/www.loadscan.com\/wp-content\/uploads\/2020\/10\/Loadscan-logo-245.png\",\"contentUrl\":\"https:\/\/www.loadscan.com\/wp-content\/uploads\/2020\/10\/Loadscan-logo-245.png\",\"width\":245,\"height\":66,\"caption\":\"Loadscan\u00ae Ltd\"},\"image\":{\"@id\":\"https:\/\/www.loadscan.com\/pt-br\/#\/schema\/logo\/image\/\"},\"sameAs\":[\"https:\/\/www.facebook.com\/loadscan\",\"https:\/\/x.com\/loadscan\",\"https:\/\/nz.linkedin.com\/company\/loadscan\"]}]}<\/script>\n<!-- \/ Yoast SEO plugin. -->","yoast_head_json":{"title":"LoadScan 3D Payload Profiler | Melhora a seguran\u00e7a da carga \u00fatil","description":"Aumente os fatores de preenchimento do caminh\u00e3o e melhore a seguran\u00e7a da carga \u00fatil com gr\u00e1ficos e estat\u00edsticas de distribui\u00e7\u00e3o de carga para monitoramento de desempenho.","robots":{"index":"index","follow":"follow","max-snippet":"max-snippet:-1","max-image-preview":"max-image-preview:large","max-video-preview":"max-video-preview:-1"},"canonical":"https:\/\/www.loadscan.com\/pt-br\/solucoes-de-tecnologia-de-digitalizacao\/perfil-de-carga-util-3d\/","twitter_misc":{"Est. tempo de leitura":"8 minutos"},"schema":{"@context":"https:\/\/schema.org","@graph":[{"@type":"WebPage","@id":"https:\/\/www.loadscan.com\/pt-br\/solucoes-de-tecnologia-de-digitalizacao\/perfil-de-carga-util-3d\/","url":"https:\/\/www.loadscan.com\/pt-br\/solucoes-de-tecnologia-de-digitalizacao\/perfil-de-carga-util-3d\/","name":"LoadScan 3D Payload Profiler | Melhora a seguran\u00e7a da carga \u00fatil","isPartOf":{"@id":"https:\/\/www.loadscan.com\/pt-br\/#website"},"datePublished":"2015-02-11T01:00:14+00:00","dateModified":"2024-08-13T22:54:05+00:00","description":"Aumente os fatores de preenchimento do caminh\u00e3o e melhore a seguran\u00e7a da carga \u00fatil com gr\u00e1ficos e estat\u00edsticas de distribui\u00e7\u00e3o de carga para monitoramento de desempenho.","breadcrumb":{"@id":"https:\/\/www.loadscan.com\/pt-br\/solucoes-de-tecnologia-de-digitalizacao\/perfil-de-carga-util-3d\/#breadcrumb"},"inLanguage":"pt-BR","potentialAction":[{"@type":"ReadAction","target":["https:\/\/www.loadscan.com\/pt-br\/solucoes-de-tecnologia-de-digitalizacao\/perfil-de-carga-util-3d\/"]}]},{"@type":"BreadcrumbList","@id":"https:\/\/www.loadscan.com\/pt-br\/solucoes-de-tecnologia-de-digitalizacao\/perfil-de-carga-util-3d\/#breadcrumb","itemListElement":[{"@type":"ListItem","position":1,"name":"Home","item":"https:\/\/www.loadscan.com\/pt-br\/scanners-de-volume-de-carga-loadscan\/"},{"@type":"ListItem","position":2,"name":"Solu\u00e7\u00f5es de tecnologia de digitaliza\u00e7\u00e3o","item":"https:\/\/www.loadscan.com\/pt-br\/solucoes-de-tecnologia-de-digitalizacao\/"},{"@type":"ListItem","position":3,"name":"Perfil de carga \u00fatil 3D"}]},{"@type":"WebSite","@id":"https:\/\/www.loadscan.com\/pt-br\/#website","url":"https:\/\/www.loadscan.com\/pt-br\/","name":"Loadscan","description":"Certified accurate payload measurement","publisher":{"@id":"https:\/\/www.loadscan.com\/pt-br\/#organization"},"potentialAction":[{"@type":"SearchAction","target":{"@type":"EntryPoint","urlTemplate":"https:\/\/www.loadscan.com\/pt-br\/?s={search_term_string}"},"query-input":{"@type":"PropertyValueSpecification","valueRequired":true,"valueName":"search_term_string"}}],"inLanguage":"pt-BR"},{"@type":"Organization","@id":"https:\/\/www.loadscan.com\/pt-br\/#organization","name":"Loadscan\u00ae Ltd","url":"https:\/\/www.loadscan.com\/pt-br\/","logo":{"@type":"ImageObject","inLanguage":"pt-BR","@id":"https:\/\/www.loadscan.com\/pt-br\/#\/schema\/logo\/image\/","url":"https:\/\/www.loadscan.com\/wp-content\/uploads\/2020\/10\/Loadscan-logo-245.png","contentUrl":"https:\/\/www.loadscan.com\/wp-content\/uploads\/2020\/10\/Loadscan-logo-245.png","width":245,"height":66,"caption":"Loadscan\u00ae Ltd"},"image":{"@id":"https:\/\/www.loadscan.com\/pt-br\/#\/schema\/logo\/image\/"},"sameAs":["https:\/\/www.facebook.com\/loadscan","https:\/\/x.com\/loadscan","https:\/\/nz.linkedin.com\/company\/loadscan"]}]}},"_links":{"self":[{"href":"https:\/\/www.loadscan.com\/pt-br\/wp-json\/wp\/v2\/pages\/32280","targetHints":{"allow":["GET"]}}],"collection":[{"href":"https:\/\/www.loadscan.com\/pt-br\/wp-json\/wp\/v2\/pages"}],"about":[{"href":"https:\/\/www.loadscan.com\/pt-br\/wp-json\/wp\/v2\/types\/page"}],"author":[{"embeddable":true,"href":"https:\/\/www.loadscan.com\/pt-br\/wp-json\/wp\/v2\/users\/6"}],"replies":[{"embeddable":true,"href":"https:\/\/www.loadscan.com\/pt-br\/wp-json\/wp\/v2\/comments?post=32280"}],"version-history":[{"count":1,"href":"https:\/\/www.loadscan.com\/pt-br\/wp-json\/wp\/v2\/pages\/32280\/revisions"}],"predecessor-version":[{"id":32283,"href":"https:\/\/www.loadscan.com\/pt-br\/wp-json\/wp\/v2\/pages\/32280\/revisions\/32283"}],"up":[{"embeddable":true,"href":"https:\/\/www.loadscan.com\/pt-br\/wp-json\/wp\/v2\/pages\/32198"}],"wp:attachment":[{"href":"https:\/\/www.loadscan.com\/pt-br\/wp-json\/wp\/v2\/media?parent=32280"}],"curies":[{"name":"wp","href":"https:\/\/api.w.org\/{rel}","templated":true}]}}