{"id":32319,"date":"2015-02-26T22:39:05","date_gmt":"2015-02-26T09:39:05","guid":{"rendered":"https:\/\/www.loadscan.com\/solucoes-de-tecnologia-de-digitalizacao\/loadscan-overview-software-de-gerenciamento-de-carga\/"},"modified":"2024-08-14T10:54:22","modified_gmt":"2024-08-13T22:54:22","slug":"loadscan-overview-software-de-gerenciamento-de-carga","status":"publish","type":"page","link":"https:\/\/www.loadscan.com\/pt-br\/solucoes-de-tecnologia-de-digitalizacao\/loadscan-overview-software-de-gerenciamento-de-carga\/","title":{"rendered":"Loadscan OverView &#8211; Software de gerenciamento de carga"},"content":{"rendered":"<p><div class=\"fusion-fullwidth fullwidth-box fusion-builder-row-1 fusion-parallax-none hundred-percent-fullwidth non-hundred-percent-height-scrolling fusion-no-small-visibility\" style=\"--awb-border-radius-top-left:0px;--awb-border-radius-top-right:0px;--awb-border-radius-bottom-right:0px;--awb-border-radius-bottom-left:0px;--awb-padding-top:275px;--awb-padding-bottom:275px;--awb-background-image:url(&quot;https:\/\/www.loadscan.com\/wp-content\/uploads\/2015\/02\/Loadscan-Product_Overview.png&quot;);--awb-background-size:cover;--awb-flex-wrap:wrap;\" ><div class=\"fusion-builder-row fusion-row\"><\/div><\/div><div class=\"fusion-fullwidth fullwidth-box fusion-builder-row-2 fusion-flex-container hundred-percent-fullwidth non-hundred-percent-height-scrolling\" style=\"--awb-border-radius-top-left:0px;--awb-border-radius-top-right:0px;--awb-border-radius-bottom-right:0px;--awb-border-radius-bottom-left:0px;--awb-padding-right:15%;--awb-padding-left:15%;--awb-padding-right-medium:10%;--awb-padding-left-medium:10%;--awb-padding-right-small:5%;--awb-padding-left-small:5%;--awb-flex-wrap:wrap;\" ><div class=\"fusion-builder-row fusion-row fusion-flex-align-items-flex-start fusion-flex-content-wrap\" style=\"width:104% !important;max-width:104% !important;margin-left: calc(-4% \/ 2 );margin-right: calc(-4% \/ 2 );\"><div class=\"fusion-layout-column fusion_builder_column fusion-builder-column-0 fusion_builder_column_1_1 1_1 fusion-flex-column\" style=\"--awb-bg-size:cover;--awb-width-large:100%;--awb-margin-top-large:0px;--awb-spacing-right-large:1.92%;--awb-margin-bottom-large:0px;--awb-spacing-left-large:1.92%;--awb-width-medium:100%;--awb-spacing-right-medium:1.92%;--awb-spacing-left-medium:1.92%;--awb-width-small:100%;--awb-spacing-right-small:1.92%;--awb-spacing-left-small:1.92%;\"><div class=\"fusion-column-wrapper fusion-flex-justify-content-flex-start fusion-content-layout-column\"><div class=\"fusion-text fusion-text-1\"><h1>Software de gerenciamento de carga <sup>OverviewTM<\/sup> <\/h1>\n<\/div><\/div><\/div><div class=\"fusion-layout-column fusion_builder_column fusion-builder-column-1 fusion_builder_column_1_2 1_2 fusion-flex-column\" style=\"--awb-bg-size:cover;--awb-width-large:50%;--awb-margin-top-large:0px;--awb-spacing-right-large:3.84%;--awb-margin-bottom-large:20px;--awb-spacing-left-large:3.84%;--awb-width-medium:50%;--awb-spacing-right-medium:3.84%;--awb-spacing-left-medium:3.84%;--awb-width-small:100%;--awb-spacing-right-small:1.92%;--awb-spacing-left-small:1.92%;\"><div class=\"fusion-column-wrapper fusion-flex-justify-content-flex-start fusion-content-layout-column\"><div class=\"fusion-text fusion-text-2\"><p>A medi\u00e7\u00e3o de cargas de caminh\u00f5es \u00e9 um come\u00e7o, mas a forma como voc\u00ea utiliza os dados de medi\u00e7\u00e3o para beneficiar o seu neg\u00f3cio faz toda a diferen\u00e7a.<br \/>\nO LoadScan <em>OverView\u2122<\/em> \u00e9 um utilit\u00e1rio de software de gerenciamento de carga para recuperar registros de medi\u00e7\u00e3o do seu <a href=\"https:\/\/www.loadscan.com\/load-volume-scanner\/\"><strong>Load Volume Scanner<\/strong><\/a> (LVS), visualizar, editar, classificar e filtrar registros e gerar relat\u00f3rios resumidos do per\u00edodo no Microsoft <sup>Excel\u00ae<\/sup>.<br \/>\nO Loadscan tamb\u00e9m pode trabalhar com voc\u00ea para criar uma interface para exportar dados processados para o seu banco de dados, contabilidade ou outros sistemas existentes.<br \/>\nCom uma conex\u00e3o direta com ou sem fio ao seu LVS, o software de gerenciamento de carga <em>OverView\u2122<\/em> fornece monitoramento remoto em tempo real com dados atualizados para o gerenciamento proativo da carga.<br \/>\nA vers\u00e3o b\u00e1sica \u00e9 fornecida gratuitamente e h\u00e1 m\u00f3dulos opcionais e personaliza\u00e7\u00f5es dispon\u00edveis para adicionar funcionalidades extras.<\/p>\n<\/div><div class=\"fusion-separator fusion-full-width-sep\" style=\"align-self: center;margin-left: auto;margin-right: auto;margin-top:20px;margin-bottom:20px;width:100%;\"><\/div><div class=\"fusion-text fusion-text-3\"><h6>Principais recursos * <em>(vers\u00e3o b\u00e1sica)<\/em><\/h6>\n<\/div><ul style=\"--awb-size:15px;--awb-line-height:25.5px;--awb-icon-width:25.5px;--awb-icon-height:25.5px;--awb-icon-margin:10.5px;--awb-content-margin:36px;\" class=\"fusion-checklist fusion-checklist-1 fusion-checklist-default type-icons\"><li class=\"fusion-li-item\" style=\"\"><span class=\"icon-wrapper circle-no\"><i class=\"fusion-li-icon fa fa-check-circle\" aria-hidden=\"true\"><\/i><\/span><div class=\"fusion-li-item-content\">Importe registros de medi\u00e7\u00e3o do drive USB ou da conex\u00e3o direta de rede com ou sem fio para o LVS<\/div><\/li><li class=\"fusion-li-item\" style=\"\"><span class=\"icon-wrapper circle-no\"><i class=\"fusion-li-icon fa fa-check-circle\" aria-hidden=\"true\"><\/i><\/span><div class=\"fusion-li-item-content\">\n<p>Importar medi\u00e7\u00f5es por meio de conex\u00e3o com a Internet\/modem celular<a href=\"https:\/\/www.loadscan.com\/solutions\/remote-access\/\">(<\/a> servi\u00e7o<a href=\"https:\/\/www.loadscan.com\/solutions\/remote-access\/\">MyScanner<\/a> )<\/p>\n<\/div><\/li><li class=\"fusion-li-item\" style=\"\"><span class=\"icon-wrapper circle-no\"><i class=\"fusion-li-icon fa fa-check-circle\" aria-hidden=\"true\"><\/i><\/span><div class=\"fusion-li-item-content\">Combinar dados de v\u00e1rios sistemas LVS<\/div><\/li><li class=\"fusion-li-item\" style=\"\"><span class=\"icon-wrapper circle-no\"><i class=\"fusion-li-icon fa fa-check-circle\" aria-hidden=\"true\"><\/i><\/span><div class=\"fusion-li-item-content\">\n<p>Visualizar o intervalo de data\/hora selecionado, com estat\u00edsticas resumidas<\/p>\n<\/div><\/li><li class=\"fusion-li-item\" style=\"\"><span class=\"icon-wrapper circle-no\"><i class=\"fusion-li-icon fa fa-check-circle\" aria-hidden=\"true\"><\/i><\/span><div class=\"fusion-li-item-content\">\n<p>Editar detalhes da carga<\/p>\n<\/div><\/li><li class=\"fusion-li-item\" style=\"\"><span class=\"icon-wrapper circle-no\"><i class=\"fusion-li-icon fa fa-check-circle\" aria-hidden=\"true\"><\/i><\/span><div class=\"fusion-li-item-content\">\n<p>Classificar\/filtrar registros por par\u00e2metros como hora, ID do ve\u00edculo ou qualquer detalhe de carga personalizado, como produto ou cliente<\/p>\n<\/div><\/li><li class=\"fusion-li-item\" style=\"\"><span class=\"icon-wrapper circle-no\"><i class=\"fusion-li-icon fa fa-check-circle\" aria-hidden=\"true\"><\/i><\/span><div class=\"fusion-li-item-content\">\n<p>Gerar relat\u00f3rios de per\u00edodos no Microsoft <sup>Excel\u00ae<\/sup> *<em> Requisitos do sistema: Microsoft Windows\u00ae XP ou superior e Microsoft <sup>Excel\u00ae<\/sup> 2003 ou superior<\/em><\/p>\n<\/div><\/li><\/ul><div class=\"fusion-text fusion-text-4\"><h6>Funcionalidade complementar<\/h6>\n<\/div><ul style=\"--awb-size:15px;--awb-line-height:25.5px;--awb-icon-width:25.5px;--awb-icon-height:25.5px;--awb-icon-margin:10.5px;--awb-content-margin:36px;\" class=\"fusion-checklist fusion-checklist-2 fusion-checklist-default type-icons\"><li class=\"fusion-li-item\" style=\"\"><span class=\"icon-wrapper circle-no\"><i class=\"fusion-li-icon fa fa-check-circle\" aria-hidden=\"true\"><\/i><\/span><div class=\"fusion-li-item-content\">\n<p>Gr\u00e1fico <a href=\"https:\/\/www.loadscan.com\/pt-br\/solucoes-de-tecnologia-de-digitalizacao\/perfil-de-carga-util-3d\/\"><em>Perfil de carga<\/em><\/a> m\u00f3dulo e an\u00e1lise de distribui\u00e7\u00e3o de carga personalizada<\/p>\n<\/div><\/li><li class=\"fusion-li-item\" style=\"\"><span class=\"icon-wrapper circle-no\"><i class=\"fusion-li-icon fa fa-check-circle\" aria-hidden=\"true\"><\/i><\/span><div class=\"fusion-li-item-content\">\n<p><a href=\"https:\/\/www.loadscan.com\/solutions\/remote-access\/\">Controle remoto<\/a> LVS<\/p>\n<\/div><\/li><li class=\"fusion-li-item\" style=\"\"><span class=\"icon-wrapper circle-no\"><i class=\"fusion-li-icon fa fa-check-circle\" aria-hidden=\"true\"><\/i><\/span><div class=\"fusion-li-item-content\">\n<p>Relat\u00f3rios personalizados para an\u00e1lises avan\u00e7adas<\/p>\n<\/div><\/li><li class=\"fusion-li-item\" style=\"\"><span class=\"icon-wrapper circle-no\"><i class=\"fusion-li-icon fa fa-check-circle\" aria-hidden=\"true\"><\/i><\/span><div class=\"fusion-li-item-content\">\n<p>Interfaces de exporta\u00e7\u00e3o de dados personalizadas<\/p>\n<\/div><\/li><\/ul><\/div><\/div><div class=\"fusion-layout-column fusion_builder_column fusion-builder-column-2 fusion_builder_column_1_2 1_2 fusion-flex-column\" style=\"--awb-bg-size:cover;--awb-width-large:50%;--awb-margin-top-large:0px;--awb-spacing-right-large:3.84%;--awb-margin-bottom-large:20px;--awb-spacing-left-large:3.84%;--awb-width-medium:50%;--awb-spacing-right-medium:3.84%;--awb-spacing-left-medium:3.84%;--awb-width-small:100%;--awb-spacing-right-small:1.92%;--awb-spacing-left-small:1.92%;\"><div class=\"fusion-column-wrapper fusion-flex-justify-content-flex-start fusion-content-layout-column\"><div class=\"fusion-image-element \" style=\"--awb-caption-title-font-family:var(--h2_typography-font-family);--awb-caption-title-font-weight:var(--h2_typography-font-weight);--awb-caption-title-font-style:var(--h2_typography-font-style);--awb-caption-title-size:var(--h2_typography-font-size);--awb-caption-title-transform:var(--h2_typography-text-transform);--awb-caption-title-line-height:var(--h2_typography-line-height);--awb-caption-title-letter-spacing:var(--h2_typography-letter-spacing);\"><span class=\" fusion-imageframe imageframe-none imageframe-1 hover-type-none\"><img decoding=\"async\" width=\"1024\" height=\"634\" alt=\"Software de vis\u00e3o geral do Loadscan e perfilador 3D\" title=\"Overview-display-3dprofiler\" src=\"https:\/\/www.loadscan.com\/wp-content\/uploads\/2021\/07\/Overview-display-3dprofiler-1024x634.jpg\" class=\"img-responsive wp-image-30209\" srcset=\"https:\/\/www.loadscan.com\/wp-content\/uploads\/2021\/07\/Overview-display-3dprofiler-200x124.jpg 200w, https:\/\/www.loadscan.com\/wp-content\/uploads\/2021\/07\/Overview-display-3dprofiler-400x248.jpg 400w, https:\/\/www.loadscan.com\/wp-content\/uploads\/2021\/07\/Overview-display-3dprofiler-600x372.jpg 600w, https:\/\/www.loadscan.com\/wp-content\/uploads\/2021\/07\/Overview-display-3dprofiler-800x496.jpg 800w, https:\/\/www.loadscan.com\/wp-content\/uploads\/2021\/07\/Overview-display-3dprofiler.jpg 1133w\" sizes=\"(max-width: 640px) 100vw, 600px\" \/><\/span><\/div><div class=\"fusion-image-element \" style=\"text-align:center;--awb-caption-title-font-family:var(--h2_typography-font-family);--awb-caption-title-font-weight:var(--h2_typography-font-weight);--awb-caption-title-font-style:var(--h2_typography-font-style);--awb-caption-title-size:var(--h2_typography-font-size);--awb-caption-title-transform:var(--h2_typography-text-transform);--awb-caption-title-line-height:var(--h2_typography-line-height);--awb-caption-title-letter-spacing:var(--h2_typography-letter-spacing);\"><span class=\" fusion-imageframe imageframe-none imageframe-2 hover-type-none\"><img decoding=\"async\" width=\"493\" height=\"450\" alt=\"Perfilador Loadscan 3D\" title=\"Loadscan mining truck Overview 3D Profiler\" src=\"https:\/\/www.loadscan.com\/wp-content\/uploads\/2015\/02\/Loadscan-Overview-3D-Profiler.gif\" class=\"img-responsive wp-image-26264\"\/><\/span><\/div><div class=\"fusion-image-element \" style=\"text-align:center;--awb-caption-title-font-family:var(--h2_typography-font-family);--awb-caption-title-font-weight:var(--h2_typography-font-weight);--awb-caption-title-font-style:var(--h2_typography-font-style);--awb-caption-title-size:var(--h2_typography-font-size);--awb-caption-title-transform:var(--h2_typography-text-transform);--awb-caption-title-line-height:var(--h2_typography-line-height);--awb-caption-title-letter-spacing:var(--h2_typography-letter-spacing);\"><span class=\" fusion-imageframe imageframe-dropshadow imageframe-3 hover-type-none\" style=\"-webkit-box-shadow: 3px 3px 7px rgba(0,0,0,0.3);box-shadow: 3px 3px 7px rgba(0,0,0,0.3);\"><img decoding=\"async\" width=\"1224\" height=\"770\" alt=\"Captura de tela do software Loadscan Overview\" title=\"OverView 2\" src=\"https:\/\/www.loadscan.com\/wp-content\/uploads\/2021\/07\/OverView-2.png\" class=\"img-responsive wp-image-30205\" srcset=\"https:\/\/www.loadscan.com\/wp-content\/uploads\/2021\/07\/OverView-2-200x126.png 200w, https:\/\/www.loadscan.com\/wp-content\/uploads\/2021\/07\/OverView-2-400x252.png 400w, https:\/\/www.loadscan.com\/wp-content\/uploads\/2021\/07\/OverView-2-600x377.png 600w, https:\/\/www.loadscan.com\/wp-content\/uploads\/2021\/07\/OverView-2-800x503.png 800w, https:\/\/www.loadscan.com\/wp-content\/uploads\/2021\/07\/OverView-2-1200x755.png 1200w, https:\/\/www.loadscan.com\/wp-content\/uploads\/2021\/07\/OverView-2.png 1224w\" sizes=\"(max-width: 640px) 100vw, 600px\" \/><\/span><\/div><\/div><\/div><\/div><\/div><\/p>\n","protected":false},"excerpt":{"rendered":"","protected":false},"author":6,"featured_media":0,"parent":32198,"menu_order":0,"comment_status":"closed","ping_status":"closed","template":"100-width.php","meta":{"content-type":"","footnotes":""},"class_list":["post-32319","page","type-page","status-publish","hentry"],"yoast_head":"<!-- This site is optimized with the Yoast SEO plugin v27.2 - https:\/\/yoast.com\/product\/yoast-seo-wordpress\/ -->\n<title>LoadScan | Software de gerenciamento de carga | OverView<\/title>\n<meta name=\"description\" content=\"Vis\u00e3o geral do Loadscan \u00c9 um utilit\u00e1rio de software de gerenciamento de carga para recuperar registros de medi\u00e7\u00e3o do seu Load Volume Scanner (LVS).\" \/>\n<meta name=\"robots\" content=\"index, follow, max-snippet:-1, max-image-preview:large, max-video-preview:-1\" \/>\n<link rel=\"canonical\" href=\"https:\/\/www.loadscan.com\/pt-br\/solucoes-de-tecnologia-de-digitalizacao\/loadscan-overview-software-de-gerenciamento-de-carga\/\" \/>\n<meta name=\"twitter:label1\" content=\"Est. tempo de leitura\" \/>\n\t<meta name=\"twitter:data1\" content=\"7 minutos\" \/>\n<script type=\"application\/ld+json\" class=\"yoast-schema-graph\">{\"@context\":\"https:\/\/schema.org\",\"@graph\":[{\"@type\":\"WebPage\",\"@id\":\"https:\/\/www.loadscan.com\/pt-br\/solucoes-de-tecnologia-de-digitalizacao\/loadscan-overview-software-de-gerenciamento-de-carga\/\",\"url\":\"https:\/\/www.loadscan.com\/pt-br\/solucoes-de-tecnologia-de-digitalizacao\/loadscan-overview-software-de-gerenciamento-de-carga\/\",\"name\":\"LoadScan | Software de gerenciamento de carga | OverView\",\"isPartOf\":{\"@id\":\"https:\/\/www.loadscan.com\/pt-br\/#website\"},\"datePublished\":\"2015-02-26T09:39:05+00:00\",\"dateModified\":\"2024-08-13T22:54:22+00:00\",\"description\":\"Vis\u00e3o geral do Loadscan \u00c9 um utilit\u00e1rio de software de gerenciamento de carga para recuperar registros de medi\u00e7\u00e3o do seu Load Volume Scanner (LVS).\",\"breadcrumb\":{\"@id\":\"https:\/\/www.loadscan.com\/pt-br\/solucoes-de-tecnologia-de-digitalizacao\/loadscan-overview-software-de-gerenciamento-de-carga\/#breadcrumb\"},\"inLanguage\":\"pt-BR\",\"potentialAction\":[{\"@type\":\"ReadAction\",\"target\":[\"https:\/\/www.loadscan.com\/pt-br\/solucoes-de-tecnologia-de-digitalizacao\/loadscan-overview-software-de-gerenciamento-de-carga\/\"]}]},{\"@type\":\"BreadcrumbList\",\"@id\":\"https:\/\/www.loadscan.com\/pt-br\/solucoes-de-tecnologia-de-digitalizacao\/loadscan-overview-software-de-gerenciamento-de-carga\/#breadcrumb\",\"itemListElement\":[{\"@type\":\"ListItem\",\"position\":1,\"name\":\"Home\",\"item\":\"https:\/\/www.loadscan.com\/pt-br\/scanners-de-volume-de-carga-loadscan\/\"},{\"@type\":\"ListItem\",\"position\":2,\"name\":\"Solu\u00e7\u00f5es de tecnologia de digitaliza\u00e7\u00e3o\",\"item\":\"https:\/\/www.loadscan.com\/pt-br\/solucoes-de-tecnologia-de-digitalizacao\/\"},{\"@type\":\"ListItem\",\"position\":3,\"name\":\"Loadscan OverView &#8211; Software de gerenciamento de carga\"}]},{\"@type\":\"WebSite\",\"@id\":\"https:\/\/www.loadscan.com\/pt-br\/#website\",\"url\":\"https:\/\/www.loadscan.com\/pt-br\/\",\"name\":\"Loadscan\",\"description\":\"Certified accurate payload measurement\",\"publisher\":{\"@id\":\"https:\/\/www.loadscan.com\/pt-br\/#organization\"},\"potentialAction\":[{\"@type\":\"SearchAction\",\"target\":{\"@type\":\"EntryPoint\",\"urlTemplate\":\"https:\/\/www.loadscan.com\/pt-br\/?s={search_term_string}\"},\"query-input\":{\"@type\":\"PropertyValueSpecification\",\"valueRequired\":true,\"valueName\":\"search_term_string\"}}],\"inLanguage\":\"pt-BR\"},{\"@type\":\"Organization\",\"@id\":\"https:\/\/www.loadscan.com\/pt-br\/#organization\",\"name\":\"Loadscan\u00ae Ltd\",\"url\":\"https:\/\/www.loadscan.com\/pt-br\/\",\"logo\":{\"@type\":\"ImageObject\",\"inLanguage\":\"pt-BR\",\"@id\":\"https:\/\/www.loadscan.com\/pt-br\/#\/schema\/logo\/image\/\",\"url\":\"https:\/\/www.loadscan.com\/wp-content\/uploads\/2020\/10\/Loadscan-logo-245.png\",\"contentUrl\":\"https:\/\/www.loadscan.com\/wp-content\/uploads\/2020\/10\/Loadscan-logo-245.png\",\"width\":245,\"height\":66,\"caption\":\"Loadscan\u00ae Ltd\"},\"image\":{\"@id\":\"https:\/\/www.loadscan.com\/pt-br\/#\/schema\/logo\/image\/\"},\"sameAs\":[\"https:\/\/www.facebook.com\/loadscan\",\"https:\/\/x.com\/loadscan\",\"https:\/\/nz.linkedin.com\/company\/loadscan\"]}]}<\/script>\n<!-- \/ Yoast SEO plugin. -->","yoast_head_json":{"title":"LoadScan | Software de gerenciamento de carga | OverView","description":"Vis\u00e3o geral do Loadscan \u00c9 um utilit\u00e1rio de software de gerenciamento de carga para recuperar registros de medi\u00e7\u00e3o do seu Load Volume Scanner (LVS).","robots":{"index":"index","follow":"follow","max-snippet":"max-snippet:-1","max-image-preview":"max-image-preview:large","max-video-preview":"max-video-preview:-1"},"canonical":"https:\/\/www.loadscan.com\/pt-br\/solucoes-de-tecnologia-de-digitalizacao\/loadscan-overview-software-de-gerenciamento-de-carga\/","twitter_misc":{"Est. tempo de leitura":"7 minutos"},"schema":{"@context":"https:\/\/schema.org","@graph":[{"@type":"WebPage","@id":"https:\/\/www.loadscan.com\/pt-br\/solucoes-de-tecnologia-de-digitalizacao\/loadscan-overview-software-de-gerenciamento-de-carga\/","url":"https:\/\/www.loadscan.com\/pt-br\/solucoes-de-tecnologia-de-digitalizacao\/loadscan-overview-software-de-gerenciamento-de-carga\/","name":"LoadScan | Software de gerenciamento de carga | OverView","isPartOf":{"@id":"https:\/\/www.loadscan.com\/pt-br\/#website"},"datePublished":"2015-02-26T09:39:05+00:00","dateModified":"2024-08-13T22:54:22+00:00","description":"Vis\u00e3o geral do Loadscan \u00c9 um utilit\u00e1rio de software de gerenciamento de carga para recuperar registros de medi\u00e7\u00e3o do seu Load Volume Scanner (LVS).","breadcrumb":{"@id":"https:\/\/www.loadscan.com\/pt-br\/solucoes-de-tecnologia-de-digitalizacao\/loadscan-overview-software-de-gerenciamento-de-carga\/#breadcrumb"},"inLanguage":"pt-BR","potentialAction":[{"@type":"ReadAction","target":["https:\/\/www.loadscan.com\/pt-br\/solucoes-de-tecnologia-de-digitalizacao\/loadscan-overview-software-de-gerenciamento-de-carga\/"]}]},{"@type":"BreadcrumbList","@id":"https:\/\/www.loadscan.com\/pt-br\/solucoes-de-tecnologia-de-digitalizacao\/loadscan-overview-software-de-gerenciamento-de-carga\/#breadcrumb","itemListElement":[{"@type":"ListItem","position":1,"name":"Home","item":"https:\/\/www.loadscan.com\/pt-br\/scanners-de-volume-de-carga-loadscan\/"},{"@type":"ListItem","position":2,"name":"Solu\u00e7\u00f5es de tecnologia de digitaliza\u00e7\u00e3o","item":"https:\/\/www.loadscan.com\/pt-br\/solucoes-de-tecnologia-de-digitalizacao\/"},{"@type":"ListItem","position":3,"name":"Loadscan OverView &#8211; Software de gerenciamento de carga"}]},{"@type":"WebSite","@id":"https:\/\/www.loadscan.com\/pt-br\/#website","url":"https:\/\/www.loadscan.com\/pt-br\/","name":"Loadscan","description":"Certified accurate payload measurement","publisher":{"@id":"https:\/\/www.loadscan.com\/pt-br\/#organization"},"potentialAction":[{"@type":"SearchAction","target":{"@type":"EntryPoint","urlTemplate":"https:\/\/www.loadscan.com\/pt-br\/?s={search_term_string}"},"query-input":{"@type":"PropertyValueSpecification","valueRequired":true,"valueName":"search_term_string"}}],"inLanguage":"pt-BR"},{"@type":"Organization","@id":"https:\/\/www.loadscan.com\/pt-br\/#organization","name":"Loadscan\u00ae Ltd","url":"https:\/\/www.loadscan.com\/pt-br\/","logo":{"@type":"ImageObject","inLanguage":"pt-BR","@id":"https:\/\/www.loadscan.com\/pt-br\/#\/schema\/logo\/image\/","url":"https:\/\/www.loadscan.com\/wp-content\/uploads\/2020\/10\/Loadscan-logo-245.png","contentUrl":"https:\/\/www.loadscan.com\/wp-content\/uploads\/2020\/10\/Loadscan-logo-245.png","width":245,"height":66,"caption":"Loadscan\u00ae Ltd"},"image":{"@id":"https:\/\/www.loadscan.com\/pt-br\/#\/schema\/logo\/image\/"},"sameAs":["https:\/\/www.facebook.com\/loadscan","https:\/\/x.com\/loadscan","https:\/\/nz.linkedin.com\/company\/loadscan"]}]}},"_links":{"self":[{"href":"https:\/\/www.loadscan.com\/pt-br\/wp-json\/wp\/v2\/pages\/32319","targetHints":{"allow":["GET"]}}],"collection":[{"href":"https:\/\/www.loadscan.com\/pt-br\/wp-json\/wp\/v2\/pages"}],"about":[{"href":"https:\/\/www.loadscan.com\/pt-br\/wp-json\/wp\/v2\/types\/page"}],"author":[{"embeddable":true,"href":"https:\/\/www.loadscan.com\/pt-br\/wp-json\/wp\/v2\/users\/6"}],"replies":[{"embeddable":true,"href":"https:\/\/www.loadscan.com\/pt-br\/wp-json\/wp\/v2\/comments?post=32319"}],"version-history":[{"count":1,"href":"https:\/\/www.loadscan.com\/pt-br\/wp-json\/wp\/v2\/pages\/32319\/revisions"}],"predecessor-version":[{"id":32328,"href":"https:\/\/www.loadscan.com\/pt-br\/wp-json\/wp\/v2\/pages\/32319\/revisions\/32328"}],"up":[{"embeddable":true,"href":"https:\/\/www.loadscan.com\/pt-br\/wp-json\/wp\/v2\/pages\/32198"}],"wp:attachment":[{"href":"https:\/\/www.loadscan.com\/pt-br\/wp-json\/wp\/v2\/media?parent=32319"}],"curies":[{"name":"wp","href":"https:\/\/api.w.org\/{rel}","templated":true}]}}