{"id":32386,"date":"2013-02-17T21:35:39","date_gmt":"2013-02-17T08:35:39","guid":{"rendered":"https:\/\/www.loadscan.com\/entre-em-contato-conosco\/"},"modified":"2024-08-14T10:55:26","modified_gmt":"2024-08-13T22:55:26","slug":"entre-em-contato-conosco","status":"publish","type":"page","link":"https:\/\/www.loadscan.com\/pt-br\/entre-em-contato-conosco\/","title":{"rendered":"Entre em contato conosco"},"content":{"rendered":"<p><div class=\"fusion-fullwidth fullwidth-box fusion-builder-row-1 hundred-percent-fullwidth non-hundred-percent-height-scrolling fusion-no-small-visibility\" style=\"--awb-border-radius-top-left:0px;--awb-border-radius-top-right:0px;--awb-border-radius-bottom-right:0px;--awb-border-radius-bottom-left:0px;--awb-padding-top:0px;--awb-padding-right:0px;--awb-padding-bottom:0px;--awb-padding-left:0px;--awb-flex-wrap:wrap;\" ><div class=\"fusion-builder-row fusion-row\"><div class=\"fusion-layout-column fusion_builder_column fusion-builder-column-0 fusion_builder_column_1_1 1_1 fusion-one-full fusion-column-first fusion-column-last\" style=\"--awb-bg-size:cover;--awb-margin-bottom:0px;\"><div class=\"fusion-column-wrapper fusion-flex-column-wrapper-legacy\"><div class=\"fusion-image-element fusion-image-align-center fusion-no-small-visibility in-legacy-container\" style=\"text-align:center;--awb-margin-top:0px;--awb-margin-right:0px;--awb-margin-left:0px;--awb-caption-title-font-family:var(--h2_typography-font-family);--awb-caption-title-font-weight:var(--h2_typography-font-weight);--awb-caption-title-font-style:var(--h2_typography-font-style);--awb-caption-title-size:var(--h2_typography-font-size);--awb-caption-title-transform:var(--h2_typography-text-transform);--awb-caption-title-line-height:var(--h2_typography-line-height);--awb-caption-title-letter-spacing:var(--h2_typography-letter-spacing);\"><div class=\"imageframe-align-center\"><span class=\" fusion-imageframe imageframe-none imageframe-1 hover-type-none\"><img decoding=\"async\" width=\"2560\" height=\"571\" title=\"Loadscan Contact banner_LVS\" src=\"https:\/\/www.loadscan.com\/wp-content\/uploads\/2021\/07\/Loadscan-Contact-banner_LVS.png\" alt class=\"img-responsive wp-image-30201\" srcset=\"https:\/\/www.loadscan.com\/wp-content\/uploads\/2021\/07\/Loadscan-Contact-banner_LVS-200x45.png 200w, https:\/\/www.loadscan.com\/wp-content\/uploads\/2021\/07\/Loadscan-Contact-banner_LVS-400x89.png 400w, https:\/\/www.loadscan.com\/wp-content\/uploads\/2021\/07\/Loadscan-Contact-banner_LVS-600x134.png 600w, https:\/\/www.loadscan.com\/wp-content\/uploads\/2021\/07\/Loadscan-Contact-banner_LVS-800x178.png 800w, https:\/\/www.loadscan.com\/wp-content\/uploads\/2021\/07\/Loadscan-Contact-banner_LVS-1200x268.png 1200w, https:\/\/www.loadscan.com\/wp-content\/uploads\/2021\/07\/Loadscan-Contact-banner_LVS.png 2560w\" sizes=\"(max-width: 1280px) 100vw, 2560px\" \/><\/span><\/div><\/div><script src=\"https:\/\/cdn.weglot.com\/weglot.min.js\"><\/script><script>\/\/ In your parent window\nWeglot.initialize({\n    api_key: \"wg_5ed77a077854f2975171c9f597895c404\",\n    translate_iframes: [\"#iframe-id\", \".my-little-iframe\"]\n});\n<\/script><div class=\"fusion-clearfix\"><\/div><\/div><\/div><\/div><\/div><div id=\"Formul\u00e1rio NZ\" class=\"fusion-container-anchor\"><div class=\"fusion-fullwidth fullwidth-box fusion-builder-row-2 fusion-flex-container hundred-percent-fullwidth non-hundred-percent-height-scrolling\" style=\"--awb-background-position:left top;--awb-border-sizes-top:0px;--awb-border-sizes-bottom:0px;--awb-border-sizes-left:0px;--awb-border-sizes-right:0px;--awb-border-radius-top-left:0px;--awb-border-radius-top-right:0px;--awb-border-radius-bottom-right:0px;--awb-border-radius-bottom-left:0px;--awb-padding-top:20px;--awb-padding-right:15%;--awb-padding-bottom:20px;--awb-padding-left:15%;--awb-padding-right-medium:10%;--awb-padding-left-medium:10%;--awb-padding-right-small:5%;--awb-padding-left-small:5%;--awb-flex-wrap:wrap;\" ><div class=\"fusion-builder-row fusion-row fusion-flex-align-items-flex-start fusion-flex-justify-content-space-evenly fusion-flex-content-wrap\" style=\"width:104% !important;max-width:104% !important;margin-left: calc(-4% \/ 2 );margin-right: calc(-4% \/ 2 );\"><div class=\"fusion-layout-column fusion_builder_column fusion-builder-column-1 fusion_builder_column_1_1 1_1 fusion-flex-column fusion-flex-align-self-flex-start fusion-column-no-min-height\" style=\"--awb-bg-size:cover;--awb-width-large:100%;--awb-margin-top-large:0px;--awb-spacing-right-large:1.92%;--awb-margin-bottom-large:0px;--awb-spacing-left-large:1.92%;--awb-width-medium:100%;--awb-order-medium:0;--awb-spacing-right-medium:1.92%;--awb-spacing-left-medium:1.92%;--awb-width-small:100%;--awb-order-small:0;--awb-spacing-right-small:1.92%;--awb-spacing-left-small:1.92%;\"><div class=\"fusion-column-wrapper fusion-column-has-shadow fusion-flex-justify-content-flex-start fusion-content-layout-column\"><div class=\"fusion-separator fusion-full-width-sep\" style=\"align-self: center;margin-left: auto;margin-right: auto;margin-top:20px;width:100%;\"><\/div><div class=\"fusion-text fusion-text-1\"><h2>Entre em contato conosco usando o formul\u00e1rio abaixo<\/h2>\n<\/div><\/div><\/div><div class=\"fusion-layout-column fusion_builder_column fusion-builder-column-2 fusion_builder_column_2_3 2_3 fusion-flex-column\" style=\"--awb-bg-size:cover;--awb-width-large:66.666666666667%;--awb-margin-top-large:0px;--awb-spacing-right-large:2.88%;--awb-margin-bottom-large:20px;--awb-spacing-left-large:2.88%;--awb-width-medium:66.666666666667%;--awb-order-medium:0;--awb-spacing-right-medium:2.88%;--awb-spacing-left-medium:2.88%;--awb-width-small:100%;--awb-order-small:0;--awb-spacing-right-small:1.92%;--awb-spacing-left-small:1.92%;\"><div class=\"fusion-column-wrapper fusion-column-has-shadow fusion-flex-justify-content-flex-start fusion-content-layout-column\"><iframe src=\"https:\/\/7680888.extforms.netsuite.com\/app\/site\/crm\/externalleadpage.nl?compid=7680888&formid=7&h=AAFdikaISEcmMlNKCc1PeyPwA-qzRObMnK4wd1_tcGzyYJqPQak&redirect_count=1&did_javascript_redirect=T\/viewform?embedded=true%22\" width=\"100%\" height=\"800\" frameborder=\"0\" marginwidth=\"0\" marginheight=\"0\">Carregando...<\/iframe>   \n<script src=\"https:\/\/cdn.weglot.com\/weglot.min.js\"><\/script>\n<script>\n\/\/ In your iframe\nWeglot.initialize({\n    api_key: \"wg_5ed77a077854f2975171c9f597895c404\",\n    hide_switcher: true \/\/ You already have a switcher in parent window\n});\n<\/script><div class=\"fusion-separator fusion-full-width-sep\" style=\"align-self: center;margin-left: auto;margin-right: auto;margin-top:30px;width:100%;\"><\/div><\/div><\/div><div class=\"fusion-layout-column fusion_builder_column fusion-builder-column-3 fusion_builder_column_1_3 1_3 fusion-flex-column\" style=\"--awb-bg-size:cover;--awb-width-large:33.333333333333%;--awb-margin-top-large:0px;--awb-spacing-right-large:5.76%;--awb-margin-bottom-large:20px;--awb-spacing-left-large:3.84%;--awb-width-medium:33.333333333333%;--awb-spacing-right-medium:5.76%;--awb-spacing-left-medium:3.84%;--awb-width-small:100%;--awb-spacing-right-small:1.92%;--awb-spacing-left-small:1.92%;\"><div class=\"fusion-column-wrapper fusion-flex-justify-content-flex-start fusion-content-layout-column\"><div class=\"fusion-separator fusion-full-width-sep\" style=\"align-self: center;margin-left: auto;margin-right: auto;margin-top:30px;width:100%;\"><\/div><div class=\"fusion-image-element \" style=\"--awb-caption-title-font-family:var(--h2_typography-font-family);--awb-caption-title-font-weight:var(--h2_typography-font-weight);--awb-caption-title-font-style:var(--h2_typography-font-style);--awb-caption-title-size:var(--h2_typography-font-size);--awb-caption-title-transform:var(--h2_typography-text-transform);--awb-caption-title-line-height:var(--h2_typography-line-height);--awb-caption-title-letter-spacing:var(--h2_typography-letter-spacing);\"><span class=\" fusion-imageframe imageframe-none imageframe-2 hover-type-none\"><img decoding=\"async\" width=\"250\" height=\"65\" title=\"Loadscan logo negative 2020 long tagline 250&#215;65\" src=\"https:\/\/www.loadscan.com\/wp-content\/uploads\/2020\/07\/Loadscan-logo-negative-2020-long-tagline-250x65-1.png\" alt class=\"img-responsive wp-image-28980\" srcset=\"https:\/\/www.loadscan.com\/wp-content\/uploads\/2020\/07\/Loadscan-logo-negative-2020-long-tagline-250x65-1-200x52.png 200w, https:\/\/www.loadscan.com\/wp-content\/uploads\/2020\/07\/Loadscan-logo-negative-2020-long-tagline-250x65-1.png 250w\" sizes=\"(max-width: 640px) 100vw, 250px\" \/><\/span><\/div><div class=\"fusion-text fusion-text-2\" style=\"--awb-text-transform:none;--awb-margin-left:12px;\"><\/p>\n<h4><span style=\"color: #fcc500;\"><em>Consultas internacionais<\/em><\/span><\/h4>\n<p><strong>Endere\u00e7o f\u00edsico\/postal:<\/strong> 27 Earthmover Crescent, Burbush, Hamilton 3288 Nova Zel\u00e2ndia  <strong>Telefone:<\/strong> <a href=\"tel:18007472973\">1 800 747 2973<\/a><br \/>\n<strong>E-mail:<\/strong><a href=\"mailto:sales@loadscan.com\"> <a href=\"mailto:sales@loadscan.com\"> sales@loadscan.com<\/a><\/a><\/p>\n<h4><span style=\"color: #fcc500;\"><em>Austr\u00e1lia<\/em><\/span><\/h4>\n<p><strong>Endere\u00e7o f\u00edsico: <\/strong>Unit 4, 22 Portside Crescent, Maryville NSW 2293, Austr\u00e1lia  <strong>E-mail:<\/strong> <a href=\"mailto:sales@loadscan.au\"><a href=\"mailto:sales@loadscan.au\">sales@loadscan.au<\/a><\/a><\/p>\n<h4><span style=\"color: #fcc500;\"><em>EUA<\/em><\/span><\/h4>\n<p>Endere\u00e7o <strong>f\u00edsico:<\/strong> 27604 Commerce Oaks Drive, Conroe, Texas 77385, Box 12, EUA<br \/>\n<strong>Telefone:<\/strong> <a href=\"tel:18007472973\">1 800 747 2973\/<\/a><br \/>\n<a href=\"tel:2816515478\">281 651 5478Email<\/a><strong>:<\/strong> <a href=\"mailto:sales@loadscan.com\">sales@loadscan.com<\/a>  <\/p>\n<p><\/p>\n<\/div><\/div><\/div><\/div><\/div><\/div><div class=\"fusion-fullwidth fullwidth-box fusion-builder-row-3 fusion-flex-container hundred-percent-fullwidth non-hundred-percent-height-scrolling\" style=\"--awb-border-radius-top-left:0px;--awb-border-radius-top-right:0px;--awb-border-radius-bottom-right:0px;--awb-border-radius-bottom-left:0px;--awb-padding-right:15%;--awb-padding-left:15%;--awb-padding-right-medium:10%;--awb-padding-left-medium:10%;--awb-padding-right-small:5%;--awb-padding-left-small:5%;--awb-flex-wrap:wrap;\" ><div class=\"fusion-builder-row fusion-row fusion-flex-align-items-flex-start fusion-flex-justify-content-space-evenly fusion-flex-content-wrap\" style=\"width:104% !important;max-width:104% !important;margin-left: calc(-4% \/ 2 );margin-right: calc(-4% \/ 2 );\"><div class=\"fusion-layout-column fusion_builder_column fusion-builder-column-4 fusion_builder_column_1_1 1_1 fusion-flex-column\" style=\"--awb-bg-size:cover;--awb-width-large:100%;--awb-margin-top-large:0px;--awb-spacing-right-large:1.92%;--awb-margin-bottom-large:20px;--awb-spacing-left-large:1.92%;--awb-width-medium:100%;--awb-spacing-right-medium:1.92%;--awb-spacing-left-medium:1.92%;--awb-width-small:100%;--awb-spacing-right-small:1.92%;--awb-spacing-left-small:1.92%;\"><div class=\"fusion-column-wrapper fusion-flex-justify-content-flex-start fusion-content-layout-column\"><div class=\"fusion-separator fusion-full-width-sep\" style=\"align-self: center;margin-left: auto;margin-right: auto;margin-bottom:30px;width:100%;\"><\/div><div class=\"fusion-text fusion-text-3\"><h1><span style=\"font-size: 80%;\">Encontre um agente autorizado Loadscan perto de voc\u00ea.<\/span><\/h1>\n<p>  Selecione uma regi\u00e3o no mapa e clique para encontrar o agente autorizado Loadscan mais pr\u00f3ximo de voc\u00ea.<\/p>\n<\/div><div class=\"fusion-text fusion-text-4\"><p style=\"text-align: center;\"><div id=\"mapsvg-6345\" data-id=\"6345\" class=\"mapsvg\" data-autoload=\"true\" data-loading-text=\"Loading map...\" style=\"width: 100%; height: 0; padding-bottom: 54.85%\"><\/div><\/p>\n<\/div><\/div><\/div><\/div><\/div><\/p>\n","protected":false},"excerpt":{"rendered":"","protected":false},"author":6,"featured_media":0,"parent":0,"menu_order":0,"comment_status":"closed","ping_status":"closed","template":"100-width.php","meta":{"content-type":"","footnotes":""},"class_list":["post-32386","page","type-page","status-publish","hentry"],"yoast_head":"<!-- This site is optimized with the Yoast SEO plugin v27.2 - https:\/\/yoast.com\/product\/yoast-seo-wordpress\/ -->\n<title>Entre em contato conosco | LoadScan\u00ae | NZ, Austr\u00e1lia, EUA e Canad\u00e1<\/title>\n<meta name=\"description\" content=\"Entre em contato com a equipe de vendas da Loadscan\u00ae para encontrar um scanner de volume de carga que atenda \u00e0s suas necessidades. Volume de carga para sistemas de caminh\u00f5es e transportadores\" \/>\n<meta name=\"robots\" content=\"index, follow, max-snippet:-1, max-image-preview:large, max-video-preview:-1\" \/>\n<link rel=\"canonical\" href=\"https:\/\/www.loadscan.com\/pt-br\/entre-em-contato-conosco\/\" \/>\n<meta name=\"twitter:label1\" content=\"Est. tempo de leitura\" \/>\n\t<meta name=\"twitter:data1\" content=\"14 minutos\" \/>\n<script type=\"application\/ld+json\" class=\"yoast-schema-graph\">{\"@context\":\"https:\/\/schema.org\",\"@graph\":[{\"@type\":\"WebPage\",\"@id\":\"https:\/\/www.loadscan.com\/pt-br\/entre-em-contato-conosco\/\",\"url\":\"https:\/\/www.loadscan.com\/pt-br\/entre-em-contato-conosco\/\",\"name\":\"Entre em contato conosco | LoadScan\u00ae | NZ, Austr\u00e1lia, EUA e Canad\u00e1\",\"isPartOf\":{\"@id\":\"https:\/\/www.loadscan.com\/pt-br\/#website\"},\"datePublished\":\"2013-02-17T08:35:39+00:00\",\"dateModified\":\"2024-08-13T22:55:26+00:00\",\"description\":\"Entre em contato com a equipe de vendas da Loadscan\u00ae para encontrar um scanner de volume de carga que atenda \u00e0s suas necessidades. Volume de carga para sistemas de caminh\u00f5es e transportadores\",\"breadcrumb\":{\"@id\":\"https:\/\/www.loadscan.com\/pt-br\/entre-em-contato-conosco\/#breadcrumb\"},\"inLanguage\":\"pt-BR\",\"potentialAction\":[{\"@type\":\"ReadAction\",\"target\":[\"https:\/\/www.loadscan.com\/pt-br\/entre-em-contato-conosco\/\"]}]},{\"@type\":\"BreadcrumbList\",\"@id\":\"https:\/\/www.loadscan.com\/pt-br\/entre-em-contato-conosco\/#breadcrumb\",\"itemListElement\":[{\"@type\":\"ListItem\",\"position\":1,\"name\":\"Home\",\"item\":\"https:\/\/www.loadscan.com\/pt-br\/scanners-de-volume-de-carga-loadscan\/\"},{\"@type\":\"ListItem\",\"position\":2,\"name\":\"Entre em contato conosco\"}]},{\"@type\":\"WebSite\",\"@id\":\"https:\/\/www.loadscan.com\/pt-br\/#website\",\"url\":\"https:\/\/www.loadscan.com\/pt-br\/\",\"name\":\"Loadscan\",\"description\":\"Certified accurate payload measurement\",\"publisher\":{\"@id\":\"https:\/\/www.loadscan.com\/pt-br\/#organization\"},\"potentialAction\":[{\"@type\":\"SearchAction\",\"target\":{\"@type\":\"EntryPoint\",\"urlTemplate\":\"https:\/\/www.loadscan.com\/pt-br\/?s={search_term_string}\"},\"query-input\":{\"@type\":\"PropertyValueSpecification\",\"valueRequired\":true,\"valueName\":\"search_term_string\"}}],\"inLanguage\":\"pt-BR\"},{\"@type\":\"Organization\",\"@id\":\"https:\/\/www.loadscan.com\/pt-br\/#organization\",\"name\":\"Loadscan\u00ae Ltd\",\"url\":\"https:\/\/www.loadscan.com\/pt-br\/\",\"logo\":{\"@type\":\"ImageObject\",\"inLanguage\":\"pt-BR\",\"@id\":\"https:\/\/www.loadscan.com\/pt-br\/#\/schema\/logo\/image\/\",\"url\":\"https:\/\/www.loadscan.com\/wp-content\/uploads\/2020\/10\/Loadscan-logo-245.png\",\"contentUrl\":\"https:\/\/www.loadscan.com\/wp-content\/uploads\/2020\/10\/Loadscan-logo-245.png\",\"width\":245,\"height\":66,\"caption\":\"Loadscan\u00ae Ltd\"},\"image\":{\"@id\":\"https:\/\/www.loadscan.com\/pt-br\/#\/schema\/logo\/image\/\"},\"sameAs\":[\"https:\/\/www.facebook.com\/loadscan\",\"https:\/\/x.com\/loadscan\",\"https:\/\/nz.linkedin.com\/company\/loadscan\"]}]}<\/script>\n<!-- \/ Yoast SEO plugin. -->","yoast_head_json":{"title":"Entre em contato conosco | LoadScan\u00ae | NZ, Austr\u00e1lia, EUA e Canad\u00e1","description":"Entre em contato com a equipe de vendas da Loadscan\u00ae para encontrar um scanner de volume de carga que atenda \u00e0s suas necessidades. Volume de carga para sistemas de caminh\u00f5es e transportadores","robots":{"index":"index","follow":"follow","max-snippet":"max-snippet:-1","max-image-preview":"max-image-preview:large","max-video-preview":"max-video-preview:-1"},"canonical":"https:\/\/www.loadscan.com\/pt-br\/entre-em-contato-conosco\/","twitter_misc":{"Est. tempo de leitura":"14 minutos"},"schema":{"@context":"https:\/\/schema.org","@graph":[{"@type":"WebPage","@id":"https:\/\/www.loadscan.com\/pt-br\/entre-em-contato-conosco\/","url":"https:\/\/www.loadscan.com\/pt-br\/entre-em-contato-conosco\/","name":"Entre em contato conosco | LoadScan\u00ae | NZ, Austr\u00e1lia, EUA e Canad\u00e1","isPartOf":{"@id":"https:\/\/www.loadscan.com\/pt-br\/#website"},"datePublished":"2013-02-17T08:35:39+00:00","dateModified":"2024-08-13T22:55:26+00:00","description":"Entre em contato com a equipe de vendas da Loadscan\u00ae para encontrar um scanner de volume de carga que atenda \u00e0s suas necessidades. Volume de carga para sistemas de caminh\u00f5es e transportadores","breadcrumb":{"@id":"https:\/\/www.loadscan.com\/pt-br\/entre-em-contato-conosco\/#breadcrumb"},"inLanguage":"pt-BR","potentialAction":[{"@type":"ReadAction","target":["https:\/\/www.loadscan.com\/pt-br\/entre-em-contato-conosco\/"]}]},{"@type":"BreadcrumbList","@id":"https:\/\/www.loadscan.com\/pt-br\/entre-em-contato-conosco\/#breadcrumb","itemListElement":[{"@type":"ListItem","position":1,"name":"Home","item":"https:\/\/www.loadscan.com\/pt-br\/scanners-de-volume-de-carga-loadscan\/"},{"@type":"ListItem","position":2,"name":"Entre em contato conosco"}]},{"@type":"WebSite","@id":"https:\/\/www.loadscan.com\/pt-br\/#website","url":"https:\/\/www.loadscan.com\/pt-br\/","name":"Loadscan","description":"Certified accurate payload measurement","publisher":{"@id":"https:\/\/www.loadscan.com\/pt-br\/#organization"},"potentialAction":[{"@type":"SearchAction","target":{"@type":"EntryPoint","urlTemplate":"https:\/\/www.loadscan.com\/pt-br\/?s={search_term_string}"},"query-input":{"@type":"PropertyValueSpecification","valueRequired":true,"valueName":"search_term_string"}}],"inLanguage":"pt-BR"},{"@type":"Organization","@id":"https:\/\/www.loadscan.com\/pt-br\/#organization","name":"Loadscan\u00ae Ltd","url":"https:\/\/www.loadscan.com\/pt-br\/","logo":{"@type":"ImageObject","inLanguage":"pt-BR","@id":"https:\/\/www.loadscan.com\/pt-br\/#\/schema\/logo\/image\/","url":"https:\/\/www.loadscan.com\/wp-content\/uploads\/2020\/10\/Loadscan-logo-245.png","contentUrl":"https:\/\/www.loadscan.com\/wp-content\/uploads\/2020\/10\/Loadscan-logo-245.png","width":245,"height":66,"caption":"Loadscan\u00ae Ltd"},"image":{"@id":"https:\/\/www.loadscan.com\/pt-br\/#\/schema\/logo\/image\/"},"sameAs":["https:\/\/www.facebook.com\/loadscan","https:\/\/x.com\/loadscan","https:\/\/nz.linkedin.com\/company\/loadscan"]}]}},"_links":{"self":[{"href":"https:\/\/www.loadscan.com\/pt-br\/wp-json\/wp\/v2\/pages\/32386","targetHints":{"allow":["GET"]}}],"collection":[{"href":"https:\/\/www.loadscan.com\/pt-br\/wp-json\/wp\/v2\/pages"}],"about":[{"href":"https:\/\/www.loadscan.com\/pt-br\/wp-json\/wp\/v2\/types\/page"}],"author":[{"embeddable":true,"href":"https:\/\/www.loadscan.com\/pt-br\/wp-json\/wp\/v2\/users\/6"}],"replies":[{"embeddable":true,"href":"https:\/\/www.loadscan.com\/pt-br\/wp-json\/wp\/v2\/comments?post=32386"}],"version-history":[{"count":10,"href":"https:\/\/www.loadscan.com\/pt-br\/wp-json\/wp\/v2\/pages\/32386\/revisions"}],"predecessor-version":[{"id":32459,"href":"https:\/\/www.loadscan.com\/pt-br\/wp-json\/wp\/v2\/pages\/32386\/revisions\/32459"}],"wp:attachment":[{"href":"https:\/\/www.loadscan.com\/pt-br\/wp-json\/wp\/v2\/media?parent=32386"}],"curies":[{"name":"wp","href":"https:\/\/api.w.org\/{rel}","templated":true}]}}