{"id":32536,"date":"2015-02-17T21:20:23","date_gmt":"2015-02-17T08:20:23","guid":{"rendered":"https:\/\/www.loadscan.com\/solucoes-de-tecnologia-de-digitalizacao\/montagem-personalizada-do-loadscan-mps-3cmx\/"},"modified":"2024-08-14T10:56:28","modified_gmt":"2024-08-13T22:56:28","slug":"montagem-personalizada-do-loadscan-mps-3cmx","status":"publish","type":"page","link":"https:\/\/www.loadscan.com\/pt-br\/solucoes-de-tecnologia-de-digitalizacao\/montagem-personalizada-do-loadscan-mps-3cmx\/","title":{"rendered":"Montagem personalizada do Loadscan MPS-3CMX"},"content":{"rendered":"<p><div class=\"fusion-fullwidth fullwidth-box fusion-builder-row-1 fusion-parallax-none hundred-percent-fullwidth non-hundred-percent-height-scrolling fusion-no-small-visibility\" style=\"--awb-background-position:center top;--awb-border-radius-top-left:0px;--awb-border-radius-top-right:0px;--awb-border-radius-bottom-right:0px;--awb-border-radius-bottom-left:0px;--awb-padding-top:300px;--awb-padding-bottom:300px;--awb-background-image:url(&quot;https:\/\/www.loadscan.com\/wp-content\/uploads\/2021\/07\/2021_Custom-MPS.png&quot;);--awb-background-size:cover;--awb-flex-wrap:wrap;\" ><div class=\"fusion-builder-row fusion-row\"><\/div><\/div><div class=\"fusion-fullwidth fullwidth-box fusion-builder-row-2 fusion-flex-container hundred-percent-fullwidth non-hundred-percent-height-scrolling\" style=\"--awb-border-radius-top-left:0px;--awb-border-radius-top-right:0px;--awb-border-radius-bottom-right:0px;--awb-border-radius-bottom-left:0px;--awb-padding-right:15%;--awb-padding-left:15%;--awb-padding-right-medium:10%;--awb-padding-left-medium:10%;--awb-padding-right-small:5%;--awb-padding-left-small:5%;--awb-flex-wrap:wrap;\" ><div class=\"fusion-builder-row fusion-row fusion-flex-align-items-flex-start fusion-flex-content-wrap\" style=\"width:104% !important;max-width:104% !important;margin-left: calc(-4% \/ 2 );margin-right: calc(-4% \/ 2 );\"><div class=\"fusion-layout-column fusion_builder_column fusion-builder-column-0 fusion_builder_column_1_1 1_1 fusion-flex-column\" style=\"--awb-bg-blend:overlay;--awb-bg-size:cover;--awb-width-large:100%;--awb-margin-top-large:0px;--awb-spacing-right-large:1.92%;--awb-margin-bottom-large:0px;--awb-spacing-left-large:1.92%;--awb-width-medium:100%;--awb-spacing-right-medium:1.92%;--awb-spacing-left-medium:1.92%;--awb-width-small:100%;--awb-spacing-right-small:1.92%;--awb-spacing-left-small:1.92%;\"><div class=\"fusion-column-wrapper fusion-flex-justify-content-flex-start fusion-content-layout-column\"><div class=\"fusion-text fusion-text-1\"><h1>Unidade principal do Loadscan &#8211; MPS-3CMX<\/h1>\n<h2>Medi\u00e7\u00e3o de caminh\u00e3o com montagem personalizada<\/h2>\n<\/div><\/div><\/div><\/div><\/div><div class=\"fusion-fullwidth fullwidth-box fusion-builder-row-3 fusion-flex-container hundred-percent-fullwidth non-hundred-percent-height-scrolling\" style=\"--awb-border-radius-top-left:0px;--awb-border-radius-top-right:0px;--awb-border-radius-bottom-right:0px;--awb-border-radius-bottom-left:0px;--awb-padding-right:15%;--awb-padding-left:15%;--awb-padding-right-medium:10%;--awb-padding-left-medium:10%;--awb-padding-right-small:5%;--awb-padding-left-small:5%;--awb-flex-wrap:wrap;\" ><div class=\"fusion-builder-row fusion-row fusion-flex-align-items-flex-start fusion-flex-content-wrap\" style=\"width:104% !important;max-width:104% !important;margin-left: calc(-4% \/ 2 );margin-right: calc(-4% \/ 2 );\"><div class=\"fusion-layout-column fusion_builder_column fusion-builder-column-1 fusion_builder_column_1_2 1_2 fusion-flex-column fusion-flex-align-self-flex-start fusion-column-no-min-height\" style=\"--awb-bg-blend:overlay;--awb-bg-size:cover;--awb-width-large:50%;--awb-margin-top-large:0px;--awb-spacing-right-large:3.84%;--awb-margin-bottom-large:0px;--awb-spacing-left-large:3.84%;--awb-width-medium:50%;--awb-spacing-right-medium:3.84%;--awb-spacing-left-medium:3.84%;--awb-width-small:100%;--awb-spacing-right-small:1.92%;--awb-spacing-left-small:1.92%;\"><div class=\"fusion-column-wrapper fusion-flex-justify-content-flex-start fusion-content-layout-column\"><div class=\"fusion-text fusion-text-2\"><p>Para algumas aplica\u00e7\u00f5es mais exclusivas, a melhor op\u00e7\u00e3o \u00e9 a unidade de medi\u00e7\u00e3o de caminh\u00e3o <sup>Loadscan\u00ae<\/sup> <a title=\"Scanner de volume de carga\" href=\"https:\/\/www.loadscan.com\/load-volume-scanner\/\">Load Volume Scanner<\/a> Custom Mount (somente cabe\u00e7ote). Nossas unidades de medi\u00e7\u00e3o de caminh\u00f5es com montagem personalizada podem ser montadas em praticamente qualquer lugar, seja diretamente ou por meio de montagem personalizada, o que as torna perfeitas para serem fixadas na lateral de edif\u00edcios ou em portais de minera\u00e7\u00e3o, t\u00faneis etc. As unidades de medi\u00e7\u00e3o de caminh\u00f5es <sup>Loadscan\u00ae<\/sup> <a title=\"Scanner de volume de carga\" href=\"https:\/\/www.loadscan.com\/load-volume-scanner\/\">Load Volume Scanner<\/a> Custom Mount podem ser conectadas a um escrit\u00f3rio local ou operadas por meio de um quiosque <sup>Loadscan\u00ae<\/sup> dedicado.<\/p>\n<\/div><ul style=\"--awb-size:15px;--awb-line-height:25.5px;--awb-icon-width:25.5px;--awb-icon-height:25.5px;--awb-icon-margin:10.5px;--awb-content-margin:36px;\" class=\"fusion-checklist fusion-checklist-1 fusion-checklist-default type-icons\"><li class=\"fusion-li-item\" style=\"\"><span class=\"icon-wrapper circle-no\"><i class=\"fusion-li-icon fa fa-check-circle\" aria-hidden=\"true\"><\/i><\/span><div class=\"fusion-li-item-content\">\n<p>Componentes principais do sistema somente para montagem e instala\u00e7\u00e3o personalizadas<\/p>\n<\/div><\/li><li class=\"fusion-li-item\" style=\"\"><span class=\"icon-wrapper circle-no\"><i class=\"fusion-li-icon fa fa-check-circle\" aria-hidden=\"true\"><\/i><\/span><div class=\"fusion-li-item-content\">\n<p>Op\u00e7\u00f5es de alimenta\u00e7\u00e3o principal (linha) ou de 24 VCC<\/p>\n<\/div><\/li><li class=\"fusion-li-item\" style=\"\"><span class=\"icon-wrapper circle-no\"><i class=\"fusion-li-icon fa fa-check-circle\" aria-hidden=\"true\"><\/i><\/span><div class=\"fusion-li-item-content\">\n<p>Suporte de montagem universal fornecido<\/p>\n<\/div><\/li><\/ul><div class=\"fusion-separator fusion-full-width-sep\" style=\"align-self: center;margin-left: auto;margin-right: auto;margin-top:20px;margin-bottom:20px;width:100%;\"><\/div><div class=\"fusion-image-element \" style=\"text-align:center;--awb-caption-title-font-family:var(--h2_typography-font-family);--awb-caption-title-font-weight:var(--h2_typography-font-weight);--awb-caption-title-font-style:var(--h2_typography-font-style);--awb-caption-title-size:var(--h2_typography-font-size);--awb-caption-title-transform:var(--h2_typography-text-transform);--awb-caption-title-line-height:var(--h2_typography-line-height);--awb-caption-title-letter-spacing:var(--h2_typography-letter-spacing);\"><span class=\" fusion-imageframe imageframe-none imageframe-1 hover-type-none\"><a href=\"https:\/\/www.loadscan.com\/wp-content\/uploads\/2015\/02\/Loadscan-Custom-Mount-Oceana-Gold-installation.jpg\" class=\"fusion-lightbox\" data-rel=\"iLightbox[custom-unit]\" data-title=\"Loadscan-Oceana-Custom Mount\" title=\"Loadscan-Oceana-Custom Mount\"><img decoding=\"async\" width=\"992\" height=\"653\" alt=\"Unidade de cabe\u00e7a personalizada LoadScan - LVS-3CMX Mine Portal\" src=\"https:\/\/www.loadscan.com\/wp-content\/uploads\/2015\/02\/Loadscan-Custom-Mount-Oceana-Gold-installation.jpg\" class=\"img-responsive wp-image-26332\" srcset=\"https:\/\/www.loadscan.com\/wp-content\/uploads\/2015\/02\/Loadscan-Custom-Mount-Oceana-Gold-installation-200x132.jpg 200w, https:\/\/www.loadscan.com\/wp-content\/uploads\/2015\/02\/Loadscan-Custom-Mount-Oceana-Gold-installation-400x263.jpg 400w, https:\/\/www.loadscan.com\/wp-content\/uploads\/2015\/02\/Loadscan-Custom-Mount-Oceana-Gold-installation-600x395.jpg 600w, https:\/\/www.loadscan.com\/wp-content\/uploads\/2015\/02\/Loadscan-Custom-Mount-Oceana-Gold-installation-800x527.jpg 800w, https:\/\/www.loadscan.com\/wp-content\/uploads\/2015\/02\/Loadscan-Custom-Mount-Oceana-Gold-installation.jpg 992w\" sizes=\"(max-width: 640px) 100vw, 600px\" \/><\/a><\/span><\/div><\/div><\/div><div class=\"fusion-layout-column fusion_builder_column fusion-builder-column-2 fusion_builder_column_1_2 1_2 fusion-flex-column fusion-flex-align-self-flex-start fusion-column-no-min-height\" style=\"--awb-bg-blend:overlay;--awb-bg-size:cover;--awb-width-large:50%;--awb-margin-top-large:0px;--awb-spacing-right-large:3.84%;--awb-margin-bottom-large:0px;--awb-spacing-left-large:3.84%;--awb-width-medium:50%;--awb-spacing-right-medium:3.84%;--awb-spacing-left-medium:3.84%;--awb-width-small:100%;--awb-spacing-right-small:1.92%;--awb-spacing-left-small:1.92%;\"><div class=\"fusion-column-wrapper fusion-flex-justify-content-flex-start fusion-content-layout-column\"><div class=\"fusion-image-element \" style=\"text-align:center;--awb-caption-title-font-family:var(--h2_typography-font-family);--awb-caption-title-font-weight:var(--h2_typography-font-weight);--awb-caption-title-font-style:var(--h2_typography-font-style);--awb-caption-title-size:var(--h2_typography-font-size);--awb-caption-title-transform:var(--h2_typography-text-transform);--awb-caption-title-line-height:var(--h2_typography-line-height);--awb-caption-title-letter-spacing:var(--h2_typography-letter-spacing);\"><span class=\" fusion-imageframe imageframe-none imageframe-2 hover-type-none\"><a href=\"https:\/\/www.loadscan.com\/wp-content\/uploads\/2015\/02\/Loadscan-Custom-Scan-head-Newmont-Waihi-Gold-Mine.jpg\" class=\"fusion-lightbox\" data-rel=\"iLightbox[custom-unit]\" data-title=\"Loadscan Custom Scan Head Oceana Waihi Gold Mine\" title=\"Loadscan Custom Scan Head Oceana Waihi Gold Mine\"><img decoding=\"async\" width=\"1920\" height=\"1513\" alt=\"Unidade de cabe\u00e7a personalizada LoadScan - LVS-3CMX Newmont Mine\" src=\"https:\/\/www.loadscan.com\/wp-content\/uploads\/2015\/02\/Loadscan-Custom-Scan-head-Newmont-Waihi-Gold-Mine.jpg\" class=\"img-responsive wp-image-26336\" srcset=\"https:\/\/www.loadscan.com\/wp-content\/uploads\/2015\/02\/Loadscan-Custom-Scan-head-Newmont-Waihi-Gold-Mine-200x158.jpg 200w, https:\/\/www.loadscan.com\/wp-content\/uploads\/2015\/02\/Loadscan-Custom-Scan-head-Newmont-Waihi-Gold-Mine-400x315.jpg 400w, https:\/\/www.loadscan.com\/wp-content\/uploads\/2015\/02\/Loadscan-Custom-Scan-head-Newmont-Waihi-Gold-Mine-600x473.jpg 600w, https:\/\/www.loadscan.com\/wp-content\/uploads\/2015\/02\/Loadscan-Custom-Scan-head-Newmont-Waihi-Gold-Mine-800x630.jpg 800w, https:\/\/www.loadscan.com\/wp-content\/uploads\/2015\/02\/Loadscan-Custom-Scan-head-Newmont-Waihi-Gold-Mine-1200x946.jpg 1200w, https:\/\/www.loadscan.com\/wp-content\/uploads\/2015\/02\/Loadscan-Custom-Scan-head-Newmont-Waihi-Gold-Mine.jpg 1920w\" sizes=\"(max-width: 640px) 100vw, 600px\" \/><\/a><\/span><\/div><div class=\"fusion-separator fusion-full-width-sep\" style=\"align-self: center;margin-left: auto;margin-right: auto;margin-top:20px;margin-bottom:20px;width:100%;\"><\/div><div class=\"fusion-text fusion-text-3\"><h4>Fornecemos cota\u00e7\u00f5es com base em uma solu\u00e7\u00e3o adaptada \u00e0s suas necessidades espec\u00edficas de local e opera\u00e7\u00e3o<\/h4>\n<\/div><div class=\"fusion-modal modal fade modal-1 lvs-contact has-light-close\" tabindex=\"-1\" role=\"dialog\" aria-labelledby=\"modal-heading-1\" aria-hidden=\"true\" style=\"--awb-border-color:#ffc500;--awb-background:#29292a;\"><div class=\"modal-dialog modal-lg\" role=\"document\"><div class=\"modal-content fusion-modal-content\"><div class=\"modal-header\"><button class=\"close\" type=\"button\" data-dismiss=\"modal\" aria-hidden=\"true\" aria-label=\"Close\">&times;<\/button><h3 class=\"modal-title\" id=\"modal-heading-1\" data-dismiss=\"modal\" aria-hidden=\"true\">Preencha o formul\u00e1rio abaixo<\/h3><\/div><div class=\"modal-body fusion-clearfix\">\n<p style=\"text-align: center;\"><iframe src=\"https:\/\/7680888.extforms.netsuite.com\/app\/site\/crm\/externalleadpage.nl?compid=7680888&amp;formid=7&amp;h=AAFdikaISEcmMlNKCc1PeyPwA-qzRObMnK4wd1_tcGzyYJqPQak&amp;redirect_count=1&amp;did_javascript_redirect=T\/viewform?embedded=true\" width=\"100%\" height=\"1260\" frameborder=\"0\" marginwidth=\"0\" marginheight=\"0\">Carregando&#8230;<\/iframe><\/p>\n<\/div><div class=\"modal-footer\"><button class=\"fusion-button button-default button-medium button default medium\" type=\"button\" data-dismiss=\"modal\">Close<\/button><\/div><\/div><\/div><\/div><div style=\"text-align:center;\"><a class=\"fusion-button button-flat fusion-button-default-size button-default fusion-button-default button-1 fusion-button-default-span fusion-button-default-type\" style=\"width:calc(100%);\" target=\"_self\" href=\"#\" data-toggle=\"modal\" data-target=\".fusion-modal.lvs-contact\"><span class=\"fusion-button-text awb-button__text awb-button__text--default\">PE\u00c7A A UM MEMBRO DA NOSSA EQUIPE PARA ENTRAR EM CONTATO PARA COME\u00c7AR<\/span><\/a><\/div><\/div><\/div><div class=\"fusion-layout-column fusion_builder_column fusion-builder-column-3 fusion_builder_column_1_2 1_2 fusion-flex-column fusion-flex-align-self-flex-start fusion-column-no-min-height\" style=\"--awb-bg-size:cover;--awb-width-large:50%;--awb-margin-top-large:0px;--awb-spacing-right-large:3.84%;--awb-margin-bottom-large:0px;--awb-spacing-left-large:3.84%;--awb-width-medium:50%;--awb-spacing-right-medium:3.84%;--awb-spacing-left-medium:3.84%;--awb-width-small:100%;--awb-spacing-right-small:1.92%;--awb-spacing-left-small:1.92%;\"><div class=\"fusion-column-wrapper fusion-flex-justify-content-flex-start fusion-content-layout-column\"><div class=\"fusion-separator fusion-full-width-sep\" style=\"align-self: center;margin-left: auto;margin-right: auto;margin-top:20px;margin-bottom:20px;width:100%;\"><\/div><\/div><\/div><\/div><\/div><\/p>\n","protected":false},"excerpt":{"rendered":"","protected":false},"author":6,"featured_media":0,"parent":32198,"menu_order":0,"comment_status":"closed","ping_status":"closed","template":"100-width.php","meta":{"content-type":"","footnotes":""},"class_list":["post-32536","page","type-page","status-publish","hentry"],"yoast_head":"<!-- This site is optimized with the Yoast SEO plugin v27.2 - https:\/\/yoast.com\/product\/yoast-seo-wordpress\/ -->\n<title>Medi\u00e7\u00e3o de caminh\u00f5es com montagem personalizada | Unidade principal do LoadScan<\/title>\n<meta name=\"description\" content=\"Essas unidades podem ser montadas em praticamente qualquer lugar. Diretamente ou por meio de montagem personalizada, voc\u00ea pode fix\u00e1-lo na lateral de edif\u00edcios, portais de minera\u00e7\u00e3o ou t\u00faneis.\" \/>\n<meta name=\"robots\" content=\"index, follow, max-snippet:-1, max-image-preview:large, max-video-preview:-1\" \/>\n<link rel=\"canonical\" href=\"https:\/\/www.loadscan.com\/pt-br\/solucoes-de-tecnologia-de-digitalizacao\/montagem-personalizada-do-loadscan-mps-3cmx\/\" \/>\n<meta name=\"twitter:label1\" content=\"Est. tempo de leitura\" \/>\n\t<meta name=\"twitter:data1\" content=\"7 minutos\" \/>\n<script type=\"application\/ld+json\" class=\"yoast-schema-graph\">{\"@context\":\"https:\/\/schema.org\",\"@graph\":[{\"@type\":\"WebPage\",\"@id\":\"https:\/\/www.loadscan.com\/pt-br\/solucoes-de-tecnologia-de-digitalizacao\/montagem-personalizada-do-loadscan-mps-3cmx\/\",\"url\":\"https:\/\/www.loadscan.com\/pt-br\/solucoes-de-tecnologia-de-digitalizacao\/montagem-personalizada-do-loadscan-mps-3cmx\/\",\"name\":\"Medi\u00e7\u00e3o de caminh\u00f5es com montagem personalizada | Unidade principal do LoadScan\",\"isPartOf\":{\"@id\":\"https:\/\/www.loadscan.com\/pt-br\/#website\"},\"datePublished\":\"2015-02-17T08:20:23+00:00\",\"dateModified\":\"2024-08-13T22:56:28+00:00\",\"description\":\"Essas unidades podem ser montadas em praticamente qualquer lugar. Diretamente ou por meio de montagem personalizada, voc\u00ea pode fix\u00e1-lo na lateral de edif\u00edcios, portais de minera\u00e7\u00e3o ou t\u00faneis.\",\"breadcrumb\":{\"@id\":\"https:\/\/www.loadscan.com\/pt-br\/solucoes-de-tecnologia-de-digitalizacao\/montagem-personalizada-do-loadscan-mps-3cmx\/#breadcrumb\"},\"inLanguage\":\"pt-BR\",\"potentialAction\":[{\"@type\":\"ReadAction\",\"target\":[\"https:\/\/www.loadscan.com\/pt-br\/solucoes-de-tecnologia-de-digitalizacao\/montagem-personalizada-do-loadscan-mps-3cmx\/\"]}]},{\"@type\":\"BreadcrumbList\",\"@id\":\"https:\/\/www.loadscan.com\/pt-br\/solucoes-de-tecnologia-de-digitalizacao\/montagem-personalizada-do-loadscan-mps-3cmx\/#breadcrumb\",\"itemListElement\":[{\"@type\":\"ListItem\",\"position\":1,\"name\":\"Home\",\"item\":\"https:\/\/www.loadscan.com\/pt-br\/scanners-de-volume-de-carga-loadscan\/\"},{\"@type\":\"ListItem\",\"position\":2,\"name\":\"Solu\u00e7\u00f5es de tecnologia de digitaliza\u00e7\u00e3o\",\"item\":\"https:\/\/www.loadscan.com\/pt-br\/solucoes-de-tecnologia-de-digitalizacao\/\"},{\"@type\":\"ListItem\",\"position\":3,\"name\":\"Montagem personalizada do Loadscan MPS-3CMX\"}]},{\"@type\":\"WebSite\",\"@id\":\"https:\/\/www.loadscan.com\/pt-br\/#website\",\"url\":\"https:\/\/www.loadscan.com\/pt-br\/\",\"name\":\"Loadscan\",\"description\":\"Certified accurate payload measurement\",\"publisher\":{\"@id\":\"https:\/\/www.loadscan.com\/pt-br\/#organization\"},\"potentialAction\":[{\"@type\":\"SearchAction\",\"target\":{\"@type\":\"EntryPoint\",\"urlTemplate\":\"https:\/\/www.loadscan.com\/pt-br\/?s={search_term_string}\"},\"query-input\":{\"@type\":\"PropertyValueSpecification\",\"valueRequired\":true,\"valueName\":\"search_term_string\"}}],\"inLanguage\":\"pt-BR\"},{\"@type\":\"Organization\",\"@id\":\"https:\/\/www.loadscan.com\/pt-br\/#organization\",\"name\":\"Loadscan\u00ae Ltd\",\"url\":\"https:\/\/www.loadscan.com\/pt-br\/\",\"logo\":{\"@type\":\"ImageObject\",\"inLanguage\":\"pt-BR\",\"@id\":\"https:\/\/www.loadscan.com\/pt-br\/#\/schema\/logo\/image\/\",\"url\":\"https:\/\/www.loadscan.com\/wp-content\/uploads\/2020\/10\/Loadscan-logo-245.png\",\"contentUrl\":\"https:\/\/www.loadscan.com\/wp-content\/uploads\/2020\/10\/Loadscan-logo-245.png\",\"width\":245,\"height\":66,\"caption\":\"Loadscan\u00ae Ltd\"},\"image\":{\"@id\":\"https:\/\/www.loadscan.com\/pt-br\/#\/schema\/logo\/image\/\"},\"sameAs\":[\"https:\/\/www.facebook.com\/loadscan\",\"https:\/\/x.com\/loadscan\",\"https:\/\/nz.linkedin.com\/company\/loadscan\"]}]}<\/script>\n<!-- \/ Yoast SEO plugin. -->","yoast_head_json":{"title":"Medi\u00e7\u00e3o de caminh\u00f5es com montagem personalizada | Unidade principal do LoadScan","description":"Essas unidades podem ser montadas em praticamente qualquer lugar. Diretamente ou por meio de montagem personalizada, voc\u00ea pode fix\u00e1-lo na lateral de edif\u00edcios, portais de minera\u00e7\u00e3o ou t\u00faneis.","robots":{"index":"index","follow":"follow","max-snippet":"max-snippet:-1","max-image-preview":"max-image-preview:large","max-video-preview":"max-video-preview:-1"},"canonical":"https:\/\/www.loadscan.com\/pt-br\/solucoes-de-tecnologia-de-digitalizacao\/montagem-personalizada-do-loadscan-mps-3cmx\/","twitter_misc":{"Est. tempo de leitura":"7 minutos"},"schema":{"@context":"https:\/\/schema.org","@graph":[{"@type":"WebPage","@id":"https:\/\/www.loadscan.com\/pt-br\/solucoes-de-tecnologia-de-digitalizacao\/montagem-personalizada-do-loadscan-mps-3cmx\/","url":"https:\/\/www.loadscan.com\/pt-br\/solucoes-de-tecnologia-de-digitalizacao\/montagem-personalizada-do-loadscan-mps-3cmx\/","name":"Medi\u00e7\u00e3o de caminh\u00f5es com montagem personalizada | Unidade principal do LoadScan","isPartOf":{"@id":"https:\/\/www.loadscan.com\/pt-br\/#website"},"datePublished":"2015-02-17T08:20:23+00:00","dateModified":"2024-08-13T22:56:28+00:00","description":"Essas unidades podem ser montadas em praticamente qualquer lugar. Diretamente ou por meio de montagem personalizada, voc\u00ea pode fix\u00e1-lo na lateral de edif\u00edcios, portais de minera\u00e7\u00e3o ou t\u00faneis.","breadcrumb":{"@id":"https:\/\/www.loadscan.com\/pt-br\/solucoes-de-tecnologia-de-digitalizacao\/montagem-personalizada-do-loadscan-mps-3cmx\/#breadcrumb"},"inLanguage":"pt-BR","potentialAction":[{"@type":"ReadAction","target":["https:\/\/www.loadscan.com\/pt-br\/solucoes-de-tecnologia-de-digitalizacao\/montagem-personalizada-do-loadscan-mps-3cmx\/"]}]},{"@type":"BreadcrumbList","@id":"https:\/\/www.loadscan.com\/pt-br\/solucoes-de-tecnologia-de-digitalizacao\/montagem-personalizada-do-loadscan-mps-3cmx\/#breadcrumb","itemListElement":[{"@type":"ListItem","position":1,"name":"Home","item":"https:\/\/www.loadscan.com\/pt-br\/scanners-de-volume-de-carga-loadscan\/"},{"@type":"ListItem","position":2,"name":"Solu\u00e7\u00f5es de tecnologia de digitaliza\u00e7\u00e3o","item":"https:\/\/www.loadscan.com\/pt-br\/solucoes-de-tecnologia-de-digitalizacao\/"},{"@type":"ListItem","position":3,"name":"Montagem personalizada do Loadscan MPS-3CMX"}]},{"@type":"WebSite","@id":"https:\/\/www.loadscan.com\/pt-br\/#website","url":"https:\/\/www.loadscan.com\/pt-br\/","name":"Loadscan","description":"Certified accurate payload measurement","publisher":{"@id":"https:\/\/www.loadscan.com\/pt-br\/#organization"},"potentialAction":[{"@type":"SearchAction","target":{"@type":"EntryPoint","urlTemplate":"https:\/\/www.loadscan.com\/pt-br\/?s={search_term_string}"},"query-input":{"@type":"PropertyValueSpecification","valueRequired":true,"valueName":"search_term_string"}}],"inLanguage":"pt-BR"},{"@type":"Organization","@id":"https:\/\/www.loadscan.com\/pt-br\/#organization","name":"Loadscan\u00ae Ltd","url":"https:\/\/www.loadscan.com\/pt-br\/","logo":{"@type":"ImageObject","inLanguage":"pt-BR","@id":"https:\/\/www.loadscan.com\/pt-br\/#\/schema\/logo\/image\/","url":"https:\/\/www.loadscan.com\/wp-content\/uploads\/2020\/10\/Loadscan-logo-245.png","contentUrl":"https:\/\/www.loadscan.com\/wp-content\/uploads\/2020\/10\/Loadscan-logo-245.png","width":245,"height":66,"caption":"Loadscan\u00ae Ltd"},"image":{"@id":"https:\/\/www.loadscan.com\/pt-br\/#\/schema\/logo\/image\/"},"sameAs":["https:\/\/www.facebook.com\/loadscan","https:\/\/x.com\/loadscan","https:\/\/nz.linkedin.com\/company\/loadscan"]}]}},"_links":{"self":[{"href":"https:\/\/www.loadscan.com\/pt-br\/wp-json\/wp\/v2\/pages\/32536","targetHints":{"allow":["GET"]}}],"collection":[{"href":"https:\/\/www.loadscan.com\/pt-br\/wp-json\/wp\/v2\/pages"}],"about":[{"href":"https:\/\/www.loadscan.com\/pt-br\/wp-json\/wp\/v2\/types\/page"}],"author":[{"embeddable":true,"href":"https:\/\/www.loadscan.com\/pt-br\/wp-json\/wp\/v2\/users\/6"}],"replies":[{"embeddable":true,"href":"https:\/\/www.loadscan.com\/pt-br\/wp-json\/wp\/v2\/comments?post=32536"}],"version-history":[{"count":1,"href":"https:\/\/www.loadscan.com\/pt-br\/wp-json\/wp\/v2\/pages\/32536\/revisions"}],"predecessor-version":[{"id":32539,"href":"https:\/\/www.loadscan.com\/pt-br\/wp-json\/wp\/v2\/pages\/32536\/revisions\/32539"}],"up":[{"embeddable":true,"href":"https:\/\/www.loadscan.com\/pt-br\/wp-json\/wp\/v2\/pages\/32198"}],"wp:attachment":[{"href":"https:\/\/www.loadscan.com\/pt-br\/wp-json\/wp\/v2\/media?parent=32536"}],"curies":[{"name":"wp","href":"https:\/\/api.w.org\/{rel}","templated":true}]}}