{"id":32578,"date":"2015-02-17T21:19:06","date_gmt":"2015-02-17T08:19:06","guid":{"rendered":"https:\/\/www.loadscan.com\/solucoes-de-tecnologia-de-digitalizacao\/loadscan-mobile-lvs-3tmm\/"},"modified":"2024-08-14T10:58:07","modified_gmt":"2024-08-13T22:58:07","slug":"loadscan-mobile-lvs-3tmm","status":"publish","type":"page","link":"https:\/\/www.loadscan.com\/pt-br\/solucoes-de-tecnologia-de-digitalizacao\/loadscan-mobile-lvs-3tmm\/","title":{"rendered":"Loadscan Mobile LVS-3TMM"},"content":{"rendered":"<p><div class=\"fusion-fullwidth fullwidth-box fusion-builder-row-1 fusion-parallax-none hundred-percent-fullwidth non-hundred-percent-height-scrolling fusion-no-small-visibility\" style=\"--awb-border-radius-top-left:0px;--awb-border-radius-top-right:0px;--awb-border-radius-bottom-right:0px;--awb-border-radius-bottom-left:0px;--awb-padding-top:275px;--awb-padding-bottom:275px;--awb-background-image:url(&quot;https:\/\/www.loadscan.com\/wp-content\/uploads\/2015\/02\/Loadscan-Product_Mobile-LVS-3TMM.png&quot;);--awb-background-size:cover;--awb-flex-wrap:wrap;\" ><div class=\"fusion-builder-row fusion-row\"><\/div><\/div><div class=\"fusion-fullwidth fullwidth-box fusion-builder-row-2 fusion-flex-container hundred-percent-fullwidth non-hundred-percent-height-scrolling\" style=\"--awb-border-radius-top-left:0px;--awb-border-radius-top-right:0px;--awb-border-radius-bottom-right:0px;--awb-border-radius-bottom-left:0px;--awb-padding-right:15%;--awb-padding-left:15%;--awb-padding-right-medium:10%;--awb-padding-left-medium:10%;--awb-padding-right-small:5%;--awb-padding-left-small:5%;--awb-flex-wrap:wrap;\" ><div class=\"fusion-builder-row fusion-row fusion-flex-align-items-flex-start fusion-flex-content-wrap\" style=\"width:104% !important;max-width:104% !important;margin-left: calc(-4% \/ 2 );margin-right: calc(-4% \/ 2 );\"><div class=\"fusion-layout-column fusion_builder_column fusion-builder-column-0 fusion_builder_column_1_1 1_1 fusion-flex-column\" style=\"--awb-bg-size:cover;--awb-width-large:100%;--awb-margin-top-large:0px;--awb-spacing-right-large:1.92%;--awb-margin-bottom-large:0px;--awb-spacing-left-large:1.92%;--awb-width-medium:100%;--awb-spacing-right-medium:1.92%;--awb-spacing-left-medium:1.92%;--awb-width-small:100%;--awb-spacing-right-small:1.92%;--awb-spacing-left-small:1.92%;\"><div class=\"fusion-column-wrapper fusion-flex-justify-content-flex-start fusion-content-layout-column\"><div class=\"fusion-text fusion-text-1\"><h1>Loadscan Mobile &#8211; LVS-3TMM<\/h1>\n<h2>Medi\u00e7\u00e3o m\u00f3vel de caminh\u00f5es<\/h2>\n<\/div><\/div><\/div><\/div><\/div><div class=\"fusion-fullwidth fullwidth-box fusion-builder-row-3 fusion-flex-container hundred-percent-fullwidth non-hundred-percent-height-scrolling\" style=\"--awb-border-radius-top-left:0px;--awb-border-radius-top-right:0px;--awb-border-radius-bottom-right:0px;--awb-border-radius-bottom-left:0px;--awb-padding-right:15%;--awb-padding-left:15%;--awb-padding-right-medium:10%;--awb-padding-left-medium:10%;--awb-padding-right-small:5%;--awb-padding-left-small:5%;--awb-flex-wrap:wrap;\" ><div class=\"fusion-builder-row fusion-row fusion-flex-align-items-flex-start fusion-flex-content-wrap\" style=\"width:104% !important;max-width:104% !important;margin-left: calc(-4% \/ 2 );margin-right: calc(-4% \/ 2 );\"><div class=\"fusion-layout-column fusion_builder_column fusion-builder-column-1 fusion_builder_column_1_2 1_2 fusion-flex-column fusion-flex-align-self-flex-start fusion-column-no-min-height\" style=\"--awb-bg-size:cover;--awb-width-large:50%;--awb-margin-top-large:0px;--awb-spacing-right-large:3.84%;--awb-margin-bottom-large:0px;--awb-spacing-left-large:3.84%;--awb-width-medium:50%;--awb-spacing-right-medium:3.84%;--awb-spacing-left-medium:3.84%;--awb-width-small:100%;--awb-spacing-right-small:1.92%;--awb-spacing-left-small:1.92%;\"><div class=\"fusion-column-wrapper fusion-flex-justify-content-flex-start fusion-content-layout-column\"><div class=\"fusion-text fusion-text-2\"><p>Para obter uma solu\u00e7\u00e3o r\u00e1pida e totalmente m\u00f3vel de medi\u00e7\u00e3o de caminh\u00f5es e escaneamento de cargas, o Loadscan\u00ae mobile <a href=\"https:\/\/www.loadscan.com\/load-volume-scanner\/\">Load Volume Scanner<\/a> (LVS) \u00e9 a resposta. A unidade de medi\u00e7\u00e3o m\u00f3vel totalmente aut\u00f4noma pode ser levada a um local e estar totalmente configurada e operacional em apenas 45 minutos. H\u00e1 uma variedade de op\u00e7\u00f5es de alimenta\u00e7\u00e3o, al\u00e9m da capacidade de transmitir relat\u00f3rios de carga de medi\u00e7\u00e3o de caminh\u00f5es via Wi-Fi, modem celular ou cabo de rede. A Loadscan\u00ae \u00e9 a inventora e a primeira a lan\u00e7ar a unidade m\u00f3vel de medi\u00e7\u00e3o de caminh\u00f5es no mercado global, o que possibilitou a medi\u00e7\u00e3o e o monitoramento de cargas em locais tempor\u00e1rios que antes n\u00e3o eram medidos.<\/p>\n<\/div><ul style=\"--awb-size:15px;--awb-line-height:25.5px;--awb-icon-width:25.5px;--awb-icon-height:25.5px;--awb-icon-margin:10.5px;--awb-content-margin:36px;\" class=\"fusion-checklist fusion-checklist-1 fusion-checklist-default type-icons\"><li class=\"fusion-li-item\" style=\"\"><span class=\"icon-wrapper circle-no\"><i class=\"fusion-li-icon fa fa-check-circle\" aria-hidden=\"true\"><\/i><\/span><div class=\"fusion-li-item-content\">\n<p>Sistema aut\u00f4nomo completo e pronto para uso<\/p>\n<\/div><\/li><li class=\"fusion-li-item\" style=\"\"><span class=\"icon-wrapper circle-no\"><i class=\"fusion-li-icon fa fa-check-circle\" aria-hidden=\"true\"><\/i><\/span><div class=\"fusion-li-item-content\">\n<p>M\u00f3vel e reboc\u00e1vel por pick-up, SUV ou ve\u00edculos comerciais leves<\/p>\n<\/div><\/li><li class=\"fusion-li-item\" style=\"\"><span class=\"icon-wrapper circle-no\"><i class=\"fusion-li-icon fa fa-check-circle\" aria-hidden=\"true\"><\/i><\/span><div class=\"fusion-li-item-content\">\n<p>Robusto, est\u00e1vel e resistente<\/p>\n<\/div><\/li><li class=\"fusion-li-item\" style=\"\"><span class=\"icon-wrapper circle-no\"><i class=\"fusion-li-icon fa fa-check-circle\" aria-hidden=\"true\"><\/i><\/span><div class=\"fusion-li-item-content\">\n<p>Leitor de etiqueta RFID para identifica\u00e7\u00e3o autom\u00e1tica do ve\u00edculo e solicita\u00e7\u00e3o de resposta autom\u00e1tica<\/p>\n<\/div><\/li><li class=\"fusion-li-item\" style=\"\"><span class=\"icon-wrapper circle-no\"><i class=\"fusion-li-icon fa fa-check-circle\" aria-hidden=\"true\"><\/i><\/span><div class=\"fusion-li-item-content\">\n<p>Funciona com gerador*, energia el\u00e9trica (linha) ou fonte de alimenta\u00e7\u00e3o de 24 VCC <em>(*apenas geradores aprovados)<\/em><\/p>\n<\/div><\/li><\/ul><div class=\"fusion-separator fusion-full-width-sep\" style=\"align-self: center;margin-left: auto;margin-right: auto;margin-top:20px;margin-bottom:20px;width:100%;\"><\/div><div class=\"fusion-image-element \" style=\"text-align:center;--awb-caption-title-font-family:var(--h2_typography-font-family);--awb-caption-title-font-weight:var(--h2_typography-font-weight);--awb-caption-title-font-style:var(--h2_typography-font-style);--awb-caption-title-size:var(--h2_typography-font-size);--awb-caption-title-transform:var(--h2_typography-text-transform);--awb-caption-title-line-height:var(--h2_typography-line-height);--awb-caption-title-letter-spacing:var(--h2_typography-letter-spacing);\"><span class=\" fusion-imageframe imageframe-none imageframe-1 hover-type-none\"><a href=\"https:\/\/www.loadscan.com\/wp-content\/uploads\/2015\/11\/LoadScan-Oil-and-Gas-mobile-LVS-Trailer.jpg\" class=\"fusion-lightbox\" data-rel=\"iLightbox[9f2f0f58a23b308ca5e]\" data-title=\"LoadScan Oil &#038; Gas Mobile LVS Trailer\" title=\"LoadScan Oil &#038; Gas Mobile LVS Trailer\"><img decoding=\"async\" width=\"1600\" height=\"1202\" alt=\"Loadscan Mobile LVS-3TMM e reboque\" src=\"https:\/\/www.loadscan.com\/wp-content\/uploads\/2015\/11\/LoadScan-Oil-and-Gas-mobile-LVS-Trailer.jpg\" class=\"img-responsive wp-image-26276\" srcset=\"https:\/\/www.loadscan.com\/wp-content\/uploads\/2015\/11\/LoadScan-Oil-and-Gas-mobile-LVS-Trailer-200x150.jpg 200w, https:\/\/www.loadscan.com\/wp-content\/uploads\/2015\/11\/LoadScan-Oil-and-Gas-mobile-LVS-Trailer-400x301.jpg 400w, https:\/\/www.loadscan.com\/wp-content\/uploads\/2015\/11\/LoadScan-Oil-and-Gas-mobile-LVS-Trailer-600x451.jpg 600w, https:\/\/www.loadscan.com\/wp-content\/uploads\/2015\/11\/LoadScan-Oil-and-Gas-mobile-LVS-Trailer-800x601.jpg 800w, https:\/\/www.loadscan.com\/wp-content\/uploads\/2015\/11\/LoadScan-Oil-and-Gas-mobile-LVS-Trailer-1200x902.jpg 1200w, https:\/\/www.loadscan.com\/wp-content\/uploads\/2015\/11\/LoadScan-Oil-and-Gas-mobile-LVS-Trailer.jpg 1600w\" sizes=\"(max-width: 640px) 100vw, 600px\" \/><\/a><\/span><\/div><\/div><\/div><div class=\"fusion-layout-column fusion_builder_column fusion-builder-column-2 fusion_builder_column_1_2 1_2 fusion-flex-column fusion-flex-align-self-flex-start fusion-column-no-min-height\" style=\"--awb-bg-size:cover;--awb-width-large:50%;--awb-margin-top-large:0px;--awb-spacing-right-large:3.84%;--awb-margin-bottom-large:0px;--awb-spacing-left-large:3.84%;--awb-width-medium:50%;--awb-spacing-right-medium:3.84%;--awb-spacing-left-medium:3.84%;--awb-width-small:100%;--awb-spacing-right-small:1.92%;--awb-spacing-left-small:1.92%;\"><div class=\"fusion-column-wrapper fusion-flex-justify-content-flex-start fusion-content-layout-column\"><div class=\"fusion-image-element \" style=\"text-align:center;--awb-caption-title-font-family:var(--h2_typography-font-family);--awb-caption-title-font-weight:var(--h2_typography-font-weight);--awb-caption-title-font-style:var(--h2_typography-font-style);--awb-caption-title-size:var(--h2_typography-font-size);--awb-caption-title-transform:var(--h2_typography-text-transform);--awb-caption-title-line-height:var(--h2_typography-line-height);--awb-caption-title-letter-spacing:var(--h2_typography-letter-spacing);\"><span class=\" fusion-imageframe imageframe-none imageframe-2 hover-type-none\"><a href=\"https:\/\/www.loadscan.com\/wp-content\/uploads\/2015\/02\/LVS-mobile-Trailer-mounted.jpg\" class=\"fusion-lightbox\" data-rel=\"iLightbox[761f8d26f040788eeb4]\" data-title=\"LVS Mobile Trailer Mounted\" title=\"default\"><img decoding=\"async\" width=\"5280\" height=\"3956\" alt=\"Loadscan Mobile LVS-3TMM e reboque\" src=\"https:\/\/www.loadscan.com\/wp-content\/uploads\/2023\/05\/TMM-trailer.jpg\" class=\"img-responsive wp-image-30972\" srcset=\"https:\/\/www.loadscan.com\/wp-content\/uploads\/2023\/05\/TMM-trailer-200x150.jpg 200w, https:\/\/www.loadscan.com\/wp-content\/uploads\/2023\/05\/TMM-trailer-400x300.jpg 400w, https:\/\/www.loadscan.com\/wp-content\/uploads\/2023\/05\/TMM-trailer-600x450.jpg 600w, https:\/\/www.loadscan.com\/wp-content\/uploads\/2023\/05\/TMM-trailer-800x599.jpg 800w, https:\/\/www.loadscan.com\/wp-content\/uploads\/2023\/05\/TMM-trailer-1200x899.jpg 1200w, https:\/\/www.loadscan.com\/wp-content\/uploads\/2023\/05\/TMM-trailer.jpg 5280w\" sizes=\"(max-width: 640px) 100vw, 600px\" \/><\/a><\/span><\/div><div class=\"fusion-separator fusion-full-width-sep\" style=\"align-self: center;margin-left: auto;margin-right: auto;margin-top:20px;margin-bottom:20px;width:100%;\"><\/div><div class=\"fusion-text fusion-text-3\"><h4>Fornecemos cota\u00e7\u00f5es com base em uma solu\u00e7\u00e3o adaptada \u00e0s suas necessidades espec\u00edficas de local e opera\u00e7\u00e3o<\/h4>\n<\/div><div class=\"fusion-modal modal fade modal-1 lvs-contact has-light-close\" tabindex=\"-1\" role=\"dialog\" aria-labelledby=\"modal-heading-1\" aria-hidden=\"true\" style=\"--awb-border-color:#ffc500;--awb-background:#29292a;\"><div class=\"modal-dialog modal-lg\" role=\"document\"><div class=\"modal-content fusion-modal-content\"><div class=\"modal-header\"><button class=\"close\" type=\"button\" data-dismiss=\"modal\" aria-hidden=\"true\" aria-label=\"Close\">&times;<\/button><h3 class=\"modal-title\" id=\"modal-heading-1\" data-dismiss=\"modal\" aria-hidden=\"true\"><\/h3><\/div><div class=\"modal-body fusion-clearfix\">\n<p style=\"text-align: center;\"><iframe src=\"https:\/\/7680888.extforms.netsuite.com\/app\/site\/crm\/externalleadpage.nl?compid=7680888&amp;formid=7&amp;h=AAFdikaISEcmMlNKCc1PeyPwA-qzRObMnK4wd1_tcGzyYJqPQak&amp;redirect_count=1&amp;did_javascript_redirect=T\/viewform?embedded=true\" width=\"100%\" height=\"1260\" frameborder=\"0\" marginwidth=\"0\" marginheight=\"0\">Carregando&#8230;<\/iframe><\/p>\n<\/div><div class=\"modal-footer\"><button class=\"fusion-button button-default button-medium button default medium\" type=\"button\" data-dismiss=\"modal\">Close<\/button><\/div><\/div><\/div><\/div><div style=\"text-align:center;\"><a class=\"fusion-button button-flat fusion-button-default-size button-default fusion-button-default button-1 fusion-button-default-span fusion-button-default-type\" style=\"width:calc(100%);\" target=\"_self\" href=\"#\" data-toggle=\"modal\" data-target=\".fusion-modal.lvs-contact\"><span class=\"fusion-button-text awb-button__text awb-button__text--default\">PE\u00c7A A UM MEMBRO DA NOSSA EQUIPE PARA ENTRAR EM CONTATO PARA COME\u00c7AR<\/span><\/a><\/div><\/div><\/div><\/div><\/div><\/p>\n","protected":false},"excerpt":{"rendered":"","protected":false},"author":6,"featured_media":0,"parent":32198,"menu_order":0,"comment_status":"closed","ping_status":"closed","template":"100-width.php","meta":{"content-type":"","footnotes":""},"class_list":["post-32578","page","type-page","status-publish","hentry"],"yoast_head":"<!-- This site is optimized with the Yoast SEO plugin v27.2 - https:\/\/yoast.com\/product\/yoast-seo-wordpress\/ -->\n<title>Medi\u00e7\u00e3o m\u00f3vel de caminh\u00f5es | Balan\u00e7as de peso de caminh\u00f5es aut\u00f4nomas<\/title>\n<meta name=\"description\" content=\"O LoadScan Mobile (LVS-3TMM) \u00e9 a melhor solu\u00e7\u00e3o para uma medi\u00e7\u00e3o r\u00e1pida e totalmente m\u00f3vel de caminh\u00f5es com escaneamento de carga. Veja mais informa\u00e7\u00f5es on-line.\" \/>\n<meta name=\"robots\" content=\"index, follow, max-snippet:-1, max-image-preview:large, max-video-preview:-1\" \/>\n<link rel=\"canonical\" href=\"https:\/\/www.loadscan.com\/pt-br\/solucoes-de-tecnologia-de-digitalizacao\/loadscan-mobile-lvs-3tmm\/\" \/>\n<meta name=\"twitter:label1\" content=\"Est. tempo de leitura\" \/>\n\t<meta name=\"twitter:data1\" content=\"10 minutos\" \/>\n<script type=\"application\/ld+json\" class=\"yoast-schema-graph\">{\"@context\":\"https:\/\/schema.org\",\"@graph\":[{\"@type\":\"WebPage\",\"@id\":\"https:\/\/www.loadscan.com\/pt-br\/solucoes-de-tecnologia-de-digitalizacao\/loadscan-mobile-lvs-3tmm\/\",\"url\":\"https:\/\/www.loadscan.com\/pt-br\/solucoes-de-tecnologia-de-digitalizacao\/loadscan-mobile-lvs-3tmm\/\",\"name\":\"Medi\u00e7\u00e3o m\u00f3vel de caminh\u00f5es | Balan\u00e7as de peso de caminh\u00f5es aut\u00f4nomas\",\"isPartOf\":{\"@id\":\"https:\/\/www.loadscan.com\/pt-br\/#website\"},\"datePublished\":\"2015-02-17T08:19:06+00:00\",\"dateModified\":\"2024-08-13T22:58:07+00:00\",\"description\":\"O LoadScan Mobile (LVS-3TMM) \u00e9 a melhor solu\u00e7\u00e3o para uma medi\u00e7\u00e3o r\u00e1pida e totalmente m\u00f3vel de caminh\u00f5es com escaneamento de carga. Veja mais informa\u00e7\u00f5es on-line.\",\"breadcrumb\":{\"@id\":\"https:\/\/www.loadscan.com\/pt-br\/solucoes-de-tecnologia-de-digitalizacao\/loadscan-mobile-lvs-3tmm\/#breadcrumb\"},\"inLanguage\":\"pt-BR\",\"potentialAction\":[{\"@type\":\"ReadAction\",\"target\":[\"https:\/\/www.loadscan.com\/pt-br\/solucoes-de-tecnologia-de-digitalizacao\/loadscan-mobile-lvs-3tmm\/\"]}]},{\"@type\":\"BreadcrumbList\",\"@id\":\"https:\/\/www.loadscan.com\/pt-br\/solucoes-de-tecnologia-de-digitalizacao\/loadscan-mobile-lvs-3tmm\/#breadcrumb\",\"itemListElement\":[{\"@type\":\"ListItem\",\"position\":1,\"name\":\"Home\",\"item\":\"https:\/\/www.loadscan.com\/pt-br\/scanners-de-volume-de-carga-loadscan\/\"},{\"@type\":\"ListItem\",\"position\":2,\"name\":\"Solu\u00e7\u00f5es de tecnologia de digitaliza\u00e7\u00e3o\",\"item\":\"https:\/\/www.loadscan.com\/pt-br\/solucoes-de-tecnologia-de-digitalizacao\/\"},{\"@type\":\"ListItem\",\"position\":3,\"name\":\"Loadscan Mobile LVS-3TMM\"}]},{\"@type\":\"WebSite\",\"@id\":\"https:\/\/www.loadscan.com\/pt-br\/#website\",\"url\":\"https:\/\/www.loadscan.com\/pt-br\/\",\"name\":\"Loadscan\",\"description\":\"Certified accurate payload measurement\",\"publisher\":{\"@id\":\"https:\/\/www.loadscan.com\/pt-br\/#organization\"},\"potentialAction\":[{\"@type\":\"SearchAction\",\"target\":{\"@type\":\"EntryPoint\",\"urlTemplate\":\"https:\/\/www.loadscan.com\/pt-br\/?s={search_term_string}\"},\"query-input\":{\"@type\":\"PropertyValueSpecification\",\"valueRequired\":true,\"valueName\":\"search_term_string\"}}],\"inLanguage\":\"pt-BR\"},{\"@type\":\"Organization\",\"@id\":\"https:\/\/www.loadscan.com\/pt-br\/#organization\",\"name\":\"Loadscan\u00ae Ltd\",\"url\":\"https:\/\/www.loadscan.com\/pt-br\/\",\"logo\":{\"@type\":\"ImageObject\",\"inLanguage\":\"pt-BR\",\"@id\":\"https:\/\/www.loadscan.com\/pt-br\/#\/schema\/logo\/image\/\",\"url\":\"https:\/\/www.loadscan.com\/wp-content\/uploads\/2020\/10\/Loadscan-logo-245.png\",\"contentUrl\":\"https:\/\/www.loadscan.com\/wp-content\/uploads\/2020\/10\/Loadscan-logo-245.png\",\"width\":245,\"height\":66,\"caption\":\"Loadscan\u00ae Ltd\"},\"image\":{\"@id\":\"https:\/\/www.loadscan.com\/pt-br\/#\/schema\/logo\/image\/\"},\"sameAs\":[\"https:\/\/www.facebook.com\/loadscan\",\"https:\/\/x.com\/loadscan\",\"https:\/\/nz.linkedin.com\/company\/loadscan\"]}]}<\/script>\n<!-- \/ Yoast SEO plugin. -->","yoast_head_json":{"title":"Medi\u00e7\u00e3o m\u00f3vel de caminh\u00f5es | Balan\u00e7as de peso de caminh\u00f5es aut\u00f4nomas","description":"O LoadScan Mobile (LVS-3TMM) \u00e9 a melhor solu\u00e7\u00e3o para uma medi\u00e7\u00e3o r\u00e1pida e totalmente m\u00f3vel de caminh\u00f5es com escaneamento de carga. Veja mais informa\u00e7\u00f5es on-line.","robots":{"index":"index","follow":"follow","max-snippet":"max-snippet:-1","max-image-preview":"max-image-preview:large","max-video-preview":"max-video-preview:-1"},"canonical":"https:\/\/www.loadscan.com\/pt-br\/solucoes-de-tecnologia-de-digitalizacao\/loadscan-mobile-lvs-3tmm\/","twitter_misc":{"Est. tempo de leitura":"10 minutos"},"schema":{"@context":"https:\/\/schema.org","@graph":[{"@type":"WebPage","@id":"https:\/\/www.loadscan.com\/pt-br\/solucoes-de-tecnologia-de-digitalizacao\/loadscan-mobile-lvs-3tmm\/","url":"https:\/\/www.loadscan.com\/pt-br\/solucoes-de-tecnologia-de-digitalizacao\/loadscan-mobile-lvs-3tmm\/","name":"Medi\u00e7\u00e3o m\u00f3vel de caminh\u00f5es | Balan\u00e7as de peso de caminh\u00f5es aut\u00f4nomas","isPartOf":{"@id":"https:\/\/www.loadscan.com\/pt-br\/#website"},"datePublished":"2015-02-17T08:19:06+00:00","dateModified":"2024-08-13T22:58:07+00:00","description":"O LoadScan Mobile (LVS-3TMM) \u00e9 a melhor solu\u00e7\u00e3o para uma medi\u00e7\u00e3o r\u00e1pida e totalmente m\u00f3vel de caminh\u00f5es com escaneamento de carga. Veja mais informa\u00e7\u00f5es on-line.","breadcrumb":{"@id":"https:\/\/www.loadscan.com\/pt-br\/solucoes-de-tecnologia-de-digitalizacao\/loadscan-mobile-lvs-3tmm\/#breadcrumb"},"inLanguage":"pt-BR","potentialAction":[{"@type":"ReadAction","target":["https:\/\/www.loadscan.com\/pt-br\/solucoes-de-tecnologia-de-digitalizacao\/loadscan-mobile-lvs-3tmm\/"]}]},{"@type":"BreadcrumbList","@id":"https:\/\/www.loadscan.com\/pt-br\/solucoes-de-tecnologia-de-digitalizacao\/loadscan-mobile-lvs-3tmm\/#breadcrumb","itemListElement":[{"@type":"ListItem","position":1,"name":"Home","item":"https:\/\/www.loadscan.com\/pt-br\/scanners-de-volume-de-carga-loadscan\/"},{"@type":"ListItem","position":2,"name":"Solu\u00e7\u00f5es de tecnologia de digitaliza\u00e7\u00e3o","item":"https:\/\/www.loadscan.com\/pt-br\/solucoes-de-tecnologia-de-digitalizacao\/"},{"@type":"ListItem","position":3,"name":"Loadscan Mobile LVS-3TMM"}]},{"@type":"WebSite","@id":"https:\/\/www.loadscan.com\/pt-br\/#website","url":"https:\/\/www.loadscan.com\/pt-br\/","name":"Loadscan","description":"Certified accurate payload measurement","publisher":{"@id":"https:\/\/www.loadscan.com\/pt-br\/#organization"},"potentialAction":[{"@type":"SearchAction","target":{"@type":"EntryPoint","urlTemplate":"https:\/\/www.loadscan.com\/pt-br\/?s={search_term_string}"},"query-input":{"@type":"PropertyValueSpecification","valueRequired":true,"valueName":"search_term_string"}}],"inLanguage":"pt-BR"},{"@type":"Organization","@id":"https:\/\/www.loadscan.com\/pt-br\/#organization","name":"Loadscan\u00ae Ltd","url":"https:\/\/www.loadscan.com\/pt-br\/","logo":{"@type":"ImageObject","inLanguage":"pt-BR","@id":"https:\/\/www.loadscan.com\/pt-br\/#\/schema\/logo\/image\/","url":"https:\/\/www.loadscan.com\/wp-content\/uploads\/2020\/10\/Loadscan-logo-245.png","contentUrl":"https:\/\/www.loadscan.com\/wp-content\/uploads\/2020\/10\/Loadscan-logo-245.png","width":245,"height":66,"caption":"Loadscan\u00ae Ltd"},"image":{"@id":"https:\/\/www.loadscan.com\/pt-br\/#\/schema\/logo\/image\/"},"sameAs":["https:\/\/www.facebook.com\/loadscan","https:\/\/x.com\/loadscan","https:\/\/nz.linkedin.com\/company\/loadscan"]}]}},"_links":{"self":[{"href":"https:\/\/www.loadscan.com\/pt-br\/wp-json\/wp\/v2\/pages\/32578","targetHints":{"allow":["GET"]}}],"collection":[{"href":"https:\/\/www.loadscan.com\/pt-br\/wp-json\/wp\/v2\/pages"}],"about":[{"href":"https:\/\/www.loadscan.com\/pt-br\/wp-json\/wp\/v2\/types\/page"}],"author":[{"embeddable":true,"href":"https:\/\/www.loadscan.com\/pt-br\/wp-json\/wp\/v2\/users\/6"}],"replies":[{"embeddable":true,"href":"https:\/\/www.loadscan.com\/pt-br\/wp-json\/wp\/v2\/comments?post=32578"}],"version-history":[{"count":3,"href":"https:\/\/www.loadscan.com\/pt-br\/wp-json\/wp\/v2\/pages\/32578\/revisions"}],"predecessor-version":[{"id":32649,"href":"https:\/\/www.loadscan.com\/pt-br\/wp-json\/wp\/v2\/pages\/32578\/revisions\/32649"}],"up":[{"embeddable":true,"href":"https:\/\/www.loadscan.com\/pt-br\/wp-json\/wp\/v2\/pages\/32198"}],"wp:attachment":[{"href":"https:\/\/www.loadscan.com\/pt-br\/wp-json\/wp\/v2\/media?parent=32578"}],"curies":[{"name":"wp","href":"https:\/\/api.w.org\/{rel}","templated":true}]}}