{"id":34084,"date":"2024-05-07T13:15:42","date_gmt":"2024-05-07T01:15:42","guid":{"rendered":"https:\/\/www.loadscan.com\/api-de-integracao-do-loadscan\/"},"modified":"2024-08-14T12:28:50","modified_gmt":"2024-08-14T00:28:50","slug":"api-de-integracao-do-loadscan","status":"publish","type":"page","link":"https:\/\/www.loadscan.com\/pt-br\/api-de-integracao-do-loadscan\/","title":{"rendered":"API de integra\u00e7\u00e3o do Loadscan"},"content":{"rendered":"<p><div class=\"fusion-fullwidth fullwidth-box fusion-builder-row-1 fusion-flex-container has-pattern-background has-mask-background hundred-percent-fullwidth non-hundred-percent-height-scrolling\" style=\"--awb-border-radius-top-left:0px;--awb-border-radius-top-right:0px;--awb-border-radius-bottom-right:0px;--awb-border-radius-bottom-left:0px;--awb-padding-right:15%;--awb-padding-left:15%;--awb-flex-wrap:wrap;\" ><div class=\"fusion-builder-row fusion-row fusion-flex-align-items-flex-start fusion-flex-content-wrap\" style=\"width:104% !important;max-width:104% !important;margin-left: calc(-4% \/ 2 );margin-right: calc(-4% \/ 2 );\"><div class=\"fusion-layout-column fusion_builder_column fusion-builder-column-0 fusion_builder_column_1_1 1_1 fusion-flex-column\" style=\"--awb-bg-size:cover;--awb-width-large:100%;--awb-margin-top-large:0px;--awb-spacing-right-large:1.92%;--awb-margin-bottom-large:20px;--awb-spacing-left-large:1.92%;--awb-width-medium:100%;--awb-order-medium:0;--awb-spacing-right-medium:1.92%;--awb-spacing-left-medium:1.92%;--awb-width-small:100%;--awb-order-small:0;--awb-spacing-right-small:1.92%;--awb-spacing-left-small:1.92%;\"><div class=\"fusion-column-wrapper fusion-column-has-shadow fusion-flex-justify-content-flex-start fusion-content-layout-column\"><div class=\"fusion-title title fusion-title-1 sep-underline sep-solid fusion-title-text fusion-title-size-one\" style=\"--awb-margin-top-small:0px;--awb-margin-right-small:0px;--awb-margin-bottom-small:20px;--awb-margin-left-small:0px;\"><h1 class=\"fusion-title-heading title-heading-left fusion-responsive-typography-calculated\" style=\"margin:0;--fontSize:60;line-height:1.0;\">Integra\u00e7\u00e3o do Loadscan<\/h1><\/div><\/div><\/div><\/div><\/div><div class=\"fusion-fullwidth fullwidth-box fusion-builder-row-2 fusion-flex-container has-pattern-background has-mask-background hundred-percent-fullwidth non-hundred-percent-height-scrolling\" style=\"--awb-border-radius-top-left:0px;--awb-border-radius-top-right:0px;--awb-border-radius-bottom-right:0px;--awb-border-radius-bottom-left:0px;--awb-padding-right:15%;--awb-padding-left:15%;--awb-flex-wrap:wrap;\" ><div class=\"fusion-builder-row fusion-row fusion-flex-align-items-flex-start fusion-flex-content-wrap\" style=\"width:104% !important;max-width:104% !important;margin-left: calc(-4% \/ 2 );margin-right: calc(-4% \/ 2 );\"><div class=\"fusion-layout-column fusion_builder_column fusion-builder-column-1 fusion_builder_column_1_1 1_1 fusion-flex-column\" style=\"--awb-bg-size:cover;--awb-width-large:100%;--awb-margin-top-large:0px;--awb-spacing-right-large:1.92%;--awb-margin-bottom-large:20px;--awb-spacing-left-large:1.92%;--awb-width-medium:100%;--awb-order-medium:0;--awb-spacing-right-medium:1.92%;--awb-spacing-left-medium:1.92%;--awb-width-small:100%;--awb-order-small:0;--awb-spacing-right-small:1.92%;--awb-spacing-left-small:1.92%;\"><div class=\"fusion-column-wrapper fusion-column-has-shadow fusion-flex-justify-content-flex-start fusion-content-layout-column\"><div class=\"fusion-tabs fusion-tabs-1 clean nav-is-justified horizontal-tabs icon-position-left mobile-mode-accordion\" style=\"--awb-title-border-radius-top-left:0px;--awb-title-border-radius-top-right:0px;--awb-title-border-radius-bottom-right:0px;--awb-title-border-radius-bottom-left:0px;--awb-alignment:start;--awb-inactive-color:var(--awb-custom13);--awb-title-active-text-color:var(--awb-custom10);--awb-background-color:var(--awb-color2);--awb-border-color:#25292b;--awb-active-border-color:#fcc500;--awb-title-font-family:&quot;Raleway&quot;;--awb-title-font-style:normal;--awb-title-font-weight:600;\"><div class=\"nav\"><ul class=\"nav-tabs nav-justified\" role=\"tablist\"><li class=\"active\" role=\"presentation\"><a class=\"tab-link\" data-toggle=\"tab\" role=\"tab\" aria-controls=\"tab-b859819e255e78bc708\" aria-selected=\"true\" id=\"fusion-tab-lvs\" href=\"#tab-b859819e255e78bc708\"><h4 class=\"fusion-tab-heading\">LVS<\/h4><\/a><\/li><li role=\"presentation\"><a class=\"tab-link\" data-toggle=\"tab\" role=\"tab\" aria-controls=\"tab-2c0e6dde943e728e8af\" aria-selected=\"false\" tabindex=\"-1\" id=\"fusion-tab-mps\" href=\"#tab-2c0e6dde943e728e8af\"><h4 class=\"fusion-tab-heading\">MPS<\/h4><\/a><\/li><li role=\"presentation\"><a class=\"tab-link\" data-toggle=\"tab\" role=\"tab\" aria-controls=\"tab-c06691c55715514b66c\" aria-selected=\"false\" tabindex=\"-1\" id=\"fusion-tab-cvs\" href=\"#tab-c06691c55715514b66c\"><h4 class=\"fusion-tab-heading\">CVS<\/h4><\/a><\/li><\/ul><\/div><div class=\"tab-content\"><div class=\"nav fusion-mobile-tab-nav\"><ul class=\"nav-tabs nav-justified\" role=\"tablist\"><li class=\"active\" role=\"presentation\"><a class=\"tab-link\" data-toggle=\"tab\" role=\"tab\" aria-controls=\"tab-b859819e255e78bc708\" aria-selected=\"true\" id=\"mobile-fusion-tab-lvs\" href=\"#tab-b859819e255e78bc708\"><h4 class=\"fusion-tab-heading\">LVS<\/h4><\/a><\/li><\/ul><\/div><div class=\"tab-pane fade fusion-clearfix in active\" role=\"tabpanel\" tabindex=\"0\" aria-labelledby=\"fusion-tab-lvs\" id=\"tab-b859819e255e78bc708\">\n<p><b><span data-contrast=\"auto\">Integra\u00e7\u00e3o da API (Interface Program\u00e1vel de Aplicativo) da nuvem<\/span><\/b><span data-ccp-props=\"{\"> <\/span><\/p>\n<div class=\"fusion-image-element fusion-image-align-center in-legacy-container\" style=\"text-align:center;--awb-caption-title-font-family:var(--h2_typography-font-family);--awb-caption-title-font-weight:var(--h2_typography-font-weight);--awb-caption-title-font-style:var(--h2_typography-font-style);--awb-caption-title-size:var(--h2_typography-font-size);--awb-caption-title-transform:var(--h2_typography-text-transform);--awb-caption-title-line-height:var(--h2_typography-line-height);--awb-caption-title-letter-spacing:var(--h2_typography-letter-spacing);\"><div class=\"imageframe-align-center\"><span class=\" fusion-imageframe imageframe-none imageframe-1 hover-type-none\"><a href=\"https:\/\/www.loadscan.com\/wp-content\/uploads\/2024\/05\/LS_LVS-API-Light.png\" class=\"fusion-lightbox\" data-rel=\"iLightbox[ab494b9fc25823a757d]\" data-title=\"LS_LVS-API-Light\" title=\"LS_LVS-API-Light\"><img decoding=\"async\" width=\"1400\" height=\"450\" src=\"https:\/\/www.loadscan.com\/wp-content\/uploads\/2024\/05\/LS_LVS-API-Light.png\" alt class=\"img-responsive wp-image-31816\" srcset=\"https:\/\/www.loadscan.com\/wp-content\/uploads\/2024\/05\/LS_LVS-API-Light-200x64.png 200w, https:\/\/www.loadscan.com\/wp-content\/uploads\/2024\/05\/LS_LVS-API-Light-400x129.png 400w, https:\/\/www.loadscan.com\/wp-content\/uploads\/2024\/05\/LS_LVS-API-Light-600x193.png 600w, https:\/\/www.loadscan.com\/wp-content\/uploads\/2024\/05\/LS_LVS-API-Light-800x257.png 800w, https:\/\/www.loadscan.com\/wp-content\/uploads\/2024\/05\/LS_LVS-API-Light-1200x386.png 1200w, https:\/\/www.loadscan.com\/wp-content\/uploads\/2024\/05\/LS_LVS-API-Light.png 1400w\" sizes=\"(max-width: 640px) 100vw, 1200px\" \/><\/a><\/span><\/div><\/div>\n<p><span data-contrast=\"none\">O MyScanner \u00e9 um aplicativo baseado na nuvem que permite que os clientes acessem seus dados de digitaliza\u00e7\u00e3o e scanners com seguran\u00e7a e em tempo real de qualquer lugar, a qualquer momento.<\/span><span data-ccp-props=\"{\"> <\/span><\/p>\n<p><span data-contrast=\"none\">A API <\/span><b><span data-contrast=\"none\">API do MyScanner<\/span><\/b><span data-contrast=\"none\"> oferece uma API para integra\u00e7\u00e3o com outros aplicativos, como software de ERP, emiss\u00e3o de bilhetes, contabilidade e faturamento. <\/span> <span data-ccp-props=\"{\"> <\/span><\/p>\n<p><span data-contrast=\"none\">A API pertence \u00e0 categoria REST (Representational State Transfer).<br \/>\nEla permite opera\u00e7\u00f5es &#8220;RESTful&#8221; para que os usu\u00e1rios obtenham seus dados de digitaliza\u00e7\u00e3o de forma program\u00e1tica e segura.<br \/>\nA API do MyScanner retorna solicita\u00e7\u00f5es em JSON (JavaScript Object Notation) simples.  <\/span><span data-ccp-props=\"{\"> <\/span><\/p>\n<p><span data-contrast=\"none\">Para obter mais informa\u00e7\u00f5es sobre a API do MyScanner, clique <\/span><a href=\"https:\/\/www.loadscan.com\/pt-br\/suporte\/\"><span data-contrast=\"none\">aqui<\/span><\/a><span data-contrast=\"none\"> para inserir seus dados, um membro da equipe t\u00e9cnica entrar\u00e1 em contato com voc\u00ea.<\/span><span data-ccp-props=\"{\"> <\/span><\/p>\n<\/div><div class=\"nav fusion-mobile-tab-nav\"><ul class=\"nav-tabs nav-justified\" role=\"tablist\"><li role=\"presentation\"><a class=\"tab-link\" data-toggle=\"tab\" role=\"tab\" aria-controls=\"tab-2c0e6dde943e728e8af\" aria-selected=\"false\" tabindex=\"-1\" id=\"mobile-fusion-tab-mps\" href=\"#tab-2c0e6dde943e728e8af\"><h4 class=\"fusion-tab-heading\">MPS<\/h4><\/a><\/li><\/ul><\/div><div class=\"tab-pane fade fusion-clearfix\" role=\"tabpanel\" tabindex=\"0\" aria-labelledby=\"fusion-tab-mps\" id=\"tab-2c0e6dde943e728e8af\">\n<p><b><span data-contrast=\"auto\">LAN (rede de \u00e1rea local) Integra\u00e7\u00e3o de SQL<\/span><\/b><span data-ccp-props=\"{\"> <\/span><\/p>\n<div class=\"fusion-image-element fusion-image-align-center in-legacy-container\" style=\"text-align:center;--awb-caption-title-font-family:var(--h2_typography-font-family);--awb-caption-title-font-weight:var(--h2_typography-font-weight);--awb-caption-title-font-style:var(--h2_typography-font-style);--awb-caption-title-size:var(--h2_typography-font-size);--awb-caption-title-transform:var(--h2_typography-text-transform);--awb-caption-title-line-height:var(--h2_typography-line-height);--awb-caption-title-letter-spacing:var(--h2_typography-letter-spacing);\"><div class=\"imageframe-align-center\"><span class=\" fusion-imageframe imageframe-none imageframe-2 hover-type-none\"><a href=\"https:\/\/www.loadscan.com\/wp-content\/uploads\/2024\/06\/MPT_Mining-API-Lght.png\" class=\"fusion-lightbox\" data-rel=\"iLightbox[6a4e0941fa8285224fe]\" data-title=\"MPT_Mining-API-Lght\" title=\"MPT_Mining-API-Lght\"><img decoding=\"async\" width=\"1400\" height=\"450\" src=\"https:\/\/www.loadscan.com\/wp-content\/uploads\/2024\/06\/MPT_Mining-API-Lght.png\" alt class=\"img-responsive wp-image-31832\" srcset=\"https:\/\/www.loadscan.com\/wp-content\/uploads\/2024\/06\/MPT_Mining-API-Lght-200x64.png 200w, https:\/\/www.loadscan.com\/wp-content\/uploads\/2024\/06\/MPT_Mining-API-Lght-400x129.png 400w, https:\/\/www.loadscan.com\/wp-content\/uploads\/2024\/06\/MPT_Mining-API-Lght-600x193.png 600w, https:\/\/www.loadscan.com\/wp-content\/uploads\/2024\/06\/MPT_Mining-API-Lght-800x257.png 800w, https:\/\/www.loadscan.com\/wp-content\/uploads\/2024\/06\/MPT_Mining-API-Lght-1200x386.png 1200w, https:\/\/www.loadscan.com\/wp-content\/uploads\/2024\/06\/MPT_Mining-API-Lght.png 1400w\" sizes=\"(max-width: 640px) 100vw, 1200px\" \/><\/a><\/span><\/div><\/div>\n<p><b><span data-contrast=\"none\">LoadSync SQL<\/span><\/b><span data-contrast=\"none\">  \u00e9 um complemento de conectividade de banco de dados SQL para o Loadscan Mine Payload Scanner (LVS).<br \/>\nO m\u00f3dulo de software LoadSync \u00e9 executado no computador do console do operador do MPS e empurra novos registros de medi\u00e7\u00e3o de carga para um banco de dados remoto na rede local da empresa.   <\/span><span data-ccp-props=\"{\"> <\/span><\/p>\n<p><span data-contrast=\"none\">Os aplicativos corporativos locais podem, ent\u00e3o, recuperar os dados de medi\u00e7\u00e3o registrados e os detalhes de carga associados diretamente do banco de dados, sem a necessidade de desenvolver um software de interface personalizado entre o MPS e os sistemas de relat\u00f3rios corporativos.<br \/>\nO LoadSync \u00e9 compat\u00edvel com uma ampla gama de bancos de dados de n\u00edvel empresarial, incluindo Oracle, Microsoft SQL Server, PostgreSQL e MySQL. <\/span><\/p>\n<p><span data-contrast=\"none\">Para obter mais informa\u00e7\u00f5es sobre o LoadSync SQL, clique <\/span><a href=\"https:\/\/www.loadscan.com\/pt-br\/suporte\/\"><span data-contrast=\"none\">aqui<\/span><\/a><span data-contrast=\"none\"> para inserir seus dados e um membro da equipe t\u00e9cnica entrar\u00e1 em contato com voc\u00ea.<\/span><span data-ccp-props=\"{\"> <\/span><\/p>\n<\/div><div class=\"nav fusion-mobile-tab-nav\"><ul class=\"nav-tabs nav-justified\" role=\"tablist\"><li role=\"presentation\"><a class=\"tab-link\" data-toggle=\"tab\" role=\"tab\" aria-controls=\"tab-c06691c55715514b66c\" aria-selected=\"false\" tabindex=\"-1\" id=\"mobile-fusion-tab-cvs\" href=\"#tab-c06691c55715514b66c\"><h4 class=\"fusion-tab-heading\">CVS<\/h4><\/a><\/li><\/ul><\/div><div class=\"tab-pane fade fusion-clearfix\" role=\"tabpanel\" tabindex=\"0\" aria-labelledby=\"fusion-tab-cvs\" id=\"tab-c06691c55715514b66c\">\n<p><b><span data-contrast=\"auto\">Integra\u00e7\u00e3o do software CVS (inclu\u00eddo no CVS padr\u00e3o)<\/span><\/b><span data-ccp-props=\"{\"> <\/span><\/p>\n<p><span data-contrast=\"none\">O CVS tem uma API HTTP RESTful integrada que exp\u00f5e a funcionalidade completa do CVS para recupera\u00e7\u00e3o e controle de dados por aplicativos de software externos conectados \u00e0 rede.<br \/>\nA API pode ser usada para tarefas como:   <\/span><br \/>\n<span data-ccp-props=\"{\"> <\/span><\/p>\n<ul>\n<li data-leveltext=\"\u2022\" data-font=\"Aptos\" data-listid=\"1\" data-list-defn-props=\"{\" aria-setsize=\"-1\" data-aria-posinset=\"1\" data-aria-level=\"1\"><span data-contrast=\"none\">  Pr\u00e9-carregamento autom\u00e1tico de trabalhos  <\/span><span data-ccp-props=\"{\"> <\/span><\/li>\n<li data-leveltext=\"\u2022\" data-font=\"Aptos\" data-listid=\"1\" data-list-defn-props=\"{\" aria-setsize=\"-1\" data-aria-posinset=\"2\" data-aria-level=\"1\"><span data-contrast=\"none\">  Atualizar automaticamente a lista de clientes  <\/span><span data-ccp-props=\"{\"> <\/span><\/li>\n<\/ul>\n<ul>\n<li data-leveltext=\"\u2022\" data-font=\"Aptos\" data-listid=\"1\" data-list-defn-props=\"{\" aria-setsize=\"-1\" data-aria-posinset=\"1\" data-aria-level=\"1\"><span data-contrast=\"none\">  Recupera\u00e7\u00e3o de dados hist\u00f3ricos para processamento em sistemas de relat\u00f3rios  <\/span><span data-ccp-props=\"{\"> <\/span><\/li>\n<li data-leveltext=\"\u2022\" data-font=\"Aptos\" data-listid=\"1\" data-list-defn-props=\"{\" aria-setsize=\"-1\" data-aria-posinset=\"2\" data-aria-level=\"1\"><span data-contrast=\"none\">  Recupera\u00e7\u00e3o de medi\u00e7\u00f5es de corrente para integra\u00e7\u00e3o em sistemas de controle  <\/span><span data-ccp-props=\"{\"> <\/span><\/li>\n<li data-leveltext=\"\u2022\" data-font=\"Aptos\" data-listid=\"1\" data-list-defn-props=\"{\" aria-setsize=\"-1\" data-aria-posinset=\"3\" data-aria-level=\"1\"><span data-contrast=\"none\">Criar interfaces de usu\u00e1rio\/aplicativos personalizados para tarefas espec\u00edficas  <\/span><span data-ccp-props=\"{\"> <\/span><\/li>\n<\/ul>\n<p><span data-contrast=\"none\">Para obter mais informa\u00e7\u00f5es sobre a API RESTful HTTP do CVS, clique <\/span><a href=\"https:\/\/www.loadscan.com\/pt-br\/suporte\/\"><span data-contrast=\"none\">aqui<\/span><\/a><span data-contrast=\"none\"> para inserir seus dados e um membro da equipe t\u00e9cnica entrar\u00e1 em contato com voc\u00ea.<\/span><br \/>\n<span data-ccp-props=\"{\"> <\/span><\/p>\n<p><b><span data-contrast=\"auto\">Integra\u00e7\u00e3o de hardware CVS (complemento opcional) para PLC e outros sistemas de controle e monitoramento  <\/span><\/b><span data-ccp-props=\"{\"> <\/span><\/p>\n<p><span data-contrast=\"none\">O CVS fornece entradas e sa\u00eddas para monitoramento e controle externos por meio de um servidor Modbus TCP integrado ou de um complemento opcional <\/span><b><span data-contrast=\"none\">CVS-I\/O<\/span><\/b><span data-contrast=\"none\"> com entradas e sa\u00eddas anal\u00f3gicas de loop de corrente de 4-20 mA e entradas e sa\u00eddas de comuta\u00e7\u00e3o digital. <\/span><span data-contrast=\"none\">Valores de medi\u00e7\u00e3o em tempo real, sinais de status, valores de controle e sinais de controle podem ser mapeados para registros Modbus ou canais de E\/S.<\/span><span data-ccp-props=\"{\"> <\/span><\/p>\n<p><span data-contrast=\"none\">Para obter mais informa\u00e7\u00f5es sobre a integra\u00e7\u00e3o de hardware da CVS, clique <\/span><a href=\"https:\/\/www.loadscan.com\/pt-br\/suporte\/\"><span data-contrast=\"none\">aqui<\/span><\/a><span data-contrast=\"none\"> para inserir seus dados e um membro da equipe t\u00e9cnica entrar\u00e1 em contato com voc\u00ea.<\/span><span data-ccp-props=\"{\"> <\/span><\/p>\n<\/div><\/div><\/div><\/div><\/div><\/div><\/div><\/p>\n","protected":false},"excerpt":{"rendered":"","protected":false},"author":50,"featured_media":0,"parent":0,"menu_order":0,"comment_status":"closed","ping_status":"closed","template":"100-width.php","meta":{"content-type":"","footnotes":""},"class_list":["post-34084","page","type-page","status-publish","hentry"],"yoast_head":"<!-- This site is optimized with the Yoast SEO plugin v27.2 - https:\/\/yoast.com\/product\/yoast-seo-wordpress\/ -->\n<title>API de integra\u00e7\u00e3o do Loadscan - Loadscan<\/title>\n<meta name=\"robots\" content=\"index, follow, max-snippet:-1, max-image-preview:large, max-video-preview:-1\" \/>\n<link rel=\"canonical\" href=\"https:\/\/www.loadscan.com\/pt-br\/api-de-integracao-do-loadscan\/\" \/>\n<meta name=\"twitter:label1\" content=\"Est. tempo de leitura\" \/>\n\t<meta name=\"twitter:data1\" content=\"16 minutos\" \/>\n<script type=\"application\/ld+json\" class=\"yoast-schema-graph\">{\"@context\":\"https:\/\/schema.org\",\"@graph\":[{\"@type\":\"WebPage\",\"@id\":\"https:\/\/www.loadscan.com\/pt-br\/api-de-integracao-do-loadscan\/\",\"url\":\"https:\/\/www.loadscan.com\/pt-br\/api-de-integracao-do-loadscan\/\",\"name\":\"API de integra\u00e7\u00e3o do Loadscan - Loadscan\",\"isPartOf\":{\"@id\":\"https:\/\/www.loadscan.com\/pt-br\/#website\"},\"datePublished\":\"2024-05-07T01:15:42+00:00\",\"dateModified\":\"2024-08-14T00:28:50+00:00\",\"breadcrumb\":{\"@id\":\"https:\/\/www.loadscan.com\/pt-br\/api-de-integracao-do-loadscan\/#breadcrumb\"},\"inLanguage\":\"pt-BR\",\"potentialAction\":[{\"@type\":\"ReadAction\",\"target\":[\"https:\/\/www.loadscan.com\/pt-br\/api-de-integracao-do-loadscan\/\"]}]},{\"@type\":\"BreadcrumbList\",\"@id\":\"https:\/\/www.loadscan.com\/pt-br\/api-de-integracao-do-loadscan\/#breadcrumb\",\"itemListElement\":[{\"@type\":\"ListItem\",\"position\":1,\"name\":\"Home\",\"item\":\"https:\/\/www.loadscan.com\/pt-br\/scanners-de-volume-de-carga-loadscan\/\"},{\"@type\":\"ListItem\",\"position\":2,\"name\":\"API de integra\u00e7\u00e3o do Loadscan\"}]},{\"@type\":\"WebSite\",\"@id\":\"https:\/\/www.loadscan.com\/pt-br\/#website\",\"url\":\"https:\/\/www.loadscan.com\/pt-br\/\",\"name\":\"Loadscan\",\"description\":\"Certified accurate payload measurement\",\"publisher\":{\"@id\":\"https:\/\/www.loadscan.com\/pt-br\/#organization\"},\"potentialAction\":[{\"@type\":\"SearchAction\",\"target\":{\"@type\":\"EntryPoint\",\"urlTemplate\":\"https:\/\/www.loadscan.com\/pt-br\/?s={search_term_string}\"},\"query-input\":{\"@type\":\"PropertyValueSpecification\",\"valueRequired\":true,\"valueName\":\"search_term_string\"}}],\"inLanguage\":\"pt-BR\"},{\"@type\":\"Organization\",\"@id\":\"https:\/\/www.loadscan.com\/pt-br\/#organization\",\"name\":\"Loadscan\u00ae Ltd\",\"url\":\"https:\/\/www.loadscan.com\/pt-br\/\",\"logo\":{\"@type\":\"ImageObject\",\"inLanguage\":\"pt-BR\",\"@id\":\"https:\/\/www.loadscan.com\/pt-br\/#\/schema\/logo\/image\/\",\"url\":\"https:\/\/www.loadscan.com\/wp-content\/uploads\/2020\/10\/Loadscan-logo-245.png\",\"contentUrl\":\"https:\/\/www.loadscan.com\/wp-content\/uploads\/2020\/10\/Loadscan-logo-245.png\",\"width\":245,\"height\":66,\"caption\":\"Loadscan\u00ae Ltd\"},\"image\":{\"@id\":\"https:\/\/www.loadscan.com\/pt-br\/#\/schema\/logo\/image\/\"},\"sameAs\":[\"https:\/\/www.facebook.com\/loadscan\",\"https:\/\/x.com\/loadscan\",\"https:\/\/nz.linkedin.com\/company\/loadscan\"]}]}<\/script>\n<!-- \/ Yoast SEO plugin. -->","yoast_head_json":{"title":"API de integra\u00e7\u00e3o do Loadscan - Loadscan","robots":{"index":"index","follow":"follow","max-snippet":"max-snippet:-1","max-image-preview":"max-image-preview:large","max-video-preview":"max-video-preview:-1"},"canonical":"https:\/\/www.loadscan.com\/pt-br\/api-de-integracao-do-loadscan\/","twitter_misc":{"Est. tempo de leitura":"16 minutos"},"schema":{"@context":"https:\/\/schema.org","@graph":[{"@type":"WebPage","@id":"https:\/\/www.loadscan.com\/pt-br\/api-de-integracao-do-loadscan\/","url":"https:\/\/www.loadscan.com\/pt-br\/api-de-integracao-do-loadscan\/","name":"API de integra\u00e7\u00e3o do Loadscan - Loadscan","isPartOf":{"@id":"https:\/\/www.loadscan.com\/pt-br\/#website"},"datePublished":"2024-05-07T01:15:42+00:00","dateModified":"2024-08-14T00:28:50+00:00","breadcrumb":{"@id":"https:\/\/www.loadscan.com\/pt-br\/api-de-integracao-do-loadscan\/#breadcrumb"},"inLanguage":"pt-BR","potentialAction":[{"@type":"ReadAction","target":["https:\/\/www.loadscan.com\/pt-br\/api-de-integracao-do-loadscan\/"]}]},{"@type":"BreadcrumbList","@id":"https:\/\/www.loadscan.com\/pt-br\/api-de-integracao-do-loadscan\/#breadcrumb","itemListElement":[{"@type":"ListItem","position":1,"name":"Home","item":"https:\/\/www.loadscan.com\/pt-br\/scanners-de-volume-de-carga-loadscan\/"},{"@type":"ListItem","position":2,"name":"API de integra\u00e7\u00e3o do Loadscan"}]},{"@type":"WebSite","@id":"https:\/\/www.loadscan.com\/pt-br\/#website","url":"https:\/\/www.loadscan.com\/pt-br\/","name":"Loadscan","description":"Certified accurate payload measurement","publisher":{"@id":"https:\/\/www.loadscan.com\/pt-br\/#organization"},"potentialAction":[{"@type":"SearchAction","target":{"@type":"EntryPoint","urlTemplate":"https:\/\/www.loadscan.com\/pt-br\/?s={search_term_string}"},"query-input":{"@type":"PropertyValueSpecification","valueRequired":true,"valueName":"search_term_string"}}],"inLanguage":"pt-BR"},{"@type":"Organization","@id":"https:\/\/www.loadscan.com\/pt-br\/#organization","name":"Loadscan\u00ae Ltd","url":"https:\/\/www.loadscan.com\/pt-br\/","logo":{"@type":"ImageObject","inLanguage":"pt-BR","@id":"https:\/\/www.loadscan.com\/pt-br\/#\/schema\/logo\/image\/","url":"https:\/\/www.loadscan.com\/wp-content\/uploads\/2020\/10\/Loadscan-logo-245.png","contentUrl":"https:\/\/www.loadscan.com\/wp-content\/uploads\/2020\/10\/Loadscan-logo-245.png","width":245,"height":66,"caption":"Loadscan\u00ae Ltd"},"image":{"@id":"https:\/\/www.loadscan.com\/pt-br\/#\/schema\/logo\/image\/"},"sameAs":["https:\/\/www.facebook.com\/loadscan","https:\/\/x.com\/loadscan","https:\/\/nz.linkedin.com\/company\/loadscan"]}]}},"_links":{"self":[{"href":"https:\/\/www.loadscan.com\/pt-br\/wp-json\/wp\/v2\/pages\/34084","targetHints":{"allow":["GET"]}}],"collection":[{"href":"https:\/\/www.loadscan.com\/pt-br\/wp-json\/wp\/v2\/pages"}],"about":[{"href":"https:\/\/www.loadscan.com\/pt-br\/wp-json\/wp\/v2\/types\/page"}],"author":[{"embeddable":true,"href":"https:\/\/www.loadscan.com\/pt-br\/wp-json\/wp\/v2\/users\/50"}],"replies":[{"embeddable":true,"href":"https:\/\/www.loadscan.com\/pt-br\/wp-json\/wp\/v2\/comments?post=34084"}],"version-history":[{"count":1,"href":"https:\/\/www.loadscan.com\/pt-br\/wp-json\/wp\/v2\/pages\/34084\/revisions"}],"predecessor-version":[{"id":34087,"href":"https:\/\/www.loadscan.com\/pt-br\/wp-json\/wp\/v2\/pages\/34084\/revisions\/34087"}],"wp:attachment":[{"href":"https:\/\/www.loadscan.com\/pt-br\/wp-json\/wp\/v2\/media?parent=34084"}],"curies":[{"name":"wp","href":"https:\/\/api.w.org\/{rel}","templated":true}]}}