{"id":34204,"date":"2024-03-04T14:08:31","date_gmt":"2024-03-04T01:08:31","guid":{"rendered":"https:\/\/www.loadscan.com\/solucoes-de-carga-util-de-minas-para-carregamento-fora-do-centro\/"},"modified":"2024-08-14T12:29:47","modified_gmt":"2024-08-14T00:29:47","slug":"solucoes-de-carga-util-de-minas-para-carregamento-fora-do-centro","status":"publish","type":"page","link":"https:\/\/www.loadscan.com\/pt-br\/solucoes-de-carga-util-de-minas-para-carregamento-fora-do-centro\/","title":{"rendered":"Solu\u00e7\u00f5es de carga \u00fatil de minas para carregamento fora do centro"},"content":{"rendered":"<p><div class=\"fusion-fullwidth fullwidth-box fusion-builder-row-1 fusion-flex-container has-pattern-background has-mask-background hundred-percent-fullwidth non-hundred-percent-height-scrolling\" style=\"--awb-border-radius-top-left:0px;--awb-border-radius-top-right:0px;--awb-border-radius-bottom-right:0px;--awb-border-radius-bottom-left:0px;--awb-padding-top:60px;--awb-padding-right:15%;--awb-padding-bottom:50px;--awb-padding-left:15%;--awb-background-color:rgba(37,41,43,0);--awb-flex-wrap:wrap;\" ><div class=\"fusion-builder-row fusion-row fusion-flex-align-items-center fusion-flex-justify-content-center fusion-flex-content-wrap\" style=\"width:104% !important;max-width:104% !important;margin-left: calc(-4% \/ 2 );margin-right: calc(-4% \/ 2 );\"><div class=\"fusion-layout-column fusion_builder_column fusion-builder-column-0 fusion_builder_column_1_2 1_2 fusion-flex-column\" style=\"--awb-bg-size:cover;--awb-width-large:50%;--awb-margin-top-large:0px;--awb-spacing-right-large:3.84%;--awb-margin-bottom-large:20px;--awb-spacing-left-large:3.84%;--awb-width-medium:50%;--awb-order-medium:0;--awb-spacing-right-medium:3.84%;--awb-spacing-left-medium:3.84%;--awb-width-small:100%;--awb-order-small:0;--awb-spacing-right-small:1.92%;--awb-spacing-left-small:1.92%;\"><div class=\"fusion-column-wrapper fusion-column-has-shadow fusion-flex-justify-content-flex-start fusion-content-layout-row fusion-flex-align-items-center\"><div class=\"fusion-title title fusion-title-1 sep-underline sep-solid fusion-title-text fusion-title-size-one\" style=\"--awb-text-color:var(--awb-color4);--awb-margin-top-small:0px;--awb-margin-right-small:0px;--awb-margin-bottom-small:20px;--awb-margin-left-small:0px;\"><h1 class=\"fusion-title-heading title-heading-left fusion-responsive-typography-calculated\" style=\"margin:0;--fontSize:60;line-height:1.0;\">Os custos ocultos do carregamento fora do centro<\/h1><\/div><div class=\"fusion-text fusion-text-1\" style=\"--awb-text-transform:none;\"><p><span style=\"color: #333333;\">Usamos nossa avan\u00e7ada tecnologia de minera\u00e7\u00e3o subterr\u00e2nea e de superf\u00edcie para reduzir o carregamento fora do centro, um problema que pode aumentar substancialmente os custos operacionais.<\/span><\/p>\n<p><span style=\"color: #333333;\">A distribui\u00e7\u00e3o irregular da carga sobrecarrega os componentes do caminh\u00e3o, reduzindo sua vida \u00fatil e adicionando custos substanciais \u00e0 sua opera\u00e7\u00e3o.<br \/>\nAl\u00e9m disso, isso pode gerar desgaste excessivo dos pneus, anulando as garantias e exigindo a substitui\u00e7\u00e3o prematura. <\/span><\/p>\n<p><span style=\"color: #333333;\">As digitaliza\u00e7\u00f5es em 3D geradas pelo sistema fornecem uma refer\u00eancia visual valiosa que pode ser usada para treinar e orientar os operadores de carregadeiras.<\/span><\/p>\n<\/div><div class=\"fusion-text fusion-text-2\"><h4><span style=\"color: #ff0000;\">A carga descentralizada aumenta significativamente o desgaste e a tens\u00e3o dos componentes do caminh\u00e3o<\/span><\/h4>\n<\/div><\/div><\/div><div class=\"fusion-layout-column fusion_builder_column fusion-builder-column-1 fusion_builder_column_1_2 1_2 fusion-flex-column\" style=\"--awb-bg-size:cover;--awb-width-large:50%;--awb-margin-top-large:0px;--awb-spacing-right-large:3.84%;--awb-margin-bottom-large:20px;--awb-spacing-left-large:3.84%;--awb-width-medium:50%;--awb-order-medium:0;--awb-spacing-right-medium:3.84%;--awb-spacing-left-medium:3.84%;--awb-width-small:100%;--awb-order-small:0;--awb-spacing-right-small:1.92%;--awb-spacing-left-small:1.92%;\"><div class=\"fusion-column-wrapper fusion-column-has-shadow fusion-flex-justify-content-flex-start fusion-content-layout-row fusion-flex-align-items-center\"><div class=\"fusion-image-element \" style=\"--awb-caption-title-font-family:var(--h2_typography-font-family);--awb-caption-title-font-weight:var(--h2_typography-font-weight);--awb-caption-title-font-style:var(--h2_typography-font-style);--awb-caption-title-size:var(--h2_typography-font-size);--awb-caption-title-transform:var(--h2_typography-text-transform);--awb-caption-title-line-height:var(--h2_typography-line-height);--awb-caption-title-letter-spacing:var(--h2_typography-letter-spacing);\"><span class=\" fusion-imageframe imageframe-none imageframe-1 hover-type-none fusion-animated\" data-animationType=\"fadeInLeft\" data-animationDuration=\"0.8\" data-animationOffset=\"top-into-view\"><img decoding=\"async\" width=\"1200\" height=\"1200\" title=\"Mining_o\ufb00-center loading parts\" src=\"https:\/\/www.loadscan.com\/wp-content\/uploads\/2024\/03\/Mining_o\ufb00-center-loading-parts.png\" alt class=\"img-responsive wp-image-31152\" srcset=\"https:\/\/www.loadscan.com\/wp-content\/uploads\/2024\/03\/Mining_o\ufb00-center-loading-parts-200x200.png 200w, https:\/\/www.loadscan.com\/wp-content\/uploads\/2024\/03\/Mining_o\ufb00-center-loading-parts-400x400.png 400w, https:\/\/www.loadscan.com\/wp-content\/uploads\/2024\/03\/Mining_o\ufb00-center-loading-parts-600x600.png 600w, https:\/\/www.loadscan.com\/wp-content\/uploads\/2024\/03\/Mining_o\ufb00-center-loading-parts-800x800.png 800w, https:\/\/www.loadscan.com\/wp-content\/uploads\/2024\/03\/Mining_o\ufb00-center-loading-parts.png 1200w\" sizes=\"(max-width: 640px) 100vw, 600px\" \/><\/span><\/div><\/div><\/div><\/div><\/div><div class=\"fusion-fullwidth fullwidth-box fusion-builder-row-2 fusion-flex-container has-pattern-background has-mask-background hundred-percent-fullwidth non-hundred-percent-height-scrolling\" style=\"--awb-border-radius-top-left:0px;--awb-border-radius-top-right:0px;--awb-border-radius-bottom-right:0px;--awb-border-radius-bottom-left:0px;--awb-padding-top:0px;--awb-padding-right:0px;--awb-padding-bottom:0px;--awb-padding-left:0px;--awb-margin-top:0px;--awb-margin-bottom:-2px;--awb-background-color:rgba(37,41,43,0);--awb-flex-wrap:wrap;\" ><div class=\"fusion-builder-row fusion-row fusion-flex-align-items-flex-end fusion-flex-content-wrap\" style=\"width:104% !important;max-width:104% !important;margin-left: calc(-4% \/ 2 );margin-right: calc(-4% \/ 2 );\"><div class=\"fusion-layout-column fusion_builder_column fusion-builder-column-2 fusion_builder_column_1_1 1_1 fusion-flex-column\" style=\"--awb-bg-size:cover;--awb-width-large:100%;--awb-margin-top-large:0px;--awb-spacing-right-large:1.92%;--awb-margin-bottom-large:0px;--awb-spacing-left-large:1.92%;--awb-width-medium:100%;--awb-order-medium:0;--awb-spacing-right-medium:1.92%;--awb-spacing-left-medium:1.92%;--awb-width-small:100%;--awb-order-small:0;--awb-spacing-right-small:1.92%;--awb-spacing-left-small:1.92%;\" data-scroll-devices=\"small-visibility,medium-visibility,large-visibility\"><div class=\"fusion-column-wrapper fusion-column-has-shadow fusion-flex-justify-content-flex-start fusion-content-layout-column\"><div class=\"fusion-section-separator section-separator slant fusion-section-separator-1\" style=\"--awb-spacer-height:99px;--awb-svg-margin-left:1.92%;--awb-svg-margin-right:1.92%;--awb-svg-margin-left-medium:1.92%;--awb-svg-margin-right-medium:1.92%;--awb-svg-margin-left-small:1.92%;--awb-svg-margin-right-small:1.92%;--awb-divider-height:99px;--awb-spacer-padding-top:inherit;--awb-sep-padding:0;--awb-svg-padding:0;--awb-svg-tag-margin-bottom:-3px;--awb-sep-svg-display:block;\"><div class=\"fusion-section-separator-svg\"><svg class=\"fusion-slant-candy\" xmlns=\"http:\/\/www.w3.org\/2000\/svg\" version=\"1.1\" width=\"100%\" height=\"100\" viewBox=\"0 0 100 100\" preserveAspectRatio=\"none\" fill=\"rgba(255,255,255,1)\"><path d=\"M0 0 L0 100 L100 100 Z\"><\/path><\/svg><\/div><div class=\"fusion-section-separator-spacer\"><div class=\"fusion-section-separator-spacer-height\"><\/div><\/div><\/div><\/div><\/div><\/div><\/div><div class=\"fusion-fullwidth fullwidth-box fusion-builder-row-3 fusion-flex-container has-pattern-background has-mask-background hundred-percent-fullwidth non-hundred-percent-height-scrolling\" style=\"--awb-border-radius-top-left:0px;--awb-border-radius-top-right:0px;--awb-border-radius-bottom-right:0px;--awb-border-radius-bottom-left:0px;--awb-padding-top:40px;--awb-padding-right:15%;--awb-padding-bottom:40px;--awb-padding-left:15%;--awb-margin-top:0px;--awb-margin-bottom:0px;--awb-background-color:#ffffff;--awb-flex-wrap:wrap;\" ><div class=\"fusion-builder-row fusion-row fusion-flex-align-items-flex-start fusion-flex-justify-content-center fusion-flex-content-wrap\" style=\"width:104% !important;max-width:104% !important;margin-left: calc(-4% \/ 2 );margin-right: calc(-4% \/ 2 );\"><div class=\"fusion-layout-column fusion_builder_column fusion-builder-column-3 fusion_builder_column_1_2 1_2 fusion-flex-column\" style=\"--awb-bg-size:cover;--awb-width-large:50%;--awb-margin-top-large:0px;--awb-spacing-right-large:3.84%;--awb-margin-bottom-large:20px;--awb-spacing-left-large:3.84%;--awb-width-medium:50%;--awb-order-medium:0;--awb-spacing-right-medium:3.84%;--awb-spacing-left-medium:3.84%;--awb-width-small:100%;--awb-order-small:0;--awb-spacing-right-small:1.92%;--awb-spacing-left-small:1.92%;\" data-scroll-devices=\"small-visibility,medium-visibility,large-visibility\"><div class=\"fusion-column-wrapper fusion-column-has-shadow fusion-flex-justify-content-flex-start fusion-content-layout-row fusion-flex-align-items-center\"><div class=\"fusion-image-element \" style=\"text-align:center;--awb-max-width:400px;--awb-caption-title-font-family:var(--h2_typography-font-family);--awb-caption-title-font-weight:var(--h2_typography-font-weight);--awb-caption-title-font-style:var(--h2_typography-font-style);--awb-caption-title-size:var(--h2_typography-font-size);--awb-caption-title-transform:var(--h2_typography-text-transform);--awb-caption-title-line-height:var(--h2_typography-line-height);--awb-caption-title-letter-spacing:var(--h2_typography-letter-spacing);\"><span class=\" fusion-imageframe imageframe-none imageframe-2 hover-type-none fusion-animated\" data-animationType=\"fadeInLeft\" data-animationDuration=\"0.8\" data-animationOffset=\"top-into-view\"><img decoding=\"async\" alt=\"tecnologia de minera\u00e7\u00e3o de superf\u00edcie\" src=\"https:\/\/minepayloadtechnologies.com\/wp-content\/uploads\/2021\/08\/Mining_3D-off-center.png\" class=\"img-responsive\"\/><\/span><\/div><div class=\"fusion-separator fusion-full-width-sep\" style=\"align-self: center;margin-left: auto;margin-right: auto;margin-top:30px;width:100%;\"><div class=\"fusion-separator-border sep-double\" style=\"--awb-height:20px;--awb-amount:20px;border-color:#3e3e3e;border-top-width:0px;border-bottom-width:0px;\"><\/div><\/div><div class=\"fusion-text fusion-text-3\"><h5 style=\"text-align: left;\"><span style=\"color: #ff0000;\">O carregamento fora do centro \u00e9 calculado e relatado nos quatro quadrantes do compartimento do caminh\u00e3o<\/span><\/h5>\n<\/div><div class=\"fusion-text fusion-text-4\"><h5 style=\"text-align: left;\"><span style=\"color: #ff0000;\">Os indicadores visuais de advert\u00eancia s\u00e3o exibidos em tempo real no console do operador, na tela do MyScanner e no quadro de mensagens<\/span><\/h5>\n<\/div><\/div><\/div><div class=\"fusion-layout-column fusion_builder_column fusion-builder-column-4 fusion_builder_column_1_2 1_2 fusion-flex-column\" style=\"--awb-bg-size:cover;--awb-width-large:50%;--awb-margin-top-large:0px;--awb-spacing-right-large:3.84%;--awb-margin-bottom-large:20px;--awb-spacing-left-large:3.84%;--awb-width-medium:50%;--awb-order-medium:0;--awb-spacing-right-medium:3.84%;--awb-spacing-left-medium:3.84%;--awb-width-small:100%;--awb-order-small:0;--awb-spacing-right-small:1.92%;--awb-spacing-left-small:1.92%;\"><div class=\"fusion-column-wrapper fusion-column-has-shadow fusion-flex-justify-content-center fusion-content-layout-row fusion-flex-align-items-center\"><div class=\"fusion-image-element \" style=\"--awb-max-width:690px;--awb-caption-title-font-family:var(--h2_typography-font-family);--awb-caption-title-font-weight:var(--h2_typography-font-weight);--awb-caption-title-font-style:var(--h2_typography-font-style);--awb-caption-title-size:var(--h2_typography-font-size);--awb-caption-title-transform:var(--h2_typography-text-transform);--awb-caption-title-line-height:var(--h2_typography-line-height);--awb-caption-title-letter-spacing:var(--h2_typography-letter-spacing);\"><span class=\" fusion-imageframe imageframe-none imageframe-3 hover-type-none fusion-animated\" data-animationType=\"fadeInLeft\" data-animationDuration=\"0.8\" data-animationOffset=\"top-into-view\"><img decoding=\"async\" alt=\"tecnologia de minera\u00e7\u00e3o de superf\u00edcie\" src=\"https:\/\/minepayloadtechnologies.com\/wp-content\/uploads\/2023\/10\/Mining_real-time-Off-centre.png\" class=\"img-responsive\"\/><\/span><\/div><div class=\"fusion-separator fusion-full-width-sep\" style=\"align-self: center;margin-left: auto;margin-right: auto;margin-top:30px;width:100%;\"><div class=\"fusion-separator-border sep-double\" style=\"--awb-height:20px;--awb-amount:20px;border-color:#3e3e3e;border-top-width:0px;border-bottom-width:0px;\"><\/div><\/div><div ><a class=\"fusion-button button-flat button-xlarge button-default fusion-button-default button-1 fusion-button-span-yes fusion-button-default-type\" target=\"_self\" href=\"https:\/\/www.loadscan.com\/contact-us\/\"><span class=\"fusion-button-text awb-button__text awb-button__text--default\">VOC\u00ca QUER A MESMA SOLU\u00c7\u00c3O?<br \/>\nPERGUNTE AGORA<\/span><\/a><\/div><\/div><\/div><div class=\"fusion-layout-column fusion_builder_column fusion-builder-column-5 fusion_builder_column_1_1 1_1 fusion-flex-column\" style=\"--awb-bg-size:cover;--awb-width-large:100%;--awb-margin-top-large:0px;--awb-spacing-right-large:1.92%;--awb-margin-bottom-large:20px;--awb-spacing-left-large:1.92%;--awb-width-medium:100%;--awb-order-medium:0;--awb-spacing-right-medium:1.92%;--awb-spacing-left-medium:1.92%;--awb-width-small:100%;--awb-order-small:0;--awb-spacing-right-small:1.92%;--awb-spacing-left-small:1.92%;\"><div class=\"fusion-column-wrapper fusion-column-has-shadow fusion-flex-justify-content-flex-start fusion-content-layout-column\"><div class=\"fusion-separator fusion-full-width-sep\" style=\"align-self: center;margin-left: auto;margin-right: auto;margin-top:50px;width:100%;\"><div class=\"fusion-separator-border sep-double\" style=\"--awb-height:20px;--awb-amount:20px;border-color:#3e3e3e;border-top-width:0px;border-bottom-width:0px;\"><\/div><\/div><\/div><\/div><\/div><\/div><\/p>\n","protected":false},"excerpt":{"rendered":"","protected":false},"author":12,"featured_media":0,"parent":0,"menu_order":0,"comment_status":"closed","ping_status":"closed","template":"100-width.php","meta":{"content-type":"","footnotes":""},"class_list":["post-34204","page","type-page","status-publish","hentry"],"yoast_head":"<!-- This site is optimized with the Yoast SEO plugin v27.2 - https:\/\/yoast.com\/product\/yoast-seo-wordpress\/ -->\n<title>Tecnologia de Minera\u00e7\u00e3o de Superf\u00edcie | Reduzir Custos | Aumentar Lucros<\/title>\n<meta name=\"description\" content=\"Nossa tecnologia de minera\u00e7\u00e3o subterr\u00e2nea e de superf\u00edcie reduz os custos operacionais, aumenta os lucros da mina e pode ser instalada em 45 minutos\" \/>\n<meta name=\"robots\" content=\"index, follow, max-snippet:-1, max-image-preview:large, max-video-preview:-1\" \/>\n<link rel=\"canonical\" href=\"https:\/\/www.loadscan.com\/pt-br\/solucoes-de-carga-util-de-minas-para-carregamento-fora-do-centro\/\" \/>\n<meta name=\"twitter:label1\" content=\"Est. tempo de leitura\" \/>\n\t<meta name=\"twitter:data1\" content=\"28 minutos\" \/>\n<script type=\"application\/ld+json\" class=\"yoast-schema-graph\">{\"@context\":\"https:\/\/schema.org\",\"@graph\":[{\"@type\":\"WebPage\",\"@id\":\"https:\/\/www.loadscan.com\/pt-br\/solucoes-de-carga-util-de-minas-para-carregamento-fora-do-centro\/\",\"url\":\"https:\/\/www.loadscan.com\/pt-br\/solucoes-de-carga-util-de-minas-para-carregamento-fora-do-centro\/\",\"name\":\"Tecnologia de Minera\u00e7\u00e3o de Superf\u00edcie | Reduzir Custos | Aumentar Lucros\",\"isPartOf\":{\"@id\":\"https:\/\/www.loadscan.com\/pt-br\/#website\"},\"datePublished\":\"2024-03-04T01:08:31+00:00\",\"dateModified\":\"2024-08-14T00:29:47+00:00\",\"description\":\"Nossa tecnologia de minera\u00e7\u00e3o subterr\u00e2nea e de superf\u00edcie reduz os custos operacionais, aumenta os lucros da mina e pode ser instalada em 45 minutos\",\"breadcrumb\":{\"@id\":\"https:\/\/www.loadscan.com\/pt-br\/solucoes-de-carga-util-de-minas-para-carregamento-fora-do-centro\/#breadcrumb\"},\"inLanguage\":\"pt-BR\",\"potentialAction\":[{\"@type\":\"ReadAction\",\"target\":[\"https:\/\/www.loadscan.com\/pt-br\/solucoes-de-carga-util-de-minas-para-carregamento-fora-do-centro\/\"]}]},{\"@type\":\"BreadcrumbList\",\"@id\":\"https:\/\/www.loadscan.com\/pt-br\/solucoes-de-carga-util-de-minas-para-carregamento-fora-do-centro\/#breadcrumb\",\"itemListElement\":[{\"@type\":\"ListItem\",\"position\":1,\"name\":\"Home\",\"item\":\"https:\/\/www.loadscan.com\/pt-br\/scanners-de-volume-de-carga-loadscan\/\"},{\"@type\":\"ListItem\",\"position\":2,\"name\":\"Solu\u00e7\u00f5es de carga \u00fatil de minas para carregamento fora do centro\"}]},{\"@type\":\"WebSite\",\"@id\":\"https:\/\/www.loadscan.com\/pt-br\/#website\",\"url\":\"https:\/\/www.loadscan.com\/pt-br\/\",\"name\":\"Loadscan\",\"description\":\"Certified accurate payload measurement\",\"publisher\":{\"@id\":\"https:\/\/www.loadscan.com\/pt-br\/#organization\"},\"potentialAction\":[{\"@type\":\"SearchAction\",\"target\":{\"@type\":\"EntryPoint\",\"urlTemplate\":\"https:\/\/www.loadscan.com\/pt-br\/?s={search_term_string}\"},\"query-input\":{\"@type\":\"PropertyValueSpecification\",\"valueRequired\":true,\"valueName\":\"search_term_string\"}}],\"inLanguage\":\"pt-BR\"},{\"@type\":\"Organization\",\"@id\":\"https:\/\/www.loadscan.com\/pt-br\/#organization\",\"name\":\"Loadscan\u00ae Ltd\",\"url\":\"https:\/\/www.loadscan.com\/pt-br\/\",\"logo\":{\"@type\":\"ImageObject\",\"inLanguage\":\"pt-BR\",\"@id\":\"https:\/\/www.loadscan.com\/pt-br\/#\/schema\/logo\/image\/\",\"url\":\"https:\/\/www.loadscan.com\/wp-content\/uploads\/2020\/10\/Loadscan-logo-245.png\",\"contentUrl\":\"https:\/\/www.loadscan.com\/wp-content\/uploads\/2020\/10\/Loadscan-logo-245.png\",\"width\":245,\"height\":66,\"caption\":\"Loadscan\u00ae Ltd\"},\"image\":{\"@id\":\"https:\/\/www.loadscan.com\/pt-br\/#\/schema\/logo\/image\/\"},\"sameAs\":[\"https:\/\/www.facebook.com\/loadscan\",\"https:\/\/x.com\/loadscan\",\"https:\/\/nz.linkedin.com\/company\/loadscan\"]}]}<\/script>\n<!-- \/ Yoast SEO plugin. -->","yoast_head_json":{"title":"Tecnologia de Minera\u00e7\u00e3o de Superf\u00edcie | Reduzir Custos | Aumentar Lucros","description":"Nossa tecnologia de minera\u00e7\u00e3o subterr\u00e2nea e de superf\u00edcie reduz os custos operacionais, aumenta os lucros da mina e pode ser instalada em 45 minutos","robots":{"index":"index","follow":"follow","max-snippet":"max-snippet:-1","max-image-preview":"max-image-preview:large","max-video-preview":"max-video-preview:-1"},"canonical":"https:\/\/www.loadscan.com\/pt-br\/solucoes-de-carga-util-de-minas-para-carregamento-fora-do-centro\/","twitter_misc":{"Est. tempo de leitura":"28 minutos"},"schema":{"@context":"https:\/\/schema.org","@graph":[{"@type":"WebPage","@id":"https:\/\/www.loadscan.com\/pt-br\/solucoes-de-carga-util-de-minas-para-carregamento-fora-do-centro\/","url":"https:\/\/www.loadscan.com\/pt-br\/solucoes-de-carga-util-de-minas-para-carregamento-fora-do-centro\/","name":"Tecnologia de Minera\u00e7\u00e3o de Superf\u00edcie | Reduzir Custos | Aumentar Lucros","isPartOf":{"@id":"https:\/\/www.loadscan.com\/pt-br\/#website"},"datePublished":"2024-03-04T01:08:31+00:00","dateModified":"2024-08-14T00:29:47+00:00","description":"Nossa tecnologia de minera\u00e7\u00e3o subterr\u00e2nea e de superf\u00edcie reduz os custos operacionais, aumenta os lucros da mina e pode ser instalada em 45 minutos","breadcrumb":{"@id":"https:\/\/www.loadscan.com\/pt-br\/solucoes-de-carga-util-de-minas-para-carregamento-fora-do-centro\/#breadcrumb"},"inLanguage":"pt-BR","potentialAction":[{"@type":"ReadAction","target":["https:\/\/www.loadscan.com\/pt-br\/solucoes-de-carga-util-de-minas-para-carregamento-fora-do-centro\/"]}]},{"@type":"BreadcrumbList","@id":"https:\/\/www.loadscan.com\/pt-br\/solucoes-de-carga-util-de-minas-para-carregamento-fora-do-centro\/#breadcrumb","itemListElement":[{"@type":"ListItem","position":1,"name":"Home","item":"https:\/\/www.loadscan.com\/pt-br\/scanners-de-volume-de-carga-loadscan\/"},{"@type":"ListItem","position":2,"name":"Solu\u00e7\u00f5es de carga \u00fatil de minas para carregamento fora do centro"}]},{"@type":"WebSite","@id":"https:\/\/www.loadscan.com\/pt-br\/#website","url":"https:\/\/www.loadscan.com\/pt-br\/","name":"Loadscan","description":"Certified accurate payload measurement","publisher":{"@id":"https:\/\/www.loadscan.com\/pt-br\/#organization"},"potentialAction":[{"@type":"SearchAction","target":{"@type":"EntryPoint","urlTemplate":"https:\/\/www.loadscan.com\/pt-br\/?s={search_term_string}"},"query-input":{"@type":"PropertyValueSpecification","valueRequired":true,"valueName":"search_term_string"}}],"inLanguage":"pt-BR"},{"@type":"Organization","@id":"https:\/\/www.loadscan.com\/pt-br\/#organization","name":"Loadscan\u00ae Ltd","url":"https:\/\/www.loadscan.com\/pt-br\/","logo":{"@type":"ImageObject","inLanguage":"pt-BR","@id":"https:\/\/www.loadscan.com\/pt-br\/#\/schema\/logo\/image\/","url":"https:\/\/www.loadscan.com\/wp-content\/uploads\/2020\/10\/Loadscan-logo-245.png","contentUrl":"https:\/\/www.loadscan.com\/wp-content\/uploads\/2020\/10\/Loadscan-logo-245.png","width":245,"height":66,"caption":"Loadscan\u00ae Ltd"},"image":{"@id":"https:\/\/www.loadscan.com\/pt-br\/#\/schema\/logo\/image\/"},"sameAs":["https:\/\/www.facebook.com\/loadscan","https:\/\/x.com\/loadscan","https:\/\/nz.linkedin.com\/company\/loadscan"]}]}},"_links":{"self":[{"href":"https:\/\/www.loadscan.com\/pt-br\/wp-json\/wp\/v2\/pages\/34204","targetHints":{"allow":["GET"]}}],"collection":[{"href":"https:\/\/www.loadscan.com\/pt-br\/wp-json\/wp\/v2\/pages"}],"about":[{"href":"https:\/\/www.loadscan.com\/pt-br\/wp-json\/wp\/v2\/types\/page"}],"author":[{"embeddable":true,"href":"https:\/\/www.loadscan.com\/pt-br\/wp-json\/wp\/v2\/users\/12"}],"replies":[{"embeddable":true,"href":"https:\/\/www.loadscan.com\/pt-br\/wp-json\/wp\/v2\/comments?post=34204"}],"version-history":[{"count":1,"href":"https:\/\/www.loadscan.com\/pt-br\/wp-json\/wp\/v2\/pages\/34204\/revisions"}],"predecessor-version":[{"id":34210,"href":"https:\/\/www.loadscan.com\/pt-br\/wp-json\/wp\/v2\/pages\/34204\/revisions\/34210"}],"wp:attachment":[{"href":"https:\/\/www.loadscan.com\/pt-br\/wp-json\/wp\/v2\/media?parent=34204"}],"curies":[{"name":"wp","href":"https:\/\/api.w.org\/{rel}","templated":true}]}}