{"id":34251,"date":"2023-06-19T13:34:42","date_gmt":"2023-06-19T01:34:42","guid":{"rendered":"https:\/\/www.loadscan.com\/politica-de-garantia-do-fabricante\/"},"modified":"2024-08-14T12:30:08","modified_gmt":"2024-08-14T00:30:08","slug":"politica-de-garantia-do-fabricante","status":"publish","type":"page","link":"https:\/\/www.loadscan.com\/pt-br\/politica-de-garantia-do-fabricante\/","title":{"rendered":"Pol\u00edtica de garantia do fabricante"},"content":{"rendered":"<div class=\"fusion-fullwidth fullwidth-box fusion-builder-row-1 fusion-flex-container hundred-percent-fullwidth non-hundred-percent-height-scrolling\" style=\"--awb-border-radius-top-left:0px;--awb-border-radius-top-right:0px;--awb-border-radius-bottom-right:0px;--awb-border-radius-bottom-left:0px;--awb-padding-right:15%;--awb-padding-left:15%;--awb-padding-right-medium:10%;--awb-padding-left-medium:10%;--awb-padding-right-small:5%;--awb-padding-left-small:5%;--awb-flex-wrap:wrap;\" ><div class=\"fusion-builder-row fusion-row fusion-flex-align-items-flex-start fusion-flex-content-wrap\" style=\"width:104% !important;max-width:104% !important;margin-left: calc(-4% \/ 2 );margin-right: calc(-4% \/ 2 );\"><div class=\"fusion-layout-column fusion_builder_column fusion-builder-column-0 fusion_builder_column_1_1 1_1 fusion-flex-column\" style=\"--awb-bg-size:cover;--awb-width-large:100%;--awb-margin-top-large:0px;--awb-spacing-right-large:1.92%;--awb-margin-bottom-large:20px;--awb-spacing-left-large:1.92%;--awb-width-medium:100%;--awb-spacing-right-medium:1.92%;--awb-spacing-left-medium:1.92%;--awb-width-small:100%;--awb-spacing-right-small:1.92%;--awb-spacing-left-small:1.92%;\"><div class=\"fusion-column-wrapper fusion-column-has-shadow fusion-flex-justify-content-flex-start fusion-content-layout-column\"><div class=\"fusion-text fusion-text-1\"><div class=\"heading icon-left\">\n<h1 class=\"content-box-heading fusion-responsive-typography-calculated\">Garantia do fabricante do LVS\/CVS\/MPS da Loadscan<\/h1>\n<\/div>\n<div class=\"content-container\">  \u00daltima atualiza\u00e7\u00e3o: 19 de junho de 2023  <\/div>\n<\/div><div class=\"fusion-text fusion-text-2\"><p>Este produto tem garantia contra defeitos de fabrica\u00e7\u00e3o por um per\u00edodo de 12 meses a partir da data de instala\u00e7\u00e3o.<br \/>\nA garantia precisa ser registrada no site para iniciar esse processo.<br \/>\nA garantia cobre apenas a substitui\u00e7\u00e3o ou o reparo de qualquer pe\u00e7a que falhe como resultado de uma falha na fabrica\u00e7\u00e3o ou na montagem.<br \/>\nAs pe\u00e7as defeituosas ser\u00e3o substitu\u00eddas ou reparadas pela LoadScan Ltd ou por seu representante autorizado sem custo de m\u00e3o de obra ou materiais, sujeito \u00e0s condi\u00e7\u00f5es detalhadas abaixo.<br \/>\nCondi\u00e7\u00f5es de garantia<br \/>\n1. As pe\u00e7as defeituosas dever\u00e3o, a crit\u00e9rio da LoadScan Ltd, ser devolvidas \u00e0 LoadScan ou ao seu representante autorizado para reparo ou substitui\u00e7\u00e3o.<br \/>\n2. O propriet\u00e1rio \u00e9 respons\u00e1vel por quaisquer custos de manuseio, transporte e seguro se a pe\u00e7a defeituosa precisar ser devolvida para reparo.<br \/>\n3. Os reparos realizados por pessoas que n\u00e3o sejam da LoadScan Ltd ou pessoas autorizadas pela LoadScan Ltd cancelam a garantia.<br \/>\n4. Esta garantia n\u00e3o se estende a dispositivos acess\u00f3rios ou consum\u00edveis usados com o produto e n\u00e3o fornecidos com o equipamento original.<br \/>\n5. Esta garantia n\u00e3o se estende a defeitos ou les\u00f5es causados por ou resultantes de causas n\u00e3o atribu\u00edveis a pe\u00e7as defeituosas ou \u00e0 fabrica\u00e7\u00e3o do produto, incluindo, entre outros, defeitos ou les\u00f5es causados por ou resultantes de uso indevido, abuso, neglig\u00eancia, danos acidentais, desgaste normal, voltagem inadequada, choque mec\u00e2nico, derramamento de l\u00edquidos, infesta\u00e7\u00e3o de vermes, software externo, conex\u00e3o de dispositivos acess\u00f3rios, dispositivos de energia ou consum\u00edveis que n\u00e3o sejam os aprovados pela LoadScan, ou altera\u00e7\u00f5es feitas no produto que n\u00e3o sejam autorizadas pela LoadScan Ltd.<br \/>\nEsta garantia \u00e9 adicional \u00e0s condi\u00e7\u00f5es e garantias obrigat\u00f3rias que est\u00e3o impl\u00edcitas nas leis e regulamentos do pa\u00eds\/estado de venda.<br \/>\nNo entanto, at\u00e9 o limite permitido por essa legisla\u00e7\u00e3o, a LoadScan Ltd. exclui qualquer responsabilidade por quaisquer danos indiretos ou conseq\u00fcentes que possam ser causados ao produto.<\/p>\n<\/div><\/div><\/div><\/div><\/div>\n","protected":false},"excerpt":{"rendered":"","protected":false},"author":25,"featured_media":0,"parent":0,"menu_order":0,"comment_status":"closed","ping_status":"closed","template":"100-width.php","meta":{"content-type":"","footnotes":""},"class_list":["post-34251","page","type-page","status-publish","hentry"],"yoast_head":"<!-- This site is optimized with the Yoast SEO plugin v27.2 - https:\/\/yoast.com\/product\/yoast-seo-wordpress\/ -->\n<title>Pol\u00edtica de garantia do fabricante - Loadscan<\/title>\n<meta name=\"robots\" content=\"index, follow, max-snippet:-1, max-image-preview:large, max-video-preview:-1\" \/>\n<link rel=\"canonical\" href=\"https:\/\/www.loadscan.com\/pt-br\/politica-de-garantia-do-fabricante\/\" \/>\n<meta name=\"twitter:label1\" content=\"Est. tempo de leitura\" \/>\n\t<meta name=\"twitter:data1\" content=\"5 minutos\" \/>\n<script type=\"application\/ld+json\" class=\"yoast-schema-graph\">{\"@context\":\"https:\/\/schema.org\",\"@graph\":[{\"@type\":\"WebPage\",\"@id\":\"https:\/\/www.loadscan.com\/pt-br\/politica-de-garantia-do-fabricante\/\",\"url\":\"https:\/\/www.loadscan.com\/pt-br\/politica-de-garantia-do-fabricante\/\",\"name\":\"Pol\u00edtica de garantia do fabricante - Loadscan\",\"isPartOf\":{\"@id\":\"https:\/\/www.loadscan.com\/pt-br\/#website\"},\"datePublished\":\"2023-06-19T01:34:42+00:00\",\"dateModified\":\"2024-08-14T00:30:08+00:00\",\"breadcrumb\":{\"@id\":\"https:\/\/www.loadscan.com\/pt-br\/politica-de-garantia-do-fabricante\/#breadcrumb\"},\"inLanguage\":\"pt-BR\",\"potentialAction\":[{\"@type\":\"ReadAction\",\"target\":[\"https:\/\/www.loadscan.com\/pt-br\/politica-de-garantia-do-fabricante\/\"]}]},{\"@type\":\"BreadcrumbList\",\"@id\":\"https:\/\/www.loadscan.com\/pt-br\/politica-de-garantia-do-fabricante\/#breadcrumb\",\"itemListElement\":[{\"@type\":\"ListItem\",\"position\":1,\"name\":\"Home\",\"item\":\"https:\/\/www.loadscan.com\/pt-br\/scanners-de-volume-de-carga-loadscan\/\"},{\"@type\":\"ListItem\",\"position\":2,\"name\":\"Pol\u00edtica de garantia do fabricante\"}]},{\"@type\":\"WebSite\",\"@id\":\"https:\/\/www.loadscan.com\/pt-br\/#website\",\"url\":\"https:\/\/www.loadscan.com\/pt-br\/\",\"name\":\"Loadscan\",\"description\":\"Certified accurate payload measurement\",\"publisher\":{\"@id\":\"https:\/\/www.loadscan.com\/pt-br\/#organization\"},\"potentialAction\":[{\"@type\":\"SearchAction\",\"target\":{\"@type\":\"EntryPoint\",\"urlTemplate\":\"https:\/\/www.loadscan.com\/pt-br\/?s={search_term_string}\"},\"query-input\":{\"@type\":\"PropertyValueSpecification\",\"valueRequired\":true,\"valueName\":\"search_term_string\"}}],\"inLanguage\":\"pt-BR\"},{\"@type\":\"Organization\",\"@id\":\"https:\/\/www.loadscan.com\/pt-br\/#organization\",\"name\":\"Loadscan\u00ae Ltd\",\"url\":\"https:\/\/www.loadscan.com\/pt-br\/\",\"logo\":{\"@type\":\"ImageObject\",\"inLanguage\":\"pt-BR\",\"@id\":\"https:\/\/www.loadscan.com\/pt-br\/#\/schema\/logo\/image\/\",\"url\":\"https:\/\/www.loadscan.com\/wp-content\/uploads\/2020\/10\/Loadscan-logo-245.png\",\"contentUrl\":\"https:\/\/www.loadscan.com\/wp-content\/uploads\/2020\/10\/Loadscan-logo-245.png\",\"width\":245,\"height\":66,\"caption\":\"Loadscan\u00ae Ltd\"},\"image\":{\"@id\":\"https:\/\/www.loadscan.com\/pt-br\/#\/schema\/logo\/image\/\"},\"sameAs\":[\"https:\/\/www.facebook.com\/loadscan\",\"https:\/\/x.com\/loadscan\",\"https:\/\/nz.linkedin.com\/company\/loadscan\"]}]}<\/script>\n<!-- \/ Yoast SEO plugin. -->","yoast_head_json":{"title":"Pol\u00edtica de garantia do fabricante - Loadscan","robots":{"index":"index","follow":"follow","max-snippet":"max-snippet:-1","max-image-preview":"max-image-preview:large","max-video-preview":"max-video-preview:-1"},"canonical":"https:\/\/www.loadscan.com\/pt-br\/politica-de-garantia-do-fabricante\/","twitter_misc":{"Est. tempo de leitura":"5 minutos"},"schema":{"@context":"https:\/\/schema.org","@graph":[{"@type":"WebPage","@id":"https:\/\/www.loadscan.com\/pt-br\/politica-de-garantia-do-fabricante\/","url":"https:\/\/www.loadscan.com\/pt-br\/politica-de-garantia-do-fabricante\/","name":"Pol\u00edtica de garantia do fabricante - Loadscan","isPartOf":{"@id":"https:\/\/www.loadscan.com\/pt-br\/#website"},"datePublished":"2023-06-19T01:34:42+00:00","dateModified":"2024-08-14T00:30:08+00:00","breadcrumb":{"@id":"https:\/\/www.loadscan.com\/pt-br\/politica-de-garantia-do-fabricante\/#breadcrumb"},"inLanguage":"pt-BR","potentialAction":[{"@type":"ReadAction","target":["https:\/\/www.loadscan.com\/pt-br\/politica-de-garantia-do-fabricante\/"]}]},{"@type":"BreadcrumbList","@id":"https:\/\/www.loadscan.com\/pt-br\/politica-de-garantia-do-fabricante\/#breadcrumb","itemListElement":[{"@type":"ListItem","position":1,"name":"Home","item":"https:\/\/www.loadscan.com\/pt-br\/scanners-de-volume-de-carga-loadscan\/"},{"@type":"ListItem","position":2,"name":"Pol\u00edtica de garantia do fabricante"}]},{"@type":"WebSite","@id":"https:\/\/www.loadscan.com\/pt-br\/#website","url":"https:\/\/www.loadscan.com\/pt-br\/","name":"Loadscan","description":"Certified accurate payload measurement","publisher":{"@id":"https:\/\/www.loadscan.com\/pt-br\/#organization"},"potentialAction":[{"@type":"SearchAction","target":{"@type":"EntryPoint","urlTemplate":"https:\/\/www.loadscan.com\/pt-br\/?s={search_term_string}"},"query-input":{"@type":"PropertyValueSpecification","valueRequired":true,"valueName":"search_term_string"}}],"inLanguage":"pt-BR"},{"@type":"Organization","@id":"https:\/\/www.loadscan.com\/pt-br\/#organization","name":"Loadscan\u00ae Ltd","url":"https:\/\/www.loadscan.com\/pt-br\/","logo":{"@type":"ImageObject","inLanguage":"pt-BR","@id":"https:\/\/www.loadscan.com\/pt-br\/#\/schema\/logo\/image\/","url":"https:\/\/www.loadscan.com\/wp-content\/uploads\/2020\/10\/Loadscan-logo-245.png","contentUrl":"https:\/\/www.loadscan.com\/wp-content\/uploads\/2020\/10\/Loadscan-logo-245.png","width":245,"height":66,"caption":"Loadscan\u00ae Ltd"},"image":{"@id":"https:\/\/www.loadscan.com\/pt-br\/#\/schema\/logo\/image\/"},"sameAs":["https:\/\/www.facebook.com\/loadscan","https:\/\/x.com\/loadscan","https:\/\/nz.linkedin.com\/company\/loadscan"]}]}},"_links":{"self":[{"href":"https:\/\/www.loadscan.com\/pt-br\/wp-json\/wp\/v2\/pages\/34251","targetHints":{"allow":["GET"]}}],"collection":[{"href":"https:\/\/www.loadscan.com\/pt-br\/wp-json\/wp\/v2\/pages"}],"about":[{"href":"https:\/\/www.loadscan.com\/pt-br\/wp-json\/wp\/v2\/types\/page"}],"author":[{"embeddable":true,"href":"https:\/\/www.loadscan.com\/pt-br\/wp-json\/wp\/v2\/users\/25"}],"replies":[{"embeddable":true,"href":"https:\/\/www.loadscan.com\/pt-br\/wp-json\/wp\/v2\/comments?post=34251"}],"version-history":[{"count":10,"href":"https:\/\/www.loadscan.com\/pt-br\/wp-json\/wp\/v2\/pages\/34251\/revisions"}],"predecessor-version":[{"id":34287,"href":"https:\/\/www.loadscan.com\/pt-br\/wp-json\/wp\/v2\/pages\/34251\/revisions\/34287"}],"wp:attachment":[{"href":"https:\/\/www.loadscan.com\/pt-br\/wp-json\/wp\/v2\/media?parent=34251"}],"curies":[{"name":"wp","href":"https:\/\/api.w.org\/{rel}","templated":true}]}}