{"id":34269,"date":"2023-08-22T15:10:13","date_gmt":"2023-08-22T03:10:13","guid":{"rendered":"https:\/\/www.loadscan.com\/solucoes-de-tecnologia-de-digitalizacao\/requisitos-tecnicos-do-myscanner-cloud-service-3d-load-profiler\/"},"modified":"2024-08-14T12:30:08","modified_gmt":"2024-08-14T00:30:08","slug":"requisitos-tecnicos-do-myscanner-cloud-service-3d-load-profiler","status":"publish","type":"page","link":"https:\/\/www.loadscan.com\/pt-br\/solucoes-de-tecnologia-de-digitalizacao\/requisitos-tecnicos-do-myscanner-cloud-service-3d-load-profiler\/","title":{"rendered":"Requisitos t\u00e9cnicos do MyScanner Cloud Service-3D load profiler"},"content":{"rendered":"<p><div class=\"fusion-fullwidth fullwidth-box fusion-builder-row-1 has-pattern-background has-mask-background fusion-parallax-none hundred-percent-fullwidth non-hundred-percent-height-scrolling fusion-no-small-visibility\" style=\"--awb-border-radius-top-left:0px;--awb-border-radius-top-right:0px;--awb-border-radius-bottom-right:0px;--awb-border-radius-bottom-left:0px;--awb-padding-top:300px;--awb-padding-right:0px;--awb-padding-bottom:275px;--awb-padding-left:0px;--awb-margin-top:0px;--awb-margin-bottom:0px;--awb-background-image:url(&quot;https:\/\/www.loadscan.com\/wp-content\/uploads\/2022\/09\/MyScanner-Cloud-Service.png&quot;);--awb-background-size:cover;--awb-flex-wrap:wrap;\" ><div class=\"fusion-builder-row fusion-row\"><div class=\"fusion-layout-column fusion_builder_column fusion-builder-column-0 fusion_builder_column_1_1 1_1 fusion-one-full fusion-column-first fusion-column-last\" style=\"--awb-bg-size:cover;\"><div class=\"fusion-column-wrapper fusion-column-has-shadow fusion-flex-column-wrapper-legacy\"><div class=\"fusion-clearfix\"><\/div><\/div><\/div><\/div><\/div><div class=\"fusion-fullwidth fullwidth-box fusion-builder-row-2 fusion-flex-container hundred-percent-fullwidth non-hundred-percent-height-scrolling\" style=\"--awb-border-radius-top-left:0px;--awb-border-radius-top-right:0px;--awb-border-radius-bottom-right:0px;--awb-border-radius-bottom-left:0px;--awb-padding-right:15%;--awb-padding-left:15%;--awb-padding-right-medium:10%;--awb-padding-left-medium:10%;--awb-padding-right-small:5%;--awb-padding-left-small:5%;--awb-flex-wrap:wrap;\" ><div class=\"fusion-builder-row fusion-row fusion-flex-align-items-flex-start fusion-flex-content-wrap\" style=\"width:104% !important;max-width:104% !important;margin-left: calc(-4% \/ 2 );margin-right: calc(-4% \/ 2 );\"><div class=\"fusion-layout-column fusion_builder_column fusion-builder-column-1 fusion_builder_column_1_1 1_1 fusion-flex-column\" style=\"--awb-bg-size:cover;--awb-width-large:100%;--awb-margin-top-large:0px;--awb-spacing-right-large:1.92%;--awb-margin-bottom-large:0px;--awb-spacing-left-large:1.92%;--awb-width-medium:100%;--awb-spacing-right-medium:1.92%;--awb-spacing-left-medium:1.92%;--awb-width-small:100%;--awb-spacing-right-small:1.92%;--awb-spacing-left-small:1.92%;\"><div class=\"fusion-column-wrapper fusion-flex-justify-content-flex-start fusion-content-layout-column\"><div class=\"fusion-text fusion-text-1\"><h1>Servi\u00e7o de nuvem MyScanner\u2122<\/h1>\n<h4>Requisitos t\u00e9cnicos do perfilador de carga 3D<\/h4>\n<\/div><div class=\"fusion-text fusion-text-2\"><p>Para que os clientes usem essa funcionalidade:  <\/p>\n<ul>\n<li>Eles precisam ter um console do operador executando o Windows 10<\/li>\n<li>Voc\u00ea precisar\u00e1 atualizar o software LVS para a vers\u00e3o mais recente, que \u00e9 a <strong>0-599 &#8211; <\/strong>dispon\u00edvel em nosso site <a href=\"https:\/\/www.loadscan.com\/download\/lvs-3-0-5xx-auto-update\/\">https:\/\/www.loadscan.com\/download\/lvs-3-0-5xx-auto-update\/<\/a><\/li>\n<li>Os computadores\/consoles do operador de 2017 e anteriores (com Windows 7) provavelmente precisar\u00e3o ser substitu\u00eddos.<br \/>\nOs scanners <em>Tally<\/em> <em>Clerk<\/em> mais antigos exigir\u00e3o a substitui\u00e7\u00e3o <strong>completa <\/strong>do scanner e, portanto, n\u00e3o ser\u00e3o compat\u00edveis com essa vers\u00e3o.<br \/>\nPara determinar o que \u00e9 necess\u00e1rio em termos de atualiza\u00e7\u00f5es para um cliente, registre um trabalho em <a href=\"mailto:support@loadscan.com\">support@loadscan.com<\/a> com o n\u00famero de s\u00e9rie do scanner e um membro da equipe de suporte poder\u00e1 entrar remotamente e determinar quais atualiza\u00e7\u00f5es s\u00e3o necess\u00e1rias.  <\/li>\n<li>Se for necess\u00e1rio um novo console\/computador do operador, ele ser\u00e1 cobrado pelo pre\u00e7o padr\u00e3o de um console do operador e ter\u00e1 a vers\u00e3o mais recente do software pr\u00e9-instalada.<\/li>\n<\/ul>\n<\/div><\/div><\/div><\/div><\/div><\/p>\n","protected":false},"excerpt":{"rendered":"","protected":false},"author":25,"featured_media":0,"parent":32198,"menu_order":0,"comment_status":"closed","ping_status":"closed","template":"100-width.php","meta":{"content-type":"","footnotes":""},"class_list":["post-34269","page","type-page","status-publish","hentry"],"yoast_head":"<!-- This site is optimized with the Yoast SEO plugin v27.2 - https:\/\/yoast.com\/product\/yoast-seo-wordpress\/ -->\n<title>LoadScan | Servi\u00e7o de acesso remoto MyScanner para scanners de volume de carga<\/title>\n<meta name=\"description\" content=\"O MyScanner \u00e9 um portal seguro da Web que permite o acesso remoto ao seu scanner, a apresenta\u00e7\u00e3o em tempo real dos dados de digitaliza\u00e7\u00e3o e o acesso ao suporte de qualquer lugar do mundo.\" \/>\n<meta name=\"robots\" content=\"index, follow, max-snippet:-1, max-image-preview:large, max-video-preview:-1\" \/>\n<link rel=\"canonical\" href=\"https:\/\/www.loadscan.com\/pt-br\/solucoes-de-tecnologia-de-digitalizacao\/requisitos-tecnicos-do-myscanner-cloud-service-3d-load-profiler\/\" \/>\n<meta name=\"twitter:label1\" content=\"Est. tempo de leitura\" \/>\n\t<meta name=\"twitter:data1\" content=\"7 minutos\" \/>\n<script type=\"application\/ld+json\" class=\"yoast-schema-graph\">{\"@context\":\"https:\/\/schema.org\",\"@graph\":[{\"@type\":\"WebPage\",\"@id\":\"https:\/\/www.loadscan.com\/pt-br\/solucoes-de-tecnologia-de-digitalizacao\/requisitos-tecnicos-do-myscanner-cloud-service-3d-load-profiler\/\",\"url\":\"https:\/\/www.loadscan.com\/pt-br\/solucoes-de-tecnologia-de-digitalizacao\/requisitos-tecnicos-do-myscanner-cloud-service-3d-load-profiler\/\",\"name\":\"LoadScan | Servi\u00e7o de acesso remoto MyScanner para scanners de volume de carga\",\"isPartOf\":{\"@id\":\"https:\/\/www.loadscan.com\/pt-br\/#website\"},\"datePublished\":\"2023-08-22T03:10:13+00:00\",\"dateModified\":\"2024-08-14T00:30:08+00:00\",\"description\":\"O MyScanner \u00e9 um portal seguro da Web que permite o acesso remoto ao seu scanner, a apresenta\u00e7\u00e3o em tempo real dos dados de digitaliza\u00e7\u00e3o e o acesso ao suporte de qualquer lugar do mundo.\",\"breadcrumb\":{\"@id\":\"https:\/\/www.loadscan.com\/pt-br\/solucoes-de-tecnologia-de-digitalizacao\/requisitos-tecnicos-do-myscanner-cloud-service-3d-load-profiler\/#breadcrumb\"},\"inLanguage\":\"pt-BR\",\"potentialAction\":[{\"@type\":\"ReadAction\",\"target\":[\"https:\/\/www.loadscan.com\/pt-br\/solucoes-de-tecnologia-de-digitalizacao\/requisitos-tecnicos-do-myscanner-cloud-service-3d-load-profiler\/\"]}]},{\"@type\":\"BreadcrumbList\",\"@id\":\"https:\/\/www.loadscan.com\/pt-br\/solucoes-de-tecnologia-de-digitalizacao\/requisitos-tecnicos-do-myscanner-cloud-service-3d-load-profiler\/#breadcrumb\",\"itemListElement\":[{\"@type\":\"ListItem\",\"position\":1,\"name\":\"Home\",\"item\":\"https:\/\/www.loadscan.com\/pt-br\/scanners-de-volume-de-carga-loadscan\/\"},{\"@type\":\"ListItem\",\"position\":2,\"name\":\"Solu\u00e7\u00f5es de tecnologia de digitaliza\u00e7\u00e3o\",\"item\":\"https:\/\/www.loadscan.com\/pt-br\/solucoes-de-tecnologia-de-digitalizacao\/\"},{\"@type\":\"ListItem\",\"position\":3,\"name\":\"Requisitos t\u00e9cnicos do MyScanner Cloud Service-3D load profiler\"}]},{\"@type\":\"WebSite\",\"@id\":\"https:\/\/www.loadscan.com\/pt-br\/#website\",\"url\":\"https:\/\/www.loadscan.com\/pt-br\/\",\"name\":\"Loadscan\",\"description\":\"Certified accurate payload measurement\",\"publisher\":{\"@id\":\"https:\/\/www.loadscan.com\/pt-br\/#organization\"},\"potentialAction\":[{\"@type\":\"SearchAction\",\"target\":{\"@type\":\"EntryPoint\",\"urlTemplate\":\"https:\/\/www.loadscan.com\/pt-br\/?s={search_term_string}\"},\"query-input\":{\"@type\":\"PropertyValueSpecification\",\"valueRequired\":true,\"valueName\":\"search_term_string\"}}],\"inLanguage\":\"pt-BR\"},{\"@type\":\"Organization\",\"@id\":\"https:\/\/www.loadscan.com\/pt-br\/#organization\",\"name\":\"Loadscan\u00ae Ltd\",\"url\":\"https:\/\/www.loadscan.com\/pt-br\/\",\"logo\":{\"@type\":\"ImageObject\",\"inLanguage\":\"pt-BR\",\"@id\":\"https:\/\/www.loadscan.com\/pt-br\/#\/schema\/logo\/image\/\",\"url\":\"https:\/\/www.loadscan.com\/wp-content\/uploads\/2020\/10\/Loadscan-logo-245.png\",\"contentUrl\":\"https:\/\/www.loadscan.com\/wp-content\/uploads\/2020\/10\/Loadscan-logo-245.png\",\"width\":245,\"height\":66,\"caption\":\"Loadscan\u00ae Ltd\"},\"image\":{\"@id\":\"https:\/\/www.loadscan.com\/pt-br\/#\/schema\/logo\/image\/\"},\"sameAs\":[\"https:\/\/www.facebook.com\/loadscan\",\"https:\/\/x.com\/loadscan\",\"https:\/\/nz.linkedin.com\/company\/loadscan\"]}]}<\/script>\n<!-- \/ Yoast SEO plugin. -->","yoast_head_json":{"title":"LoadScan | Servi\u00e7o de acesso remoto MyScanner para scanners de volume de carga","description":"O MyScanner \u00e9 um portal seguro da Web que permite o acesso remoto ao seu scanner, a apresenta\u00e7\u00e3o em tempo real dos dados de digitaliza\u00e7\u00e3o e o acesso ao suporte de qualquer lugar do mundo.","robots":{"index":"index","follow":"follow","max-snippet":"max-snippet:-1","max-image-preview":"max-image-preview:large","max-video-preview":"max-video-preview:-1"},"canonical":"https:\/\/www.loadscan.com\/pt-br\/solucoes-de-tecnologia-de-digitalizacao\/requisitos-tecnicos-do-myscanner-cloud-service-3d-load-profiler\/","twitter_misc":{"Est. tempo de leitura":"7 minutos"},"schema":{"@context":"https:\/\/schema.org","@graph":[{"@type":"WebPage","@id":"https:\/\/www.loadscan.com\/pt-br\/solucoes-de-tecnologia-de-digitalizacao\/requisitos-tecnicos-do-myscanner-cloud-service-3d-load-profiler\/","url":"https:\/\/www.loadscan.com\/pt-br\/solucoes-de-tecnologia-de-digitalizacao\/requisitos-tecnicos-do-myscanner-cloud-service-3d-load-profiler\/","name":"LoadScan | Servi\u00e7o de acesso remoto MyScanner para scanners de volume de carga","isPartOf":{"@id":"https:\/\/www.loadscan.com\/pt-br\/#website"},"datePublished":"2023-08-22T03:10:13+00:00","dateModified":"2024-08-14T00:30:08+00:00","description":"O MyScanner \u00e9 um portal seguro da Web que permite o acesso remoto ao seu scanner, a apresenta\u00e7\u00e3o em tempo real dos dados de digitaliza\u00e7\u00e3o e o acesso ao suporte de qualquer lugar do mundo.","breadcrumb":{"@id":"https:\/\/www.loadscan.com\/pt-br\/solucoes-de-tecnologia-de-digitalizacao\/requisitos-tecnicos-do-myscanner-cloud-service-3d-load-profiler\/#breadcrumb"},"inLanguage":"pt-BR","potentialAction":[{"@type":"ReadAction","target":["https:\/\/www.loadscan.com\/pt-br\/solucoes-de-tecnologia-de-digitalizacao\/requisitos-tecnicos-do-myscanner-cloud-service-3d-load-profiler\/"]}]},{"@type":"BreadcrumbList","@id":"https:\/\/www.loadscan.com\/pt-br\/solucoes-de-tecnologia-de-digitalizacao\/requisitos-tecnicos-do-myscanner-cloud-service-3d-load-profiler\/#breadcrumb","itemListElement":[{"@type":"ListItem","position":1,"name":"Home","item":"https:\/\/www.loadscan.com\/pt-br\/scanners-de-volume-de-carga-loadscan\/"},{"@type":"ListItem","position":2,"name":"Solu\u00e7\u00f5es de tecnologia de digitaliza\u00e7\u00e3o","item":"https:\/\/www.loadscan.com\/pt-br\/solucoes-de-tecnologia-de-digitalizacao\/"},{"@type":"ListItem","position":3,"name":"Requisitos t\u00e9cnicos do MyScanner Cloud Service-3D load profiler"}]},{"@type":"WebSite","@id":"https:\/\/www.loadscan.com\/pt-br\/#website","url":"https:\/\/www.loadscan.com\/pt-br\/","name":"Loadscan","description":"Certified accurate payload measurement","publisher":{"@id":"https:\/\/www.loadscan.com\/pt-br\/#organization"},"potentialAction":[{"@type":"SearchAction","target":{"@type":"EntryPoint","urlTemplate":"https:\/\/www.loadscan.com\/pt-br\/?s={search_term_string}"},"query-input":{"@type":"PropertyValueSpecification","valueRequired":true,"valueName":"search_term_string"}}],"inLanguage":"pt-BR"},{"@type":"Organization","@id":"https:\/\/www.loadscan.com\/pt-br\/#organization","name":"Loadscan\u00ae Ltd","url":"https:\/\/www.loadscan.com\/pt-br\/","logo":{"@type":"ImageObject","inLanguage":"pt-BR","@id":"https:\/\/www.loadscan.com\/pt-br\/#\/schema\/logo\/image\/","url":"https:\/\/www.loadscan.com\/wp-content\/uploads\/2020\/10\/Loadscan-logo-245.png","contentUrl":"https:\/\/www.loadscan.com\/wp-content\/uploads\/2020\/10\/Loadscan-logo-245.png","width":245,"height":66,"caption":"Loadscan\u00ae Ltd"},"image":{"@id":"https:\/\/www.loadscan.com\/pt-br\/#\/schema\/logo\/image\/"},"sameAs":["https:\/\/www.facebook.com\/loadscan","https:\/\/x.com\/loadscan","https:\/\/nz.linkedin.com\/company\/loadscan"]}]}},"_links":{"self":[{"href":"https:\/\/www.loadscan.com\/pt-br\/wp-json\/wp\/v2\/pages\/34269","targetHints":{"allow":["GET"]}}],"collection":[{"href":"https:\/\/www.loadscan.com\/pt-br\/wp-json\/wp\/v2\/pages"}],"about":[{"href":"https:\/\/www.loadscan.com\/pt-br\/wp-json\/wp\/v2\/types\/page"}],"author":[{"embeddable":true,"href":"https:\/\/www.loadscan.com\/pt-br\/wp-json\/wp\/v2\/users\/25"}],"replies":[{"embeddable":true,"href":"https:\/\/www.loadscan.com\/pt-br\/wp-json\/wp\/v2\/comments?post=34269"}],"version-history":[{"count":1,"href":"https:\/\/www.loadscan.com\/pt-br\/wp-json\/wp\/v2\/pages\/34269\/revisions"}],"predecessor-version":[{"id":34273,"href":"https:\/\/www.loadscan.com\/pt-br\/wp-json\/wp\/v2\/pages\/34269\/revisions\/34273"}],"up":[{"embeddable":true,"href":"https:\/\/www.loadscan.com\/pt-br\/wp-json\/wp\/v2\/pages\/32198"}],"wp:attachment":[{"href":"https:\/\/www.loadscan.com\/pt-br\/wp-json\/wp\/v2\/media?parent=34269"}],"curies":[{"name":"wp","href":"https:\/\/api.w.org\/{rel}","templated":true}]}}