{"id":34465,"date":"2020-10-16T21:23:10","date_gmt":"2020-10-16T08:23:10","guid":{"rendered":"https:\/\/www.loadscan.com\/gerenciamento-de-varios-contratantes\/"},"modified":"2024-08-14T12:31:02","modified_gmt":"2024-08-14T00:31:02","slug":"gerenciamento-de-varios-contratantes","status":"publish","type":"page","link":"https:\/\/www.loadscan.com\/pt-br\/gerenciamento-de-varios-contratantes\/","title":{"rendered":"Gerenciamento de v\u00e1rios contratantes"},"content":{"rendered":"<p><div class=\"fusion-fullwidth fullwidth-box fusion-builder-row-1 fusion-flex-container hundred-percent-fullwidth non-hundred-percent-height-scrolling\" style=\"--awb-border-radius-top-left:0px;--awb-border-radius-top-right:0px;--awb-border-radius-bottom-right:0px;--awb-border-radius-bottom-left:0px;--awb-padding-right:15%;--awb-padding-left:15%;--awb-margin-top:0px;--awb-margin-bottom:0px;--awb-flex-wrap:wrap;\" ><div class=\"fusion-builder-row fusion-row fusion-flex-align-items-center fusion-flex-content-wrap\" style=\"width:104% !important;max-width:104% !important;margin-left: calc(-4% \/ 2 );margin-right: calc(-4% \/ 2 );\"><div class=\"fusion-layout-column fusion_builder_column fusion-builder-column-0 fusion_builder_column_1_1 1_1 fusion-flex-column fusion-column-no-min-height\" style=\"--awb-bg-size:cover;--awb-width-large:100%;--awb-margin-top-large:0px;--awb-spacing-right-large:1.92%;--awb-margin-bottom-large:20px;--awb-spacing-left-large:1.92%;--awb-width-medium:100%;--awb-order-medium:0;--awb-spacing-right-medium:1.92%;--awb-spacing-left-medium:1.92%;--awb-width-small:100%;--awb-order-small:0;--awb-spacing-right-small:1.92%;--awb-spacing-left-small:1.92%;\"><div class=\"fusion-column-wrapper fusion-column-has-shadow fusion-flex-justify-content-flex-start fusion-content-layout-column\"><div class=\"fusion-separator fusion-full-width-sep\" style=\"align-self: center;margin-left: auto;margin-right: auto;margin-top:40px;width:100%;\"><\/div><\/div><\/div><div class=\"fusion-layout-column fusion_builder_column fusion-builder-column-1 fusion_builder_column_1_2 1_2 fusion-flex-column\" style=\"--awb-bg-size:cover;--awb-width-large:50%;--awb-margin-top-large:0px;--awb-spacing-right-large:3.84%;--awb-margin-bottom-large:20px;--awb-spacing-left-large:3.84%;--awb-width-medium:50%;--awb-order-medium:0;--awb-spacing-right-medium:3.84%;--awb-spacing-left-medium:3.84%;--awb-width-small:100%;--awb-order-small:0;--awb-spacing-right-small:1.92%;--awb-spacing-left-small:1.92%;\"><div class=\"fusion-column-wrapper fusion-column-has-shadow fusion-flex-justify-content-flex-start fusion-content-layout-column\"><div class=\"fusion-text fusion-text-1\"><h1 style=\"font-size: 3.25em;\">Gerenciar v\u00e1rios empreiteiros civis pode ser uma dor de cabe\u00e7a para os operadores!<\/h1>\n<\/div><\/div><\/div><div class=\"fusion-layout-column fusion_builder_column fusion-builder-column-2 fusion_builder_column_1_2 1_2 fusion-flex-column\" style=\"--awb-bg-position:center center;--awb-bg-size:cover;--awb-width-large:50%;--awb-margin-top-large:0px;--awb-spacing-right-large:3.84%;--awb-margin-bottom-large:20px;--awb-spacing-left-large:3.84%;--awb-width-medium:50%;--awb-order-medium:0;--awb-spacing-right-medium:3.84%;--awb-spacing-left-medium:3.84%;--awb-width-small:100%;--awb-order-small:0;--awb-spacing-right-small:1.92%;--awb-spacing-left-small:1.92%;\"><div class=\"fusion-column-wrapper fusion-column-has-shadow fusion-flex-justify-content-center fusion-content-layout-column\"><div class=\"fusion-text fusion-text-2\"><p style=\"font-size: 1.5em;\">V\u00e1rios prestadores de servi\u00e7os podem ser facilmente gerenciados usando o sistema de etiquetas RFID instalado nos caminh\u00f5es.<br \/>\nIsso reduz os erros humanos, elimina os registros escritos \u00e0 m\u00e3o e dispensa a necessidade de um encarregado ou registrador. <\/p>\n<p style=\"font-size: 1.5em;\">O sistema Loadscan mostra exatamente quanto material foi entregue ou enviado para fora do local a cada hora, dia ou semana, por caminh\u00e3o e empreiteiro.<\/p>\n<\/div><\/div><\/div><div class=\"fusion-layout-column fusion_builder_column fusion-builder-column-3 fusion_builder_column_1_1 1_1 fusion-flex-column fusion-column-no-min-height\" style=\"--awb-bg-size:cover;--awb-width-large:100%;--awb-margin-top-large:0px;--awb-spacing-right-large:1.92%;--awb-margin-bottom-large:20px;--awb-spacing-left-large:1.92%;--awb-width-medium:100%;--awb-order-medium:0;--awb-spacing-right-medium:1.92%;--awb-spacing-left-medium:1.92%;--awb-width-small:100%;--awb-order-small:0;--awb-spacing-right-small:1.92%;--awb-spacing-left-small:1.92%;\"><div class=\"fusion-column-wrapper fusion-column-has-shadow fusion-flex-justify-content-flex-start fusion-content-layout-column\"><div class=\"fusion-separator fusion-full-width-sep\" style=\"align-self: center;margin-left: auto;margin-right: auto;margin-bottom:10px;width:100%;\"><div class=\"fusion-separator-border sep-double\" style=\"--awb-height:20px;--awb-amount:20px;border-color:#3e3e3e;border-top-width:0px;border-bottom-width:0px;\"><\/div><\/div><div class=\"fusion-image-element \" style=\"text-align:center;--awb-caption-title-font-family:var(--h2_typography-font-family);--awb-caption-title-font-weight:var(--h2_typography-font-weight);--awb-caption-title-font-style:var(--h2_typography-font-style);--awb-caption-title-size:var(--h2_typography-font-size);--awb-caption-title-transform:var(--h2_typography-text-transform);--awb-caption-title-line-height:var(--h2_typography-line-height);--awb-caption-title-letter-spacing:var(--h2_typography-letter-spacing);\"><span class=\" fusion-imageframe imageframe-none imageframe-1 hover-type-none\"><a href=\"https:\/\/www.loadscan.com\/wp-content\/uploads\/2023\/09\/Multiple-Contractors-Diagram-MyScanner2023_Neg.png\" class=\"fusion-lightbox\" data-rel=\"iLightbox[264017fcbadd618d157]\" data-title=\"Multiple Contractors Diagram &#8211; MyScanner2023_Neg\" title=\"Multiple Contractors Diagram &#8211; MyScanner2023_Neg\"><img decoding=\"async\" width=\"2560\" height=\"1585\" alt=\"Gerenciamento de v\u00e1rios prestadores de servi\u00e7os\" src=\"https:\/\/www.loadscan.com\/wp-content\/uploads\/2023\/09\/Multiple-Contractors-Diagram-MyScanner2023_Neg.png\" class=\"img-responsive wp-image-31056\" srcset=\"https:\/\/www.loadscan.com\/wp-content\/uploads\/2023\/09\/Multiple-Contractors-Diagram-MyScanner2023_Neg-200x124.png 200w, https:\/\/www.loadscan.com\/wp-content\/uploads\/2023\/09\/Multiple-Contractors-Diagram-MyScanner2023_Neg-400x248.png 400w, https:\/\/www.loadscan.com\/wp-content\/uploads\/2023\/09\/Multiple-Contractors-Diagram-MyScanner2023_Neg-600x371.png 600w, https:\/\/www.loadscan.com\/wp-content\/uploads\/2023\/09\/Multiple-Contractors-Diagram-MyScanner2023_Neg-800x495.png 800w, https:\/\/www.loadscan.com\/wp-content\/uploads\/2023\/09\/Multiple-Contractors-Diagram-MyScanner2023_Neg-1200x743.png 1200w, https:\/\/www.loadscan.com\/wp-content\/uploads\/2023\/09\/Multiple-Contractors-Diagram-MyScanner2023_Neg.png 2560w\" sizes=\"(max-width: 640px) 100vw, 1200px\" \/><\/a><\/span><\/div><div class=\"fusion-separator fusion-full-width-sep\" style=\"align-self: center;margin-left: auto;margin-right: auto;margin-top:40px;width:100%;\"><\/div><\/div><\/div><\/div><\/div><div class=\"fusion-fullwidth fullwidth-box fusion-builder-row-2 hundred-percent-fullwidth non-hundred-percent-height-scrolling fusion-equal-height-columns\" style=\"--awb-border-radius-top-left:0px;--awb-border-radius-top-right:0px;--awb-border-radius-bottom-right:0px;--awb-border-radius-bottom-left:0px;--awb-padding-top:50px;--awb-padding-right:15%;--awb-padding-bottom:50px;--awb-padding-left:15%;--awb-flex-wrap:wrap;\" ><div class=\"fusion-builder-row fusion-row\"><div class=\"fusion-layout-column fusion_builder_column fusion-builder-column-4 fusion_builder_column_1_1 1_1 fusion-one-full fusion-column-first fusion-column-last fusion-column-no-min-height\" style=\"--awb-bg-size:cover;\"><div class=\"fusion-column-wrapper fusion-column-has-shadow fusion-flex-column-wrapper-legacy\"><div class=\"fusion-text fusion-text-3\"><h1 style=\"font-size: 3.5em;\">Rastrear com precis\u00e3o todos os movimentos de materiais<\/h1>\n<\/div><div class=\"fusion-clearfix\"><\/div><\/div><\/div><div class=\"fusion-layout-column fusion_builder_column fusion-builder-column-5 fusion_builder_column_2_5 2_5 fusion-two-fifth fusion-column-first\" style=\"--awb-bg-size:cover;width:40%;width:calc(40% - ( ( 4% ) * 0.4 ) );margin-right: 4%;\"><div class=\"fusion-column-wrapper fusion-column-has-shadow fusion-flex-column-wrapper-legacy\"><div class=\"fusion-column-content-centered\"><div class=\"fusion-column-content\"><div class=\"fusion-text fusion-text-4\"><p style=\"font-size: 1.5em;\">A medi\u00e7\u00e3o cont\u00ednua e em tempo real de volumes precisos \u00e9 a principal informa\u00e7\u00e3o gerada pelo scanner de volume.<br \/>\nO sistema automatizado permite que os empreiteiros verifiquem a produtividade di\u00e1ria e fornece uma refer\u00eancia cruzada \u00fatil para pagamentos. <\/p>\n<p style=\"font-size: 1.5em;\">Ele permite melhorias na efici\u00eancia operacional por meio do monitoramento da produtividade individual do motorista\/operador e, quando combinado com as imagens de digitaliza\u00e7\u00e3o em 3D geradas automaticamente para cada carga, pode ser \u00fatil no treinamento e na orienta\u00e7\u00e3o dos operadores de carregadeiras.<\/p>\n<\/div><\/div><\/div><div class=\"fusion-clearfix\"><\/div><\/div><\/div><div class=\"fusion-layout-column fusion_builder_column fusion-builder-column-6 fusion_builder_column_3_5 3_5 fusion-three-fifth fusion-column-last\" style=\"--awb-bg-size:cover;width:60%;width:calc(60% - ( ( 4% ) * 0.6 ) );\"><div class=\"fusion-column-wrapper fusion-column-has-shadow fusion-flex-column-wrapper-legacy\"><div class=\"fusion-column-content-centered\"><div class=\"fusion-column-content\"><div class=\"fusion-image-element fusion-image-align-center in-legacy-container\" style=\"text-align:center;--awb-caption-title-font-family:var(--h2_typography-font-family);--awb-caption-title-font-weight:var(--h2_typography-font-weight);--awb-caption-title-font-style:var(--h2_typography-font-style);--awb-caption-title-size:var(--h2_typography-font-size);--awb-caption-title-transform:var(--h2_typography-text-transform);--awb-caption-title-line-height:var(--h2_typography-line-height);--awb-caption-title-letter-spacing:var(--h2_typography-letter-spacing);\"><div class=\"imageframe-align-center\"><span class=\" fusion-imageframe imageframe-none imageframe-2 hover-type-none\"><img decoding=\"async\" width=\"1200\" height=\"800\" title=\"Multiple-Contractors2\" src=\"https:\/\/www.loadscan.com\/wp-content\/uploads\/2020\/10\/Multiple-Contractors2.jpg\" alt class=\"img-responsive wp-image-29538\" srcset=\"https:\/\/www.loadscan.com\/wp-content\/uploads\/2020\/10\/Multiple-Contractors2-200x133.jpg 200w, https:\/\/www.loadscan.com\/wp-content\/uploads\/2020\/10\/Multiple-Contractors2-400x267.jpg 400w, https:\/\/www.loadscan.com\/wp-content\/uploads\/2020\/10\/Multiple-Contractors2-600x400.jpg 600w, https:\/\/www.loadscan.com\/wp-content\/uploads\/2020\/10\/Multiple-Contractors2-800x533.jpg 800w, https:\/\/www.loadscan.com\/wp-content\/uploads\/2020\/10\/Multiple-Contractors2.jpg 1200w\" sizes=\"(max-width: 1280px) 100vw, 800px\" \/><\/span><\/div><\/div><\/div><\/div><div class=\"fusion-clearfix\"><\/div><\/div><\/div><\/div><\/div><div class=\"fusion-fullwidth fullwidth-box fusion-builder-row-3 fusion-flex-container has-pattern-background has-mask-background hundred-percent-fullwidth non-hundred-percent-height-scrolling\" style=\"--awb-background-position:center top;--awb-border-sizes-top:0px;--awb-border-sizes-bottom:0px;--awb-border-sizes-left:0px;--awb-border-sizes-right:0px;--awb-border-radius-top-left:0px;--awb-border-radius-top-right:0px;--awb-border-radius-bottom-right:0px;--awb-border-radius-bottom-left:0px;--awb-padding-top:20px;--awb-padding-right:15%;--awb-padding-bottom:20px;--awb-padding-left:15%;--awb-background-color:#f41000;--awb-flex-wrap:wrap;\" ><div class=\"fusion-builder-row fusion-row fusion-flex-align-items-stretch fusion-flex-justify-content-center fusion-flex-content-wrap\" style=\"width:104% !important;max-width:104% !important;margin-left: calc(-4% \/ 2 );margin-right: calc(-4% \/ 2 );\"><div class=\"fusion-layout-column fusion_builder_column fusion-builder-column-7 fusion_builder_column_1_3 1_3 fusion-flex-column fusion-flex-align-self-stretch fusion-column-no-min-height\" style=\"--awb-bg-size:cover;--awb-width-large:33.333333333333%;--awb-margin-top-large:0px;--awb-spacing-right-large:5.76%;--awb-margin-bottom-large:20px;--awb-spacing-left-large:5.76%;--awb-width-medium:33.333333333333%;--awb-order-medium:0;--awb-spacing-right-medium:5.76%;--awb-spacing-left-medium:5.76%;--awb-width-small:100%;--awb-order-small:0;--awb-spacing-right-small:1.92%;--awb-spacing-left-small:1.92%;\" data-scroll-devices=\"small-visibility,medium-visibility,large-visibility\"><div class=\"fusion-column-wrapper fusion-column-has-shadow fusion-flex-justify-content-space-evenly fusion-content-layout-column\"><div class=\"fusion-separator fusion-full-width-sep\" style=\"align-self: center;margin-left: auto;margin-right: auto;margin-top:25px;width:100%;\"><\/div><div class=\"fusion-text fusion-text-5\"><h3><span style=\"color: #ffffff;\"><strong>Voc\u00ea gostaria de ter os mesmos benef\u00edcios que outros operadores civis tiveram?<\/strong><\/span><\/h3>\n<\/div><\/div><\/div><div class=\"fusion-layout-column fusion_builder_column fusion-builder-column-8 fusion_builder_column_1_3 1_3 fusion-flex-column fusion-flex-align-self-stretch fusion-column-no-min-height\" style=\"--awb-padding-right:20px;--awb-bg-size:cover;--awb-width-large:33.333333333333%;--awb-margin-top-large:0px;--awb-spacing-right-large:5.76%;--awb-margin-bottom-large:20px;--awb-spacing-left-large:5.76%;--awb-width-medium:33.333333333333%;--awb-order-medium:0;--awb-spacing-right-medium:5.76%;--awb-spacing-left-medium:5.76%;--awb-width-small:100%;--awb-order-small:0;--awb-spacing-right-small:1.92%;--awb-spacing-left-small:1.92%;\" data-scroll-devices=\"small-visibility,medium-visibility,large-visibility\"><div class=\"fusion-column-wrapper fusion-column-has-shadow fusion-flex-justify-content-center fusion-content-layout-column\"><a class=\"fusion-modal-text-link\" data-toggle=\"modal\" data-target=\".fusion-modal.contactus\" href=\"#\"><img decoding=\"async\" src=\"https:\/\/www.loadscan.com\/wp-content\/uploads\/2020\/09\/LS-Button_Online-Enquiry.png\" alt=\"\" width=\"432\" height=\"190\"> <img class=\"aligncenter size-full\"><\/a><div class=\"fusion-modal modal fade modal-1 contactus has-light-close\" tabindex=\"-1\" role=\"dialog\" aria-labelledby=\"modal-heading-1\" aria-hidden=\"true\" style=\"--awb-border-color:#ffc500;--awb-background:#29292a;\"><div class=\"modal-dialog modal-lg\" role=\"document\"><div class=\"modal-content fusion-modal-content\"><div class=\"modal-header\"><button class=\"close\" type=\"button\" data-dismiss=\"modal\" aria-hidden=\"true\" aria-label=\"Close\">&times;<\/button><h3 class=\"modal-title\" id=\"modal-heading-1\" data-dismiss=\"modal\" aria-hidden=\"true\">Entre em contato conosco sobre os benef\u00edcios do Loadscan para seus projetos civis<\/h3><\/div><div class=\"modal-body fusion-clearfix\">[contact-form-7 id=&#8221;5242&#8243; title=&#8221;Formul\u00e1rio geral de contato&#8221;]<\/div><\/div><\/div><\/div><\/div><\/div><div class=\"fusion-layout-column fusion_builder_column fusion-builder-column-9 fusion_builder_column_1_3 1_3 fusion-flex-column fusion-flex-align-self-stretch fusion-column-no-min-height\" style=\"--awb-bg-size:cover;--awb-width-large:33.333333333333%;--awb-margin-top-large:0px;--awb-spacing-right-large:5.76%;--awb-margin-bottom-large:20px;--awb-spacing-left-large:5.76%;--awb-width-medium:33.333333333333%;--awb-order-medium:0;--awb-spacing-right-medium:5.76%;--awb-spacing-left-medium:5.76%;--awb-width-small:100%;--awb-order-small:0;--awb-spacing-right-small:1.92%;--awb-spacing-left-small:1.92%;\" data-scroll-devices=\"small-visibility,medium-visibility,large-visibility\"><div class=\"fusion-column-wrapper fusion-column-has-shadow fusion-flex-justify-content-space-evenly fusion-content-layout-column\"><a class=\"fusion-modal-text-link\" data-toggle=\"modal\" data-target=\".fusion-modal.constructionform\" href=\"#\"><img decoding=\"async\" src=\"https:\/\/www.loadscan.com\/wp-content\/uploads\/2020\/10\/Loadscan_Civil-call-back.png\" alt=\"\" width=\"541\" height=\"200\"> <img class=\"aligncenter size-full\"><\/a><div class=\"fusion-modal modal fade modal-2 constructionform has-light-close\" tabindex=\"-1\" role=\"dialog\" aria-labelledby=\"modal-heading-2\" aria-hidden=\"true\" style=\"--awb-border-color:#ffc500;--awb-background:#29292a;\"><div class=\"modal-dialog modal-lg\" role=\"document\"><div class=\"modal-content fusion-modal-content\"><div class=\"modal-header\"><button class=\"close\" type=\"button\" data-dismiss=\"modal\" aria-hidden=\"true\" aria-label=\"Close\">&times;<\/button><h3 class=\"modal-title\" id=\"modal-heading-2\" data-dismiss=\"modal\" aria-hidden=\"true\">Use este formul\u00e1rio para solicitar uma chamada de retorno de um de nossos especialistas<\/h3><\/div><div class=\"modal-body fusion-clearfix\">\n[contact-form-7 id=&#8221;17154&#8243; title=&#8221;Formul\u00e1rio de solicita\u00e7\u00e3o de retorno de chamada &#8211; CONSTRU\u00c7\u00c3O&#8221;]\n<\/div><div class=\"modal-footer\"><button class=\"fusion-button button-default button-medium button default medium\" type=\"button\" data-dismiss=\"modal\">Close<\/button><\/div><\/div><\/div><\/div><\/div><\/div><\/div><\/div><\/p>\n","protected":false},"excerpt":{"rendered":"","protected":false},"author":12,"featured_media":0,"parent":0,"menu_order":0,"comment_status":"closed","ping_status":"closed","template":"100-width.php","meta":{"content-type":"","footnotes":""},"class_list":["post-34465","page","type-page","status-publish","hentry"],"yoast_head":"<!-- This site is optimized with the Yoast SEO plugin v27.2 - https:\/\/yoast.com\/product\/yoast-seo-wordpress\/ -->\n<title>Gerenciando v\u00e1rios prestadores de servi\u00e7os - LoadScan\u00ae<\/title>\n<meta name=\"description\" content=\"V\u00e1rios empreiteiros podem ser facilmente gerenciados usando o sistema de etiquetas RFID instalado nos caminh\u00f5es.\" \/>\n<meta name=\"robots\" content=\"index, follow, max-snippet:-1, max-image-preview:large, max-video-preview:-1\" \/>\n<link rel=\"canonical\" href=\"https:\/\/www.loadscan.com\/pt-br\/gerenciamento-de-varios-contratantes\/\" \/>\n<meta name=\"twitter:label1\" content=\"Est. tempo de leitura\" \/>\n\t<meta name=\"twitter:data1\" content=\"16 minutos\" \/>\n<script type=\"application\/ld+json\" class=\"yoast-schema-graph\">{\"@context\":\"https:\/\/schema.org\",\"@graph\":[{\"@type\":\"WebPage\",\"@id\":\"https:\/\/www.loadscan.com\/pt-br\/gerenciamento-de-varios-contratantes\/\",\"url\":\"https:\/\/www.loadscan.com\/pt-br\/gerenciamento-de-varios-contratantes\/\",\"name\":\"Gerenciando v\u00e1rios prestadores de servi\u00e7os - LoadScan\u00ae\",\"isPartOf\":{\"@id\":\"https:\/\/www.loadscan.com\/pt-br\/#website\"},\"primaryImageOfPage\":{\"@id\":\"https:\/\/www.loadscan.com\/pt-br\/gerenciamento-de-varios-contratantes\/#primaryimage\"},\"image\":{\"@id\":\"https:\/\/www.loadscan.com\/pt-br\/gerenciamento-de-varios-contratantes\/#primaryimage\"},\"thumbnailUrl\":\"https:\/\/www.loadscan.com\/wp-content\/uploads\/2020\/09\/LS-Button_Online-Enquiry.png\",\"datePublished\":\"2020-10-16T08:23:10+00:00\",\"dateModified\":\"2024-08-14T00:31:02+00:00\",\"description\":\"V\u00e1rios empreiteiros podem ser facilmente gerenciados usando o sistema de etiquetas RFID instalado nos caminh\u00f5es.\",\"breadcrumb\":{\"@id\":\"https:\/\/www.loadscan.com\/pt-br\/gerenciamento-de-varios-contratantes\/#breadcrumb\"},\"inLanguage\":\"pt-BR\",\"potentialAction\":[{\"@type\":\"ReadAction\",\"target\":[\"https:\/\/www.loadscan.com\/pt-br\/gerenciamento-de-varios-contratantes\/\"]}]},{\"@type\":\"ImageObject\",\"inLanguage\":\"pt-BR\",\"@id\":\"https:\/\/www.loadscan.com\/pt-br\/gerenciamento-de-varios-contratantes\/#primaryimage\",\"url\":\"https:\/\/www.loadscan.com\/wp-content\/uploads\/2020\/09\/LS-Button_Online-Enquiry.png\",\"contentUrl\":\"https:\/\/www.loadscan.com\/wp-content\/uploads\/2020\/09\/LS-Button_Online-Enquiry.png\"},{\"@type\":\"BreadcrumbList\",\"@id\":\"https:\/\/www.loadscan.com\/pt-br\/gerenciamento-de-varios-contratantes\/#breadcrumb\",\"itemListElement\":[{\"@type\":\"ListItem\",\"position\":1,\"name\":\"Home\",\"item\":\"https:\/\/www.loadscan.com\/pt-br\/scanners-de-volume-de-carga-loadscan\/\"},{\"@type\":\"ListItem\",\"position\":2,\"name\":\"Gerenciamento de v\u00e1rios contratantes\"}]},{\"@type\":\"WebSite\",\"@id\":\"https:\/\/www.loadscan.com\/pt-br\/#website\",\"url\":\"https:\/\/www.loadscan.com\/pt-br\/\",\"name\":\"Loadscan\",\"description\":\"Certified accurate payload measurement\",\"publisher\":{\"@id\":\"https:\/\/www.loadscan.com\/pt-br\/#organization\"},\"potentialAction\":[{\"@type\":\"SearchAction\",\"target\":{\"@type\":\"EntryPoint\",\"urlTemplate\":\"https:\/\/www.loadscan.com\/pt-br\/?s={search_term_string}\"},\"query-input\":{\"@type\":\"PropertyValueSpecification\",\"valueRequired\":true,\"valueName\":\"search_term_string\"}}],\"inLanguage\":\"pt-BR\"},{\"@type\":\"Organization\",\"@id\":\"https:\/\/www.loadscan.com\/pt-br\/#organization\",\"name\":\"Loadscan\u00ae Ltd\",\"url\":\"https:\/\/www.loadscan.com\/pt-br\/\",\"logo\":{\"@type\":\"ImageObject\",\"inLanguage\":\"pt-BR\",\"@id\":\"https:\/\/www.loadscan.com\/pt-br\/#\/schema\/logo\/image\/\",\"url\":\"https:\/\/www.loadscan.com\/wp-content\/uploads\/2020\/10\/Loadscan-logo-245.png\",\"contentUrl\":\"https:\/\/www.loadscan.com\/wp-content\/uploads\/2020\/10\/Loadscan-logo-245.png\",\"width\":245,\"height\":66,\"caption\":\"Loadscan\u00ae Ltd\"},\"image\":{\"@id\":\"https:\/\/www.loadscan.com\/pt-br\/#\/schema\/logo\/image\/\"},\"sameAs\":[\"https:\/\/www.facebook.com\/loadscan\",\"https:\/\/x.com\/loadscan\",\"https:\/\/nz.linkedin.com\/company\/loadscan\"]}]}<\/script>\n<!-- \/ Yoast SEO plugin. -->","yoast_head_json":{"title":"Gerenciando v\u00e1rios prestadores de servi\u00e7os - LoadScan\u00ae","description":"V\u00e1rios empreiteiros podem ser facilmente gerenciados usando o sistema de etiquetas RFID instalado nos caminh\u00f5es.","robots":{"index":"index","follow":"follow","max-snippet":"max-snippet:-1","max-image-preview":"max-image-preview:large","max-video-preview":"max-video-preview:-1"},"canonical":"https:\/\/www.loadscan.com\/pt-br\/gerenciamento-de-varios-contratantes\/","twitter_misc":{"Est. tempo de leitura":"16 minutos"},"schema":{"@context":"https:\/\/schema.org","@graph":[{"@type":"WebPage","@id":"https:\/\/www.loadscan.com\/pt-br\/gerenciamento-de-varios-contratantes\/","url":"https:\/\/www.loadscan.com\/pt-br\/gerenciamento-de-varios-contratantes\/","name":"Gerenciando v\u00e1rios prestadores de servi\u00e7os - LoadScan\u00ae","isPartOf":{"@id":"https:\/\/www.loadscan.com\/pt-br\/#website"},"primaryImageOfPage":{"@id":"https:\/\/www.loadscan.com\/pt-br\/gerenciamento-de-varios-contratantes\/#primaryimage"},"image":{"@id":"https:\/\/www.loadscan.com\/pt-br\/gerenciamento-de-varios-contratantes\/#primaryimage"},"thumbnailUrl":"https:\/\/www.loadscan.com\/wp-content\/uploads\/2020\/09\/LS-Button_Online-Enquiry.png","datePublished":"2020-10-16T08:23:10+00:00","dateModified":"2024-08-14T00:31:02+00:00","description":"V\u00e1rios empreiteiros podem ser facilmente gerenciados usando o sistema de etiquetas RFID instalado nos caminh\u00f5es.","breadcrumb":{"@id":"https:\/\/www.loadscan.com\/pt-br\/gerenciamento-de-varios-contratantes\/#breadcrumb"},"inLanguage":"pt-BR","potentialAction":[{"@type":"ReadAction","target":["https:\/\/www.loadscan.com\/pt-br\/gerenciamento-de-varios-contratantes\/"]}]},{"@type":"ImageObject","inLanguage":"pt-BR","@id":"https:\/\/www.loadscan.com\/pt-br\/gerenciamento-de-varios-contratantes\/#primaryimage","url":"https:\/\/www.loadscan.com\/wp-content\/uploads\/2020\/09\/LS-Button_Online-Enquiry.png","contentUrl":"https:\/\/www.loadscan.com\/wp-content\/uploads\/2020\/09\/LS-Button_Online-Enquiry.png"},{"@type":"BreadcrumbList","@id":"https:\/\/www.loadscan.com\/pt-br\/gerenciamento-de-varios-contratantes\/#breadcrumb","itemListElement":[{"@type":"ListItem","position":1,"name":"Home","item":"https:\/\/www.loadscan.com\/pt-br\/scanners-de-volume-de-carga-loadscan\/"},{"@type":"ListItem","position":2,"name":"Gerenciamento de v\u00e1rios contratantes"}]},{"@type":"WebSite","@id":"https:\/\/www.loadscan.com\/pt-br\/#website","url":"https:\/\/www.loadscan.com\/pt-br\/","name":"Loadscan","description":"Certified accurate payload measurement","publisher":{"@id":"https:\/\/www.loadscan.com\/pt-br\/#organization"},"potentialAction":[{"@type":"SearchAction","target":{"@type":"EntryPoint","urlTemplate":"https:\/\/www.loadscan.com\/pt-br\/?s={search_term_string}"},"query-input":{"@type":"PropertyValueSpecification","valueRequired":true,"valueName":"search_term_string"}}],"inLanguage":"pt-BR"},{"@type":"Organization","@id":"https:\/\/www.loadscan.com\/pt-br\/#organization","name":"Loadscan\u00ae Ltd","url":"https:\/\/www.loadscan.com\/pt-br\/","logo":{"@type":"ImageObject","inLanguage":"pt-BR","@id":"https:\/\/www.loadscan.com\/pt-br\/#\/schema\/logo\/image\/","url":"https:\/\/www.loadscan.com\/wp-content\/uploads\/2020\/10\/Loadscan-logo-245.png","contentUrl":"https:\/\/www.loadscan.com\/wp-content\/uploads\/2020\/10\/Loadscan-logo-245.png","width":245,"height":66,"caption":"Loadscan\u00ae Ltd"},"image":{"@id":"https:\/\/www.loadscan.com\/pt-br\/#\/schema\/logo\/image\/"},"sameAs":["https:\/\/www.facebook.com\/loadscan","https:\/\/x.com\/loadscan","https:\/\/nz.linkedin.com\/company\/loadscan"]}]}},"_links":{"self":[{"href":"https:\/\/www.loadscan.com\/pt-br\/wp-json\/wp\/v2\/pages\/34465","targetHints":{"allow":["GET"]}}],"collection":[{"href":"https:\/\/www.loadscan.com\/pt-br\/wp-json\/wp\/v2\/pages"}],"about":[{"href":"https:\/\/www.loadscan.com\/pt-br\/wp-json\/wp\/v2\/types\/page"}],"author":[{"embeddable":true,"href":"https:\/\/www.loadscan.com\/pt-br\/wp-json\/wp\/v2\/users\/12"}],"replies":[{"embeddable":true,"href":"https:\/\/www.loadscan.com\/pt-br\/wp-json\/wp\/v2\/comments?post=34465"}],"version-history":[{"count":1,"href":"https:\/\/www.loadscan.com\/pt-br\/wp-json\/wp\/v2\/pages\/34465\/revisions"}],"predecessor-version":[{"id":34469,"href":"https:\/\/www.loadscan.com\/pt-br\/wp-json\/wp\/v2\/pages\/34465\/revisions\/34469"}],"wp:attachment":[{"href":"https:\/\/www.loadscan.com\/pt-br\/wp-json\/wp\/v2\/media?parent=34465"}],"curies":[{"name":"wp","href":"https:\/\/api.w.org\/{rel}","templated":true}]}}