{"id":37863,"date":"2025-09-15T14:19:27","date_gmt":"2025-09-15T02:19:27","guid":{"rendered":"https:\/\/www.loadscan.com\/?page_id=37863"},"modified":"2025-09-15T14:19:28","modified_gmt":"2025-09-15T02:19:28","slug":"loadscan-fixo-lvs-3bmf-2-2","status":"publish","type":"page","link":"https:\/\/www.loadscan.com\/pt-br\/servico-de-nuvem-myscanner\/loadscan-fixo-lvs-3bmf-2-2\/","title":{"rendered":"Add-on LoadVision"},"content":{"rendered":"<p><div class=\"fusion-fullwidth fullwidth-box fusion-builder-row-1 fusion-flex-container has-pattern-background has-mask-background hundred-percent-fullwidth non-hundred-percent-height-scrolling\" style=\"--awb-background-position:center top;--awb-border-radius-top-left:0px;--awb-border-radius-top-right:0px;--awb-border-radius-bottom-right:0px;--awb-border-radius-bottom-left:0px;--awb-padding-right:0px;--awb-padding-left:0px;--awb-background-size:contain;--awb-flex-wrap:wrap;\" ><div class=\"fusion-builder-row fusion-row fusion-flex-align-items-flex-start fusion-flex-justify-content-center fusion-flex-content-wrap\" style=\"width:104% !important;max-width:104% !important;margin-left: calc(-4% \/ 2 );margin-right: calc(-4% \/ 2 );\"><div class=\"fusion-layout-column fusion_builder_column fusion-builder-column-0 fusion_builder_column_1_1 1_1 fusion-flex-column\" style=\"--awb-bg-image:url(&#039;https:\/\/www.loadscan.com\/wp-content\/uploads\/2024\/11\/Loadscan-Product_MyScanner-LoadVision.png&#039;);--awb-bg-position:center top;--awb-bg-size:cover;--awb-width-large:100%;--awb-margin-top-large:0px;--awb-spacing-right-large:1.92%;--awb-margin-bottom-large:20px;--awb-spacing-left-large:1.92%;--awb-width-medium:100%;--awb-order-medium:0;--awb-spacing-right-medium:1.92%;--awb-spacing-left-medium:1.92%;--awb-width-small:100%;--awb-order-small:0;--awb-spacing-right-small:1.92%;--awb-spacing-left-small:1.92%;\" data-scroll-devices=\"small-visibility,medium-visibility,large-visibility\"><div class=\"fusion-column-wrapper fusion-column-has-shadow fusion-flex-justify-content-flex-start fusion-content-layout-column fusion-empty-column-bg-image fusion-column-has-bg-image\" data-bg-url=\"https:\/\/www.loadscan.com\/wp-content\/uploads\/2024\/11\/Loadscan-Product_MyScanner-LoadVision.png\"><img decoding=\"async\" class=\"fusion-empty-dims-img-placeholder\" aria-label=\"Loadscan Product_MyScanner LoadVision\" src=\"data:image\/svg+xml,%3Csvg%20xmlns%3D%27http%3A%2F%2Fwww.w3.org%2F2000%2Fsvg%27%20width%3D%271920%27%20height%3D%27550%27%20viewBox%3D%270%200%201920%20550%27%3E%3Crect%20width%3D%271920%27%20height%3D%27550%27%20fill-opacity%3D%220%22%2F%3E%3C%2Fsvg%3E\"><\/div><\/div><\/div><\/div><div class=\"fusion-fullwidth fullwidth-box fusion-builder-row-2 fusion-flex-container hundred-percent-fullwidth non-hundred-percent-height-scrolling\" style=\"--awb-border-radius-top-left:0px;--awb-border-radius-top-right:0px;--awb-border-radius-bottom-right:0px;--awb-border-radius-bottom-left:0px;--awb-padding-right:10%;--awb-padding-left:10%;--awb-padding-right-small:5%;--awb-padding-left-small:5%;--awb-flex-wrap:wrap;\" ><div class=\"fusion-builder-row fusion-row fusion-flex-align-items-flex-start fusion-flex-content-wrap\" style=\"width:104% !important;max-width:104% !important;margin-left: calc(-4% \/ 2 );margin-right: calc(-4% \/ 2 );\"><div class=\"fusion-layout-column fusion_builder_column fusion-builder-column-1 fusion_builder_column_1_1 1_1 fusion-flex-column\" style=\"--awb-bg-size:cover;--awb-width-large:100%;--awb-margin-top-large:0px;--awb-spacing-right-large:1.92%;--awb-margin-bottom-large:0px;--awb-spacing-left-large:1.92%;--awb-width-medium:100%;--awb-spacing-right-medium:1.92%;--awb-spacing-left-medium:1.92%;--awb-width-small:100%;--awb-spacing-right-small:1.92%;--awb-spacing-left-small:1.92%;\"><div class=\"fusion-column-wrapper fusion-flex-justify-content-flex-start fusion-content-layout-column\"><div class=\"fusion-text fusion-text-1\"><h1 style=\"text-align: center;\">Add-on LoadVision<\/h1>\n<\/div><\/div><\/div><\/div><\/div><div class=\"fusion-fullwidth fullwidth-box fusion-builder-row-3 fusion-flex-container hundred-percent-fullwidth non-hundred-percent-height-scrolling\" style=\"--awb-border-radius-top-left:0px;--awb-border-radius-top-right:0px;--awb-border-radius-bottom-right:0px;--awb-border-radius-bottom-left:0px;--awb-padding-right:15%;--awb-padding-left:15%;--awb-padding-right-medium:10%;--awb-padding-left-medium:10%;--awb-padding-right-small:5%;--awb-padding-left-small:5%;--awb-flex-wrap:wrap;\" ><div class=\"fusion-builder-row fusion-row fusion-flex-align-items-flex-start fusion-flex-content-wrap\" style=\"width:104% !important;max-width:104% !important;margin-left: calc(-4% \/ 2 );margin-right: calc(-4% \/ 2 );\"><div class=\"fusion-layout-column fusion_builder_column fusion-builder-column-2 fusion_builder_column_1_2 1_2 fusion-flex-column fusion-flex-align-self-flex-start fusion-column-no-min-height\" style=\"--awb-bg-size:cover;--awb-width-large:50%;--awb-margin-top-large:0px;--awb-spacing-right-large:3.84%;--awb-margin-bottom-large:0px;--awb-spacing-left-large:3.84%;--awb-width-medium:50%;--awb-spacing-right-medium:3.84%;--awb-spacing-left-medium:3.84%;--awb-width-small:100%;--awb-spacing-right-small:1.92%;--awb-spacing-left-small:1.92%;\"><div class=\"fusion-column-wrapper fusion-flex-justify-content-flex-start fusion-content-layout-column\"><div class=\"fusion-separator fusion-full-width-sep\" style=\"align-self: center;margin-left: auto;margin-right: auto;margin-top:20px;margin-bottom:20px;width:100%;\"><\/div><div class=\"fusion-text fusion-text-2\"><p>O complemento <strong>LoadVision<\/strong> leva o seu <strong>scanner de volume de carga<\/strong> Loadscan a um novo patamar, fornecendo informa\u00e7\u00f5es claras e visuais sobre os seus registros de medi\u00e7\u00e3o e escaneamento. Com o <strong>LoadVision<\/strong>, agora voc\u00ea pode visualizar facilmente imagens de v\u00eddeo e instant\u00e2neos de cargas de caminh\u00f5es vazios e carregados diretamente na p\u00e1gina de medi\u00e7\u00f5es do MyScanner. Com o <strong>LoadVision<\/strong>, voc\u00ea obt\u00e9m mais do que apenas dados &#8211; voc\u00ea obt\u00e9m o quadro completo, capacitando-o a aumentar a efici\u00eancia, a transpar\u00eancia e a precis\u00e3o em todas as suas opera\u00e7\u00f5es.<\/p>\n<\/div><ul style=\"--awb-size:16px;--awb-line-height:27.2px;--awb-icon-width:27.2px;--awb-icon-height:27.2px;--awb-icon-margin:11.2px;--awb-content-margin:38.4px;\" class=\"fusion-checklist fusion-checklist-1 fusion-checklist-default type-icons\"><li class=\"fusion-li-item\" style=\"\"><span class=\"icon-wrapper circle-no\"><i class=\"fusion-li-icon fa-check-circle fas\" aria-hidden=\"true\"><\/i><\/span><div class=\"fusion-li-item-content\">\n<p><strong>V\u00eddeo e imagens de alta defini\u00e7\u00e3o<\/strong>: Visualize v\u00eddeo de alta qualidade (10 fps) e imagens para varreduras de caminh\u00f5es vazios e carregados<\/p>\n<\/div><\/li><li class=\"fusion-li-item\" style=\"\"><span class=\"icon-wrapper circle-no\"><i class=\"fusion-li-icon fa-check-circle fas\" aria-hidden=\"true\"><\/i><\/span><div class=\"fusion-li-item-content\">\n<p><strong>Acesso instant\u00e2neo para auditorias r\u00e1pidas<\/strong>: Acesse todos os dados de v\u00eddeo e imagem com um \u00fanico clique, tornando as auditorias mais r\u00e1pidas e f\u00e1ceis e ajudando a resolver disputas ou discrep\u00e2ncias com os clientes<\/p>\n<\/div><\/li><li class=\"fusion-li-item\" style=\"\"><span class=\"icon-wrapper circle-no\"><i class=\"fusion-li-icon fa-check-circle fas\" aria-hidden=\"true\"><\/i><\/span><div class=\"fusion-li-item-content\">\n<p><strong>Download em massa para maior conveni\u00eancia<\/strong>: Baixe todos os v\u00eddeos e imagens de um registro de escaneamento espec\u00edfico de uma s\u00f3 vez, facilitando o armazenamento e a revis\u00e3o de dados off-line quando necess\u00e1rio<\/p>\n<\/div><\/li><li class=\"fusion-li-item\" style=\"\"><span class=\"icon-wrapper circle-no\"><i class=\"fusion-li-icon fa-check-circle fas\" aria-hidden=\"true\"><\/i><\/span><div class=\"fusion-li-item-content\">\n<p><strong>Exibi\u00e7\u00e3o ao vivo e controle manual<\/strong>: Monitore a filmagem em tempo real por meio de seu sistema LVS ou navegador da Web<\/p>\n<\/div><\/li><\/ul><div class=\"fusion-separator fusion-full-width-sep\" style=\"align-self: center;margin-left: auto;margin-right: auto;margin-top:20px;margin-bottom:20px;width:100%;\"><\/div><div class=\"fusion-text fusion-text-3\"><p>A assinatura anual do <strong>Loadvision<\/strong> envolve uma compra \u00fanica de capital para o hardware, juntamente com uma assinatura anual para acesso ao <strong>MyScanner\u2122<\/strong>.<\/p>\n<\/div><div class=\"fusion-image-element \" style=\"text-align:center;--awb-aspect-ratio:2 \/ 1;--awb-object-position:50% 42%;--awb-caption-title-font-family:var(--h2_typography-font-family);--awb-caption-title-font-weight:var(--h2_typography-font-weight);--awb-caption-title-font-style:var(--h2_typography-font-style);--awb-caption-title-size:var(--h2_typography-font-size);--awb-caption-title-transform:var(--h2_typography-text-transform);--awb-caption-title-line-height:var(--h2_typography-line-height);--awb-caption-title-letter-spacing:var(--h2_typography-letter-spacing);\"><span class=\" fusion-imageframe imageframe-none imageframe-1 hover-type-none has-aspect-ratio\"><a href=\"https:\/\/www.loadscan.com\/wp-content\/uploads\/2024\/11\/l.jpg\" class=\"fusion-lightbox\" data-rel=\"iLightbox[131a1f3bccc8c36e222]\" data-title=\"l\" title=\"l\"><img decoding=\"async\" width=\"3107\" height=\"1919\" alt=\"Instala\u00e7\u00e3o do Loadscan Fixed LVS-3BMF na pedreira\" src=\"https:\/\/www.loadscan.com\/wp-content\/uploads\/2024\/11\/l-3.jpg\" class=\"img-responsive wp-image-36690 img-with-aspect-ratio\" data-parent-fit=\"cover\" data-parent-container=\".fusion-image-element\" srcset=\"https:\/\/www.loadscan.com\/wp-content\/uploads\/2024\/11\/l-3-200x124.jpg 200w, https:\/\/www.loadscan.com\/wp-content\/uploads\/2024\/11\/l-3-400x247.jpg 400w, https:\/\/www.loadscan.com\/wp-content\/uploads\/2024\/11\/l-3-600x371.jpg 600w, https:\/\/www.loadscan.com\/wp-content\/uploads\/2024\/11\/l-3-800x494.jpg 800w, https:\/\/www.loadscan.com\/wp-content\/uploads\/2024\/11\/l-3-1200x741.jpg 1200w, https:\/\/www.loadscan.com\/wp-content\/uploads\/2024\/11\/l-3.jpg 3107w\" sizes=\"(max-width: 640px) 100vw, 600px\" \/><\/a><\/span><\/div><div class=\"fusion-separator fusion-full-width-sep\" style=\"align-self: center;margin-left: auto;margin-right: auto;margin-top:20px;margin-bottom:20px;width:100%;\"><\/div><div style=\"text-align:center;\"><a class=\"fusion-button button-flat fusion-button-default-size button-default fusion-button-default button-1 fusion-button-default-span fusion-button-default-type\" style=\"width:calc(100%);\" target=\"_self\" href=\"https:\/\/www.loadscan.com\/pt-br\/suporte\/\"><span class=\"fusion-button-text awb-button__text awb-button__text--default\">PE\u00c7A \u00c0 NOSSA EQUIPE DE SUPORTE PARA COME\u00c7AR<\/span><\/a><\/div><\/div><\/div><div class=\"fusion-layout-column fusion_builder_column fusion-builder-column-3 fusion_builder_column_1_2 1_2 fusion-flex-column fusion-flex-align-self-flex-start fusion-column-no-min-height\" style=\"--awb-bg-size:cover;--awb-width-large:50%;--awb-margin-top-large:0px;--awb-spacing-right-large:3.84%;--awb-margin-bottom-large:0px;--awb-spacing-left-large:3.84%;--awb-width-medium:50%;--awb-spacing-right-medium:3.84%;--awb-spacing-left-medium:3.84%;--awb-width-small:100%;--awb-spacing-right-small:1.92%;--awb-spacing-left-small:1.92%;\"><div class=\"fusion-column-wrapper fusion-flex-justify-content-flex-start fusion-content-layout-column\"><div class=\"fusion-text fusion-text-4\"><h4>Desbloqueie novas possibilidades com o LoadVision Add-On para MyScanner<\/h4>\n<\/div><div class=\"fusion-video fusion-youtube\" style=\"--awb-max-width:1920px;--awb-max-height:1080px;--awb-align-self:center;--awb-width:100%;\"><div class=\"video-shortcode\"><div class=\"fluid-width-video-wrapper\" style=\"padding-top:56.25%;\" ><iframe title=\"YouTube video player 1\" src=\"https:\/\/www.youtube.com\/embed\/CjW-YaslY2o?wmode=transparent&autoplay=0&amp;rel=0\" width=\"1920\" height=\"1080\" allowfullscreen allow=\"autoplay; clipboard-write; encrypted-media; gyroscope; picture-in-picture;\"><\/iframe><\/div><\/div><\/div><\/div><\/div><\/div><\/div><\/p>\n","protected":false},"excerpt":{"rendered":"","protected":false},"author":51,"featured_media":0,"parent":32233,"menu_order":0,"comment_status":"closed","ping_status":"closed","template":"100-width.php","meta":{"content-type":"","footnotes":""},"class_list":["post-37863","page","type-page","status-publish","hentry"],"yoast_head":"<!-- This site is optimized with the Yoast SEO plugin v27.2 - https:\/\/yoast.com\/product\/yoast-seo-wordpress\/ -->\n<title>Medi\u00e7\u00e3o de caminh\u00e3o fixo | Cabe\u00e7ote de leitura, console do operador<\/title>\n<meta name=\"description\" content=\"Uma unidade fixa de medi\u00e7\u00e3o de caminh\u00f5es \u00e9 conectada ao escrit\u00f3rio, fornecendo acesso instant\u00e2neo aos dados de carga para a equipe de opera\u00e7\u00f5es. Leia mais sobre as solu\u00e7\u00f5es de carga LoadScan\u00ae.\" \/>\n<meta name=\"robots\" content=\"index, follow, max-snippet:-1, max-image-preview:large, max-video-preview:-1\" \/>\n<link rel=\"canonical\" href=\"https:\/\/www.loadscan.com\/pt-br\/servico-de-nuvem-myscanner\/loadscan-fixo-lvs-3bmf-2-2\/\" \/>\n<meta name=\"twitter:label1\" content=\"Est. tempo de leitura\" \/>\n\t<meta name=\"twitter:data1\" content=\"16 minutos\" \/>\n<script type=\"application\/ld+json\" class=\"yoast-schema-graph\">{\"@context\":\"https:\/\/schema.org\",\"@graph\":[{\"@type\":\"WebPage\",\"@id\":\"https:\/\/www.loadscan.com\/pt-br\/servico-de-nuvem-myscanner\/loadscan-fixo-lvs-3bmf-2-2\/\",\"url\":\"https:\/\/www.loadscan.com\/pt-br\/servico-de-nuvem-myscanner\/loadscan-fixo-lvs-3bmf-2-2\/\",\"name\":\"Medi\u00e7\u00e3o de caminh\u00e3o fixo | Cabe\u00e7ote de leitura, console do operador\",\"isPartOf\":{\"@id\":\"https:\/\/www.loadscan.com\/pt-br\/#website\"},\"datePublished\":\"2025-09-15T02:19:27+00:00\",\"dateModified\":\"2025-09-15T02:19:28+00:00\",\"description\":\"Uma unidade fixa de medi\u00e7\u00e3o de caminh\u00f5es \u00e9 conectada ao escrit\u00f3rio, fornecendo acesso instant\u00e2neo aos dados de carga para a equipe de opera\u00e7\u00f5es. Leia mais sobre as solu\u00e7\u00f5es de carga LoadScan\u00ae.\",\"breadcrumb\":{\"@id\":\"https:\/\/www.loadscan.com\/pt-br\/servico-de-nuvem-myscanner\/loadscan-fixo-lvs-3bmf-2-2\/#breadcrumb\"},\"inLanguage\":\"pt-BR\",\"potentialAction\":[{\"@type\":\"ReadAction\",\"target\":[\"https:\/\/www.loadscan.com\/pt-br\/servico-de-nuvem-myscanner\/loadscan-fixo-lvs-3bmf-2-2\/\"]}]},{\"@type\":\"BreadcrumbList\",\"@id\":\"https:\/\/www.loadscan.com\/pt-br\/servico-de-nuvem-myscanner\/loadscan-fixo-lvs-3bmf-2-2\/#breadcrumb\",\"itemListElement\":[{\"@type\":\"ListItem\",\"position\":1,\"name\":\"Home\",\"item\":\"https:\/\/www.loadscan.com\/pt-br\/scanners-de-volume-de-carga-loadscan\/\"},{\"@type\":\"ListItem\",\"position\":2,\"name\":\"Solu\u00e7\u00f5es de tecnologia de digitaliza\u00e7\u00e3o\",\"item\":\"https:\/\/www.loadscan.com\/pt-br\/solucoes-de-tecnologia-de-digitalizacao\/\"},{\"@type\":\"ListItem\",\"position\":3,\"name\":\"Add-on LoadVision\"}]},{\"@type\":\"WebSite\",\"@id\":\"https:\/\/www.loadscan.com\/pt-br\/#website\",\"url\":\"https:\/\/www.loadscan.com\/pt-br\/\",\"name\":\"Loadscan\",\"description\":\"Certified accurate payload measurement\",\"publisher\":{\"@id\":\"https:\/\/www.loadscan.com\/pt-br\/#organization\"},\"potentialAction\":[{\"@type\":\"SearchAction\",\"target\":{\"@type\":\"EntryPoint\",\"urlTemplate\":\"https:\/\/www.loadscan.com\/pt-br\/?s={search_term_string}\"},\"query-input\":{\"@type\":\"PropertyValueSpecification\",\"valueRequired\":true,\"valueName\":\"search_term_string\"}}],\"inLanguage\":\"pt-BR\"},{\"@type\":\"Organization\",\"@id\":\"https:\/\/www.loadscan.com\/pt-br\/#organization\",\"name\":\"Loadscan\u00ae Ltd\",\"url\":\"https:\/\/www.loadscan.com\/pt-br\/\",\"logo\":{\"@type\":\"ImageObject\",\"inLanguage\":\"pt-BR\",\"@id\":\"https:\/\/www.loadscan.com\/pt-br\/#\/schema\/logo\/image\/\",\"url\":\"https:\/\/www.loadscan.com\/wp-content\/uploads\/2020\/10\/Loadscan-logo-245.png\",\"contentUrl\":\"https:\/\/www.loadscan.com\/wp-content\/uploads\/2020\/10\/Loadscan-logo-245.png\",\"width\":245,\"height\":66,\"caption\":\"Loadscan\u00ae Ltd\"},\"image\":{\"@id\":\"https:\/\/www.loadscan.com\/pt-br\/#\/schema\/logo\/image\/\"},\"sameAs\":[\"https:\/\/www.facebook.com\/loadscan\",\"https:\/\/x.com\/loadscan\",\"https:\/\/nz.linkedin.com\/company\/loadscan\"]}]}<\/script>\n<!-- \/ Yoast SEO plugin. -->","yoast_head_json":{"title":"Medi\u00e7\u00e3o de caminh\u00e3o fixo | Cabe\u00e7ote de leitura, console do operador","description":"Uma unidade fixa de medi\u00e7\u00e3o de caminh\u00f5es \u00e9 conectada ao escrit\u00f3rio, fornecendo acesso instant\u00e2neo aos dados de carga para a equipe de opera\u00e7\u00f5es. Leia mais sobre as solu\u00e7\u00f5es de carga LoadScan\u00ae.","robots":{"index":"index","follow":"follow","max-snippet":"max-snippet:-1","max-image-preview":"max-image-preview:large","max-video-preview":"max-video-preview:-1"},"canonical":"https:\/\/www.loadscan.com\/pt-br\/servico-de-nuvem-myscanner\/loadscan-fixo-lvs-3bmf-2-2\/","twitter_misc":{"Est. tempo de leitura":"16 minutos"},"schema":{"@context":"https:\/\/schema.org","@graph":[{"@type":"WebPage","@id":"https:\/\/www.loadscan.com\/pt-br\/servico-de-nuvem-myscanner\/loadscan-fixo-lvs-3bmf-2-2\/","url":"https:\/\/www.loadscan.com\/pt-br\/servico-de-nuvem-myscanner\/loadscan-fixo-lvs-3bmf-2-2\/","name":"Medi\u00e7\u00e3o de caminh\u00e3o fixo | Cabe\u00e7ote de leitura, console do operador","isPartOf":{"@id":"https:\/\/www.loadscan.com\/pt-br\/#website"},"datePublished":"2025-09-15T02:19:27+00:00","dateModified":"2025-09-15T02:19:28+00:00","description":"Uma unidade fixa de medi\u00e7\u00e3o de caminh\u00f5es \u00e9 conectada ao escrit\u00f3rio, fornecendo acesso instant\u00e2neo aos dados de carga para a equipe de opera\u00e7\u00f5es. Leia mais sobre as solu\u00e7\u00f5es de carga LoadScan\u00ae.","breadcrumb":{"@id":"https:\/\/www.loadscan.com\/pt-br\/servico-de-nuvem-myscanner\/loadscan-fixo-lvs-3bmf-2-2\/#breadcrumb"},"inLanguage":"pt-BR","potentialAction":[{"@type":"ReadAction","target":["https:\/\/www.loadscan.com\/pt-br\/servico-de-nuvem-myscanner\/loadscan-fixo-lvs-3bmf-2-2\/"]}]},{"@type":"BreadcrumbList","@id":"https:\/\/www.loadscan.com\/pt-br\/servico-de-nuvem-myscanner\/loadscan-fixo-lvs-3bmf-2-2\/#breadcrumb","itemListElement":[{"@type":"ListItem","position":1,"name":"Home","item":"https:\/\/www.loadscan.com\/pt-br\/scanners-de-volume-de-carga-loadscan\/"},{"@type":"ListItem","position":2,"name":"Solu\u00e7\u00f5es de tecnologia de digitaliza\u00e7\u00e3o","item":"https:\/\/www.loadscan.com\/pt-br\/solucoes-de-tecnologia-de-digitalizacao\/"},{"@type":"ListItem","position":3,"name":"Add-on LoadVision"}]},{"@type":"WebSite","@id":"https:\/\/www.loadscan.com\/pt-br\/#website","url":"https:\/\/www.loadscan.com\/pt-br\/","name":"Loadscan","description":"Certified accurate payload measurement","publisher":{"@id":"https:\/\/www.loadscan.com\/pt-br\/#organization"},"potentialAction":[{"@type":"SearchAction","target":{"@type":"EntryPoint","urlTemplate":"https:\/\/www.loadscan.com\/pt-br\/?s={search_term_string}"},"query-input":{"@type":"PropertyValueSpecification","valueRequired":true,"valueName":"search_term_string"}}],"inLanguage":"pt-BR"},{"@type":"Organization","@id":"https:\/\/www.loadscan.com\/pt-br\/#organization","name":"Loadscan\u00ae Ltd","url":"https:\/\/www.loadscan.com\/pt-br\/","logo":{"@type":"ImageObject","inLanguage":"pt-BR","@id":"https:\/\/www.loadscan.com\/pt-br\/#\/schema\/logo\/image\/","url":"https:\/\/www.loadscan.com\/wp-content\/uploads\/2020\/10\/Loadscan-logo-245.png","contentUrl":"https:\/\/www.loadscan.com\/wp-content\/uploads\/2020\/10\/Loadscan-logo-245.png","width":245,"height":66,"caption":"Loadscan\u00ae Ltd"},"image":{"@id":"https:\/\/www.loadscan.com\/pt-br\/#\/schema\/logo\/image\/"},"sameAs":["https:\/\/www.facebook.com\/loadscan","https:\/\/x.com\/loadscan","https:\/\/nz.linkedin.com\/company\/loadscan"]}]}},"_links":{"self":[{"href":"https:\/\/www.loadscan.com\/pt-br\/wp-json\/wp\/v2\/pages\/37863","targetHints":{"allow":["GET"]}}],"collection":[{"href":"https:\/\/www.loadscan.com\/pt-br\/wp-json\/wp\/v2\/pages"}],"about":[{"href":"https:\/\/www.loadscan.com\/pt-br\/wp-json\/wp\/v2\/types\/page"}],"author":[{"embeddable":true,"href":"https:\/\/www.loadscan.com\/pt-br\/wp-json\/wp\/v2\/users\/51"}],"replies":[{"embeddable":true,"href":"https:\/\/www.loadscan.com\/pt-br\/wp-json\/wp\/v2\/comments?post=37863"}],"version-history":[{"count":2,"href":"https:\/\/www.loadscan.com\/pt-br\/wp-json\/wp\/v2\/pages\/37863\/revisions"}],"predecessor-version":[{"id":37867,"href":"https:\/\/www.loadscan.com\/pt-br\/wp-json\/wp\/v2\/pages\/37863\/revisions\/37867"}],"up":[{"embeddable":true,"href":"https:\/\/www.loadscan.com\/pt-br\/wp-json\/wp\/v2\/pages\/32233"}],"wp:attachment":[{"href":"https:\/\/www.loadscan.com\/pt-br\/wp-json\/wp\/v2\/media?parent=37863"}],"curies":[{"name":"wp","href":"https:\/\/api.w.org\/{rel}","templated":true}]}}